{"id":71,"date":"2021-01-07T13:27:51","date_gmt":"2021-01-07T12:27:51","guid":{"rendered":"http:\/\/149.156.155.135\/?page_id=71"},"modified":"2023-08-22T10:25:39","modified_gmt":"2023-08-22T08:25:39","slug":"oferty-pracy","status":"publish","type":"page","link":"https:\/\/m8.mech.pk.edu.pl\/index.php\/oferty-pracy\/","title":{"rendered":"Oferty pracy"},"content":{"rendered":"\n<h1 class=\"wp-block-heading has-medium-font-size\">Poni\u017cej zamieszczamy aktualne oferty pracy:<\/h1>\n\n\n\n<p class=\"has-medium-font-size\"><strong><a href=\"https:\/\/m8.mech.pk.edu.pl\/wp-content\/uploads\/2022\/06\/Ogloszenie_KAM-OEM.pdf\" target=\"_blank\" rel=\"noreferrer noopener\">Specjalista ds. Kluczowego Klienta OEM\/Menad\u017cer Sprzeda\u017cy OEM<\/a><\/strong><\/p>\n\n\n\n<p class=\"has-medium-font-size\"><a href=\"https:\/\/m8.mech.pk.edu.pl\/wp-content\/uploads\/2022\/06\/Ogloszenie_Specjalista_WsparciaSprzedazy.pdf\" target=\"_blank\" rel=\"noreferrer noopener\"><strong>Specjalista ds. Wsparcia Sprzeda\u017cy<\/strong><\/a><\/p>\n\n\n\n<p class=\"has-medium-font-size\"><strong><a href=\"https:\/\/m8.mech.pk.edu.pl\/wp-content\/uploads\/2022\/04\/97496-starszy-inspektor-transportu-kolejowego-OT-Krakow.pdf\" target=\"_blank\" rel=\"noreferrer noopener\">Starszy Inspektor Transportu Kolejowego<\/a><\/strong><\/p>\n\n\n\n<p class=\"has-medium-font-size\"><strong><a href=\"https:\/\/m8.mech.pk.edu.pl\/wp-content\/uploads\/2022\/03\/94978_referendarz_DTW-1.pdf\" target=\"_blank\" rel=\"noreferrer noopener\">Referendarz do spraw interoperacyjno\u015bci taboru w Wydziale Rynku Pojazd\u00f3w Kolejowych w Departamencie Techniki i Wyrob\u00f3w<\/a><\/strong><\/p>\n\n\n\n<p class=\"has-medium-font-size\"><strong><a href=\"https:\/\/m8.mech.pk.edu.pl\/wp-content\/uploads\/2022\/10\/109066-inspektor-transportu-kolejowego-OT-Krakow.pdf\" target=\"_blank\" rel=\"noreferrer noopener\">Inspektor Transportu Kolejowego w Oddziale Terenowym w Krakowie<\/a><\/strong><\/p>\n\n\n\n<p class=\"has-medium-font-size\"><a href=\"https:\/\/m8.mech.pk.edu.pl\/wp-content\/uploads\/2021\/07\/Ogloszenie.pdf\" target=\"_blank\" rel=\"noreferrer noopener\"><strong>Praca na stanowisku Specjalista ds. logistyki<\/strong><\/a><\/p>\n\n\n\n<p class=\"has-medium-font-size\"><a href=\"https:\/\/m8.mech.pk.edu.pl\/wp-content\/uploads\/2021\/06\/Praca-w-\u201ePKP-Intercity-S.A.-Zakladowy-Koordynator-ds.-MMS-Zaklad-Polud...7.pdf\" target=\"_blank\" rel=\"noreferrer noopener\"><strong>Praca w \u201ePKP Intercity\u201d S.A. Zak\u0142adowy Koordynator ds. MMS, Zak\u0142ad Po\u0142udniowy<\/strong><\/a><\/p>\n\n\n\n<p class=\"has-medium-font-size\"><strong><a href=\"https:\/\/m8.mech.pk.edu.pl\/wp-content\/uploads\/2021\/01\/Praktykant-1.jpg\" target=\"_blank\" rel=\"noreferrer noopener\">Praktykant w dziale Projektowania System\u00f3w Hamulcowych<\/a><\/strong><\/p>\n\n\n\n<p class=\"has-medium-font-size\"><strong><a href=\"https:\/\/m8.mech.pk.edu.pl\/wp-content\/uploads\/2021\/01\/KML_specjalista_ds_przewozow_oferta_pracy_dla_przemyslu-scaled.jpg\" target=\"_blank\" rel=\"noreferrer noopener\">Specjalista ds. przewoz\u00f3w<\/a><\/strong><\/p>\n\n\n\n<figure class=\"wp-block-image size-large is-resized is-style-default\"><img loading=\"lazy\" decoding=\"async\" src=\"https:\/\/m8.mech.pk.edu.pl\/wp-content\/uploads\/2021\/01\/ezt-kpsit-1p-1024x134.png\" alt=\"\" style=\"width:1100px;height:150px\" width=\"1100\" height=\"150\"\/><\/figure>\n\n\n\n<p><\/p>\n","protected":false},"excerpt":{"rendered":"<p>Poni\u017cej zamieszczamy aktualne oferty pracy: Specjalista ds. Kluczowego Klienta OEM\/Menad\u017cer Sprzeda\u017cy OEM Specjalista ds. Wsparcia Sprzeda\u017cy Starszy Inspektor Transportu Kolejowego Referendarz do spraw interoperacyjno\u015bci taboru w Wydziale Rynku Pojazd\u00f3w Kolejowych w Departamencie Techniki i Wyrob\u00f3w Inspektor Transportu Kolejowego w Oddziale Terenowym w Krakowie Praca na stanowisku Specjalista ds. logistyki Praca w \u201ePKP Intercity\u201d S.A. Zak\u0142adowy [&hellip;]<\/p>\n","protected":false},"author":1,"featured_media":0,"parent":0,"menu_order":0,"comment_status":"closed","ping_status":"closed","template":"","meta":{"footnotes":""},"class_list":["post-71","page","type-page","status-publish","hentry"],"yoast_head":"<!-- This site is optimized with the Yoast SEO plugin v27.4 - https:\/\/yoast.com\/product\/yoast-seo-wordpress\/ -->\n<title>Oferty pracy - Katedra Pojazd\u00f3w Szynowych i Transportu<\/title>\n<meta name=\"robots\" content=\"index, follow, max-snippet:-1, max-image-preview:large, max-video-preview:-1\" \/>\n<link rel=\"canonical\" href=\"https:\/\/m8.mech.pk.edu.pl\/index.php\/oferty-pracy\/\" \/>\n<meta property=\"og:locale\" content=\"pl_PL\" \/>\n<meta property=\"og:type\" content=\"article\" \/>\n<meta property=\"og:title\" content=\"Oferty pracy - Katedra Pojazd\u00f3w Szynowych i Transportu\" \/>\n<meta property=\"og:description\" content=\"Poni\u017cej zamieszczamy aktualne oferty pracy: Specjalista ds. Kluczowego Klienta OEM\/Menad\u017cer Sprzeda\u017cy OEM Specjalista ds. Wsparcia Sprzeda\u017cy Starszy Inspektor Transportu Kolejowego Referendarz do spraw interoperacyjno\u015bci taboru w Wydziale Rynku Pojazd\u00f3w Kolejowych w Departamencie Techniki i Wyrob\u00f3w Inspektor Transportu Kolejowego w Oddziale Terenowym w Krakowie Praca na stanowisku Specjalista ds. logistyki Praca w \u201ePKP Intercity\u201d S.A. Zak\u0142adowy [&hellip;]\" \/>\n<meta property=\"og:url\" content=\"https:\/\/m8.mech.pk.edu.pl\/index.php\/oferty-pracy\/\" \/>\n<meta property=\"og:site_name\" content=\"Katedra Pojazd\u00f3w Szynowych i Transportu\" \/>\n<meta property=\"article:publisher\" content=\"https:\/\/facebook.com\/KPSzTPK\" \/>\n<meta property=\"article:modified_time\" content=\"2023-08-22T08:25:39+00:00\" \/>\n<meta property=\"og:image\" content=\"https:\/\/m8.mech.pk.edu.pl\/wp-content\/uploads\/2021\/01\/ezt-kpsit-1p-1024x134.png\" \/>\n<meta name=\"twitter:card\" content=\"summary_large_image\" \/>\n<meta name=\"twitter:label1\" content=\"Szacowany czas czytania\" \/>\n\t<meta name=\"twitter:data1\" content=\"1 minuta\" \/>\n<script type=\"application\/ld+json\" class=\"yoast-schema-graph\">{\"@context\":\"https:\\\/\\\/schema.org\",\"@graph\":[{\"@type\":\"WebPage\",\"@id\":\"https:\\\/\\\/m8.mech.pk.edu.pl\\\/index.php\\\/oferty-pracy\\\/\",\"url\":\"https:\\\/\\\/m8.mech.pk.edu.pl\\\/index.php\\\/oferty-pracy\\\/\",\"name\":\"Oferty pracy - Katedra Pojazd\u00f3w Szynowych i Transportu\",\"isPartOf\":{\"@id\":\"https:\\\/\\\/m8.mech.pk.edu.pl\\\/#website\"},\"primaryImageOfPage\":{\"@id\":\"https:\\\/\\\/m8.mech.pk.edu.pl\\\/index.php\\\/oferty-pracy\\\/#primaryimage\"},\"image\":{\"@id\":\"https:\\\/\\\/m8.mech.pk.edu.pl\\\/index.php\\\/oferty-pracy\\\/#primaryimage\"},\"thumbnailUrl\":\"https:\\\/\\\/m8.mech.pk.edu.pl\\\/wp-content\\\/uploads\\\/2021\\\/01\\\/ezt-kpsit-1p-1024x134.png\",\"datePublished\":\"2021-01-07T12:27:51+00:00\",\"dateModified\":\"2023-08-22T08:25:39+00:00\",\"breadcrumb\":{\"@id\":\"https:\\\/\\\/m8.mech.pk.edu.pl\\\/index.php\\\/oferty-pracy\\\/#breadcrumb\"},\"inLanguage\":\"pl-PL\",\"potentialAction\":[{\"@type\":\"ReadAction\",\"target\":[\"https:\\\/\\\/m8.mech.pk.edu.pl\\\/index.php\\\/oferty-pracy\\\/\"]}]},{\"@type\":\"ImageObject\",\"inLanguage\":\"pl-PL\",\"@id\":\"https:\\\/\\\/m8.mech.pk.edu.pl\\\/index.php\\\/oferty-pracy\\\/#primaryimage\",\"url\":\"https:\\\/\\\/m8.mech.pk.edu.pl\\\/wp-content\\\/uploads\\\/2021\\\/01\\\/ezt-kpsit-1p.png\",\"contentUrl\":\"https:\\\/\\\/m8.mech.pk.edu.pl\\\/wp-content\\\/uploads\\\/2021\\\/01\\\/ezt-kpsit-1p.png\",\"width\":1954,\"height\":256},{\"@type\":\"BreadcrumbList\",\"@id\":\"https:\\\/\\\/m8.mech.pk.edu.pl\\\/index.php\\\/oferty-pracy\\\/#breadcrumb\",\"itemListElement\":[{\"@type\":\"ListItem\",\"position\":1,\"name\":\"Strona g\u0142\u00f3wna\",\"item\":\"https:\\\/\\\/m8.mech.pk.edu.pl\\\/\"},{\"@type\":\"ListItem\",\"position\":2,\"name\":\"Oferty pracy\"}]},{\"@type\":\"WebSite\",\"@id\":\"https:\\\/\\\/m8.mech.pk.edu.pl\\\/#website\",\"url\":\"https:\\\/\\\/m8.mech.pk.edu.pl\\\/\",\"name\":\"Katedra Pojazd\u00f3w Szynowych i Transportu\",\"description\":\"Katedra Pojazd\u00f3w Szynowych i Transportu Politechniki Krakowskiej na Wydziale Mechanicznym\",\"publisher\":{\"@id\":\"https:\\\/\\\/m8.mech.pk.edu.pl\\\/#organization\"},\"potentialAction\":[{\"@type\":\"SearchAction\",\"target\":{\"@type\":\"EntryPoint\",\"urlTemplate\":\"https:\\\/\\\/m8.mech.pk.edu.pl\\\/?s={search_term_string}\"},\"query-input\":{\"@type\":\"PropertyValueSpecification\",\"valueRequired\":true,\"valueName\":\"search_term_string\"}}],\"inLanguage\":\"pl-PL\"},{\"@type\":\"Organization\",\"@id\":\"https:\\\/\\\/m8.mech.pk.edu.pl\\\/#organization\",\"name\":\"Katedra Pojazd\u00f3w Szynowych\",\"url\":\"https:\\\/\\\/m8.mech.pk.edu.pl\\\/\",\"logo\":{\"@type\":\"ImageObject\",\"inLanguage\":\"pl-PL\",\"@id\":\"https:\\\/\\\/m8.mech.pk.edu.pl\\\/#\\\/schema\\\/logo\\\/image\\\/\",\"url\":\"https:\\\/\\\/m8.mech.pk.edu.pl\\\/wp-content\\\/uploads\\\/2021\\\/01\\\/logo-mail-kpsit.png\",\"contentUrl\":\"https:\\\/\\\/m8.mech.pk.edu.pl\\\/wp-content\\\/uploads\\\/2021\\\/01\\\/logo-mail-kpsit.png\",\"width\":300,\"height\":119,\"caption\":\"Katedra Pojazd\u00f3w Szynowych\"},\"image\":{\"@id\":\"https:\\\/\\\/m8.mech.pk.edu.pl\\\/#\\\/schema\\\/logo\\\/image\\\/\"},\"sameAs\":[\"https:\\\/\\\/facebook.com\\\/KPSzTPK\",\"https:\\\/\\\/www.youtube.com\\\/channel\\\/UCen3PQ3fl3ry92o_lHkyVaQ\"]}]}<\/script>\n<!-- \/ Yoast SEO plugin. -->","yoast_head_json":{"title":"Oferty pracy - Katedra Pojazd\u00f3w Szynowych i Transportu","robots":{"index":"index","follow":"follow","max-snippet":"max-snippet:-1","max-image-preview":"max-image-preview:large","max-video-preview":"max-video-preview:-1"},"canonical":"https:\/\/m8.mech.pk.edu.pl\/index.php\/oferty-pracy\/","og_locale":"pl_PL","og_type":"article","og_title":"Oferty pracy - Katedra Pojazd\u00f3w Szynowych i Transportu","og_description":"Poni\u017cej zamieszczamy aktualne oferty pracy: Specjalista ds. Kluczowego Klienta OEM\/Menad\u017cer Sprzeda\u017cy OEM Specjalista ds. Wsparcia Sprzeda\u017cy Starszy Inspektor Transportu Kolejowego Referendarz do spraw interoperacyjno\u015bci taboru w Wydziale Rynku Pojazd\u00f3w Kolejowych w Departamencie Techniki i Wyrob\u00f3w Inspektor Transportu Kolejowego w Oddziale Terenowym w Krakowie Praca na stanowisku Specjalista ds. logistyki Praca w \u201ePKP Intercity\u201d S.A. Zak\u0142adowy [&hellip;]","og_url":"https:\/\/m8.mech.pk.edu.pl\/index.php\/oferty-pracy\/","og_site_name":"Katedra Pojazd\u00f3w Szynowych i Transportu","article_publisher":"https:\/\/facebook.com\/KPSzTPK","article_modified_time":"2023-08-22T08:25:39+00:00","og_image":[{"url":"https:\/\/m8.mech.pk.edu.pl\/wp-content\/uploads\/2021\/01\/ezt-kpsit-1p-1024x134.png","type":"","width":"","height":""}],"twitter_card":"summary_large_image","twitter_misc":{"Szacowany czas czytania":"1 minuta"},"schema":{"@context":"https:\/\/schema.org","@graph":[{"@type":"WebPage","@id":"https:\/\/m8.mech.pk.edu.pl\/index.php\/oferty-pracy\/","url":"https:\/\/m8.mech.pk.edu.pl\/index.php\/oferty-pracy\/","name":"Oferty pracy - Katedra Pojazd\u00f3w Szynowych i Transportu","isPartOf":{"@id":"https:\/\/m8.mech.pk.edu.pl\/#website"},"primaryImageOfPage":{"@id":"https:\/\/m8.mech.pk.edu.pl\/index.php\/oferty-pracy\/#primaryimage"},"image":{"@id":"https:\/\/m8.mech.pk.edu.pl\/index.php\/oferty-pracy\/#primaryimage"},"thumbnailUrl":"https:\/\/m8.mech.pk.edu.pl\/wp-content\/uploads\/2021\/01\/ezt-kpsit-1p-1024x134.png","datePublished":"2021-01-07T12:27:51+00:00","dateModified":"2023-08-22T08:25:39+00:00","breadcrumb":{"@id":"https:\/\/m8.mech.pk.edu.pl\/index.php\/oferty-pracy\/#breadcrumb"},"inLanguage":"pl-PL","potentialAction":[{"@type":"ReadAction","target":["https:\/\/m8.mech.pk.edu.pl\/index.php\/oferty-pracy\/"]}]},{"@type":"ImageObject","inLanguage":"pl-PL","@id":"https:\/\/m8.mech.pk.edu.pl\/index.php\/oferty-pracy\/#primaryimage","url":"https:\/\/m8.mech.pk.edu.pl\/wp-content\/uploads\/2021\/01\/ezt-kpsit-1p.png","contentUrl":"https:\/\/m8.mech.pk.edu.pl\/wp-content\/uploads\/2021\/01\/ezt-kpsit-1p.png","width":1954,"height":256},{"@type":"BreadcrumbList","@id":"https:\/\/m8.mech.pk.edu.pl\/index.php\/oferty-pracy\/#breadcrumb","itemListElement":[{"@type":"ListItem","position":1,"name":"Strona g\u0142\u00f3wna","item":"https:\/\/m8.mech.pk.edu.pl\/"},{"@type":"ListItem","position":2,"name":"Oferty pracy"}]},{"@type":"WebSite","@id":"https:\/\/m8.mech.pk.edu.pl\/#website","url":"https:\/\/m8.mech.pk.edu.pl\/","name":"Katedra Pojazd\u00f3w Szynowych i Transportu","description":"Katedra Pojazd\u00f3w Szynowych i Transportu Politechniki Krakowskiej na Wydziale Mechanicznym","publisher":{"@id":"https:\/\/m8.mech.pk.edu.pl\/#organization"},"potentialAction":[{"@type":"SearchAction","target":{"@type":"EntryPoint","urlTemplate":"https:\/\/m8.mech.pk.edu.pl\/?s={search_term_string}"},"query-input":{"@type":"PropertyValueSpecification","valueRequired":true,"valueName":"search_term_string"}}],"inLanguage":"pl-PL"},{"@type":"Organization","@id":"https:\/\/m8.mech.pk.edu.pl\/#organization","name":"Katedra Pojazd\u00f3w Szynowych","url":"https:\/\/m8.mech.pk.edu.pl\/","logo":{"@type":"ImageObject","inLanguage":"pl-PL","@id":"https:\/\/m8.mech.pk.edu.pl\/#\/schema\/logo\/image\/","url":"https:\/\/m8.mech.pk.edu.pl\/wp-content\/uploads\/2021\/01\/logo-mail-kpsit.png","contentUrl":"https:\/\/m8.mech.pk.edu.pl\/wp-content\/uploads\/2021\/01\/logo-mail-kpsit.png","width":300,"height":119,"caption":"Katedra Pojazd\u00f3w Szynowych"},"image":{"@id":"https:\/\/m8.mech.pk.edu.pl\/#\/schema\/logo\/image\/"},"sameAs":["https:\/\/facebook.com\/KPSzTPK","https:\/\/www.youtube.com\/channel\/UCen3PQ3fl3ry92o_lHkyVaQ"]}]}},"_links":{"self":[{"href":"https:\/\/m8.mech.pk.edu.pl\/index.php\/wp-json\/wp\/v2\/pages\/71","targetHints":{"allow":["GET"]}}],"collection":[{"href":"https:\/\/m8.mech.pk.edu.pl\/index.php\/wp-json\/wp\/v2\/pages"}],"about":[{"href":"https:\/\/m8.mech.pk.edu.pl\/index.php\/wp-json\/wp\/v2\/types\/page"}],"author":[{"embeddable":true,"href":"https:\/\/m8.mech.pk.edu.pl\/index.php\/wp-json\/wp\/v2\/users\/1"}],"replies":[{"embeddable":true,"href":"https:\/\/m8.mech.pk.edu.pl\/index.php\/wp-json\/wp\/v2\/comments?post=71"}],"version-history":[{"count":16,"href":"https:\/\/m8.mech.pk.edu.pl\/index.php\/wp-json\/wp\/v2\/pages\/71\/revisions"}],"predecessor-version":[{"id":3857,"href":"https:\/\/m8.mech.pk.edu.pl\/index.php\/wp-json\/wp\/v2\/pages\/71\/revisions\/3857"}],"wp:attachment":[{"href":"https:\/\/m8.mech.pk.edu.pl\/index.php\/wp-json\/wp\/v2\/media?parent=71"}],"curies":[{"name":"wp","href":"https:\/\/api.w.org\/{rel}","templated":true}]}}