{"id":693,"date":"2021-01-15T00:23:14","date_gmt":"2021-01-14T23:23:14","guid":{"rendered":"http:\/\/149.156.155.135\/?page_id=693"},"modified":"2026-01-16T23:07:45","modified_gmt":"2026-01-16T22:07:45","slug":"ips-rekrutacja","status":"publish","type":"page","link":"https:\/\/m8.mech.pk.edu.pl\/index.php\/inzynieria-pojazdow-szynowych\/ips-rekrutacja\/","title":{"rendered":"In\u017cynieria Pojazd\u00f3w Szynowych &#8211; REKRUTACJA"},"content":{"rendered":"\n<p class=\"has-medium-font-size\"><strong>Rekrutacja odbywa si\u0119 spo\u015br\u00f3d student\u00f3w II roku WSZYSKICH KIERUNK\u00d3W Wydzia\u0142u Mechanicznego Politechniki Krakowskiej. Warunkiem przyst\u0105pienia do rekrutacji jest z\u0142o\u017cenie deklaracji wed\u0142ug poni\u017cej opisanych zasad. <br><br><\/strong>Rekrutacja na specjalno\u015b\u0107 sk\u0142ada si\u0119 z pierwszego i ewentualnie drugiego etapu:<\/p>\n\n\n\n<h2 class=\"wp-block-heading\" id=\"i-etap-zgloszenie-kandydatury\" style=\"font-size:23px\">I ETAP &#8211; ZG\u0141OSZENIE KANDYDATURY<\/h2>\n\n\n\n<p class=\"has-medium-font-size\">Osoby zainteresowane studiowaniem na specjalno\u015bci powinny do 20.01.2026 zg\u0142osi\u0107 ch\u0119\u0107 przyst\u0105pienia do kwalifikacji, do opiekuna specjalno\u015bci IPS &#8211; osobi\u015bcie lub e-mailem na adres: <a href=\"mailto:maciej.gorowski@pk.edu.pl\" target=\"_blank\" rel=\"noreferrer noopener\">maciej.gorowski@pk.edu.pl<\/a><br>Na podstawie zg\u0142osze\u0144 tworzona jest lista rankingowa kandydat\u00f3w na specjalno\u015b\u0107, wed\u0142ug kt\u00f3rej w razie potrzeby przeprowadzany jest drugi etap rekrutacji. <br><strong>II ETAP rekrutacji rekrutacji odb\u0119dzie si\u0119 gdy ilo\u015b\u0107 zg\u0142osze\u0144 przekroczy maksymaln\u0105 liczb\u0119 miejsc na specjalno\u015b\u0107, czyli 15 os\u00f3b. <\/strong>W takim przypadku, w odpowiedzi zwrotnej na zg\u0142oszenie kandydat otrzymuje materia\u0142y szkoleniowe do przygotowania si\u0119, do drugiego etapu rekrutacji.<\/p>\n\n\n\n<div style=\"height:6px\" aria-hidden=\"true\" class=\"wp-block-spacer\"><\/div>\n\n\n\n<h2 class=\"wp-block-heading\" id=\"ii-etap-rozmowa-kwalifikacyjna\" style=\"font-size:23px\">II ETAP &#8211; ROZMOWA KWALIFIKACYJNA (gdy ponad 15 ch\u0119tnych)<\/h2>\n\n\n\n<p class=\"has-medium-font-size\">Rozmowa obejmuje ocen\u0119 kompetencji kierunkowych (pojazdy szynowe) i zainteresowa\u0144 kandydata. Termin rozmowy jest podawany do wiadomo\u015bci z odpowiednim wyprzedzeniem czasowym wed\u0142ug wytycznych w\u0142adz uczelni dotycz\u0105cych terminu wyboru specjalno\u015bci.<br>Zg\u0142oszeni kandydaci otrzymaj\u0105 indywidualne zaproszenia na rozmowy kwalifikacyjne z po\u015brednictwem poczty e-mail.<br>Warunkiem pozytywnego wyniku rozmowy kwalifikacyjnej jest uzyskanie pozytywnej oceny odno\u015bnie autoprezentacji, zainteresowania tematyk\u0105 bran\u017cow\u0105, a tak\u017ce udzielanie wyczerpuj\u0105cej odpowiedzi na trzy pytania z zakresu tematycznego zawartego w przekazanych w ramach I etapu rekrutacji materia\u0142ach przygotowawczych. Pami\u0119taj &#8211; to nie jest egzamin, tylko rozmowa pozwalaj\u0105c\u0105 pozna\u0107 Twoje predyspozycje.<\/p>\n\n\n\n<div style=\"height:25px\" aria-hidden=\"true\" class=\"wp-block-spacer\"><\/div>\n\n\n\n<figure class=\"wp-block-image size-full is-resized\"><a href=\"https:\/\/m8.mech.pk.edu.pl\/wp-content\/uploads\/2026\/01\/Baner-IPS-rekrutacja7-24-25m.jpg\"><img loading=\"lazy\" decoding=\"async\" width=\"565\" height=\"505\" src=\"https:\/\/m8.mech.pk.edu.pl\/wp-content\/uploads\/2026\/01\/Baner-IPS-rekrutacja7-24-25m.jpg\" alt=\"\" class=\"wp-image-6119\" style=\"aspect-ratio:1.1188499884071412;width:498px;height:auto\" srcset=\"https:\/\/m8.mech.pk.edu.pl\/wp-content\/uploads\/2026\/01\/Baner-IPS-rekrutacja7-24-25m.jpg 565w, https:\/\/m8.mech.pk.edu.pl\/wp-content\/uploads\/2026\/01\/Baner-IPS-rekrutacja7-24-25m-300x268.jpg 300w\" sizes=\"auto, (max-width: 565px) 100vw, 565px\" \/><\/a><\/figure>\n","protected":false},"excerpt":{"rendered":"<p>Rekrutacja odbywa si\u0119 spo\u015br\u00f3d student\u00f3w II roku WSZYSKICH KIERUNK\u00d3W Wydzia\u0142u Mechanicznego Politechniki Krakowskiej. Warunkiem przyst\u0105pienia do rekrutacji jest z\u0142o\u017cenie deklaracji wed\u0142ug poni\u017cej opisanych zasad. Rekrutacja na specjalno\u015b\u0107 sk\u0142ada si\u0119 z pierwszego i ewentualnie drugiego etapu: I ETAP &#8211; ZG\u0141OSZENIE KANDYDATURY Osoby zainteresowane studiowaniem na specjalno\u015bci powinny do 20.01.2026 zg\u0142osi\u0107 ch\u0119\u0107 przyst\u0105pienia do kwalifikacji, do opiekuna [&hellip;]<\/p>\n","protected":false},"author":5,"featured_media":0,"parent":208,"menu_order":0,"comment_status":"closed","ping_status":"closed","template":"","meta":{"footnotes":""},"class_list":["post-693","page","type-page","status-publish","hentry"],"yoast_head":"<!-- This site is optimized with the Yoast SEO plugin v27.4 - https:\/\/yoast.com\/product\/yoast-seo-wordpress\/ -->\n<title>In\u017cynieria Pojazd\u00f3w Szynowych - REKRUTACJA - Katedra Pojazd\u00f3w Szynowych i Transportu<\/title>\n<meta name=\"robots\" content=\"index, follow, max-snippet:-1, max-image-preview:large, max-video-preview:-1\" \/>\n<link rel=\"canonical\" href=\"https:\/\/m8.mech.pk.edu.pl\/index.php\/inzynieria-pojazdow-szynowych\/ips-rekrutacja\/\" \/>\n<meta property=\"og:locale\" content=\"pl_PL\" \/>\n<meta property=\"og:type\" content=\"article\" \/>\n<meta property=\"og:title\" content=\"In\u017cynieria Pojazd\u00f3w Szynowych - REKRUTACJA - Katedra Pojazd\u00f3w Szynowych i Transportu\" \/>\n<meta property=\"og:description\" content=\"Rekrutacja odbywa si\u0119 spo\u015br\u00f3d student\u00f3w II roku WSZYSKICH KIERUNK\u00d3W Wydzia\u0142u Mechanicznego Politechniki Krakowskiej. Warunkiem przyst\u0105pienia do rekrutacji jest z\u0142o\u017cenie deklaracji wed\u0142ug poni\u017cej opisanych zasad. Rekrutacja na specjalno\u015b\u0107 sk\u0142ada si\u0119 z pierwszego i ewentualnie drugiego etapu: I ETAP &#8211; ZG\u0141OSZENIE KANDYDATURY Osoby zainteresowane studiowaniem na specjalno\u015bci powinny do 20.01.2026 zg\u0142osi\u0107 ch\u0119\u0107 przyst\u0105pienia do kwalifikacji, do opiekuna [&hellip;]\" \/>\n<meta property=\"og:url\" content=\"https:\/\/m8.mech.pk.edu.pl\/index.php\/inzynieria-pojazdow-szynowych\/ips-rekrutacja\/\" \/>\n<meta property=\"og:site_name\" content=\"Katedra Pojazd\u00f3w Szynowych i Transportu\" \/>\n<meta property=\"article:publisher\" content=\"https:\/\/facebook.com\/KPSzTPK\" \/>\n<meta property=\"article:modified_time\" content=\"2026-01-16T22:07:45+00:00\" \/>\n<meta property=\"og:image\" content=\"https:\/\/m8.mech.pk.edu.pl\/wp-content\/uploads\/2026\/01\/Baner-IPS-rekrutacja7-24-25m.jpg\" \/>\n\t<meta property=\"og:image:width\" content=\"565\" \/>\n\t<meta property=\"og:image:height\" content=\"505\" \/>\n\t<meta property=\"og:image:type\" content=\"image\/jpeg\" \/>\n<meta name=\"twitter:card\" content=\"summary_large_image\" \/>\n<meta name=\"twitter:label1\" content=\"Szacowany czas czytania\" \/>\n\t<meta name=\"twitter:data1\" content=\"2 minuty\" \/>\n<script type=\"application\/ld+json\" class=\"yoast-schema-graph\">{\"@context\":\"https:\\\/\\\/schema.org\",\"@graph\":[{\"@type\":\"WebPage\",\"@id\":\"https:\\\/\\\/m8.mech.pk.edu.pl\\\/index.php\\\/inzynieria-pojazdow-szynowych\\\/ips-rekrutacja\\\/\",\"url\":\"https:\\\/\\\/m8.mech.pk.edu.pl\\\/index.php\\\/inzynieria-pojazdow-szynowych\\\/ips-rekrutacja\\\/\",\"name\":\"In\u017cynieria Pojazd\u00f3w Szynowych - REKRUTACJA - Katedra Pojazd\u00f3w Szynowych i Transportu\",\"isPartOf\":{\"@id\":\"https:\\\/\\\/m8.mech.pk.edu.pl\\\/#website\"},\"primaryImageOfPage\":{\"@id\":\"https:\\\/\\\/m8.mech.pk.edu.pl\\\/index.php\\\/inzynieria-pojazdow-szynowych\\\/ips-rekrutacja\\\/#primaryimage\"},\"image\":{\"@id\":\"https:\\\/\\\/m8.mech.pk.edu.pl\\\/index.php\\\/inzynieria-pojazdow-szynowych\\\/ips-rekrutacja\\\/#primaryimage\"},\"thumbnailUrl\":\"https:\\\/\\\/m8.mech.pk.edu.pl\\\/wp-content\\\/uploads\\\/2026\\\/01\\\/Baner-IPS-rekrutacja7-24-25m.jpg\",\"datePublished\":\"2021-01-14T23:23:14+00:00\",\"dateModified\":\"2026-01-16T22:07:45+00:00\",\"breadcrumb\":{\"@id\":\"https:\\\/\\\/m8.mech.pk.edu.pl\\\/index.php\\\/inzynieria-pojazdow-szynowych\\\/ips-rekrutacja\\\/#breadcrumb\"},\"inLanguage\":\"pl-PL\",\"potentialAction\":[{\"@type\":\"ReadAction\",\"target\":[\"https:\\\/\\\/m8.mech.pk.edu.pl\\\/index.php\\\/inzynieria-pojazdow-szynowych\\\/ips-rekrutacja\\\/\"]}]},{\"@type\":\"ImageObject\",\"inLanguage\":\"pl-PL\",\"@id\":\"https:\\\/\\\/m8.mech.pk.edu.pl\\\/index.php\\\/inzynieria-pojazdow-szynowych\\\/ips-rekrutacja\\\/#primaryimage\",\"url\":\"https:\\\/\\\/m8.mech.pk.edu.pl\\\/wp-content\\\/uploads\\\/2026\\\/01\\\/Baner-IPS-rekrutacja7-24-25m.jpg\",\"contentUrl\":\"https:\\\/\\\/m8.mech.pk.edu.pl\\\/wp-content\\\/uploads\\\/2026\\\/01\\\/Baner-IPS-rekrutacja7-24-25m.jpg\"},{\"@type\":\"BreadcrumbList\",\"@id\":\"https:\\\/\\\/m8.mech.pk.edu.pl\\\/index.php\\\/inzynieria-pojazdow-szynowych\\\/ips-rekrutacja\\\/#breadcrumb\",\"itemListElement\":[{\"@type\":\"ListItem\",\"position\":1,\"name\":\"Strona g\u0142\u00f3wna\",\"item\":\"https:\\\/\\\/m8.mech.pk.edu.pl\\\/\"},{\"@type\":\"ListItem\",\"position\":2,\"name\":\"In\u017cynieria Pojazd\u00f3w Szynowych\",\"item\":\"https:\\\/\\\/m8.mech.pk.edu.pl\\\/index.php\\\/inzynieria-pojazdow-szynowych\\\/\"},{\"@type\":\"ListItem\",\"position\":3,\"name\":\"In\u017cynieria Pojazd\u00f3w Szynowych &#8211; REKRUTACJA\"}]},{\"@type\":\"WebSite\",\"@id\":\"https:\\\/\\\/m8.mech.pk.edu.pl\\\/#website\",\"url\":\"https:\\\/\\\/m8.mech.pk.edu.pl\\\/\",\"name\":\"Katedra Pojazd\u00f3w Szynowych i Transportu\",\"description\":\"Katedra Pojazd\u00f3w Szynowych i Transportu Politechniki Krakowskiej na Wydziale Mechanicznym\",\"publisher\":{\"@id\":\"https:\\\/\\\/m8.mech.pk.edu.pl\\\/#organization\"},\"potentialAction\":[{\"@type\":\"SearchAction\",\"target\":{\"@type\":\"EntryPoint\",\"urlTemplate\":\"https:\\\/\\\/m8.mech.pk.edu.pl\\\/?s={search_term_string}\"},\"query-input\":{\"@type\":\"PropertyValueSpecification\",\"valueRequired\":true,\"valueName\":\"search_term_string\"}}],\"inLanguage\":\"pl-PL\"},{\"@type\":\"Organization\",\"@id\":\"https:\\\/\\\/m8.mech.pk.edu.pl\\\/#organization\",\"name\":\"Katedra Pojazd\u00f3w Szynowych\",\"url\":\"https:\\\/\\\/m8.mech.pk.edu.pl\\\/\",\"logo\":{\"@type\":\"ImageObject\",\"inLanguage\":\"pl-PL\",\"@id\":\"https:\\\/\\\/m8.mech.pk.edu.pl\\\/#\\\/schema\\\/logo\\\/image\\\/\",\"url\":\"https:\\\/\\\/m8.mech.pk.edu.pl\\\/wp-content\\\/uploads\\\/2021\\\/01\\\/logo-mail-kpsit.png\",\"contentUrl\":\"https:\\\/\\\/m8.mech.pk.edu.pl\\\/wp-content\\\/uploads\\\/2021\\\/01\\\/logo-mail-kpsit.png\",\"width\":300,\"height\":119,\"caption\":\"Katedra Pojazd\u00f3w Szynowych\"},\"image\":{\"@id\":\"https:\\\/\\\/m8.mech.pk.edu.pl\\\/#\\\/schema\\\/logo\\\/image\\\/\"},\"sameAs\":[\"https:\\\/\\\/facebook.com\\\/KPSzTPK\",\"https:\\\/\\\/www.youtube.com\\\/channel\\\/UCen3PQ3fl3ry92o_lHkyVaQ\"]}]}<\/script>\n<!-- \/ Yoast SEO plugin. -->","yoast_head_json":{"title":"In\u017cynieria Pojazd\u00f3w Szynowych - REKRUTACJA - Katedra Pojazd\u00f3w Szynowych i Transportu","robots":{"index":"index","follow":"follow","max-snippet":"max-snippet:-1","max-image-preview":"max-image-preview:large","max-video-preview":"max-video-preview:-1"},"canonical":"https:\/\/m8.mech.pk.edu.pl\/index.php\/inzynieria-pojazdow-szynowych\/ips-rekrutacja\/","og_locale":"pl_PL","og_type":"article","og_title":"In\u017cynieria Pojazd\u00f3w Szynowych - REKRUTACJA - Katedra Pojazd\u00f3w Szynowych i Transportu","og_description":"Rekrutacja odbywa si\u0119 spo\u015br\u00f3d student\u00f3w II roku WSZYSKICH KIERUNK\u00d3W Wydzia\u0142u Mechanicznego Politechniki Krakowskiej. Warunkiem przyst\u0105pienia do rekrutacji jest z\u0142o\u017cenie deklaracji wed\u0142ug poni\u017cej opisanych zasad. Rekrutacja na specjalno\u015b\u0107 sk\u0142ada si\u0119 z pierwszego i ewentualnie drugiego etapu: I ETAP &#8211; ZG\u0141OSZENIE KANDYDATURY Osoby zainteresowane studiowaniem na specjalno\u015bci powinny do 20.01.2026 zg\u0142osi\u0107 ch\u0119\u0107 przyst\u0105pienia do kwalifikacji, do opiekuna [&hellip;]","og_url":"https:\/\/m8.mech.pk.edu.pl\/index.php\/inzynieria-pojazdow-szynowych\/ips-rekrutacja\/","og_site_name":"Katedra Pojazd\u00f3w Szynowych i Transportu","article_publisher":"https:\/\/facebook.com\/KPSzTPK","article_modified_time":"2026-01-16T22:07:45+00:00","og_image":[{"width":565,"height":505,"url":"https:\/\/m8.mech.pk.edu.pl\/wp-content\/uploads\/2026\/01\/Baner-IPS-rekrutacja7-24-25m.jpg","type":"image\/jpeg"}],"twitter_card":"summary_large_image","twitter_misc":{"Szacowany czas czytania":"2 minuty"},"schema":{"@context":"https:\/\/schema.org","@graph":[{"@type":"WebPage","@id":"https:\/\/m8.mech.pk.edu.pl\/index.php\/inzynieria-pojazdow-szynowych\/ips-rekrutacja\/","url":"https:\/\/m8.mech.pk.edu.pl\/index.php\/inzynieria-pojazdow-szynowych\/ips-rekrutacja\/","name":"In\u017cynieria Pojazd\u00f3w Szynowych - REKRUTACJA - Katedra Pojazd\u00f3w Szynowych i Transportu","isPartOf":{"@id":"https:\/\/m8.mech.pk.edu.pl\/#website"},"primaryImageOfPage":{"@id":"https:\/\/m8.mech.pk.edu.pl\/index.php\/inzynieria-pojazdow-szynowych\/ips-rekrutacja\/#primaryimage"},"image":{"@id":"https:\/\/m8.mech.pk.edu.pl\/index.php\/inzynieria-pojazdow-szynowych\/ips-rekrutacja\/#primaryimage"},"thumbnailUrl":"https:\/\/m8.mech.pk.edu.pl\/wp-content\/uploads\/2026\/01\/Baner-IPS-rekrutacja7-24-25m.jpg","datePublished":"2021-01-14T23:23:14+00:00","dateModified":"2026-01-16T22:07:45+00:00","breadcrumb":{"@id":"https:\/\/m8.mech.pk.edu.pl\/index.php\/inzynieria-pojazdow-szynowych\/ips-rekrutacja\/#breadcrumb"},"inLanguage":"pl-PL","potentialAction":[{"@type":"ReadAction","target":["https:\/\/m8.mech.pk.edu.pl\/index.php\/inzynieria-pojazdow-szynowych\/ips-rekrutacja\/"]}]},{"@type":"ImageObject","inLanguage":"pl-PL","@id":"https:\/\/m8.mech.pk.edu.pl\/index.php\/inzynieria-pojazdow-szynowych\/ips-rekrutacja\/#primaryimage","url":"https:\/\/m8.mech.pk.edu.pl\/wp-content\/uploads\/2026\/01\/Baner-IPS-rekrutacja7-24-25m.jpg","contentUrl":"https:\/\/m8.mech.pk.edu.pl\/wp-content\/uploads\/2026\/01\/Baner-IPS-rekrutacja7-24-25m.jpg"},{"@type":"BreadcrumbList","@id":"https:\/\/m8.mech.pk.edu.pl\/index.php\/inzynieria-pojazdow-szynowych\/ips-rekrutacja\/#breadcrumb","itemListElement":[{"@type":"ListItem","position":1,"name":"Strona g\u0142\u00f3wna","item":"https:\/\/m8.mech.pk.edu.pl\/"},{"@type":"ListItem","position":2,"name":"In\u017cynieria Pojazd\u00f3w Szynowych","item":"https:\/\/m8.mech.pk.edu.pl\/index.php\/inzynieria-pojazdow-szynowych\/"},{"@type":"ListItem","position":3,"name":"In\u017cynieria Pojazd\u00f3w Szynowych &#8211; REKRUTACJA"}]},{"@type":"WebSite","@id":"https:\/\/m8.mech.pk.edu.pl\/#website","url":"https:\/\/m8.mech.pk.edu.pl\/","name":"Katedra Pojazd\u00f3w Szynowych i Transportu","description":"Katedra Pojazd\u00f3w Szynowych i Transportu Politechniki Krakowskiej na Wydziale Mechanicznym","publisher":{"@id":"https:\/\/m8.mech.pk.edu.pl\/#organization"},"potentialAction":[{"@type":"SearchAction","target":{"@type":"EntryPoint","urlTemplate":"https:\/\/m8.mech.pk.edu.pl\/?s={search_term_string}"},"query-input":{"@type":"PropertyValueSpecification","valueRequired":true,"valueName":"search_term_string"}}],"inLanguage":"pl-PL"},{"@type":"Organization","@id":"https:\/\/m8.mech.pk.edu.pl\/#organization","name":"Katedra Pojazd\u00f3w Szynowych","url":"https:\/\/m8.mech.pk.edu.pl\/","logo":{"@type":"ImageObject","inLanguage":"pl-PL","@id":"https:\/\/m8.mech.pk.edu.pl\/#\/schema\/logo\/image\/","url":"https:\/\/m8.mech.pk.edu.pl\/wp-content\/uploads\/2021\/01\/logo-mail-kpsit.png","contentUrl":"https:\/\/m8.mech.pk.edu.pl\/wp-content\/uploads\/2021\/01\/logo-mail-kpsit.png","width":300,"height":119,"caption":"Katedra Pojazd\u00f3w Szynowych"},"image":{"@id":"https:\/\/m8.mech.pk.edu.pl\/#\/schema\/logo\/image\/"},"sameAs":["https:\/\/facebook.com\/KPSzTPK","https:\/\/www.youtube.com\/channel\/UCen3PQ3fl3ry92o_lHkyVaQ"]}]}},"_links":{"self":[{"href":"https:\/\/m8.mech.pk.edu.pl\/index.php\/wp-json\/wp\/v2\/pages\/693","targetHints":{"allow":["GET"]}}],"collection":[{"href":"https:\/\/m8.mech.pk.edu.pl\/index.php\/wp-json\/wp\/v2\/pages"}],"about":[{"href":"https:\/\/m8.mech.pk.edu.pl\/index.php\/wp-json\/wp\/v2\/types\/page"}],"author":[{"embeddable":true,"href":"https:\/\/m8.mech.pk.edu.pl\/index.php\/wp-json\/wp\/v2\/users\/5"}],"replies":[{"embeddable":true,"href":"https:\/\/m8.mech.pk.edu.pl\/index.php\/wp-json\/wp\/v2\/comments?post=693"}],"version-history":[{"count":41,"href":"https:\/\/m8.mech.pk.edu.pl\/index.php\/wp-json\/wp\/v2\/pages\/693\/revisions"}],"predecessor-version":[{"id":6130,"href":"https:\/\/m8.mech.pk.edu.pl\/index.php\/wp-json\/wp\/v2\/pages\/693\/revisions\/6130"}],"up":[{"embeddable":true,"href":"https:\/\/m8.mech.pk.edu.pl\/index.php\/wp-json\/wp\/v2\/pages\/208"}],"wp:attachment":[{"href":"https:\/\/m8.mech.pk.edu.pl\/index.php\/wp-json\/wp\/v2\/media?parent=693"}],"curies":[{"name":"wp","href":"https:\/\/api.w.org\/{rel}","templated":true}]}}