{"id":65,"date":"2021-01-07T13:26:37","date_gmt":"2021-01-07T12:26:37","guid":{"rendered":"http:\/\/149.156.155.135\/?page_id=65"},"modified":"2026-03-24T08:22:02","modified_gmt":"2026-03-24T07:22:02","slug":"studia-podyplomowe","status":"publish","type":"page","link":"https:\/\/m8.mech.pk.edu.pl\/index.php\/studia-podyplomowe\/","title":{"rendered":"Studia podyplomowe"},"content":{"rendered":"\n<div class=\"wp-block-columns is-layout-flex wp-container-core-columns-is-layout-9d6595d7 wp-block-columns-is-layout-flex\">\n<div class=\"wp-block-column is-layout-flow wp-block-column-is-layout-flow\" style=\"flex-basis:66.66%\">\n<h2 class=\"wp-block-heading\" id=\"budowa-i-eksploatacja-pojazdow-szynowych\" style=\"font-size:23px\">Budowa i eksploatacja pojazd\u00f3w szynowych<\/h2>\n\n\n\n<p class=\"has-medium-font-size\">Studia rozwijaj\u0105 wiedz\u0119 i umiej\u0119tno\u015bci w zakresie budowy, wytwarzania i eksploatacji pojazd\u00f3w szynowych. Program studi\u00f3w obejmuje zagadnienia:<\/p>\n\n\n\n<ul id=\"block-71700af7-29d1-48f3-93af-cd0f09acbc90\" class=\"wp-block-list\">\n<li class=\"has-medium-font-size\">budowy pojazd\u00f3w szynowych stosowanych w transporcie kolejowym, tramwajowym, a w tym tak\u017ce uk\u0142ad\u00f3w elektrycznych, sterowania, nap\u0119du i hamowania,<\/li>\n\n\n\n<li class=\"has-medium-font-size\">system\u00f3w i metod projektowania rozwi\u0105za\u0144 konstrukcyjnych z wykorzystaniem nowoczesnego oprogramowania 3D,<\/li>\n\n\n\n<li class=\"has-medium-font-size\">eksploatacji pojazd\u00f3w szynowych, a w szczeg\u00f3lno\u015bci niezawodno\u015bci, bezpiecze\u0144stwa oraz zu\u017cycia i diagnostyki,<\/li>\n\n\n\n<li class=\"has-medium-font-size\">analiz LCC i efektywno\u015bci pojazd\u00f3w szynowych.<\/li>\n<\/ul>\n\n\n\n<p class=\"has-medium-font-size\">Program zosta\u0142 skonsultowany z wiod\u0105cymi przedsi\u0119biorstwami wytwarzaj\u0105cymi i eksploatuj\u0105cymi pojazdy szynowe. W trakcie studi\u00f3w przewidziane s\u0105 wyk\u0142ady, zaj\u0119cia projektowe i laboratoryjne ze specjalistami z danej dziedziny.<\/p>\n\n\n\n<p class=\"has-medium-font-size\"><\/p>\n<\/div>\n\n\n\n<div class=\"wp-block-column is-layout-flow wp-block-column-is-layout-flow\" style=\"flex-basis:33.33%\">\n<figure class=\"wp-block-image size-large\"><a href=\"http:\/\/m8.mech.pk.edu.pl\/wp-content\/uploads\/2021\/01\/91AAD721-F8EF-419A-8C12-BF7F5CEF8A42-scaled.jpeg\"><img loading=\"lazy\" decoding=\"async\" width=\"768\" height=\"1024\" src=\"http:\/\/m8.mech.pk.edu.pl\/wp-content\/uploads\/2021\/01\/91AAD721-F8EF-419A-8C12-BF7F5CEF8A42-768x1024.jpeg\" alt=\"Na fotografii widoczny prz\u00f3d elektrycznego zespo\u0142u trakcyjnego flirt trzy w hali warsztatowej \u0141\u00f3dzkiej Kolei Aglomeracyjnej\" class=\"wp-image-1788\" srcset=\"https:\/\/m8.mech.pk.edu.pl\/wp-content\/uploads\/2021\/01\/91AAD721-F8EF-419A-8C12-BF7F5CEF8A42-768x1024.jpeg 768w, https:\/\/m8.mech.pk.edu.pl\/wp-content\/uploads\/2021\/01\/91AAD721-F8EF-419A-8C12-BF7F5CEF8A42-225x300.jpeg 225w, https:\/\/m8.mech.pk.edu.pl\/wp-content\/uploads\/2021\/01\/91AAD721-F8EF-419A-8C12-BF7F5CEF8A42-1152x1536.jpeg 1152w, https:\/\/m8.mech.pk.edu.pl\/wp-content\/uploads\/2021\/01\/91AAD721-F8EF-419A-8C12-BF7F5CEF8A42-1536x2048.jpeg 1536w, https:\/\/m8.mech.pk.edu.pl\/wp-content\/uploads\/2021\/01\/91AAD721-F8EF-419A-8C12-BF7F5CEF8A42-scaled.jpeg 1920w\" sizes=\"auto, (max-width: 768px) 100vw, 768px\" \/><\/a><\/figure>\n<\/div>\n<\/div>\n\n\n\n<p class=\"has-large-font-size\"><\/p>\n\n\n\n<p class=\"has-large-font-size\"><strong><br><\/strong><\/p>\n\n\n\n<p class=\"has-medium-font-size\" id=\"rozklad-zajec-lato-2021-2022\"><strong><a href=\"https:\/\/m8.mech.pk.edu.pl\/wp-content\/uploads\/2026\/03\/Ulotka-2026-2.docx\">BROSZURA INFORMACYJNA<\/a><\/strong><\/p>\n\n\n\n<p class=\"has-medium-font-size\"><strong><a href=\"https:\/\/m8.mech.pk.edu.pl\/wp-content\/uploads\/2026\/03\/Klauzula-informacyjna-Kandydaci-na-studia-podyplomowe.pdf\" target=\"_blank\" rel=\"noreferrer noopener\">KLAUZULA RODO<\/a><\/strong><\/p>\n\n\n\n<p class=\"has-medium-font-size\"><\/p>\n\n\n\n<hr class=\"wp-block-separator has-css-opacity\"\/>\n\n\n\n<div class=\"wp-block-columns are-vertically-aligned-center is-layout-flex wp-container-core-columns-is-layout-9d6595d7 wp-block-columns-is-layout-flex\">\n<div class=\"wp-block-column is-vertically-aligned-center is-layout-flow wp-block-column-is-layout-flow\"><div class=\"wp-block-image\">\n<figure class=\"aligncenter size-large\"><a href=\"https:\/\/m8.mech.pk.edu.pl\/wp-content\/uploads\/2026\/03\/Zalacznik_-_Regulamin_studiow_podyplomowych.pdf\" target=\"_blank\" rel=\"noopener\"><img decoding=\"async\" src=\"https:\/\/m8.mech.pk.edu.pl\/wp-content\/uploads\/2021\/01\/podyplomowe-regulamin.jpg\" alt=\"\"\/><\/a><\/figure>\n<\/div><\/div>\n\n\n\n<div class=\"wp-block-column is-vertically-aligned-center is-layout-flow wp-block-column-is-layout-flow\"><div class=\"wp-block-image\">\n<figure class=\"aligncenter size-large\"><a href=\"https:\/\/m8.mech.pk.edu.pl\/wp-content\/uploads\/2025\/05\/Zasady-rekrutacji-na-studia-podyplomowe.docx\" target=\"_blank\" rel=\"noreferrer noopener\"><img decoding=\"async\" src=\"https:\/\/m8.mech.pk.edu.pl\/wp-content\/uploads\/2021\/01\/podyplomowe-zasady-1024x537.jpg\" alt=\"\"\/><\/a><\/figure>\n<\/div><\/div>\n\n\n\n<div class=\"wp-block-column is-vertically-aligned-center is-layout-flow wp-block-column-is-layout-flow\"><div class=\"wp-block-image\">\n<figure class=\"aligncenter size-large\"><a href=\"https:\/\/m8.mech.pk.edu.pl\/wp-content\/uploads\/2022\/06\/Zalacznik_Budowa-i-Eksploatacja-Pojazdow-Szynowych.pdf\" target=\"_blank\" rel=\"noreferrer noopener\"><img decoding=\"async\" src=\"https:\/\/m8.mech.pk.edu.pl\/wp-content\/uploads\/2021\/01\/podyplomowe-syllabusy-1024x537.jpg\" alt=\"\"\/><\/a><\/figure>\n<\/div><\/div>\n<\/div>\n\n\n\n<div class=\"wp-block-columns are-vertically-aligned-center is-layout-flex wp-container-core-columns-is-layout-9d6595d7 wp-block-columns-is-layout-flex\">\n<div class=\"wp-block-column is-vertically-aligned-center is-layout-flow wp-block-column-is-layout-flow\"><div class=\"wp-block-image\">\n<figure class=\"aligncenter size-large\"><a href=\"https:\/\/m8.mech.pk.edu.pl\/wp-content\/uploads\/2026\/03\/Terminarz_2026_2027.docx\" target=\"_blank\" rel=\"noreferrer noopener\"><img loading=\"lazy\" decoding=\"async\" width=\"1024\" height=\"537\" src=\"https:\/\/m8.mech.pk.edu.pl\/wp-content\/uploads\/2021\/06\/terminarz.jpg\" alt=\"\" class=\"wp-image-2186\" srcset=\"https:\/\/m8.mech.pk.edu.pl\/wp-content\/uploads\/2021\/06\/terminarz.jpg 1024w, https:\/\/m8.mech.pk.edu.pl\/wp-content\/uploads\/2021\/06\/terminarz-300x157.jpg 300w, https:\/\/m8.mech.pk.edu.pl\/wp-content\/uploads\/2021\/06\/terminarz-768x403.jpg 768w\" sizes=\"auto, (max-width: 1024px) 100vw, 1024px\" \/><\/a><\/figure>\n<\/div><\/div>\n\n\n\n<div class=\"wp-block-column is-vertically-aligned-center is-layout-flow wp-block-column-is-layout-flow\"><div class=\"wp-block-image\">\n<figure class=\"aligncenter size-large\"><a href=\"https:\/\/m8.mech.pk.edu.pl\/wp-content\/uploads\/2026\/03\/karta_zgloszenia_podyplomowe_2025.doc\" target=\"_blank\" rel=\"noreferrer noopener\"><img loading=\"lazy\" decoding=\"async\" width=\"1024\" height=\"537\" src=\"https:\/\/m8.mech.pk.edu.pl\/wp-content\/uploads\/2021\/06\/formularz.jpg\" alt=\"\" class=\"wp-image-2185\" srcset=\"https:\/\/m8.mech.pk.edu.pl\/wp-content\/uploads\/2021\/06\/formularz.jpg 1024w, https:\/\/m8.mech.pk.edu.pl\/wp-content\/uploads\/2021\/06\/formularz-300x157.jpg 300w, https:\/\/m8.mech.pk.edu.pl\/wp-content\/uploads\/2021\/06\/formularz-768x403.jpg 768w\" sizes=\"auto, (max-width: 1024px) 100vw, 1024px\" \/><\/a><\/figure>\n<\/div><\/div>\n\n\n\n<div class=\"wp-block-column is-vertically-aligned-center is-layout-flow wp-block-column-is-layout-flow\"><div class=\"wp-block-image\">\n<figure class=\"aligncenter size-large\"><a href=\"https:\/\/m8.mech.pk.edu.pl\/wp-content\/uploads\/2022\/06\/Plan_podyplomowe_23.pdf\" target=\"_blank\" rel=\"noreferrer noopener\"><img loading=\"lazy\" decoding=\"async\" width=\"1024\" height=\"537\" src=\"https:\/\/m8.mech.pk.edu.pl\/wp-content\/uploads\/2021\/06\/plan.jpg\" alt=\"\" class=\"wp-image-2184\" srcset=\"https:\/\/m8.mech.pk.edu.pl\/wp-content\/uploads\/2021\/06\/plan.jpg 1024w, https:\/\/m8.mech.pk.edu.pl\/wp-content\/uploads\/2021\/06\/plan-300x157.jpg 300w, https:\/\/m8.mech.pk.edu.pl\/wp-content\/uploads\/2021\/06\/plan-768x403.jpg 768w\" sizes=\"auto, (max-width: 1024px) 100vw, 1024px\" \/><\/a><\/figure>\n<\/div><\/div>\n<\/div>\n\n\n\n<p><\/p>\n","protected":false},"excerpt":{"rendered":"<p>Budowa i eksploatacja pojazd\u00f3w szynowych Studia rozwijaj\u0105 wiedz\u0119 i umiej\u0119tno\u015bci w zakresie budowy, wytwarzania i eksploatacji pojazd\u00f3w szynowych. Program studi\u00f3w obejmuje zagadnienia: Program zosta\u0142 skonsultowany z wiod\u0105cymi przedsi\u0119biorstwami wytwarzaj\u0105cymi i eksploatuj\u0105cymi pojazdy szynowe. W trakcie studi\u00f3w przewidziane s\u0105 wyk\u0142ady, zaj\u0119cia projektowe i laboratoryjne ze specjalistami z danej dziedziny. BROSZURA INFORMACYJNA KLAUZULA RODO<\/p>\n","protected":false},"author":1,"featured_media":0,"parent":0,"menu_order":0,"comment_status":"closed","ping_status":"closed","template":"","meta":{"footnotes":""},"class_list":["post-65","page","type-page","status-publish","hentry"],"yoast_head":"<!-- This site is optimized with the Yoast SEO plugin v27.4 - https:\/\/yoast.com\/product\/yoast-seo-wordpress\/ -->\n<title>Studia podyplomowe - Katedra Pojazd\u00f3w Szynowych i Transportu<\/title>\n<meta name=\"robots\" content=\"index, follow, max-snippet:-1, max-image-preview:large, max-video-preview:-1\" \/>\n<link rel=\"canonical\" href=\"https:\/\/m8.mech.pk.edu.pl\/index.php\/studia-podyplomowe\/\" \/>\n<meta property=\"og:locale\" content=\"pl_PL\" \/>\n<meta property=\"og:type\" content=\"article\" \/>\n<meta property=\"og:title\" content=\"Studia podyplomowe - Katedra Pojazd\u00f3w Szynowych i Transportu\" \/>\n<meta property=\"og:description\" content=\"Budowa i eksploatacja pojazd\u00f3w szynowych Studia rozwijaj\u0105 wiedz\u0119 i umiej\u0119tno\u015bci w zakresie budowy, wytwarzania i eksploatacji pojazd\u00f3w szynowych. Program studi\u00f3w obejmuje zagadnienia: Program zosta\u0142 skonsultowany z wiod\u0105cymi przedsi\u0119biorstwami wytwarzaj\u0105cymi i eksploatuj\u0105cymi pojazdy szynowe. W trakcie studi\u00f3w przewidziane s\u0105 wyk\u0142ady, zaj\u0119cia projektowe i laboratoryjne ze specjalistami z danej dziedziny. BROSZURA INFORMACYJNA KLAUZULA RODO\" \/>\n<meta property=\"og:url\" content=\"https:\/\/m8.mech.pk.edu.pl\/index.php\/studia-podyplomowe\/\" \/>\n<meta property=\"og:site_name\" content=\"Katedra Pojazd\u00f3w Szynowych i Transportu\" \/>\n<meta property=\"article:publisher\" content=\"https:\/\/facebook.com\/KPSzTPK\" \/>\n<meta property=\"article:modified_time\" content=\"2026-03-24T07:22:02+00:00\" \/>\n<meta property=\"og:image\" content=\"https:\/\/m8.mech.pk.edu.pl\/wp-content\/uploads\/2021\/01\/91AAD721-F8EF-419A-8C12-BF7F5CEF8A42-scaled.jpeg\" \/>\n\t<meta property=\"og:image:width\" content=\"1920\" \/>\n\t<meta property=\"og:image:height\" content=\"2560\" \/>\n\t<meta property=\"og:image:type\" content=\"image\/jpeg\" \/>\n<meta name=\"twitter:card\" content=\"summary_large_image\" \/>\n<meta name=\"twitter:label1\" content=\"Szacowany czas czytania\" \/>\n\t<meta name=\"twitter:data1\" content=\"2 minuty\" \/>\n<script type=\"application\/ld+json\" class=\"yoast-schema-graph\">{\"@context\":\"https:\\\/\\\/schema.org\",\"@graph\":[{\"@type\":\"WebPage\",\"@id\":\"https:\\\/\\\/m8.mech.pk.edu.pl\\\/index.php\\\/studia-podyplomowe\\\/\",\"url\":\"https:\\\/\\\/m8.mech.pk.edu.pl\\\/index.php\\\/studia-podyplomowe\\\/\",\"name\":\"Studia podyplomowe - Katedra Pojazd\u00f3w Szynowych i Transportu\",\"isPartOf\":{\"@id\":\"https:\\\/\\\/m8.mech.pk.edu.pl\\\/#website\"},\"primaryImageOfPage\":{\"@id\":\"https:\\\/\\\/m8.mech.pk.edu.pl\\\/index.php\\\/studia-podyplomowe\\\/#primaryimage\"},\"image\":{\"@id\":\"https:\\\/\\\/m8.mech.pk.edu.pl\\\/index.php\\\/studia-podyplomowe\\\/#primaryimage\"},\"thumbnailUrl\":\"http:\\\/\\\/m8.mech.pk.edu.pl\\\/wp-content\\\/uploads\\\/2021\\\/01\\\/91AAD721-F8EF-419A-8C12-BF7F5CEF8A42-768x1024.jpeg\",\"datePublished\":\"2021-01-07T12:26:37+00:00\",\"dateModified\":\"2026-03-24T07:22:02+00:00\",\"breadcrumb\":{\"@id\":\"https:\\\/\\\/m8.mech.pk.edu.pl\\\/index.php\\\/studia-podyplomowe\\\/#breadcrumb\"},\"inLanguage\":\"pl-PL\",\"potentialAction\":[{\"@type\":\"ReadAction\",\"target\":[\"https:\\\/\\\/m8.mech.pk.edu.pl\\\/index.php\\\/studia-podyplomowe\\\/\"]}]},{\"@type\":\"ImageObject\",\"inLanguage\":\"pl-PL\",\"@id\":\"https:\\\/\\\/m8.mech.pk.edu.pl\\\/index.php\\\/studia-podyplomowe\\\/#primaryimage\",\"url\":\"http:\\\/\\\/m8.mech.pk.edu.pl\\\/wp-content\\\/uploads\\\/2021\\\/01\\\/91AAD721-F8EF-419A-8C12-BF7F5CEF8A42-768x1024.jpeg\",\"contentUrl\":\"http:\\\/\\\/m8.mech.pk.edu.pl\\\/wp-content\\\/uploads\\\/2021\\\/01\\\/91AAD721-F8EF-419A-8C12-BF7F5CEF8A42-768x1024.jpeg\"},{\"@type\":\"BreadcrumbList\",\"@id\":\"https:\\\/\\\/m8.mech.pk.edu.pl\\\/index.php\\\/studia-podyplomowe\\\/#breadcrumb\",\"itemListElement\":[{\"@type\":\"ListItem\",\"position\":1,\"name\":\"Strona g\u0142\u00f3wna\",\"item\":\"https:\\\/\\\/m8.mech.pk.edu.pl\\\/\"},{\"@type\":\"ListItem\",\"position\":2,\"name\":\"Studia podyplomowe\"}]},{\"@type\":\"WebSite\",\"@id\":\"https:\\\/\\\/m8.mech.pk.edu.pl\\\/#website\",\"url\":\"https:\\\/\\\/m8.mech.pk.edu.pl\\\/\",\"name\":\"Katedra Pojazd\u00f3w Szynowych i Transportu\",\"description\":\"Katedra Pojazd\u00f3w Szynowych i Transportu Politechniki Krakowskiej na Wydziale Mechanicznym\",\"publisher\":{\"@id\":\"https:\\\/\\\/m8.mech.pk.edu.pl\\\/#organization\"},\"potentialAction\":[{\"@type\":\"SearchAction\",\"target\":{\"@type\":\"EntryPoint\",\"urlTemplate\":\"https:\\\/\\\/m8.mech.pk.edu.pl\\\/?s={search_term_string}\"},\"query-input\":{\"@type\":\"PropertyValueSpecification\",\"valueRequired\":true,\"valueName\":\"search_term_string\"}}],\"inLanguage\":\"pl-PL\"},{\"@type\":\"Organization\",\"@id\":\"https:\\\/\\\/m8.mech.pk.edu.pl\\\/#organization\",\"name\":\"Katedra Pojazd\u00f3w Szynowych\",\"url\":\"https:\\\/\\\/m8.mech.pk.edu.pl\\\/\",\"logo\":{\"@type\":\"ImageObject\",\"inLanguage\":\"pl-PL\",\"@id\":\"https:\\\/\\\/m8.mech.pk.edu.pl\\\/#\\\/schema\\\/logo\\\/image\\\/\",\"url\":\"https:\\\/\\\/m8.mech.pk.edu.pl\\\/wp-content\\\/uploads\\\/2021\\\/01\\\/logo-mail-kpsit.png\",\"contentUrl\":\"https:\\\/\\\/m8.mech.pk.edu.pl\\\/wp-content\\\/uploads\\\/2021\\\/01\\\/logo-mail-kpsit.png\",\"width\":300,\"height\":119,\"caption\":\"Katedra Pojazd\u00f3w Szynowych\"},\"image\":{\"@id\":\"https:\\\/\\\/m8.mech.pk.edu.pl\\\/#\\\/schema\\\/logo\\\/image\\\/\"},\"sameAs\":[\"https:\\\/\\\/facebook.com\\\/KPSzTPK\",\"https:\\\/\\\/www.youtube.com\\\/channel\\\/UCen3PQ3fl3ry92o_lHkyVaQ\"]}]}<\/script>\n<!-- \/ Yoast SEO plugin. -->","yoast_head_json":{"title":"Studia podyplomowe - Katedra Pojazd\u00f3w Szynowych i Transportu","robots":{"index":"index","follow":"follow","max-snippet":"max-snippet:-1","max-image-preview":"max-image-preview:large","max-video-preview":"max-video-preview:-1"},"canonical":"https:\/\/m8.mech.pk.edu.pl\/index.php\/studia-podyplomowe\/","og_locale":"pl_PL","og_type":"article","og_title":"Studia podyplomowe - Katedra Pojazd\u00f3w Szynowych i Transportu","og_description":"Budowa i eksploatacja pojazd\u00f3w szynowych Studia rozwijaj\u0105 wiedz\u0119 i umiej\u0119tno\u015bci w zakresie budowy, wytwarzania i eksploatacji pojazd\u00f3w szynowych. Program studi\u00f3w obejmuje zagadnienia: Program zosta\u0142 skonsultowany z wiod\u0105cymi przedsi\u0119biorstwami wytwarzaj\u0105cymi i eksploatuj\u0105cymi pojazdy szynowe. W trakcie studi\u00f3w przewidziane s\u0105 wyk\u0142ady, zaj\u0119cia projektowe i laboratoryjne ze specjalistami z danej dziedziny. BROSZURA INFORMACYJNA KLAUZULA RODO","og_url":"https:\/\/m8.mech.pk.edu.pl\/index.php\/studia-podyplomowe\/","og_site_name":"Katedra Pojazd\u00f3w Szynowych i Transportu","article_publisher":"https:\/\/facebook.com\/KPSzTPK","article_modified_time":"2026-03-24T07:22:02+00:00","og_image":[{"width":1920,"height":2560,"url":"https:\/\/m8.mech.pk.edu.pl\/wp-content\/uploads\/2021\/01\/91AAD721-F8EF-419A-8C12-BF7F5CEF8A42-scaled.jpeg","type":"image\/jpeg"}],"twitter_card":"summary_large_image","twitter_misc":{"Szacowany czas czytania":"2 minuty"},"schema":{"@context":"https:\/\/schema.org","@graph":[{"@type":"WebPage","@id":"https:\/\/m8.mech.pk.edu.pl\/index.php\/studia-podyplomowe\/","url":"https:\/\/m8.mech.pk.edu.pl\/index.php\/studia-podyplomowe\/","name":"Studia podyplomowe - Katedra Pojazd\u00f3w Szynowych i Transportu","isPartOf":{"@id":"https:\/\/m8.mech.pk.edu.pl\/#website"},"primaryImageOfPage":{"@id":"https:\/\/m8.mech.pk.edu.pl\/index.php\/studia-podyplomowe\/#primaryimage"},"image":{"@id":"https:\/\/m8.mech.pk.edu.pl\/index.php\/studia-podyplomowe\/#primaryimage"},"thumbnailUrl":"http:\/\/m8.mech.pk.edu.pl\/wp-content\/uploads\/2021\/01\/91AAD721-F8EF-419A-8C12-BF7F5CEF8A42-768x1024.jpeg","datePublished":"2021-01-07T12:26:37+00:00","dateModified":"2026-03-24T07:22:02+00:00","breadcrumb":{"@id":"https:\/\/m8.mech.pk.edu.pl\/index.php\/studia-podyplomowe\/#breadcrumb"},"inLanguage":"pl-PL","potentialAction":[{"@type":"ReadAction","target":["https:\/\/m8.mech.pk.edu.pl\/index.php\/studia-podyplomowe\/"]}]},{"@type":"ImageObject","inLanguage":"pl-PL","@id":"https:\/\/m8.mech.pk.edu.pl\/index.php\/studia-podyplomowe\/#primaryimage","url":"http:\/\/m8.mech.pk.edu.pl\/wp-content\/uploads\/2021\/01\/91AAD721-F8EF-419A-8C12-BF7F5CEF8A42-768x1024.jpeg","contentUrl":"http:\/\/m8.mech.pk.edu.pl\/wp-content\/uploads\/2021\/01\/91AAD721-F8EF-419A-8C12-BF7F5CEF8A42-768x1024.jpeg"},{"@type":"BreadcrumbList","@id":"https:\/\/m8.mech.pk.edu.pl\/index.php\/studia-podyplomowe\/#breadcrumb","itemListElement":[{"@type":"ListItem","position":1,"name":"Strona g\u0142\u00f3wna","item":"https:\/\/m8.mech.pk.edu.pl\/"},{"@type":"ListItem","position":2,"name":"Studia podyplomowe"}]},{"@type":"WebSite","@id":"https:\/\/m8.mech.pk.edu.pl\/#website","url":"https:\/\/m8.mech.pk.edu.pl\/","name":"Katedra Pojazd\u00f3w Szynowych i Transportu","description":"Katedra Pojazd\u00f3w Szynowych i Transportu Politechniki Krakowskiej na Wydziale Mechanicznym","publisher":{"@id":"https:\/\/m8.mech.pk.edu.pl\/#organization"},"potentialAction":[{"@type":"SearchAction","target":{"@type":"EntryPoint","urlTemplate":"https:\/\/m8.mech.pk.edu.pl\/?s={search_term_string}"},"query-input":{"@type":"PropertyValueSpecification","valueRequired":true,"valueName":"search_term_string"}}],"inLanguage":"pl-PL"},{"@type":"Organization","@id":"https:\/\/m8.mech.pk.edu.pl\/#organization","name":"Katedra Pojazd\u00f3w Szynowych","url":"https:\/\/m8.mech.pk.edu.pl\/","logo":{"@type":"ImageObject","inLanguage":"pl-PL","@id":"https:\/\/m8.mech.pk.edu.pl\/#\/schema\/logo\/image\/","url":"https:\/\/m8.mech.pk.edu.pl\/wp-content\/uploads\/2021\/01\/logo-mail-kpsit.png","contentUrl":"https:\/\/m8.mech.pk.edu.pl\/wp-content\/uploads\/2021\/01\/logo-mail-kpsit.png","width":300,"height":119,"caption":"Katedra Pojazd\u00f3w Szynowych"},"image":{"@id":"https:\/\/m8.mech.pk.edu.pl\/#\/schema\/logo\/image\/"},"sameAs":["https:\/\/facebook.com\/KPSzTPK","https:\/\/www.youtube.com\/channel\/UCen3PQ3fl3ry92o_lHkyVaQ"]}]}},"_links":{"self":[{"href":"https:\/\/m8.mech.pk.edu.pl\/index.php\/wp-json\/wp\/v2\/pages\/65","targetHints":{"allow":["GET"]}}],"collection":[{"href":"https:\/\/m8.mech.pk.edu.pl\/index.php\/wp-json\/wp\/v2\/pages"}],"about":[{"href":"https:\/\/m8.mech.pk.edu.pl\/index.php\/wp-json\/wp\/v2\/types\/page"}],"author":[{"embeddable":true,"href":"https:\/\/m8.mech.pk.edu.pl\/index.php\/wp-json\/wp\/v2\/users\/1"}],"replies":[{"embeddable":true,"href":"https:\/\/m8.mech.pk.edu.pl\/index.php\/wp-json\/wp\/v2\/comments?post=65"}],"version-history":[{"count":140,"href":"https:\/\/m8.mech.pk.edu.pl\/index.php\/wp-json\/wp\/v2\/pages\/65\/revisions"}],"predecessor-version":[{"id":6252,"href":"https:\/\/m8.mech.pk.edu.pl\/index.php\/wp-json\/wp\/v2\/pages\/65\/revisions\/6252"}],"wp:attachment":[{"href":"https:\/\/m8.mech.pk.edu.pl\/index.php\/wp-json\/wp\/v2\/media?parent=65"}],"curies":[{"name":"wp","href":"https:\/\/api.w.org\/{rel}","templated":true}]}}