{"id":6183,"date":"2026-02-06T18:52:52","date_gmt":"2026-02-06T17:52:52","guid":{"rendered":"https:\/\/m8.mech.pk.edu.pl\/?page_id=6183"},"modified":"2026-02-06T18:53:58","modified_gmt":"2026-02-06T17:53:58","slug":"kolejne-nowatorskie-projekty-pojazdow-szynowych-na-kierunku-iwp","status":"publish","type":"page","link":"https:\/\/m8.mech.pk.edu.pl\/index.php\/kolejne-nowatorskie-projekty-pojazdow-szynowych-na-kierunku-iwp\/","title":{"rendered":"Kolejne nowatorskie projekty pojazd\u00f3w szynowych na kierunku IWP"},"content":{"rendered":"\n<p>Dzisiaj odby\u0142 si\u0119 egzamin semestralny z przedmiotu &#8222;Projektowanie pojazd\u00f3w szynowych&#8221;, prowadzonego przez nasz\u0105 Katedr\u0119 na kierunku In\u017cynieria Wzornictwa Przemys\u0142owego. W ramach semestru Studentki i Studenci opracowywali indywidualnie lub w grupach, ciekawe i cz\u0119sto nowatorskie projekty koncepcyjne dotycz\u0105ce pojazd\u00f3w szynowych, w tym ich funkcjonalno\u015bci i wyposa\u017cenia wn\u0119trz. Dzisiaj przedstawili ko\u0144cowe prezentacje swoich pomys\u0142\u00f3w.<\/p>\n\n\n\n<!--more-->\n\n\n\n<p>Najlepsze z nich, wzorem lat ubieg\u0142ych, ju\u017c w najbli\u017cszym czasie b\u0119dziecie mogli obejrze\u0107 w Galerii &#8222;Szyn\u00f3wka&#8221;, w korytarzu budynku J.<br>Serdecznie gratulujemy warto\u015bciowych i ciekawych prac!<\/p>\n\n\n\n<figure class=\"wp-block-image size-full is-resized\"><a href=\"https:\/\/m8.mech.pk.edu.pl\/wp-content\/uploads\/2026\/02\/iwp2025-26M.jpg\"><img loading=\"lazy\" decoding=\"async\" width=\"1000\" height=\"796\" src=\"https:\/\/m8.mech.pk.edu.pl\/wp-content\/uploads\/2026\/02\/iwp2025-26M.jpg\" alt=\"\" class=\"wp-image-6184\" style=\"aspect-ratio:1.256309590577678;width:576px;height:auto\" srcset=\"https:\/\/m8.mech.pk.edu.pl\/wp-content\/uploads\/2026\/02\/iwp2025-26M.jpg 1000w, https:\/\/m8.mech.pk.edu.pl\/wp-content\/uploads\/2026\/02\/iwp2025-26M-300x239.jpg 300w, https:\/\/m8.mech.pk.edu.pl\/wp-content\/uploads\/2026\/02\/iwp2025-26M-768x611.jpg 768w\" sizes=\"auto, (max-width: 1000px) 100vw, 1000px\" \/><\/a><\/figure>\n","protected":false},"excerpt":{"rendered":"<p>Dzisiaj odby\u0142 si\u0119 egzamin semestralny z przedmiotu &#8222;Projektowanie pojazd\u00f3w szynowych&#8221;, prowadzonego przez nasz\u0105 Katedr\u0119 na kierunku In\u017cynieria Wzornictwa Przemys\u0142owego. W ramach semestru Studentki i Studenci opracowywali indywidualnie lub w grupach, ciekawe i cz\u0119sto nowatorskie projekty koncepcyjne dotycz\u0105ce pojazd\u00f3w szynowych, w tym ich funkcjonalno\u015bci i wyposa\u017cenia wn\u0119trz. Dzisiaj przedstawili ko\u0144cowe prezentacje swoich pomys\u0142\u00f3w.<\/p>\n","protected":false},"author":5,"featured_media":6184,"parent":0,"menu_order":0,"comment_status":"closed","ping_status":"closed","template":"","meta":{"footnotes":""},"class_list":["post-6183","page","type-page","status-publish","has-post-thumbnail","hentry"],"yoast_head":"<!-- This site is optimized with the Yoast SEO plugin v27.4 - https:\/\/yoast.com\/product\/yoast-seo-wordpress\/ -->\n<title>Kolejne nowatorskie projekty pojazd\u00f3w szynowych na kierunku IWP - Katedra Pojazd\u00f3w Szynowych i Transportu<\/title>\n<meta name=\"robots\" content=\"index, follow, max-snippet:-1, max-image-preview:large, max-video-preview:-1\" \/>\n<link rel=\"canonical\" href=\"https:\/\/m8.mech.pk.edu.pl\/index.php\/kolejne-nowatorskie-projekty-pojazdow-szynowych-na-kierunku-iwp\/\" \/>\n<meta property=\"og:locale\" content=\"pl_PL\" \/>\n<meta property=\"og:type\" content=\"article\" \/>\n<meta property=\"og:title\" content=\"Kolejne nowatorskie projekty pojazd\u00f3w szynowych na kierunku IWP - Katedra Pojazd\u00f3w Szynowych i Transportu\" \/>\n<meta property=\"og:description\" content=\"Dzisiaj odby\u0142 si\u0119 egzamin semestralny z przedmiotu &#8222;Projektowanie pojazd\u00f3w szynowych&#8221;, prowadzonego przez nasz\u0105 Katedr\u0119 na kierunku In\u017cynieria Wzornictwa Przemys\u0142owego. W ramach semestru Studentki i Studenci opracowywali indywidualnie lub w grupach, ciekawe i cz\u0119sto nowatorskie projekty koncepcyjne dotycz\u0105ce pojazd\u00f3w szynowych, w tym ich funkcjonalno\u015bci i wyposa\u017cenia wn\u0119trz. Dzisiaj przedstawili ko\u0144cowe prezentacje swoich pomys\u0142\u00f3w.\" \/>\n<meta property=\"og:url\" content=\"https:\/\/m8.mech.pk.edu.pl\/index.php\/kolejne-nowatorskie-projekty-pojazdow-szynowych-na-kierunku-iwp\/\" \/>\n<meta property=\"og:site_name\" content=\"Katedra Pojazd\u00f3w Szynowych i Transportu\" \/>\n<meta property=\"article:publisher\" content=\"https:\/\/facebook.com\/KPSzTPK\" \/>\n<meta property=\"article:modified_time\" content=\"2026-02-06T17:53:58+00:00\" \/>\n<meta property=\"og:image\" content=\"https:\/\/m8.mech.pk.edu.pl\/wp-content\/uploads\/2026\/02\/iwp2025-26M.jpg\" \/>\n\t<meta property=\"og:image:width\" content=\"1000\" \/>\n\t<meta property=\"og:image:height\" content=\"796\" \/>\n\t<meta property=\"og:image:type\" content=\"image\/jpeg\" \/>\n<meta name=\"twitter:card\" content=\"summary_large_image\" \/>\n<meta name=\"twitter:label1\" content=\"Szacowany czas czytania\" \/>\n\t<meta name=\"twitter:data1\" content=\"1 minuta\" \/>\n<script type=\"application\/ld+json\" class=\"yoast-schema-graph\">{\"@context\":\"https:\\\/\\\/schema.org\",\"@graph\":[{\"@type\":\"WebPage\",\"@id\":\"https:\\\/\\\/m8.mech.pk.edu.pl\\\/index.php\\\/kolejne-nowatorskie-projekty-pojazdow-szynowych-na-kierunku-iwp\\\/\",\"url\":\"https:\\\/\\\/m8.mech.pk.edu.pl\\\/index.php\\\/kolejne-nowatorskie-projekty-pojazdow-szynowych-na-kierunku-iwp\\\/\",\"name\":\"Kolejne nowatorskie projekty pojazd\u00f3w szynowych na kierunku IWP - Katedra Pojazd\u00f3w Szynowych i Transportu\",\"isPartOf\":{\"@id\":\"https:\\\/\\\/m8.mech.pk.edu.pl\\\/#website\"},\"primaryImageOfPage\":{\"@id\":\"https:\\\/\\\/m8.mech.pk.edu.pl\\\/index.php\\\/kolejne-nowatorskie-projekty-pojazdow-szynowych-na-kierunku-iwp\\\/#primaryimage\"},\"image\":{\"@id\":\"https:\\\/\\\/m8.mech.pk.edu.pl\\\/index.php\\\/kolejne-nowatorskie-projekty-pojazdow-szynowych-na-kierunku-iwp\\\/#primaryimage\"},\"thumbnailUrl\":\"https:\\\/\\\/m8.mech.pk.edu.pl\\\/wp-content\\\/uploads\\\/2026\\\/02\\\/iwp2025-26M.jpg\",\"datePublished\":\"2026-02-06T17:52:52+00:00\",\"dateModified\":\"2026-02-06T17:53:58+00:00\",\"breadcrumb\":{\"@id\":\"https:\\\/\\\/m8.mech.pk.edu.pl\\\/index.php\\\/kolejne-nowatorskie-projekty-pojazdow-szynowych-na-kierunku-iwp\\\/#breadcrumb\"},\"inLanguage\":\"pl-PL\",\"potentialAction\":[{\"@type\":\"ReadAction\",\"target\":[\"https:\\\/\\\/m8.mech.pk.edu.pl\\\/index.php\\\/kolejne-nowatorskie-projekty-pojazdow-szynowych-na-kierunku-iwp\\\/\"]}]},{\"@type\":\"ImageObject\",\"inLanguage\":\"pl-PL\",\"@id\":\"https:\\\/\\\/m8.mech.pk.edu.pl\\\/index.php\\\/kolejne-nowatorskie-projekty-pojazdow-szynowych-na-kierunku-iwp\\\/#primaryimage\",\"url\":\"https:\\\/\\\/m8.mech.pk.edu.pl\\\/wp-content\\\/uploads\\\/2026\\\/02\\\/iwp2025-26M.jpg\",\"contentUrl\":\"https:\\\/\\\/m8.mech.pk.edu.pl\\\/wp-content\\\/uploads\\\/2026\\\/02\\\/iwp2025-26M.jpg\",\"width\":1000,\"height\":796},{\"@type\":\"BreadcrumbList\",\"@id\":\"https:\\\/\\\/m8.mech.pk.edu.pl\\\/index.php\\\/kolejne-nowatorskie-projekty-pojazdow-szynowych-na-kierunku-iwp\\\/#breadcrumb\",\"itemListElement\":[{\"@type\":\"ListItem\",\"position\":1,\"name\":\"Strona g\u0142\u00f3wna\",\"item\":\"https:\\\/\\\/m8.mech.pk.edu.pl\\\/\"},{\"@type\":\"ListItem\",\"position\":2,\"name\":\"Kolejne nowatorskie projekty pojazd\u00f3w szynowych na kierunku IWP\"}]},{\"@type\":\"WebSite\",\"@id\":\"https:\\\/\\\/m8.mech.pk.edu.pl\\\/#website\",\"url\":\"https:\\\/\\\/m8.mech.pk.edu.pl\\\/\",\"name\":\"Katedra Pojazd\u00f3w Szynowych i Transportu\",\"description\":\"Katedra Pojazd\u00f3w Szynowych i Transportu Politechniki Krakowskiej na Wydziale Mechanicznym\",\"publisher\":{\"@id\":\"https:\\\/\\\/m8.mech.pk.edu.pl\\\/#organization\"},\"potentialAction\":[{\"@type\":\"SearchAction\",\"target\":{\"@type\":\"EntryPoint\",\"urlTemplate\":\"https:\\\/\\\/m8.mech.pk.edu.pl\\\/?s={search_term_string}\"},\"query-input\":{\"@type\":\"PropertyValueSpecification\",\"valueRequired\":true,\"valueName\":\"search_term_string\"}}],\"inLanguage\":\"pl-PL\"},{\"@type\":\"Organization\",\"@id\":\"https:\\\/\\\/m8.mech.pk.edu.pl\\\/#organization\",\"name\":\"Katedra Pojazd\u00f3w Szynowych\",\"url\":\"https:\\\/\\\/m8.mech.pk.edu.pl\\\/\",\"logo\":{\"@type\":\"ImageObject\",\"inLanguage\":\"pl-PL\",\"@id\":\"https:\\\/\\\/m8.mech.pk.edu.pl\\\/#\\\/schema\\\/logo\\\/image\\\/\",\"url\":\"https:\\\/\\\/m8.mech.pk.edu.pl\\\/wp-content\\\/uploads\\\/2021\\\/01\\\/logo-mail-kpsit.png\",\"contentUrl\":\"https:\\\/\\\/m8.mech.pk.edu.pl\\\/wp-content\\\/uploads\\\/2021\\\/01\\\/logo-mail-kpsit.png\",\"width\":300,\"height\":119,\"caption\":\"Katedra Pojazd\u00f3w Szynowych\"},\"image\":{\"@id\":\"https:\\\/\\\/m8.mech.pk.edu.pl\\\/#\\\/schema\\\/logo\\\/image\\\/\"},\"sameAs\":[\"https:\\\/\\\/facebook.com\\\/KPSzTPK\",\"https:\\\/\\\/www.youtube.com\\\/channel\\\/UCen3PQ3fl3ry92o_lHkyVaQ\"]}]}<\/script>\n<!-- \/ Yoast SEO plugin. -->","yoast_head_json":{"title":"Kolejne nowatorskie projekty pojazd\u00f3w szynowych na kierunku IWP - Katedra Pojazd\u00f3w Szynowych i Transportu","robots":{"index":"index","follow":"follow","max-snippet":"max-snippet:-1","max-image-preview":"max-image-preview:large","max-video-preview":"max-video-preview:-1"},"canonical":"https:\/\/m8.mech.pk.edu.pl\/index.php\/kolejne-nowatorskie-projekty-pojazdow-szynowych-na-kierunku-iwp\/","og_locale":"pl_PL","og_type":"article","og_title":"Kolejne nowatorskie projekty pojazd\u00f3w szynowych na kierunku IWP - Katedra Pojazd\u00f3w Szynowych i Transportu","og_description":"Dzisiaj odby\u0142 si\u0119 egzamin semestralny z przedmiotu &#8222;Projektowanie pojazd\u00f3w szynowych&#8221;, prowadzonego przez nasz\u0105 Katedr\u0119 na kierunku In\u017cynieria Wzornictwa Przemys\u0142owego. W ramach semestru Studentki i Studenci opracowywali indywidualnie lub w grupach, ciekawe i cz\u0119sto nowatorskie projekty koncepcyjne dotycz\u0105ce pojazd\u00f3w szynowych, w tym ich funkcjonalno\u015bci i wyposa\u017cenia wn\u0119trz. Dzisiaj przedstawili ko\u0144cowe prezentacje swoich pomys\u0142\u00f3w.","og_url":"https:\/\/m8.mech.pk.edu.pl\/index.php\/kolejne-nowatorskie-projekty-pojazdow-szynowych-na-kierunku-iwp\/","og_site_name":"Katedra Pojazd\u00f3w Szynowych i Transportu","article_publisher":"https:\/\/facebook.com\/KPSzTPK","article_modified_time":"2026-02-06T17:53:58+00:00","og_image":[{"width":1000,"height":796,"url":"https:\/\/m8.mech.pk.edu.pl\/wp-content\/uploads\/2026\/02\/iwp2025-26M.jpg","type":"image\/jpeg"}],"twitter_card":"summary_large_image","twitter_misc":{"Szacowany czas czytania":"1 minuta"},"schema":{"@context":"https:\/\/schema.org","@graph":[{"@type":"WebPage","@id":"https:\/\/m8.mech.pk.edu.pl\/index.php\/kolejne-nowatorskie-projekty-pojazdow-szynowych-na-kierunku-iwp\/","url":"https:\/\/m8.mech.pk.edu.pl\/index.php\/kolejne-nowatorskie-projekty-pojazdow-szynowych-na-kierunku-iwp\/","name":"Kolejne nowatorskie projekty pojazd\u00f3w szynowych na kierunku IWP - Katedra Pojazd\u00f3w Szynowych i Transportu","isPartOf":{"@id":"https:\/\/m8.mech.pk.edu.pl\/#website"},"primaryImageOfPage":{"@id":"https:\/\/m8.mech.pk.edu.pl\/index.php\/kolejne-nowatorskie-projekty-pojazdow-szynowych-na-kierunku-iwp\/#primaryimage"},"image":{"@id":"https:\/\/m8.mech.pk.edu.pl\/index.php\/kolejne-nowatorskie-projekty-pojazdow-szynowych-na-kierunku-iwp\/#primaryimage"},"thumbnailUrl":"https:\/\/m8.mech.pk.edu.pl\/wp-content\/uploads\/2026\/02\/iwp2025-26M.jpg","datePublished":"2026-02-06T17:52:52+00:00","dateModified":"2026-02-06T17:53:58+00:00","breadcrumb":{"@id":"https:\/\/m8.mech.pk.edu.pl\/index.php\/kolejne-nowatorskie-projekty-pojazdow-szynowych-na-kierunku-iwp\/#breadcrumb"},"inLanguage":"pl-PL","potentialAction":[{"@type":"ReadAction","target":["https:\/\/m8.mech.pk.edu.pl\/index.php\/kolejne-nowatorskie-projekty-pojazdow-szynowych-na-kierunku-iwp\/"]}]},{"@type":"ImageObject","inLanguage":"pl-PL","@id":"https:\/\/m8.mech.pk.edu.pl\/index.php\/kolejne-nowatorskie-projekty-pojazdow-szynowych-na-kierunku-iwp\/#primaryimage","url":"https:\/\/m8.mech.pk.edu.pl\/wp-content\/uploads\/2026\/02\/iwp2025-26M.jpg","contentUrl":"https:\/\/m8.mech.pk.edu.pl\/wp-content\/uploads\/2026\/02\/iwp2025-26M.jpg","width":1000,"height":796},{"@type":"BreadcrumbList","@id":"https:\/\/m8.mech.pk.edu.pl\/index.php\/kolejne-nowatorskie-projekty-pojazdow-szynowych-na-kierunku-iwp\/#breadcrumb","itemListElement":[{"@type":"ListItem","position":1,"name":"Strona g\u0142\u00f3wna","item":"https:\/\/m8.mech.pk.edu.pl\/"},{"@type":"ListItem","position":2,"name":"Kolejne nowatorskie projekty pojazd\u00f3w szynowych na kierunku IWP"}]},{"@type":"WebSite","@id":"https:\/\/m8.mech.pk.edu.pl\/#website","url":"https:\/\/m8.mech.pk.edu.pl\/","name":"Katedra Pojazd\u00f3w Szynowych i Transportu","description":"Katedra Pojazd\u00f3w Szynowych i Transportu Politechniki Krakowskiej na Wydziale Mechanicznym","publisher":{"@id":"https:\/\/m8.mech.pk.edu.pl\/#organization"},"potentialAction":[{"@type":"SearchAction","target":{"@type":"EntryPoint","urlTemplate":"https:\/\/m8.mech.pk.edu.pl\/?s={search_term_string}"},"query-input":{"@type":"PropertyValueSpecification","valueRequired":true,"valueName":"search_term_string"}}],"inLanguage":"pl-PL"},{"@type":"Organization","@id":"https:\/\/m8.mech.pk.edu.pl\/#organization","name":"Katedra Pojazd\u00f3w Szynowych","url":"https:\/\/m8.mech.pk.edu.pl\/","logo":{"@type":"ImageObject","inLanguage":"pl-PL","@id":"https:\/\/m8.mech.pk.edu.pl\/#\/schema\/logo\/image\/","url":"https:\/\/m8.mech.pk.edu.pl\/wp-content\/uploads\/2021\/01\/logo-mail-kpsit.png","contentUrl":"https:\/\/m8.mech.pk.edu.pl\/wp-content\/uploads\/2021\/01\/logo-mail-kpsit.png","width":300,"height":119,"caption":"Katedra Pojazd\u00f3w Szynowych"},"image":{"@id":"https:\/\/m8.mech.pk.edu.pl\/#\/schema\/logo\/image\/"},"sameAs":["https:\/\/facebook.com\/KPSzTPK","https:\/\/www.youtube.com\/channel\/UCen3PQ3fl3ry92o_lHkyVaQ"]}]}},"_links":{"self":[{"href":"https:\/\/m8.mech.pk.edu.pl\/index.php\/wp-json\/wp\/v2\/pages\/6183","targetHints":{"allow":["GET"]}}],"collection":[{"href":"https:\/\/m8.mech.pk.edu.pl\/index.php\/wp-json\/wp\/v2\/pages"}],"about":[{"href":"https:\/\/m8.mech.pk.edu.pl\/index.php\/wp-json\/wp\/v2\/types\/page"}],"author":[{"embeddable":true,"href":"https:\/\/m8.mech.pk.edu.pl\/index.php\/wp-json\/wp\/v2\/users\/5"}],"replies":[{"embeddable":true,"href":"https:\/\/m8.mech.pk.edu.pl\/index.php\/wp-json\/wp\/v2\/comments?post=6183"}],"version-history":[{"count":1,"href":"https:\/\/m8.mech.pk.edu.pl\/index.php\/wp-json\/wp\/v2\/pages\/6183\/revisions"}],"predecessor-version":[{"id":6185,"href":"https:\/\/m8.mech.pk.edu.pl\/index.php\/wp-json\/wp\/v2\/pages\/6183\/revisions\/6185"}],"wp:featuredmedia":[{"embeddable":true,"href":"https:\/\/m8.mech.pk.edu.pl\/index.php\/wp-json\/wp\/v2\/media\/6184"}],"wp:attachment":[{"href":"https:\/\/m8.mech.pk.edu.pl\/index.php\/wp-json\/wp\/v2\/media?parent=6183"}],"curies":[{"name":"wp","href":"https:\/\/api.w.org\/{rel}","templated":true}]}}