{"id":5912,"date":"2025-09-04T11:30:38","date_gmt":"2025-09-04T09:30:38","guid":{"rendered":"https:\/\/m8.mech.pk.edu.pl\/?page_id=5912"},"modified":"2025-09-05T13:56:21","modified_gmt":"2025-09-05T11:56:21","slug":"rutka-anna","status":"publish","type":"page","link":"https:\/\/m8.mech.pk.edu.pl\/index.php\/pracownicy\/rutka-anna\/","title":{"rendered":"Anna Rutka"},"content":{"rendered":"\n<div class=\"wp-block-columns are-vertically-aligned-center is-layout-flex wp-container-core-columns-is-layout-9d6595d7 wp-block-columns-is-layout-flex\">\n<div class=\"wp-block-column is-vertically-aligned-center is-layout-flow wp-block-column-is-layout-flow\" style=\"flex-basis:200px\"><div class=\"wp-block-image\">\n<figure class=\"aligncenter size-large\"><img loading=\"lazy\" decoding=\"async\" width=\"768\" height=\"1024\" src=\"https:\/\/m8.mech.pk.edu.pl\/wp-content\/uploads\/2025\/09\/IMG_2107-1-768x1024.jpg\" alt=\"\" class=\"wp-image-5915\" srcset=\"https:\/\/m8.mech.pk.edu.pl\/wp-content\/uploads\/2025\/09\/IMG_2107-1-768x1024.jpg 768w, https:\/\/m8.mech.pk.edu.pl\/wp-content\/uploads\/2025\/09\/IMG_2107-1-225x300.jpg 225w, https:\/\/m8.mech.pk.edu.pl\/wp-content\/uploads\/2025\/09\/IMG_2107-1-1152x1536.jpg 1152w, https:\/\/m8.mech.pk.edu.pl\/wp-content\/uploads\/2025\/09\/IMG_2107-1-1536x2048.jpg 1536w, https:\/\/m8.mech.pk.edu.pl\/wp-content\/uploads\/2025\/09\/IMG_2107-1-scaled.jpg 1920w\" sizes=\"auto, (max-width: 768px) 100vw, 768px\" \/><\/figure>\n<\/div><\/div>\n\n\n\n<div class=\"wp-block-column is-vertically-aligned-center is-layout-flow wp-block-column-is-layout-flow\">\n<p><strong>Anna Rutka<\/strong>&nbsp;mgr, starszy specjalista<a href=\"http:\/\/m8.mech.pk.edu.pl\/index.php\/m-08-2-zespol-systemow-logistycznych\/\"><br><\/a>pok\u00f3j: A419<br>tel. 12\/ 374-33-10<br>e-mail:&nbsp;<a href=\"mailto:teresa.gajewska@pk.edu.pl\" target=\"_blank\" rel=\"noreferrer noopener\">anna.rutka@pk.edu.pl<\/a><br>publikacje: <a href=\"https:\/\/cris.pk.edu.pl\/info\/author\/CUTed2e3c8b4e4a4155882b6a6e5e9f2bb2?r=author&amp;tab=publications&amp;title=Profil%2Bosoby%2B%25E2%2580%2593%2BAnna%2BRutka%2B%25E2%2580%2593%2BPolitechnika%2BKrakowska&amp;lang=pl&amp;pn=1\">Publikacje PK<\/a><\/p>\n\n\n\n<p><\/p>\n<\/div>\n<\/div>\n\n\n\n<p>Jestem starszym specjalist\u0105 w Katedrze Pojazd\u00f3w Szynowych i Transportu Politechniki Krakowskiej. Zajmuj\u0119 si\u0119 obs\u0142ug\u0105 administracyjn\u0105 Katedry oraz wsparciem organizacyjnym jej dzia\u0142alno\u015bci dydaktycznej i badawczej, w tym obs\u0142ug\u0105 studi\u00f3w podyplomowych i kurs\u00f3w prowadzonych przez Katedr\u0119.<\/p>\n\n\n\n<p>Od 2023 roku jestem zaanga\u017cowana w realizacj\u0119 projektu NXTLVL Parking (Interreg Europa \u015arodkowa) oraz projektu IWT SUMP (Instrument Wsparcia Technicznego Ministerstwa Infrastruktury), wspieraj\u0105cego polskie miasta i obszary metropolitalne w przygotowaniu plan\u00f3w zr\u00f3wnowa\u017conej mobilno\u015bci miejskiej. <\/p>\n\n\n\n<p>Prywatnie koncentruj\u0119 si\u0119 na sta\u0142ym rozwoju zawodowym i osobistym, a wolny czas po\u015bwi\u0119cam na podr\u00f3\u017ce i aktywny wypoczynek. \u00a0<\/p>\n","protected":false},"excerpt":{"rendered":"<p>Anna Rutka&nbsp;mgr, starszy specjalistapok\u00f3j: A419tel. 12\/ 374-33-10e-mail:&nbsp;anna.rutka@pk.edu.plpublikacje: Publikacje PK Jestem starszym specjalist\u0105 w Katedrze Pojazd\u00f3w Szynowych i Transportu Politechniki Krakowskiej. Zajmuj\u0119 si\u0119 obs\u0142ug\u0105 administracyjn\u0105 Katedry oraz wsparciem organizacyjnym jej dzia\u0142alno\u015bci dydaktycznej i badawczej, w tym obs\u0142ug\u0105 studi\u00f3w podyplomowych i kurs\u00f3w prowadzonych przez Katedr\u0119. Od 2023 roku jestem zaanga\u017cowana w realizacj\u0119 projektu NXTLVL Parking (Interreg Europa [&hellip;]<\/p>\n","protected":false},"author":6,"featured_media":0,"parent":30,"menu_order":0,"comment_status":"closed","ping_status":"closed","template":"","meta":{"footnotes":""},"class_list":["post-5912","page","type-page","status-publish","hentry"],"yoast_head":"<!-- This site is optimized with the Yoast SEO plugin v27.4 - https:\/\/yoast.com\/product\/yoast-seo-wordpress\/ -->\n<title>Anna Rutka - Katedra Pojazd\u00f3w Szynowych i Transportu<\/title>\n<meta name=\"robots\" content=\"index, follow, max-snippet:-1, max-image-preview:large, max-video-preview:-1\" \/>\n<link rel=\"canonical\" href=\"https:\/\/m8.mech.pk.edu.pl\/index.php\/pracownicy\/rutka-anna\/\" \/>\n<meta property=\"og:locale\" content=\"pl_PL\" \/>\n<meta property=\"og:type\" content=\"article\" \/>\n<meta property=\"og:title\" content=\"Anna Rutka - Katedra Pojazd\u00f3w Szynowych i Transportu\" \/>\n<meta property=\"og:description\" content=\"Anna Rutka&nbsp;mgr, starszy specjalistapok\u00f3j: A419tel. 12\/ 374-33-10e-mail:&nbsp;anna.rutka@pk.edu.plpublikacje: Publikacje PK Jestem starszym specjalist\u0105 w Katedrze Pojazd\u00f3w Szynowych i Transportu Politechniki Krakowskiej. Zajmuj\u0119 si\u0119 obs\u0142ug\u0105 administracyjn\u0105 Katedry oraz wsparciem organizacyjnym jej dzia\u0142alno\u015bci dydaktycznej i badawczej, w tym obs\u0142ug\u0105 studi\u00f3w podyplomowych i kurs\u00f3w prowadzonych przez Katedr\u0119. Od 2023 roku jestem zaanga\u017cowana w realizacj\u0119 projektu NXTLVL Parking (Interreg Europa [&hellip;]\" \/>\n<meta property=\"og:url\" content=\"https:\/\/m8.mech.pk.edu.pl\/index.php\/pracownicy\/rutka-anna\/\" \/>\n<meta property=\"og:site_name\" content=\"Katedra Pojazd\u00f3w Szynowych i Transportu\" \/>\n<meta property=\"article:publisher\" content=\"https:\/\/facebook.com\/KPSzTPK\" \/>\n<meta property=\"article:modified_time\" content=\"2025-09-05T11:56:21+00:00\" \/>\n<meta property=\"og:image\" content=\"https:\/\/m8.mech.pk.edu.pl\/wp-content\/uploads\/2025\/09\/IMG_2107-1-scaled.jpg\" \/>\n\t<meta property=\"og:image:width\" content=\"1920\" \/>\n\t<meta property=\"og:image:height\" content=\"2560\" \/>\n\t<meta property=\"og:image:type\" content=\"image\/jpeg\" \/>\n<meta name=\"twitter:card\" content=\"summary_large_image\" \/>\n<meta name=\"twitter:label1\" content=\"Szacowany czas czytania\" \/>\n\t<meta name=\"twitter:data1\" content=\"1 minuta\" \/>\n<script type=\"application\/ld+json\" class=\"yoast-schema-graph\">{\"@context\":\"https:\\\/\\\/schema.org\",\"@graph\":[{\"@type\":\"WebPage\",\"@id\":\"https:\\\/\\\/m8.mech.pk.edu.pl\\\/index.php\\\/pracownicy\\\/rutka-anna\\\/\",\"url\":\"https:\\\/\\\/m8.mech.pk.edu.pl\\\/index.php\\\/pracownicy\\\/rutka-anna\\\/\",\"name\":\"Anna Rutka - Katedra Pojazd\u00f3w Szynowych i Transportu\",\"isPartOf\":{\"@id\":\"https:\\\/\\\/m8.mech.pk.edu.pl\\\/#website\"},\"primaryImageOfPage\":{\"@id\":\"https:\\\/\\\/m8.mech.pk.edu.pl\\\/index.php\\\/pracownicy\\\/rutka-anna\\\/#primaryimage\"},\"image\":{\"@id\":\"https:\\\/\\\/m8.mech.pk.edu.pl\\\/index.php\\\/pracownicy\\\/rutka-anna\\\/#primaryimage\"},\"thumbnailUrl\":\"https:\\\/\\\/m8.mech.pk.edu.pl\\\/wp-content\\\/uploads\\\/2025\\\/09\\\/IMG_2107-1-768x1024.jpg\",\"datePublished\":\"2025-09-04T09:30:38+00:00\",\"dateModified\":\"2025-09-05T11:56:21+00:00\",\"breadcrumb\":{\"@id\":\"https:\\\/\\\/m8.mech.pk.edu.pl\\\/index.php\\\/pracownicy\\\/rutka-anna\\\/#breadcrumb\"},\"inLanguage\":\"pl-PL\",\"potentialAction\":[{\"@type\":\"ReadAction\",\"target\":[\"https:\\\/\\\/m8.mech.pk.edu.pl\\\/index.php\\\/pracownicy\\\/rutka-anna\\\/\"]}]},{\"@type\":\"ImageObject\",\"inLanguage\":\"pl-PL\",\"@id\":\"https:\\\/\\\/m8.mech.pk.edu.pl\\\/index.php\\\/pracownicy\\\/rutka-anna\\\/#primaryimage\",\"url\":\"https:\\\/\\\/m8.mech.pk.edu.pl\\\/wp-content\\\/uploads\\\/2025\\\/09\\\/IMG_2107-1-scaled.jpg\",\"contentUrl\":\"https:\\\/\\\/m8.mech.pk.edu.pl\\\/wp-content\\\/uploads\\\/2025\\\/09\\\/IMG_2107-1-scaled.jpg\",\"width\":1920,\"height\":2560},{\"@type\":\"BreadcrumbList\",\"@id\":\"https:\\\/\\\/m8.mech.pk.edu.pl\\\/index.php\\\/pracownicy\\\/rutka-anna\\\/#breadcrumb\",\"itemListElement\":[{\"@type\":\"ListItem\",\"position\":1,\"name\":\"Strona g\u0142\u00f3wna\",\"item\":\"https:\\\/\\\/m8.mech.pk.edu.pl\\\/\"},{\"@type\":\"ListItem\",\"position\":2,\"name\":\"Pracownicy\",\"item\":\"https:\\\/\\\/m8.mech.pk.edu.pl\\\/index.php\\\/pracownicy\\\/\"},{\"@type\":\"ListItem\",\"position\":3,\"name\":\"Anna Rutka\"}]},{\"@type\":\"WebSite\",\"@id\":\"https:\\\/\\\/m8.mech.pk.edu.pl\\\/#website\",\"url\":\"https:\\\/\\\/m8.mech.pk.edu.pl\\\/\",\"name\":\"Katedra Pojazd\u00f3w Szynowych i Transportu\",\"description\":\"Katedra Pojazd\u00f3w Szynowych i Transportu Politechniki Krakowskiej na Wydziale Mechanicznym\",\"publisher\":{\"@id\":\"https:\\\/\\\/m8.mech.pk.edu.pl\\\/#organization\"},\"potentialAction\":[{\"@type\":\"SearchAction\",\"target\":{\"@type\":\"EntryPoint\",\"urlTemplate\":\"https:\\\/\\\/m8.mech.pk.edu.pl\\\/?s={search_term_string}\"},\"query-input\":{\"@type\":\"PropertyValueSpecification\",\"valueRequired\":true,\"valueName\":\"search_term_string\"}}],\"inLanguage\":\"pl-PL\"},{\"@type\":\"Organization\",\"@id\":\"https:\\\/\\\/m8.mech.pk.edu.pl\\\/#organization\",\"name\":\"Katedra Pojazd\u00f3w Szynowych\",\"url\":\"https:\\\/\\\/m8.mech.pk.edu.pl\\\/\",\"logo\":{\"@type\":\"ImageObject\",\"inLanguage\":\"pl-PL\",\"@id\":\"https:\\\/\\\/m8.mech.pk.edu.pl\\\/#\\\/schema\\\/logo\\\/image\\\/\",\"url\":\"https:\\\/\\\/m8.mech.pk.edu.pl\\\/wp-content\\\/uploads\\\/2021\\\/01\\\/logo-mail-kpsit.png\",\"contentUrl\":\"https:\\\/\\\/m8.mech.pk.edu.pl\\\/wp-content\\\/uploads\\\/2021\\\/01\\\/logo-mail-kpsit.png\",\"width\":300,\"height\":119,\"caption\":\"Katedra Pojazd\u00f3w Szynowych\"},\"image\":{\"@id\":\"https:\\\/\\\/m8.mech.pk.edu.pl\\\/#\\\/schema\\\/logo\\\/image\\\/\"},\"sameAs\":[\"https:\\\/\\\/facebook.com\\\/KPSzTPK\",\"https:\\\/\\\/www.youtube.com\\\/channel\\\/UCen3PQ3fl3ry92o_lHkyVaQ\"]}]}<\/script>\n<!-- \/ Yoast SEO plugin. -->","yoast_head_json":{"title":"Anna Rutka - Katedra Pojazd\u00f3w Szynowych i Transportu","robots":{"index":"index","follow":"follow","max-snippet":"max-snippet:-1","max-image-preview":"max-image-preview:large","max-video-preview":"max-video-preview:-1"},"canonical":"https:\/\/m8.mech.pk.edu.pl\/index.php\/pracownicy\/rutka-anna\/","og_locale":"pl_PL","og_type":"article","og_title":"Anna Rutka - Katedra Pojazd\u00f3w Szynowych i Transportu","og_description":"Anna Rutka&nbsp;mgr, starszy specjalistapok\u00f3j: A419tel. 12\/ 374-33-10e-mail:&nbsp;anna.rutka@pk.edu.plpublikacje: Publikacje PK Jestem starszym specjalist\u0105 w Katedrze Pojazd\u00f3w Szynowych i Transportu Politechniki Krakowskiej. Zajmuj\u0119 si\u0119 obs\u0142ug\u0105 administracyjn\u0105 Katedry oraz wsparciem organizacyjnym jej dzia\u0142alno\u015bci dydaktycznej i badawczej, w tym obs\u0142ug\u0105 studi\u00f3w podyplomowych i kurs\u00f3w prowadzonych przez Katedr\u0119. Od 2023 roku jestem zaanga\u017cowana w realizacj\u0119 projektu NXTLVL Parking (Interreg Europa [&hellip;]","og_url":"https:\/\/m8.mech.pk.edu.pl\/index.php\/pracownicy\/rutka-anna\/","og_site_name":"Katedra Pojazd\u00f3w Szynowych i Transportu","article_publisher":"https:\/\/facebook.com\/KPSzTPK","article_modified_time":"2025-09-05T11:56:21+00:00","og_image":[{"width":1920,"height":2560,"url":"https:\/\/m8.mech.pk.edu.pl\/wp-content\/uploads\/2025\/09\/IMG_2107-1-scaled.jpg","type":"image\/jpeg"}],"twitter_card":"summary_large_image","twitter_misc":{"Szacowany czas czytania":"1 minuta"},"schema":{"@context":"https:\/\/schema.org","@graph":[{"@type":"WebPage","@id":"https:\/\/m8.mech.pk.edu.pl\/index.php\/pracownicy\/rutka-anna\/","url":"https:\/\/m8.mech.pk.edu.pl\/index.php\/pracownicy\/rutka-anna\/","name":"Anna Rutka - Katedra Pojazd\u00f3w Szynowych i Transportu","isPartOf":{"@id":"https:\/\/m8.mech.pk.edu.pl\/#website"},"primaryImageOfPage":{"@id":"https:\/\/m8.mech.pk.edu.pl\/index.php\/pracownicy\/rutka-anna\/#primaryimage"},"image":{"@id":"https:\/\/m8.mech.pk.edu.pl\/index.php\/pracownicy\/rutka-anna\/#primaryimage"},"thumbnailUrl":"https:\/\/m8.mech.pk.edu.pl\/wp-content\/uploads\/2025\/09\/IMG_2107-1-768x1024.jpg","datePublished":"2025-09-04T09:30:38+00:00","dateModified":"2025-09-05T11:56:21+00:00","breadcrumb":{"@id":"https:\/\/m8.mech.pk.edu.pl\/index.php\/pracownicy\/rutka-anna\/#breadcrumb"},"inLanguage":"pl-PL","potentialAction":[{"@type":"ReadAction","target":["https:\/\/m8.mech.pk.edu.pl\/index.php\/pracownicy\/rutka-anna\/"]}]},{"@type":"ImageObject","inLanguage":"pl-PL","@id":"https:\/\/m8.mech.pk.edu.pl\/index.php\/pracownicy\/rutka-anna\/#primaryimage","url":"https:\/\/m8.mech.pk.edu.pl\/wp-content\/uploads\/2025\/09\/IMG_2107-1-scaled.jpg","contentUrl":"https:\/\/m8.mech.pk.edu.pl\/wp-content\/uploads\/2025\/09\/IMG_2107-1-scaled.jpg","width":1920,"height":2560},{"@type":"BreadcrumbList","@id":"https:\/\/m8.mech.pk.edu.pl\/index.php\/pracownicy\/rutka-anna\/#breadcrumb","itemListElement":[{"@type":"ListItem","position":1,"name":"Strona g\u0142\u00f3wna","item":"https:\/\/m8.mech.pk.edu.pl\/"},{"@type":"ListItem","position":2,"name":"Pracownicy","item":"https:\/\/m8.mech.pk.edu.pl\/index.php\/pracownicy\/"},{"@type":"ListItem","position":3,"name":"Anna Rutka"}]},{"@type":"WebSite","@id":"https:\/\/m8.mech.pk.edu.pl\/#website","url":"https:\/\/m8.mech.pk.edu.pl\/","name":"Katedra Pojazd\u00f3w Szynowych i Transportu","description":"Katedra Pojazd\u00f3w Szynowych i Transportu Politechniki Krakowskiej na Wydziale Mechanicznym","publisher":{"@id":"https:\/\/m8.mech.pk.edu.pl\/#organization"},"potentialAction":[{"@type":"SearchAction","target":{"@type":"EntryPoint","urlTemplate":"https:\/\/m8.mech.pk.edu.pl\/?s={search_term_string}"},"query-input":{"@type":"PropertyValueSpecification","valueRequired":true,"valueName":"search_term_string"}}],"inLanguage":"pl-PL"},{"@type":"Organization","@id":"https:\/\/m8.mech.pk.edu.pl\/#organization","name":"Katedra Pojazd\u00f3w Szynowych","url":"https:\/\/m8.mech.pk.edu.pl\/","logo":{"@type":"ImageObject","inLanguage":"pl-PL","@id":"https:\/\/m8.mech.pk.edu.pl\/#\/schema\/logo\/image\/","url":"https:\/\/m8.mech.pk.edu.pl\/wp-content\/uploads\/2021\/01\/logo-mail-kpsit.png","contentUrl":"https:\/\/m8.mech.pk.edu.pl\/wp-content\/uploads\/2021\/01\/logo-mail-kpsit.png","width":300,"height":119,"caption":"Katedra Pojazd\u00f3w Szynowych"},"image":{"@id":"https:\/\/m8.mech.pk.edu.pl\/#\/schema\/logo\/image\/"},"sameAs":["https:\/\/facebook.com\/KPSzTPK","https:\/\/www.youtube.com\/channel\/UCen3PQ3fl3ry92o_lHkyVaQ"]}]}},"_links":{"self":[{"href":"https:\/\/m8.mech.pk.edu.pl\/index.php\/wp-json\/wp\/v2\/pages\/5912","targetHints":{"allow":["GET"]}}],"collection":[{"href":"https:\/\/m8.mech.pk.edu.pl\/index.php\/wp-json\/wp\/v2\/pages"}],"about":[{"href":"https:\/\/m8.mech.pk.edu.pl\/index.php\/wp-json\/wp\/v2\/types\/page"}],"author":[{"embeddable":true,"href":"https:\/\/m8.mech.pk.edu.pl\/index.php\/wp-json\/wp\/v2\/users\/6"}],"replies":[{"embeddable":true,"href":"https:\/\/m8.mech.pk.edu.pl\/index.php\/wp-json\/wp\/v2\/comments?post=5912"}],"version-history":[{"count":7,"href":"https:\/\/m8.mech.pk.edu.pl\/index.php\/wp-json\/wp\/v2\/pages\/5912\/revisions"}],"predecessor-version":[{"id":5930,"href":"https:\/\/m8.mech.pk.edu.pl\/index.php\/wp-json\/wp\/v2\/pages\/5912\/revisions\/5930"}],"up":[{"embeddable":true,"href":"https:\/\/m8.mech.pk.edu.pl\/index.php\/wp-json\/wp\/v2\/pages\/30"}],"wp:attachment":[{"href":"https:\/\/m8.mech.pk.edu.pl\/index.php\/wp-json\/wp\/v2\/media?parent=5912"}],"curies":[{"name":"wp","href":"https:\/\/api.w.org\/{rel}","templated":true}]}}