{"id":4705,"date":"2024-02-17T14:05:14","date_gmt":"2024-02-17T13:05:14","guid":{"rendered":"https:\/\/m8.mech.pk.edu.pl\/?page_id=4705"},"modified":"2025-01-09T20:55:37","modified_gmt":"2025-01-09T19:55:37","slug":"regulamin","status":"publish","type":"page","link":"https:\/\/m8.mech.pk.edu.pl\/index.php\/symulator\/zasady-rezerwacji-jazd-indywidualnych-w-symulatorze-tramwaju-ngt6\/regulamin\/","title":{"rendered":"Symulator Tramwaju NGT6 &#8211; REGULAMIN"},"content":{"rendered":"\n<div class=\"wp-block-columns is-layout-flex wp-container-core-columns-is-layout-9d6595d7 wp-block-columns-is-layout-flex\">\n<div class=\"wp-block-column is-layout-flow wp-block-column-is-layout-flow\" style=\"flex-basis:33.33%\">\n<figure class=\"wp-block-image size-full is-resized\"><a href=\"zasady-rezerwacji-jazd-indywidualnych-w-symulatorze-tramwaju-ngt6\"><img loading=\"lazy\" decoding=\"async\" width=\"452\" height=\"118\" src=\"https:\/\/m8.mech.pk.edu.pl\/wp-content\/uploads\/2024\/02\/ikona-powrot1.png\" alt=\"\" class=\"wp-image-4469\" style=\"width:134px;height:auto\" srcset=\"https:\/\/m8.mech.pk.edu.pl\/wp-content\/uploads\/2024\/02\/ikona-powrot1.png 452w, https:\/\/m8.mech.pk.edu.pl\/wp-content\/uploads\/2024\/02\/ikona-powrot1-300x78.png 300w\" sizes=\"auto, (max-width: 452px) 100vw, 452px\" \/><\/a><\/figure>\n<\/div>\n\n\n\n<div class=\"wp-block-column is-layout-flow wp-block-column-is-layout-flow\" style=\"flex-basis:66.66%\"><\/div>\n<\/div>\n\n\n\n<p class=\"has-medium-font-size\"><strong>REGULAMIN KORZYSTANIA Z SYMULATORA TRAMWAJU NGT6<\/strong><\/p>\n\n\n\n<ol class=\"wp-block-list\">\n<li class=\"has-medium-font-size\">Um\u00f3wienie terminu jazdy jest jednoznaczne z akceptacj\u0105 zapis\u00f3w niniejszego Regulaminu.<\/li>\n\n\n\n<li class=\"has-medium-font-size\">Z Symulatora mog\u0105 korzysta\u0107 dzieci w wieku od 6 lat wzwy\u017c. Nie ma g\u00f3rnej granicy wiekowej. Dzieci do lat 12 wymagaj\u0105 obecno\u015bci osoby doros\u0142ej. Osoby ma\u0142oletnie uczestnicz\u0105 korzystaj\u0105 z Symulatora na wy\u0142\u0105czn\u0105 odpowiedzialno\u015b\u0107 os\u00f3b, kt\u00f3re sprawuj\u0105 nad nimi piecz\u0119.<\/li>\n\n\n\n<li class=\"has-medium-font-size\">Przebywanie w Symulatorze dozwolone jest wy\u0142\u0105cznie pod nadzorem Instruktora.<\/li>\n\n\n\n<li class=\"has-medium-font-size\">Symulator jest urz\u0105dzeniem, wykorzystuj\u0105cym do projekcji scenerii miasta projektory multimedialne i projekcj\u0119 tyln\u0105 na wielkoformatowe ekrany projekcyjne ustawione przed kabin\u0105 symulatora. Jest to rozwi\u0105zanie stosowane w symulatorach szkoleniowych. Katedra Pojazd\u00f3w Szynowych i Transportu nie ponosi odpowiedzialno\u015bci za ewentualne niedogodno\u015bci zdrowotne wynik\u0142e z przebywania w Symulatorze na skutek wyst\u0105pienia tzw. choroby symulatorowej, kt\u00f3ra wyst\u0119puje najcz\u0119\u015bciej u os\u00f3b, kt\u00f3re maj\u0105 problemy z b\u0142\u0119dnikiem, a jej objawami s\u0105 np. zawroty g\u0142owy, b\u00f3le g\u0142owy, a w ekstremalnych sytuacjach r\u00f3wnie\u017c nudno\u015bci.<\/li>\n\n\n\n<li class=\"has-medium-font-size\">Osoby korzystaj\u0105ce Symulatora podczas przebywania na terenie Politechniki Krakowskiej obowi\u0105zane s\u0105 zachowywa\u0107 si\u0119 w spos\u00f3b niezagra\u017caj\u0105cy bezpiecze\u0144stwu innych os\u00f3b, a w szczeg\u00f3lno\u015bci przestrzega\u0107 postanowie\u0144 Regulaminu oraz stosowa\u0107 si\u0119 do zalece\u0144 Instruktora, przedstawicieli uczelni i s\u0142u\u017cby ochrony, maj\u0105cych na celu zapewnienie im bezpiecze\u0144stwa i porz\u0105dku.<\/li>\n\n\n\n<li class=\"has-medium-font-size\">Zakazane jest:<br>\u2013 niszczenie oznacze\u0144 i tablic informacyjnych, no\u015bnik\u00f3w reklamowych, pomieszcze\u0144, urz\u0105dze\u0144 i sprz\u0119tu,<br>\u2013 jakiekolwiek dzia\u0142anie, a w szczeg\u00f3lno\u015bci rzucanie jakichkolwiek przedmiot\u00f3w, mog\u0105cych stanowi\u0107 zagro\u017cenie dla \u017cycia, zdrowia lub bezpiecze\u0144stwa os\u00f3b,<br>\u2013 samowolne wchodzenie do Symulatora bez nadzoru oraz poruszanie si\u0119 poza miejscami ku temu wyznaczonymi,<br>\u2013 bieganie,<br>\u2013 g\u0142o\u015bne krzyki.<\/li>\n\n\n\n<li class=\"has-medium-font-size\">Zabronione jest wnoszenie:<br>\u2013 broni lub innych niebezpiecznych przedmiot\u00f3w,<br>\u2013 materia\u0142\u00f3w wybuchowych,<br>\u2013 wyrob\u00f3w pirotechnicznych,<br>\u2013 napoj\u00f3w alkoholowych,<br>\u2013 materia\u0142\u00f3w po\u017carowo niebezpiecznych,<br>\u2013 \u015brodk\u00f3w odurzaj\u0105cych lub substancji psychotropowych.<\/li>\n\n\n\n<li class=\"has-medium-font-size\">Zakazuje si\u0119 wprowadzania ps\u00f3w i innych zwierz\u0105t.<\/li>\n\n\n\n<li class=\"has-medium-font-size\">Zakazuje si\u0119 spo\u017cywanie posi\u0142k\u00f3w i picia napoj\u00f3w podczas przebywania w Symulatorze.<\/li>\n\n\n\n<li class=\"has-medium-font-size\">Na terenie Politechniki Krakowskiej obowi\u0105zuje ca\u0142kowity zakaz palenia tytoniu w tym papieros\u00f3w elektronicznych.<\/li>\n\n\n\n<li class=\"has-medium-font-size\">Osoby korzystaj\u0105ce z Symulatora mog\u0105 utrwala\u0107 przebieg jazdy w formie zdj\u0119\u0107, film\u00f3w itp. Katedra Pojazd\u00f3w Szynowych i Transportu nie ponosi odpowiedzialno\u015bci za jakiekolwiek ewentualne roszczenia wzgl\u0119dem tych materia\u0142\u00f3w i utrwalonych wizerunk\u00f3w os\u00f3b. W przypadku publikacji takich materia\u0142\u00f3w w dowolnej formie nie mog\u0105 by\u0107 one wykorzystane w formie obra\u017aliwej lub narusza\u0107 w inny spos\u00f3b d\u00f3br osobistych w tym te\u017c marki Symulatora, Instruktor\u00f3w oraz Politechniki Krakowskiej.<\/li>\n\n\n\n<li class=\"has-medium-font-size\">Pobyt na stanowisku Symulatora mo\u017ce by\u0107 utrwalony przez przedstawiciela Politechniki Krakowskiej dla cel\u00f3w dokumentacji oraz promocji lub reklamy Symulatora. Wizerunek os\u00f3b przebywaj\u0105cych na stanowisku Symulatora mo\u017ce by\u0107 utrwalony, a nast\u0119pnie rozpowszechniany dla cel\u00f3w dokumentacyjnych, sprawozdawczych, reklamowych oraz promocyjnych (w tym, w Internecie). Wszystkie osoby decyduj\u0105c si\u0119 na jazd\u0119 wyra\u017caj\u0105 jednocze\u015bnie zgod\u0119 na wykorzystanie przez Politechnik\u0119 Krakowsk\u0105 swojego wizerunku lub wizerunku swoich podopiecznych (w przypadku os\u00f3b ma\u0142oletnich) w celach wskazanych w niniejszym Regulaminie.<\/li>\n\n\n\n<li class=\"has-medium-font-size\">Przedstawiciele Politechniki Krakowskiej mog\u0105 wydawa\u0107 w\u0142asne instrukcje bezpiecze\u0144stwa oraz ppo\u017c. zgodnie z obowi\u0105zuj\u0105cymi przepisami prawa.<\/li>\n\n\n\n<li class=\"has-medium-font-size\">Politechnika Krakowska nie ponosi odpowiedzialno\u015bci za ewentualne szkody powsta\u0142e w wyniku korzystania z Symulatora.<\/li>\n\n\n\n<li class=\"has-medium-font-size\">Osoba korzystaj\u0105ca z Symulatora odpowiada materialnie za ewentualne uszkodzenia lub nieprawid\u0142owo\u015bci dzia\u0142ania Symulatora wynik\u0142e z niestosowania si\u0119 do polece\u0144 Instruktora (np. samowolna obs\u0142uga niezgodna z zasadami u\u017cywania, dewastacja, zachowanie zagra\u017caj\u0105ce bezpiecze\u0144stwu). <\/li>\n\n\n\n<li class=\"has-medium-font-size\">W przypadku zauwa\u017cenia przez Instruktora nieprawid\u0142owo\u015bci ma on prawo do natychmiastowego przerwania jazdy. Pe\u0142na odpowiedzialno\u015b\u0107 za osoby ma\u0142oletnie ponosz\u0105 ich opiekunowie. W przypadku powstania nieumy\u015blnych szk\u00f3d ich wycena jest ustalana indywidualnie zgodnie z kosztorysem naprawy uszkodze\u0144. W przypadku przerwania jazdy z winy osoby korzystaj\u0105cej z symulatora nie przys\u0142uguje jej zwrot koszt\u00f3w.<\/li>\n\n\n\n<li class=\"has-medium-font-size\">Budynek, w kt\u00f3rym znajduje si\u0119 Symulator jest monitorowany systemem kamer przemys\u0142owych.<\/li>\n\n\n\n<li class=\"has-medium-font-size\">Administratorem danych osobowych jest Politechnika Krakowska im. Tadeusza Ko\u015bciuszki. Szczeg\u00f3\u0142y dotycz\u0105ce przetwarzania danych osobowych mo\u017cna znale\u017a\u0107 na stronie internetowej: <a href=\"http:\/\/sip.pk.edu.pl\/images\/procedury\/klauzula_rodo.pdf\" target=\"_blank\" rel=\"noreferrer noopener\">http:\/\/sip.pk.edu.pl\/images\/procedury\/klauzula_rodo.pdf<\/a><\/li>\n\n\n\n<li class=\"has-medium-font-size\">W sprawach nieuregulowanych w Regulaminie stosuje si\u0119 przepisy obowi\u0105zuj\u0105cego prawa.<\/li>\n\n\n\n<li class=\"has-medium-font-size\">Zmiany Regulaminu obowi\u0105zuj\u0105 od dnia ich opublikowania.<\/li>\n<\/ol>\n\n\n\n<p class=\"has-text-align-right has-medium-font-size\"><em>SYMULATOR TRAMWAJU NGT6 \u2013 pierwszy polski symulator tramwaju<\/em><br><em>Katedra Pojazd\u00f3w Szynowych i Transportu Politechniki Krakowskiej<br>Zesp\u00f3\u0142 Budowy i Eksploatacji Pojazd\u00f3w Szynowych<br>al. Jana Paw\u0142a II 37, 31-864 Krak\u00f3w<br><\/em><a href=\"https:\/\/m8.mech.pk.edu.pl\" target=\"_blank\" rel=\"noreferrer noopener\"><em>https:\/\/m8.mech.pk.edu.pl<\/em><\/a><br><a href=\"https:\/\/m8.mech.pk.edu.pl\/symulator\" target=\"_blank\" rel=\"noreferrer noopener\"><em>https:\/\/m8.mech.pk.edu.pl\/symulator<\/em><\/a><br><a href=\"https:\/\/facebook.com\/symulatortramwajuNGT6\" target=\"_blank\" rel=\"noreferrer noopener\"><em>https:\/\/facebook.com\/symulatortramwajuNGT6<\/em><\/a><em><br><br>Regulamin obowi\u0105zuje od: 09.01.2025 r.<\/em><\/p>\n\n\n\n<figure class=\"wp-block-gallery has-nested-images columns-4 is-cropped wp-block-gallery-1 is-layout-flex wp-block-gallery-is-layout-flex\">\n<figure class=\"wp-block-image size-large\"><a href=\"https:\/\/m8.mech.pk.edu.pl\/wp-content\/uploads\/2024\/02\/FB_IMG_1707500385306.jpg\" target=\"_blank\" rel=\"noreferrer noopener\"><img loading=\"lazy\" decoding=\"async\" width=\"1000\" height=\"749\" data-id=\"4638\" src=\"https:\/\/m8.mech.pk.edu.pl\/wp-content\/uploads\/2024\/02\/FB_IMG_1707500385306.jpg\" alt=\"\" class=\"wp-image-4638\" srcset=\"https:\/\/m8.mech.pk.edu.pl\/wp-content\/uploads\/2024\/02\/FB_IMG_1707500385306.jpg 1000w, https:\/\/m8.mech.pk.edu.pl\/wp-content\/uploads\/2024\/02\/FB_IMG_1707500385306-300x225.jpg 300w, https:\/\/m8.mech.pk.edu.pl\/wp-content\/uploads\/2024\/02\/FB_IMG_1707500385306-768x575.jpg 768w\" sizes=\"auto, (max-width: 1000px) 100vw, 1000px\" \/><\/a><\/figure>\n\n\n\n<figure class=\"wp-block-image size-large\"><a href=\"https:\/\/m8.mech.pk.edu.pl\/wp-content\/uploads\/2024\/02\/20231221_170108.jpg\" target=\"_blank\" rel=\"noreferrer noopener\"><img loading=\"lazy\" decoding=\"async\" width=\"1000\" height=\"725\" data-id=\"4624\" src=\"https:\/\/m8.mech.pk.edu.pl\/wp-content\/uploads\/2024\/02\/20231221_170108.jpg\" alt=\"\" class=\"wp-image-4624\" srcset=\"https:\/\/m8.mech.pk.edu.pl\/wp-content\/uploads\/2024\/02\/20231221_170108.jpg 1000w, https:\/\/m8.mech.pk.edu.pl\/wp-content\/uploads\/2024\/02\/20231221_170108-300x218.jpg 300w, https:\/\/m8.mech.pk.edu.pl\/wp-content\/uploads\/2024\/02\/20231221_170108-768x557.jpg 768w\" sizes=\"auto, (max-width: 1000px) 100vw, 1000px\" \/><\/a><\/figure>\n\n\n\n<figure class=\"wp-block-image size-large\"><a href=\"https:\/\/m8.mech.pk.edu.pl\/wp-content\/uploads\/2024\/02\/FB_IMG_1707500309316-1.jpg\" target=\"_blank\" rel=\"noreferrer noopener\"><img loading=\"lazy\" decoding=\"async\" width=\"1000\" height=\"748\" data-id=\"4636\" src=\"https:\/\/m8.mech.pk.edu.pl\/wp-content\/uploads\/2024\/02\/FB_IMG_1707500309316-1.jpg\" alt=\"\" class=\"wp-image-4636\" srcset=\"https:\/\/m8.mech.pk.edu.pl\/wp-content\/uploads\/2024\/02\/FB_IMG_1707500309316-1.jpg 1000w, https:\/\/m8.mech.pk.edu.pl\/wp-content\/uploads\/2024\/02\/FB_IMG_1707500309316-1-300x224.jpg 300w, https:\/\/m8.mech.pk.edu.pl\/wp-content\/uploads\/2024\/02\/FB_IMG_1707500309316-1-768x574.jpg 768w\" sizes=\"auto, (max-width: 1000px) 100vw, 1000px\" \/><\/a><\/figure>\n\n\n\n<figure class=\"wp-block-image size-large\"><a href=\"https:\/\/m8.mech.pk.edu.pl\/wp-content\/uploads\/2024\/02\/20240119_121345.jpg\" target=\"_blank\" rel=\"noreferrer noopener\"><img loading=\"lazy\" decoding=\"async\" width=\"1000\" height=\"750\" data-id=\"4465\" src=\"https:\/\/m8.mech.pk.edu.pl\/wp-content\/uploads\/2024\/02\/20240119_121345.jpg\" alt=\"\" class=\"wp-image-4465\" srcset=\"https:\/\/m8.mech.pk.edu.pl\/wp-content\/uploads\/2024\/02\/20240119_121345.jpg 1000w, https:\/\/m8.mech.pk.edu.pl\/wp-content\/uploads\/2024\/02\/20240119_121345-300x225.jpg 300w, https:\/\/m8.mech.pk.edu.pl\/wp-content\/uploads\/2024\/02\/20240119_121345-768x576.jpg 768w\" sizes=\"auto, (max-width: 1000px) 100vw, 1000px\" \/><\/a><\/figure>\n<\/figure>\n","protected":false},"excerpt":{"rendered":"<p>REGULAMIN KORZYSTANIA Z SYMULATORA TRAMWAJU NGT6 SYMULATOR TRAMWAJU NGT6 \u2013 pierwszy polski symulator tramwajuKatedra Pojazd\u00f3w Szynowych i Transportu Politechniki KrakowskiejZesp\u00f3\u0142 Budowy i Eksploatacji Pojazd\u00f3w Szynowychal. Jana Paw\u0142a II 37, 31-864 Krak\u00f3whttps:\/\/m8.mech.pk.edu.plhttps:\/\/m8.mech.pk.edu.pl\/symulatorhttps:\/\/facebook.com\/symulatortramwajuNGT6 Regulamin obowi\u0105zuje od: 09.01.2025 r.<\/p>\n","protected":false},"author":5,"featured_media":0,"parent":3483,"menu_order":0,"comment_status":"closed","ping_status":"closed","template":"","meta":{"footnotes":""},"class_list":["post-4705","page","type-page","status-publish","hentry"],"yoast_head":"<!-- This site is optimized with the Yoast SEO plugin v27.4 - https:\/\/yoast.com\/product\/yoast-seo-wordpress\/ -->\n<title>Symulator Tramwaju NGT6 - REGULAMIN - Katedra Pojazd\u00f3w Szynowych i Transportu<\/title>\n<meta name=\"robots\" content=\"index, follow, max-snippet:-1, max-image-preview:large, max-video-preview:-1\" \/>\n<link rel=\"canonical\" href=\"https:\/\/m8.mech.pk.edu.pl\/index.php\/symulator\/zasady-rezerwacji-jazd-indywidualnych-w-symulatorze-tramwaju-ngt6\/regulamin\/\" \/>\n<meta property=\"og:locale\" content=\"pl_PL\" \/>\n<meta property=\"og:type\" content=\"article\" \/>\n<meta property=\"og:title\" content=\"Symulator Tramwaju NGT6 - REGULAMIN - Katedra Pojazd\u00f3w Szynowych i Transportu\" \/>\n<meta property=\"og:description\" content=\"REGULAMIN KORZYSTANIA Z SYMULATORA TRAMWAJU NGT6 SYMULATOR TRAMWAJU NGT6 \u2013 pierwszy polski symulator tramwajuKatedra Pojazd\u00f3w Szynowych i Transportu Politechniki KrakowskiejZesp\u00f3\u0142 Budowy i Eksploatacji Pojazd\u00f3w Szynowychal. Jana Paw\u0142a II 37, 31-864 Krak\u00f3whttps:\/\/m8.mech.pk.edu.plhttps:\/\/m8.mech.pk.edu.pl\/symulatorhttps:\/\/facebook.com\/symulatortramwajuNGT6 Regulamin obowi\u0105zuje od: 09.01.2025 r.\" \/>\n<meta property=\"og:url\" content=\"https:\/\/m8.mech.pk.edu.pl\/index.php\/symulator\/zasady-rezerwacji-jazd-indywidualnych-w-symulatorze-tramwaju-ngt6\/regulamin\/\" \/>\n<meta property=\"og:site_name\" content=\"Katedra Pojazd\u00f3w Szynowych i Transportu\" \/>\n<meta property=\"article:publisher\" content=\"https:\/\/facebook.com\/KPSzTPK\" \/>\n<meta property=\"article:modified_time\" content=\"2025-01-09T19:55:37+00:00\" \/>\n<meta property=\"og:image\" content=\"https:\/\/m8.mech.pk.edu.pl\/wp-content\/uploads\/2024\/02\/ikona-powrot1.png\" \/>\n\t<meta property=\"og:image:width\" content=\"452\" \/>\n\t<meta property=\"og:image:height\" content=\"118\" \/>\n\t<meta property=\"og:image:type\" content=\"image\/png\" \/>\n<meta name=\"twitter:card\" content=\"summary_large_image\" \/>\n<meta name=\"twitter:label1\" content=\"Szacowany czas czytania\" \/>\n\t<meta name=\"twitter:data1\" content=\"5 minut\" \/>\n<script type=\"application\/ld+json\" class=\"yoast-schema-graph\">{\"@context\":\"https:\\\/\\\/schema.org\",\"@graph\":[{\"@type\":\"WebPage\",\"@id\":\"https:\\\/\\\/m8.mech.pk.edu.pl\\\/index.php\\\/symulator\\\/zasady-rezerwacji-jazd-indywidualnych-w-symulatorze-tramwaju-ngt6\\\/regulamin\\\/\",\"url\":\"https:\\\/\\\/m8.mech.pk.edu.pl\\\/index.php\\\/symulator\\\/zasady-rezerwacji-jazd-indywidualnych-w-symulatorze-tramwaju-ngt6\\\/regulamin\\\/\",\"name\":\"Symulator Tramwaju NGT6 - REGULAMIN - Katedra Pojazd\u00f3w Szynowych i Transportu\",\"isPartOf\":{\"@id\":\"https:\\\/\\\/m8.mech.pk.edu.pl\\\/#website\"},\"primaryImageOfPage\":{\"@id\":\"https:\\\/\\\/m8.mech.pk.edu.pl\\\/index.php\\\/symulator\\\/zasady-rezerwacji-jazd-indywidualnych-w-symulatorze-tramwaju-ngt6\\\/regulamin\\\/#primaryimage\"},\"image\":{\"@id\":\"https:\\\/\\\/m8.mech.pk.edu.pl\\\/index.php\\\/symulator\\\/zasady-rezerwacji-jazd-indywidualnych-w-symulatorze-tramwaju-ngt6\\\/regulamin\\\/#primaryimage\"},\"thumbnailUrl\":\"https:\\\/\\\/m8.mech.pk.edu.pl\\\/wp-content\\\/uploads\\\/2024\\\/02\\\/ikona-powrot1.png\",\"datePublished\":\"2024-02-17T13:05:14+00:00\",\"dateModified\":\"2025-01-09T19:55:37+00:00\",\"breadcrumb\":{\"@id\":\"https:\\\/\\\/m8.mech.pk.edu.pl\\\/index.php\\\/symulator\\\/zasady-rezerwacji-jazd-indywidualnych-w-symulatorze-tramwaju-ngt6\\\/regulamin\\\/#breadcrumb\"},\"inLanguage\":\"pl-PL\",\"potentialAction\":[{\"@type\":\"ReadAction\",\"target\":[\"https:\\\/\\\/m8.mech.pk.edu.pl\\\/index.php\\\/symulator\\\/zasady-rezerwacji-jazd-indywidualnych-w-symulatorze-tramwaju-ngt6\\\/regulamin\\\/\"]}]},{\"@type\":\"ImageObject\",\"inLanguage\":\"pl-PL\",\"@id\":\"https:\\\/\\\/m8.mech.pk.edu.pl\\\/index.php\\\/symulator\\\/zasady-rezerwacji-jazd-indywidualnych-w-symulatorze-tramwaju-ngt6\\\/regulamin\\\/#primaryimage\",\"url\":\"https:\\\/\\\/m8.mech.pk.edu.pl\\\/wp-content\\\/uploads\\\/2024\\\/02\\\/ikona-powrot1.png\",\"contentUrl\":\"https:\\\/\\\/m8.mech.pk.edu.pl\\\/wp-content\\\/uploads\\\/2024\\\/02\\\/ikona-powrot1.png\",\"width\":452,\"height\":118},{\"@type\":\"BreadcrumbList\",\"@id\":\"https:\\\/\\\/m8.mech.pk.edu.pl\\\/index.php\\\/symulator\\\/zasady-rezerwacji-jazd-indywidualnych-w-symulatorze-tramwaju-ngt6\\\/regulamin\\\/#breadcrumb\",\"itemListElement\":[{\"@type\":\"ListItem\",\"position\":1,\"name\":\"Strona g\u0142\u00f3wna\",\"item\":\"https:\\\/\\\/m8.mech.pk.edu.pl\\\/\"},{\"@type\":\"ListItem\",\"position\":2,\"name\":\"Symulator Tramwaju NGT6\",\"item\":\"https:\\\/\\\/m8.mech.pk.edu.pl\\\/index.php\\\/symulator\\\/\"},{\"@type\":\"ListItem\",\"position\":3,\"name\":\"Symulator Tramwaju NGT6 &#8211; UMAWIANIE JAZD\",\"item\":\"https:\\\/\\\/m8.mech.pk.edu.pl\\\/index.php\\\/symulator\\\/zasady-rezerwacji-jazd-indywidualnych-w-symulatorze-tramwaju-ngt6\\\/\"},{\"@type\":\"ListItem\",\"position\":4,\"name\":\"Symulator Tramwaju NGT6 &#8211; REGULAMIN\"}]},{\"@type\":\"WebSite\",\"@id\":\"https:\\\/\\\/m8.mech.pk.edu.pl\\\/#website\",\"url\":\"https:\\\/\\\/m8.mech.pk.edu.pl\\\/\",\"name\":\"Katedra Pojazd\u00f3w Szynowych i Transportu\",\"description\":\"Katedra Pojazd\u00f3w Szynowych i Transportu Politechniki Krakowskiej na Wydziale Mechanicznym\",\"publisher\":{\"@id\":\"https:\\\/\\\/m8.mech.pk.edu.pl\\\/#organization\"},\"potentialAction\":[{\"@type\":\"SearchAction\",\"target\":{\"@type\":\"EntryPoint\",\"urlTemplate\":\"https:\\\/\\\/m8.mech.pk.edu.pl\\\/?s={search_term_string}\"},\"query-input\":{\"@type\":\"PropertyValueSpecification\",\"valueRequired\":true,\"valueName\":\"search_term_string\"}}],\"inLanguage\":\"pl-PL\"},{\"@type\":\"Organization\",\"@id\":\"https:\\\/\\\/m8.mech.pk.edu.pl\\\/#organization\",\"name\":\"Katedra Pojazd\u00f3w Szynowych\",\"url\":\"https:\\\/\\\/m8.mech.pk.edu.pl\\\/\",\"logo\":{\"@type\":\"ImageObject\",\"inLanguage\":\"pl-PL\",\"@id\":\"https:\\\/\\\/m8.mech.pk.edu.pl\\\/#\\\/schema\\\/logo\\\/image\\\/\",\"url\":\"https:\\\/\\\/m8.mech.pk.edu.pl\\\/wp-content\\\/uploads\\\/2021\\\/01\\\/logo-mail-kpsit.png\",\"contentUrl\":\"https:\\\/\\\/m8.mech.pk.edu.pl\\\/wp-content\\\/uploads\\\/2021\\\/01\\\/logo-mail-kpsit.png\",\"width\":300,\"height\":119,\"caption\":\"Katedra Pojazd\u00f3w Szynowych\"},\"image\":{\"@id\":\"https:\\\/\\\/m8.mech.pk.edu.pl\\\/#\\\/schema\\\/logo\\\/image\\\/\"},\"sameAs\":[\"https:\\\/\\\/facebook.com\\\/KPSzTPK\",\"https:\\\/\\\/www.youtube.com\\\/channel\\\/UCen3PQ3fl3ry92o_lHkyVaQ\"]}]}<\/script>\n<!-- \/ Yoast SEO plugin. -->","yoast_head_json":{"title":"Symulator Tramwaju NGT6 - REGULAMIN - Katedra Pojazd\u00f3w Szynowych i Transportu","robots":{"index":"index","follow":"follow","max-snippet":"max-snippet:-1","max-image-preview":"max-image-preview:large","max-video-preview":"max-video-preview:-1"},"canonical":"https:\/\/m8.mech.pk.edu.pl\/index.php\/symulator\/zasady-rezerwacji-jazd-indywidualnych-w-symulatorze-tramwaju-ngt6\/regulamin\/","og_locale":"pl_PL","og_type":"article","og_title":"Symulator Tramwaju NGT6 - REGULAMIN - Katedra Pojazd\u00f3w Szynowych i Transportu","og_description":"REGULAMIN KORZYSTANIA Z SYMULATORA TRAMWAJU NGT6 SYMULATOR TRAMWAJU NGT6 \u2013 pierwszy polski symulator tramwajuKatedra Pojazd\u00f3w Szynowych i Transportu Politechniki KrakowskiejZesp\u00f3\u0142 Budowy i Eksploatacji Pojazd\u00f3w Szynowychal. Jana Paw\u0142a II 37, 31-864 Krak\u00f3whttps:\/\/m8.mech.pk.edu.plhttps:\/\/m8.mech.pk.edu.pl\/symulatorhttps:\/\/facebook.com\/symulatortramwajuNGT6 Regulamin obowi\u0105zuje od: 09.01.2025 r.","og_url":"https:\/\/m8.mech.pk.edu.pl\/index.php\/symulator\/zasady-rezerwacji-jazd-indywidualnych-w-symulatorze-tramwaju-ngt6\/regulamin\/","og_site_name":"Katedra Pojazd\u00f3w Szynowych i Transportu","article_publisher":"https:\/\/facebook.com\/KPSzTPK","article_modified_time":"2025-01-09T19:55:37+00:00","og_image":[{"width":452,"height":118,"url":"https:\/\/m8.mech.pk.edu.pl\/wp-content\/uploads\/2024\/02\/ikona-powrot1.png","type":"image\/png"}],"twitter_card":"summary_large_image","twitter_misc":{"Szacowany czas czytania":"5 minut"},"schema":{"@context":"https:\/\/schema.org","@graph":[{"@type":"WebPage","@id":"https:\/\/m8.mech.pk.edu.pl\/index.php\/symulator\/zasady-rezerwacji-jazd-indywidualnych-w-symulatorze-tramwaju-ngt6\/regulamin\/","url":"https:\/\/m8.mech.pk.edu.pl\/index.php\/symulator\/zasady-rezerwacji-jazd-indywidualnych-w-symulatorze-tramwaju-ngt6\/regulamin\/","name":"Symulator Tramwaju NGT6 - REGULAMIN - Katedra Pojazd\u00f3w Szynowych i Transportu","isPartOf":{"@id":"https:\/\/m8.mech.pk.edu.pl\/#website"},"primaryImageOfPage":{"@id":"https:\/\/m8.mech.pk.edu.pl\/index.php\/symulator\/zasady-rezerwacji-jazd-indywidualnych-w-symulatorze-tramwaju-ngt6\/regulamin\/#primaryimage"},"image":{"@id":"https:\/\/m8.mech.pk.edu.pl\/index.php\/symulator\/zasady-rezerwacji-jazd-indywidualnych-w-symulatorze-tramwaju-ngt6\/regulamin\/#primaryimage"},"thumbnailUrl":"https:\/\/m8.mech.pk.edu.pl\/wp-content\/uploads\/2024\/02\/ikona-powrot1.png","datePublished":"2024-02-17T13:05:14+00:00","dateModified":"2025-01-09T19:55:37+00:00","breadcrumb":{"@id":"https:\/\/m8.mech.pk.edu.pl\/index.php\/symulator\/zasady-rezerwacji-jazd-indywidualnych-w-symulatorze-tramwaju-ngt6\/regulamin\/#breadcrumb"},"inLanguage":"pl-PL","potentialAction":[{"@type":"ReadAction","target":["https:\/\/m8.mech.pk.edu.pl\/index.php\/symulator\/zasady-rezerwacji-jazd-indywidualnych-w-symulatorze-tramwaju-ngt6\/regulamin\/"]}]},{"@type":"ImageObject","inLanguage":"pl-PL","@id":"https:\/\/m8.mech.pk.edu.pl\/index.php\/symulator\/zasady-rezerwacji-jazd-indywidualnych-w-symulatorze-tramwaju-ngt6\/regulamin\/#primaryimage","url":"https:\/\/m8.mech.pk.edu.pl\/wp-content\/uploads\/2024\/02\/ikona-powrot1.png","contentUrl":"https:\/\/m8.mech.pk.edu.pl\/wp-content\/uploads\/2024\/02\/ikona-powrot1.png","width":452,"height":118},{"@type":"BreadcrumbList","@id":"https:\/\/m8.mech.pk.edu.pl\/index.php\/symulator\/zasady-rezerwacji-jazd-indywidualnych-w-symulatorze-tramwaju-ngt6\/regulamin\/#breadcrumb","itemListElement":[{"@type":"ListItem","position":1,"name":"Strona g\u0142\u00f3wna","item":"https:\/\/m8.mech.pk.edu.pl\/"},{"@type":"ListItem","position":2,"name":"Symulator Tramwaju NGT6","item":"https:\/\/m8.mech.pk.edu.pl\/index.php\/symulator\/"},{"@type":"ListItem","position":3,"name":"Symulator Tramwaju NGT6 &#8211; UMAWIANIE JAZD","item":"https:\/\/m8.mech.pk.edu.pl\/index.php\/symulator\/zasady-rezerwacji-jazd-indywidualnych-w-symulatorze-tramwaju-ngt6\/"},{"@type":"ListItem","position":4,"name":"Symulator Tramwaju NGT6 &#8211; REGULAMIN"}]},{"@type":"WebSite","@id":"https:\/\/m8.mech.pk.edu.pl\/#website","url":"https:\/\/m8.mech.pk.edu.pl\/","name":"Katedra Pojazd\u00f3w Szynowych i Transportu","description":"Katedra Pojazd\u00f3w Szynowych i Transportu Politechniki Krakowskiej na Wydziale Mechanicznym","publisher":{"@id":"https:\/\/m8.mech.pk.edu.pl\/#organization"},"potentialAction":[{"@type":"SearchAction","target":{"@type":"EntryPoint","urlTemplate":"https:\/\/m8.mech.pk.edu.pl\/?s={search_term_string}"},"query-input":{"@type":"PropertyValueSpecification","valueRequired":true,"valueName":"search_term_string"}}],"inLanguage":"pl-PL"},{"@type":"Organization","@id":"https:\/\/m8.mech.pk.edu.pl\/#organization","name":"Katedra Pojazd\u00f3w Szynowych","url":"https:\/\/m8.mech.pk.edu.pl\/","logo":{"@type":"ImageObject","inLanguage":"pl-PL","@id":"https:\/\/m8.mech.pk.edu.pl\/#\/schema\/logo\/image\/","url":"https:\/\/m8.mech.pk.edu.pl\/wp-content\/uploads\/2021\/01\/logo-mail-kpsit.png","contentUrl":"https:\/\/m8.mech.pk.edu.pl\/wp-content\/uploads\/2021\/01\/logo-mail-kpsit.png","width":300,"height":119,"caption":"Katedra Pojazd\u00f3w Szynowych"},"image":{"@id":"https:\/\/m8.mech.pk.edu.pl\/#\/schema\/logo\/image\/"},"sameAs":["https:\/\/facebook.com\/KPSzTPK","https:\/\/www.youtube.com\/channel\/UCen3PQ3fl3ry92o_lHkyVaQ"]}]}},"_links":{"self":[{"href":"https:\/\/m8.mech.pk.edu.pl\/index.php\/wp-json\/wp\/v2\/pages\/4705","targetHints":{"allow":["GET"]}}],"collection":[{"href":"https:\/\/m8.mech.pk.edu.pl\/index.php\/wp-json\/wp\/v2\/pages"}],"about":[{"href":"https:\/\/m8.mech.pk.edu.pl\/index.php\/wp-json\/wp\/v2\/types\/page"}],"author":[{"embeddable":true,"href":"https:\/\/m8.mech.pk.edu.pl\/index.php\/wp-json\/wp\/v2\/users\/5"}],"replies":[{"embeddable":true,"href":"https:\/\/m8.mech.pk.edu.pl\/index.php\/wp-json\/wp\/v2\/comments?post=4705"}],"version-history":[{"count":7,"href":"https:\/\/m8.mech.pk.edu.pl\/index.php\/wp-json\/wp\/v2\/pages\/4705\/revisions"}],"predecessor-version":[{"id":5555,"href":"https:\/\/m8.mech.pk.edu.pl\/index.php\/wp-json\/wp\/v2\/pages\/4705\/revisions\/5555"}],"up":[{"embeddable":true,"href":"https:\/\/m8.mech.pk.edu.pl\/index.php\/wp-json\/wp\/v2\/pages\/3483"}],"wp:attachment":[{"href":"https:\/\/m8.mech.pk.edu.pl\/index.php\/wp-json\/wp\/v2\/media?parent=4705"}],"curies":[{"name":"wp","href":"https:\/\/api.w.org\/{rel}","templated":true}]}}