{"id":4473,"date":"2024-02-09T12:52:55","date_gmt":"2024-02-09T11:52:55","guid":{"rendered":"https:\/\/m8.mech.pk.edu.pl\/?page_id=4473"},"modified":"2025-03-10T20:59:51","modified_gmt":"2025-03-10T19:59:51","slug":"kontakt-2","status":"publish","type":"page","link":"https:\/\/m8.mech.pk.edu.pl\/index.php\/symulator\/kontakt-2\/","title":{"rendered":"Symulator Tramwaju NGT6 &#8211; KONTAKT"},"content":{"rendered":"\n<div class=\"wp-block-columns is-layout-flex wp-container-core-columns-is-layout-9d6595d7 wp-block-columns-is-layout-flex\">\n<div class=\"wp-block-column is-vertically-aligned-center is-layout-flow wp-block-column-is-layout-flow\"><div class=\"wp-block-image\">\n<figure class=\"alignleft size-full is-resized\"><a href=\"https:\/\/m8.mech.pk.edu.pl\/index.php\/symulator\"><img loading=\"lazy\" decoding=\"async\" width=\"452\" height=\"118\" src=\"https:\/\/m8.mech.pk.edu.pl\/wp-content\/uploads\/2024\/02\/ikona-powrot1.png\" alt=\"\" class=\"wp-image-4469\" style=\"width:123px;height:auto\" srcset=\"https:\/\/m8.mech.pk.edu.pl\/wp-content\/uploads\/2024\/02\/ikona-powrot1.png 452w, https:\/\/m8.mech.pk.edu.pl\/wp-content\/uploads\/2024\/02\/ikona-powrot1-300x78.png 300w\" sizes=\"auto, (max-width: 452px) 100vw, 452px\" \/><\/a><\/figure>\n<\/div><\/div>\n\n\n\n<div class=\"wp-block-column is-vertically-aligned-center is-layout-flow wp-block-column-is-layout-flow\"><\/div>\n\n\n\n<div class=\"wp-block-column is-vertically-aligned-center is-layout-flow wp-block-column-is-layout-flow\"><\/div>\n\n\n\n<div class=\"wp-block-column is-vertically-aligned-center is-layout-flow wp-block-column-is-layout-flow\"><\/div>\n<\/div>\n\n\n\n<p class=\"has-medium-font-size\">Poni\u017cej adres e-mail do kontaktu z Zespo\u0142em Instruktorskim:<\/p>\n\n\n\n<p class=\"has-large-font-size\"><a href=\"mailto:symulator@pk.edu.pl\"><strong>symulator@pk.edu.pl<\/strong><\/a><\/p>\n\n\n\n<p class=\"has-medium-font-size\">Chcesz skorzysta\u0107 z naszego Symulatora? Um\u00f3w si\u0119 na jazd\u0119. A mo\u017ce chcesz otrzyma\u0107 zaproszenie w formie vouchera na wyj\u0105tkowy prezent? Zasady rezerwacji om\u00f3wione s\u0105 <a href=\"https:\/\/m8.mech.pk.edu.pl\/index.php\/symulator\/zasady-rezerwacji-jazd-indywidualnych-w-symulatorze-tramwaju-ngt6\/\"><strong>TUTAJ<\/strong><\/a>.<\/p>\n\n\n\n<p class=\"has-medium-font-size\">Relacje z wydarze\u0144, wszelkie aktualno\u015bci dotycz\u0105ce naszej dzia\u0142alno\u015bci oraz materia\u0142y edukacyjne zamieszczamy na naszym profilu. Polub nas i b\u0105d\u017a na bie\u017c\u0105co:<\/p>\n\n\n<div class=\"wp-block-image\">\n<figure class=\"alignleft is-resized\"><a href=\"http:\/\/facebook.com\/symulatortramwajuNGT6\" target=\"_blank\" rel=\"noreferrer noopener\"><img decoding=\"async\" src=\"https:\/\/m8.mech.pk.edu.pl\/wp-content\/uploads\/2021\/01\/fblogo.jpg\" alt=\"Facebook\" style=\"width:155px;height:auto\"\/><\/a><\/figure>\n<\/div>\n\n\n<p class=\"has-medium-font-size\"><br><br><br>Lokalizacja symulatora:<br><strong>Kampus Wydzia\u0142u Mechanicznego Politechniki Krakowskiej \u2013 Czy\u017cyny<br>al. Jana Paw\u0142a II 37, 31-864 Krak\u00f3w, budynek J \u2013 sala: 29 \u2013 parter (wej\u015bcie od ul. \u017byczkowskiego)<br><\/strong><br>Dojazd liniami tramwajowymi: <strong>4<\/strong>, <strong>5<\/strong>, <strong>9<\/strong>, <strong>10<\/strong> i <strong>52<\/strong><br>przystanek: <strong>AKF\/PK<\/strong><br><br>Lokalizacja na mapie: <a href=\"https:\/\/maps.app.goo.gl\/umNqQt3qge9BZ5mU8\" target=\"_blank\" rel=\"noreferrer noopener\">https:\/\/maps.app.goo.gl\/umNqQt3qge9BZ5mU8<\/a><\/p>\n\n\n\n<iframe src=\"https:\/\/www.google.com\/maps\/embed?pb=!1m18!1m12!1m3!1d2560.5569080648497!2d19.99260477635436!3d50.07585927152307!2m3!1f0!2f0!3f0!3m2!1i1024!2i768!4f13.1!3m3!1m2!1s0x47165ad2dd9c87d3%3A0xfc44c8984a28079a!2sSymulator%20tramwaju%20NGT6%20-%20Katedra%20Pojazd%C3%B3w%20Szynowych%20i%20Transportu%20PK!5e0!3m2!1spl!2spl!4v1707494877714!5m2!1spl!2spl\" width=\"600\" height=\"450\" style=\"border:0;\" allowfullscreen=\"\" loading=\"lazy\" referrerpolicy=\"no-referrer-when-downgrade\"><\/iframe>\n\n\n\n<div style=\"height:8px\" aria-hidden=\"true\" class=\"wp-block-spacer\"><\/div>\n\n\n\n<figure class=\"wp-block-gallery aligncenter has-nested-images columns-4 is-cropped wp-block-gallery-1 is-layout-flex wp-block-gallery-is-layout-flex\">\n<figure class=\"wp-block-image size-full\"><a href=\"https:\/\/m8.mech.pk.edu.pl\/wp-content\/uploads\/2024\/02\/20240217_084431.jpg\" target=\"_blank\" rel=\"noreferrer noopener\"><img loading=\"lazy\" decoding=\"async\" width=\"1000\" height=\"730\" data-id=\"4701\" src=\"https:\/\/m8.mech.pk.edu.pl\/wp-content\/uploads\/2024\/02\/20240217_084431.jpg\" alt=\"\" class=\"wp-image-4701\" srcset=\"https:\/\/m8.mech.pk.edu.pl\/wp-content\/uploads\/2024\/02\/20240217_084431.jpg 1000w, https:\/\/m8.mech.pk.edu.pl\/wp-content\/uploads\/2024\/02\/20240217_084431-300x219.jpg 300w, https:\/\/m8.mech.pk.edu.pl\/wp-content\/uploads\/2024\/02\/20240217_084431-768x561.jpg 768w\" sizes=\"auto, (max-width: 1000px) 100vw, 1000px\" \/><\/a><\/figure>\n\n\n\n<figure class=\"wp-block-image size-large\"><a href=\"https:\/\/m8.mech.pk.edu.pl\/wp-content\/uploads\/2024\/02\/20240217_084418.jpg\" target=\"_blank\" rel=\"noreferrer noopener\"><img loading=\"lazy\" decoding=\"async\" width=\"1000\" height=\"767\" data-id=\"4702\" src=\"https:\/\/m8.mech.pk.edu.pl\/wp-content\/uploads\/2024\/02\/20240217_084418.jpg\" alt=\"\" class=\"wp-image-4702\" srcset=\"https:\/\/m8.mech.pk.edu.pl\/wp-content\/uploads\/2024\/02\/20240217_084418.jpg 1000w, https:\/\/m8.mech.pk.edu.pl\/wp-content\/uploads\/2024\/02\/20240217_084418-300x230.jpg 300w, https:\/\/m8.mech.pk.edu.pl\/wp-content\/uploads\/2024\/02\/20240217_084418-768x589.jpg 768w\" sizes=\"auto, (max-width: 1000px) 100vw, 1000px\" \/><\/a><\/figure>\n\n\n\n<figure class=\"wp-block-image size-full\"><a href=\"https:\/\/m8.mech.pk.edu.pl\/wp-content\/uploads\/2024\/02\/20240220_150238.jpg\" target=\"_blank\" rel=\"noreferrer noopener\"><img loading=\"lazy\" decoding=\"async\" width=\"1000\" height=\"750\" data-id=\"4718\" src=\"https:\/\/m8.mech.pk.edu.pl\/wp-content\/uploads\/2024\/02\/20240220_150238.jpg\" alt=\"\" class=\"wp-image-4718\" srcset=\"https:\/\/m8.mech.pk.edu.pl\/wp-content\/uploads\/2024\/02\/20240220_150238.jpg 1000w, https:\/\/m8.mech.pk.edu.pl\/wp-content\/uploads\/2024\/02\/20240220_150238-300x225.jpg 300w, https:\/\/m8.mech.pk.edu.pl\/wp-content\/uploads\/2024\/02\/20240220_150238-768x576.jpg 768w\" sizes=\"auto, (max-width: 1000px) 100vw, 1000px\" \/><\/a><\/figure>\n\n\n\n<figure class=\"wp-block-image size-large\"><a href=\"https:\/\/m8.mech.pk.edu.pl\/wp-content\/uploads\/2024\/02\/20201210_094334.jpg\" target=\"_blank\" rel=\"noreferrer noopener\"><img loading=\"lazy\" decoding=\"async\" width=\"1000\" height=\"750\" data-id=\"4562\" src=\"https:\/\/m8.mech.pk.edu.pl\/wp-content\/uploads\/2024\/02\/20201210_094334.jpg\" alt=\"\" class=\"wp-image-4562\" srcset=\"https:\/\/m8.mech.pk.edu.pl\/wp-content\/uploads\/2024\/02\/20201210_094334.jpg 1000w, https:\/\/m8.mech.pk.edu.pl\/wp-content\/uploads\/2024\/02\/20201210_094334-300x225.jpg 300w, https:\/\/m8.mech.pk.edu.pl\/wp-content\/uploads\/2024\/02\/20201210_094334-768x576.jpg 768w\" sizes=\"auto, (max-width: 1000px) 100vw, 1000px\" \/><\/a><\/figure>\n<\/figure>\n","protected":false},"excerpt":{"rendered":"<p>Poni\u017cej adres e-mail do kontaktu z Zespo\u0142em Instruktorskim: symulator@pk.edu.pl Chcesz skorzysta\u0107 z naszego Symulatora? Um\u00f3w si\u0119 na jazd\u0119. A mo\u017ce chcesz otrzyma\u0107 zaproszenie w formie vouchera na wyj\u0105tkowy prezent? Zasady rezerwacji om\u00f3wione s\u0105 TUTAJ. Relacje z wydarze\u0144, wszelkie aktualno\u015bci dotycz\u0105ce naszej dzia\u0142alno\u015bci oraz materia\u0142y edukacyjne zamieszczamy na naszym profilu. Polub nas i b\u0105d\u017a na bie\u017c\u0105co: [&hellip;]<\/p>\n","protected":false},"author":5,"featured_media":0,"parent":210,"menu_order":0,"comment_status":"closed","ping_status":"closed","template":"","meta":{"footnotes":""},"class_list":["post-4473","page","type-page","status-publish","hentry"],"yoast_head":"<!-- This site is optimized with the Yoast SEO plugin v27.4 - https:\/\/yoast.com\/product\/yoast-seo-wordpress\/ -->\n<title>Symulator Tramwaju NGT6 - KONTAKT - Katedra Pojazd\u00f3w Szynowych i Transportu<\/title>\n<meta name=\"robots\" content=\"index, follow, max-snippet:-1, max-image-preview:large, max-video-preview:-1\" \/>\n<link rel=\"canonical\" href=\"https:\/\/m8.mech.pk.edu.pl\/index.php\/symulator\/kontakt-2\/\" \/>\n<meta property=\"og:locale\" content=\"pl_PL\" \/>\n<meta property=\"og:type\" content=\"article\" \/>\n<meta property=\"og:title\" content=\"Symulator Tramwaju NGT6 - KONTAKT - Katedra Pojazd\u00f3w Szynowych i Transportu\" \/>\n<meta property=\"og:description\" content=\"Poni\u017cej adres e-mail do kontaktu z Zespo\u0142em Instruktorskim: symulator@pk.edu.pl Chcesz skorzysta\u0107 z naszego Symulatora? Um\u00f3w si\u0119 na jazd\u0119. A mo\u017ce chcesz otrzyma\u0107 zaproszenie w formie vouchera na wyj\u0105tkowy prezent? Zasady rezerwacji om\u00f3wione s\u0105 TUTAJ. Relacje z wydarze\u0144, wszelkie aktualno\u015bci dotycz\u0105ce naszej dzia\u0142alno\u015bci oraz materia\u0142y edukacyjne zamieszczamy na naszym profilu. Polub nas i b\u0105d\u017a na bie\u017c\u0105co: [&hellip;]\" \/>\n<meta property=\"og:url\" content=\"https:\/\/m8.mech.pk.edu.pl\/index.php\/symulator\/kontakt-2\/\" \/>\n<meta property=\"og:site_name\" content=\"Katedra Pojazd\u00f3w Szynowych i Transportu\" \/>\n<meta property=\"article:publisher\" content=\"https:\/\/facebook.com\/KPSzTPK\" \/>\n<meta property=\"article:modified_time\" content=\"2025-03-10T19:59:51+00:00\" \/>\n<meta property=\"og:image\" content=\"https:\/\/m8.mech.pk.edu.pl\/wp-content\/uploads\/2024\/02\/ikona-powrot1.png\" \/>\n\t<meta property=\"og:image:width\" content=\"452\" \/>\n\t<meta property=\"og:image:height\" content=\"118\" \/>\n\t<meta property=\"og:image:type\" content=\"image\/png\" \/>\n<meta name=\"twitter:card\" content=\"summary_large_image\" \/>\n<meta name=\"twitter:label1\" content=\"Szacowany czas czytania\" \/>\n\t<meta name=\"twitter:data1\" content=\"2 minuty\" \/>\n<script type=\"application\/ld+json\" class=\"yoast-schema-graph\">{\"@context\":\"https:\\\/\\\/schema.org\",\"@graph\":[{\"@type\":\"WebPage\",\"@id\":\"https:\\\/\\\/m8.mech.pk.edu.pl\\\/index.php\\\/symulator\\\/kontakt-2\\\/\",\"url\":\"https:\\\/\\\/m8.mech.pk.edu.pl\\\/index.php\\\/symulator\\\/kontakt-2\\\/\",\"name\":\"Symulator Tramwaju NGT6 - KONTAKT - Katedra Pojazd\u00f3w Szynowych i Transportu\",\"isPartOf\":{\"@id\":\"https:\\\/\\\/m8.mech.pk.edu.pl\\\/#website\"},\"primaryImageOfPage\":{\"@id\":\"https:\\\/\\\/m8.mech.pk.edu.pl\\\/index.php\\\/symulator\\\/kontakt-2\\\/#primaryimage\"},\"image\":{\"@id\":\"https:\\\/\\\/m8.mech.pk.edu.pl\\\/index.php\\\/symulator\\\/kontakt-2\\\/#primaryimage\"},\"thumbnailUrl\":\"https:\\\/\\\/m8.mech.pk.edu.pl\\\/wp-content\\\/uploads\\\/2024\\\/02\\\/ikona-powrot1.png\",\"datePublished\":\"2024-02-09T11:52:55+00:00\",\"dateModified\":\"2025-03-10T19:59:51+00:00\",\"breadcrumb\":{\"@id\":\"https:\\\/\\\/m8.mech.pk.edu.pl\\\/index.php\\\/symulator\\\/kontakt-2\\\/#breadcrumb\"},\"inLanguage\":\"pl-PL\",\"potentialAction\":[{\"@type\":\"ReadAction\",\"target\":[\"https:\\\/\\\/m8.mech.pk.edu.pl\\\/index.php\\\/symulator\\\/kontakt-2\\\/\"]}]},{\"@type\":\"ImageObject\",\"inLanguage\":\"pl-PL\",\"@id\":\"https:\\\/\\\/m8.mech.pk.edu.pl\\\/index.php\\\/symulator\\\/kontakt-2\\\/#primaryimage\",\"url\":\"https:\\\/\\\/m8.mech.pk.edu.pl\\\/wp-content\\\/uploads\\\/2024\\\/02\\\/ikona-powrot1.png\",\"contentUrl\":\"https:\\\/\\\/m8.mech.pk.edu.pl\\\/wp-content\\\/uploads\\\/2024\\\/02\\\/ikona-powrot1.png\",\"width\":452,\"height\":118},{\"@type\":\"BreadcrumbList\",\"@id\":\"https:\\\/\\\/m8.mech.pk.edu.pl\\\/index.php\\\/symulator\\\/kontakt-2\\\/#breadcrumb\",\"itemListElement\":[{\"@type\":\"ListItem\",\"position\":1,\"name\":\"Strona g\u0142\u00f3wna\",\"item\":\"https:\\\/\\\/m8.mech.pk.edu.pl\\\/\"},{\"@type\":\"ListItem\",\"position\":2,\"name\":\"Symulator Tramwaju NGT6\",\"item\":\"https:\\\/\\\/m8.mech.pk.edu.pl\\\/index.php\\\/symulator\\\/\"},{\"@type\":\"ListItem\",\"position\":3,\"name\":\"Symulator Tramwaju NGT6 &#8211; KONTAKT\"}]},{\"@type\":\"WebSite\",\"@id\":\"https:\\\/\\\/m8.mech.pk.edu.pl\\\/#website\",\"url\":\"https:\\\/\\\/m8.mech.pk.edu.pl\\\/\",\"name\":\"Katedra Pojazd\u00f3w Szynowych i Transportu\",\"description\":\"Katedra Pojazd\u00f3w Szynowych i Transportu Politechniki Krakowskiej na Wydziale Mechanicznym\",\"publisher\":{\"@id\":\"https:\\\/\\\/m8.mech.pk.edu.pl\\\/#organization\"},\"potentialAction\":[{\"@type\":\"SearchAction\",\"target\":{\"@type\":\"EntryPoint\",\"urlTemplate\":\"https:\\\/\\\/m8.mech.pk.edu.pl\\\/?s={search_term_string}\"},\"query-input\":{\"@type\":\"PropertyValueSpecification\",\"valueRequired\":true,\"valueName\":\"search_term_string\"}}],\"inLanguage\":\"pl-PL\"},{\"@type\":\"Organization\",\"@id\":\"https:\\\/\\\/m8.mech.pk.edu.pl\\\/#organization\",\"name\":\"Katedra Pojazd\u00f3w Szynowych\",\"url\":\"https:\\\/\\\/m8.mech.pk.edu.pl\\\/\",\"logo\":{\"@type\":\"ImageObject\",\"inLanguage\":\"pl-PL\",\"@id\":\"https:\\\/\\\/m8.mech.pk.edu.pl\\\/#\\\/schema\\\/logo\\\/image\\\/\",\"url\":\"https:\\\/\\\/m8.mech.pk.edu.pl\\\/wp-content\\\/uploads\\\/2021\\\/01\\\/logo-mail-kpsit.png\",\"contentUrl\":\"https:\\\/\\\/m8.mech.pk.edu.pl\\\/wp-content\\\/uploads\\\/2021\\\/01\\\/logo-mail-kpsit.png\",\"width\":300,\"height\":119,\"caption\":\"Katedra Pojazd\u00f3w Szynowych\"},\"image\":{\"@id\":\"https:\\\/\\\/m8.mech.pk.edu.pl\\\/#\\\/schema\\\/logo\\\/image\\\/\"},\"sameAs\":[\"https:\\\/\\\/facebook.com\\\/KPSzTPK\",\"https:\\\/\\\/www.youtube.com\\\/channel\\\/UCen3PQ3fl3ry92o_lHkyVaQ\"]}]}<\/script>\n<!-- \/ Yoast SEO plugin. -->","yoast_head_json":{"title":"Symulator Tramwaju NGT6 - KONTAKT - Katedra Pojazd\u00f3w Szynowych i Transportu","robots":{"index":"index","follow":"follow","max-snippet":"max-snippet:-1","max-image-preview":"max-image-preview:large","max-video-preview":"max-video-preview:-1"},"canonical":"https:\/\/m8.mech.pk.edu.pl\/index.php\/symulator\/kontakt-2\/","og_locale":"pl_PL","og_type":"article","og_title":"Symulator Tramwaju NGT6 - KONTAKT - Katedra Pojazd\u00f3w Szynowych i Transportu","og_description":"Poni\u017cej adres e-mail do kontaktu z Zespo\u0142em Instruktorskim: symulator@pk.edu.pl Chcesz skorzysta\u0107 z naszego Symulatora? Um\u00f3w si\u0119 na jazd\u0119. A mo\u017ce chcesz otrzyma\u0107 zaproszenie w formie vouchera na wyj\u0105tkowy prezent? Zasady rezerwacji om\u00f3wione s\u0105 TUTAJ. Relacje z wydarze\u0144, wszelkie aktualno\u015bci dotycz\u0105ce naszej dzia\u0142alno\u015bci oraz materia\u0142y edukacyjne zamieszczamy na naszym profilu. Polub nas i b\u0105d\u017a na bie\u017c\u0105co: [&hellip;]","og_url":"https:\/\/m8.mech.pk.edu.pl\/index.php\/symulator\/kontakt-2\/","og_site_name":"Katedra Pojazd\u00f3w Szynowych i Transportu","article_publisher":"https:\/\/facebook.com\/KPSzTPK","article_modified_time":"2025-03-10T19:59:51+00:00","og_image":[{"width":452,"height":118,"url":"https:\/\/m8.mech.pk.edu.pl\/wp-content\/uploads\/2024\/02\/ikona-powrot1.png","type":"image\/png"}],"twitter_card":"summary_large_image","twitter_misc":{"Szacowany czas czytania":"2 minuty"},"schema":{"@context":"https:\/\/schema.org","@graph":[{"@type":"WebPage","@id":"https:\/\/m8.mech.pk.edu.pl\/index.php\/symulator\/kontakt-2\/","url":"https:\/\/m8.mech.pk.edu.pl\/index.php\/symulator\/kontakt-2\/","name":"Symulator Tramwaju NGT6 - KONTAKT - Katedra Pojazd\u00f3w Szynowych i Transportu","isPartOf":{"@id":"https:\/\/m8.mech.pk.edu.pl\/#website"},"primaryImageOfPage":{"@id":"https:\/\/m8.mech.pk.edu.pl\/index.php\/symulator\/kontakt-2\/#primaryimage"},"image":{"@id":"https:\/\/m8.mech.pk.edu.pl\/index.php\/symulator\/kontakt-2\/#primaryimage"},"thumbnailUrl":"https:\/\/m8.mech.pk.edu.pl\/wp-content\/uploads\/2024\/02\/ikona-powrot1.png","datePublished":"2024-02-09T11:52:55+00:00","dateModified":"2025-03-10T19:59:51+00:00","breadcrumb":{"@id":"https:\/\/m8.mech.pk.edu.pl\/index.php\/symulator\/kontakt-2\/#breadcrumb"},"inLanguage":"pl-PL","potentialAction":[{"@type":"ReadAction","target":["https:\/\/m8.mech.pk.edu.pl\/index.php\/symulator\/kontakt-2\/"]}]},{"@type":"ImageObject","inLanguage":"pl-PL","@id":"https:\/\/m8.mech.pk.edu.pl\/index.php\/symulator\/kontakt-2\/#primaryimage","url":"https:\/\/m8.mech.pk.edu.pl\/wp-content\/uploads\/2024\/02\/ikona-powrot1.png","contentUrl":"https:\/\/m8.mech.pk.edu.pl\/wp-content\/uploads\/2024\/02\/ikona-powrot1.png","width":452,"height":118},{"@type":"BreadcrumbList","@id":"https:\/\/m8.mech.pk.edu.pl\/index.php\/symulator\/kontakt-2\/#breadcrumb","itemListElement":[{"@type":"ListItem","position":1,"name":"Strona g\u0142\u00f3wna","item":"https:\/\/m8.mech.pk.edu.pl\/"},{"@type":"ListItem","position":2,"name":"Symulator Tramwaju NGT6","item":"https:\/\/m8.mech.pk.edu.pl\/index.php\/symulator\/"},{"@type":"ListItem","position":3,"name":"Symulator Tramwaju NGT6 &#8211; KONTAKT"}]},{"@type":"WebSite","@id":"https:\/\/m8.mech.pk.edu.pl\/#website","url":"https:\/\/m8.mech.pk.edu.pl\/","name":"Katedra Pojazd\u00f3w Szynowych i Transportu","description":"Katedra Pojazd\u00f3w Szynowych i Transportu Politechniki Krakowskiej na Wydziale Mechanicznym","publisher":{"@id":"https:\/\/m8.mech.pk.edu.pl\/#organization"},"potentialAction":[{"@type":"SearchAction","target":{"@type":"EntryPoint","urlTemplate":"https:\/\/m8.mech.pk.edu.pl\/?s={search_term_string}"},"query-input":{"@type":"PropertyValueSpecification","valueRequired":true,"valueName":"search_term_string"}}],"inLanguage":"pl-PL"},{"@type":"Organization","@id":"https:\/\/m8.mech.pk.edu.pl\/#organization","name":"Katedra Pojazd\u00f3w Szynowych","url":"https:\/\/m8.mech.pk.edu.pl\/","logo":{"@type":"ImageObject","inLanguage":"pl-PL","@id":"https:\/\/m8.mech.pk.edu.pl\/#\/schema\/logo\/image\/","url":"https:\/\/m8.mech.pk.edu.pl\/wp-content\/uploads\/2021\/01\/logo-mail-kpsit.png","contentUrl":"https:\/\/m8.mech.pk.edu.pl\/wp-content\/uploads\/2021\/01\/logo-mail-kpsit.png","width":300,"height":119,"caption":"Katedra Pojazd\u00f3w Szynowych"},"image":{"@id":"https:\/\/m8.mech.pk.edu.pl\/#\/schema\/logo\/image\/"},"sameAs":["https:\/\/facebook.com\/KPSzTPK","https:\/\/www.youtube.com\/channel\/UCen3PQ3fl3ry92o_lHkyVaQ"]}]}},"_links":{"self":[{"href":"https:\/\/m8.mech.pk.edu.pl\/index.php\/wp-json\/wp\/v2\/pages\/4473","targetHints":{"allow":["GET"]}}],"collection":[{"href":"https:\/\/m8.mech.pk.edu.pl\/index.php\/wp-json\/wp\/v2\/pages"}],"about":[{"href":"https:\/\/m8.mech.pk.edu.pl\/index.php\/wp-json\/wp\/v2\/types\/page"}],"author":[{"embeddable":true,"href":"https:\/\/m8.mech.pk.edu.pl\/index.php\/wp-json\/wp\/v2\/users\/5"}],"replies":[{"embeddable":true,"href":"https:\/\/m8.mech.pk.edu.pl\/index.php\/wp-json\/wp\/v2\/comments?post=4473"}],"version-history":[{"count":20,"href":"https:\/\/m8.mech.pk.edu.pl\/index.php\/wp-json\/wp\/v2\/pages\/4473\/revisions"}],"predecessor-version":[{"id":5662,"href":"https:\/\/m8.mech.pk.edu.pl\/index.php\/wp-json\/wp\/v2\/pages\/4473\/revisions\/5662"}],"up":[{"embeddable":true,"href":"https:\/\/m8.mech.pk.edu.pl\/index.php\/wp-json\/wp\/v2\/pages\/210"}],"wp:attachment":[{"href":"https:\/\/m8.mech.pk.edu.pl\/index.php\/wp-json\/wp\/v2\/media?parent=4473"}],"curies":[{"name":"wp","href":"https:\/\/api.w.org\/{rel}","templated":true}]}}