{"id":4295,"date":"2024-01-02T21:26:27","date_gmt":"2024-01-02T20:26:27","guid":{"rendered":"https:\/\/m8.mech.pk.edu.pl\/?page_id=4295"},"modified":"2024-04-15T16:31:51","modified_gmt":"2024-04-15T14:31:51","slug":"material-edukacyjno-szkoleniowy-dla-klientow-symulatora-tramwaju-ngt6","status":"publish","type":"page","link":"https:\/\/m8.mech.pk.edu.pl\/index.php\/symulator\/material-edukacyjno-szkoleniowy-dla-klientow-symulatora-tramwaju-ngt6\/","title":{"rendered":"Materia\u0142 edukacyjno-szkoleniowy dla klient\u00f3w Symulatora Tramwaju NGT6"},"content":{"rendered":"\n<p>Kliknij w poni\u017csz\u0105 grafik\u0119 i pobierz prezentacj\u0119 edukacyjno-szkoleniow\u0105 (format PDF). <br>W celu efektywnego wykorzystania czasu w symulatorze prosz\u0119 szczeg\u00f3\u0142owo zapozna\u0107 si\u0119 z materia\u0142em.<\/p>\n\n\n\n<div class=\"wp-block-group is-nowrap is-layout-flex wp-container-core-group-is-layout-ad2f72ca wp-block-group-is-layout-flex\">\n<div class=\"wp-block-columns is-layout-flex wp-container-core-columns-is-layout-9d6595d7 wp-block-columns-is-layout-flex\">\n<div class=\"wp-block-column is-layout-flow wp-block-column-is-layout-flow\" style=\"flex-basis:100%\">\n<figure class=\"wp-block-gallery has-nested-images columns-default is-cropped wp-block-gallery-1 is-layout-flex wp-block-gallery-is-layout-flex\">\n<figure class=\"wp-block-image size-full is-style-default\"><a href=\"https:\/\/m8.mech.pk.edu.pl\/wp-content\/uploads\/2024\/04\/Symulator-wprowadzenie-2024-dk.pdf\" target=\"_blank\" rel=\"noreferrer noopener\"><img loading=\"lazy\" decoding=\"async\" width=\"500\" height=\"281\" data-id=\"4302\" src=\"https:\/\/m8.mech.pk.edu.pl\/wp-content\/uploads\/2024\/01\/Symulator-wprowadzenie-2023-dk-1.jpg\" alt=\"\" class=\"wp-image-4302\" srcset=\"https:\/\/m8.mech.pk.edu.pl\/wp-content\/uploads\/2024\/01\/Symulator-wprowadzenie-2023-dk-1.jpg 500w, https:\/\/m8.mech.pk.edu.pl\/wp-content\/uploads\/2024\/01\/Symulator-wprowadzenie-2023-dk-1-300x169.jpg 300w\" sizes=\"auto, (max-width: 500px) 100vw, 500px\" \/><\/a><\/figure>\n<\/figure>\n<\/div>\n<\/div>\n<\/div>\n\n\n\n<p><\/p>\n\n\n\n<p class=\"has-text-align-left\"><strong>ZASTRZE\u017bENIE<\/strong><br><strong>Niniejszy materia\u0142 szkoleniowy obj\u0119ty jest prawem autorskim i podlega ochronie na mocy \u201eUstawy o prawie autorskim i prawach pokrewnych\u201d&nbsp;z dnia 4 lutego 1994 r.<br>Kopiowanie, przetwarzanie, rozpowszechnianie w dowolnej formie tej prezentacji w ca\u0142o\u015bci lub w cz\u0119\u015bci bez zgody KPSiT jest zabronione.<br>Materia\u0142 mo\u017ce by\u0107 wykorzystywany tylko do celu szkoleniowego dla potrzeb realizacji um\u00f3wionej jazdy w Symulatorze Tramwaju NGT6.<\/strong><\/p>\n","protected":false},"excerpt":{"rendered":"<p>Kliknij w poni\u017csz\u0105 grafik\u0119 i pobierz prezentacj\u0119 edukacyjno-szkoleniow\u0105 (format PDF). W celu efektywnego wykorzystania czasu w symulatorze prosz\u0119 szczeg\u00f3\u0142owo zapozna\u0107 si\u0119 z materia\u0142em. ZASTRZE\u017bENIENiniejszy materia\u0142 szkoleniowy obj\u0119ty jest prawem autorskim i podlega ochronie na mocy \u201eUstawy o prawie autorskim i prawach pokrewnych\u201d&nbsp;z dnia 4 lutego 1994 r.Kopiowanie, przetwarzanie, rozpowszechnianie w dowolnej formie tej prezentacji w [&hellip;]<\/p>\n","protected":false},"author":5,"featured_media":0,"parent":210,"menu_order":0,"comment_status":"closed","ping_status":"closed","template":"","meta":{"footnotes":""},"class_list":["post-4295","page","type-page","status-publish","hentry"],"yoast_head":"<!-- This site is optimized with the Yoast SEO plugin v27.4 - https:\/\/yoast.com\/product\/yoast-seo-wordpress\/ -->\n<title>Materia\u0142 edukacyjno-szkoleniowy dla klient\u00f3w Symulatora Tramwaju NGT6 - Katedra Pojazd\u00f3w Szynowych i Transportu<\/title>\n<meta name=\"robots\" content=\"index, follow, max-snippet:-1, max-image-preview:large, max-video-preview:-1\" \/>\n<link rel=\"canonical\" href=\"https:\/\/m8.mech.pk.edu.pl\/index.php\/symulator\/material-edukacyjno-szkoleniowy-dla-klientow-symulatora-tramwaju-ngt6\/\" \/>\n<meta property=\"og:locale\" content=\"pl_PL\" \/>\n<meta property=\"og:type\" content=\"article\" \/>\n<meta property=\"og:title\" content=\"Materia\u0142 edukacyjno-szkoleniowy dla klient\u00f3w Symulatora Tramwaju NGT6 - Katedra Pojazd\u00f3w Szynowych i Transportu\" \/>\n<meta property=\"og:description\" content=\"Kliknij w poni\u017csz\u0105 grafik\u0119 i pobierz prezentacj\u0119 edukacyjno-szkoleniow\u0105 (format PDF). W celu efektywnego wykorzystania czasu w symulatorze prosz\u0119 szczeg\u00f3\u0142owo zapozna\u0107 si\u0119 z materia\u0142em. ZASTRZE\u017bENIENiniejszy materia\u0142 szkoleniowy obj\u0119ty jest prawem autorskim i podlega ochronie na mocy \u201eUstawy o prawie autorskim i prawach pokrewnych\u201d&nbsp;z dnia 4 lutego 1994 r.Kopiowanie, przetwarzanie, rozpowszechnianie w dowolnej formie tej prezentacji w [&hellip;]\" \/>\n<meta property=\"og:url\" content=\"https:\/\/m8.mech.pk.edu.pl\/index.php\/symulator\/material-edukacyjno-szkoleniowy-dla-klientow-symulatora-tramwaju-ngt6\/\" \/>\n<meta property=\"og:site_name\" content=\"Katedra Pojazd\u00f3w Szynowych i Transportu\" \/>\n<meta property=\"article:publisher\" content=\"https:\/\/facebook.com\/KPSzTPK\" \/>\n<meta property=\"article:modified_time\" content=\"2024-04-15T14:31:51+00:00\" \/>\n<meta property=\"og:image\" content=\"https:\/\/m8.mech.pk.edu.pl\/wp-content\/uploads\/2024\/01\/Symulator-wprowadzenie-2023-dk-1.jpg\" \/>\n<meta name=\"twitter:card\" content=\"summary_large_image\" \/>\n<meta name=\"twitter:label1\" content=\"Szacowany czas czytania\" \/>\n\t<meta name=\"twitter:data1\" content=\"1 minuta\" \/>\n<script type=\"application\/ld+json\" class=\"yoast-schema-graph\">{\"@context\":\"https:\\\/\\\/schema.org\",\"@graph\":[{\"@type\":\"WebPage\",\"@id\":\"https:\\\/\\\/m8.mech.pk.edu.pl\\\/index.php\\\/symulator\\\/material-edukacyjno-szkoleniowy-dla-klientow-symulatora-tramwaju-ngt6\\\/\",\"url\":\"https:\\\/\\\/m8.mech.pk.edu.pl\\\/index.php\\\/symulator\\\/material-edukacyjno-szkoleniowy-dla-klientow-symulatora-tramwaju-ngt6\\\/\",\"name\":\"Materia\u0142 edukacyjno-szkoleniowy dla klient\u00f3w Symulatora Tramwaju NGT6 - Katedra Pojazd\u00f3w Szynowych i Transportu\",\"isPartOf\":{\"@id\":\"https:\\\/\\\/m8.mech.pk.edu.pl\\\/#website\"},\"primaryImageOfPage\":{\"@id\":\"https:\\\/\\\/m8.mech.pk.edu.pl\\\/index.php\\\/symulator\\\/material-edukacyjno-szkoleniowy-dla-klientow-symulatora-tramwaju-ngt6\\\/#primaryimage\"},\"image\":{\"@id\":\"https:\\\/\\\/m8.mech.pk.edu.pl\\\/index.php\\\/symulator\\\/material-edukacyjno-szkoleniowy-dla-klientow-symulatora-tramwaju-ngt6\\\/#primaryimage\"},\"thumbnailUrl\":\"https:\\\/\\\/m8.mech.pk.edu.pl\\\/wp-content\\\/uploads\\\/2024\\\/01\\\/Symulator-wprowadzenie-2023-dk-1.jpg\",\"datePublished\":\"2024-01-02T20:26:27+00:00\",\"dateModified\":\"2024-04-15T14:31:51+00:00\",\"breadcrumb\":{\"@id\":\"https:\\\/\\\/m8.mech.pk.edu.pl\\\/index.php\\\/symulator\\\/material-edukacyjno-szkoleniowy-dla-klientow-symulatora-tramwaju-ngt6\\\/#breadcrumb\"},\"inLanguage\":\"pl-PL\",\"potentialAction\":[{\"@type\":\"ReadAction\",\"target\":[\"https:\\\/\\\/m8.mech.pk.edu.pl\\\/index.php\\\/symulator\\\/material-edukacyjno-szkoleniowy-dla-klientow-symulatora-tramwaju-ngt6\\\/\"]}]},{\"@type\":\"ImageObject\",\"inLanguage\":\"pl-PL\",\"@id\":\"https:\\\/\\\/m8.mech.pk.edu.pl\\\/index.php\\\/symulator\\\/material-edukacyjno-szkoleniowy-dla-klientow-symulatora-tramwaju-ngt6\\\/#primaryimage\",\"url\":\"https:\\\/\\\/m8.mech.pk.edu.pl\\\/wp-content\\\/uploads\\\/2024\\\/01\\\/Symulator-wprowadzenie-2023-dk-1.jpg\",\"contentUrl\":\"https:\\\/\\\/m8.mech.pk.edu.pl\\\/wp-content\\\/uploads\\\/2024\\\/01\\\/Symulator-wprowadzenie-2023-dk-1.jpg\",\"width\":500,\"height\":281},{\"@type\":\"BreadcrumbList\",\"@id\":\"https:\\\/\\\/m8.mech.pk.edu.pl\\\/index.php\\\/symulator\\\/material-edukacyjno-szkoleniowy-dla-klientow-symulatora-tramwaju-ngt6\\\/#breadcrumb\",\"itemListElement\":[{\"@type\":\"ListItem\",\"position\":1,\"name\":\"Strona g\u0142\u00f3wna\",\"item\":\"https:\\\/\\\/m8.mech.pk.edu.pl\\\/\"},{\"@type\":\"ListItem\",\"position\":2,\"name\":\"Symulator Tramwaju NGT6\",\"item\":\"https:\\\/\\\/m8.mech.pk.edu.pl\\\/index.php\\\/symulator\\\/\"},{\"@type\":\"ListItem\",\"position\":3,\"name\":\"Materia\u0142 edukacyjno-szkoleniowy dla klient\u00f3w Symulatora Tramwaju NGT6\"}]},{\"@type\":\"WebSite\",\"@id\":\"https:\\\/\\\/m8.mech.pk.edu.pl\\\/#website\",\"url\":\"https:\\\/\\\/m8.mech.pk.edu.pl\\\/\",\"name\":\"Katedra Pojazd\u00f3w Szynowych i Transportu\",\"description\":\"Katedra Pojazd\u00f3w Szynowych i Transportu Politechniki Krakowskiej na Wydziale Mechanicznym\",\"publisher\":{\"@id\":\"https:\\\/\\\/m8.mech.pk.edu.pl\\\/#organization\"},\"potentialAction\":[{\"@type\":\"SearchAction\",\"target\":{\"@type\":\"EntryPoint\",\"urlTemplate\":\"https:\\\/\\\/m8.mech.pk.edu.pl\\\/?s={search_term_string}\"},\"query-input\":{\"@type\":\"PropertyValueSpecification\",\"valueRequired\":true,\"valueName\":\"search_term_string\"}}],\"inLanguage\":\"pl-PL\"},{\"@type\":\"Organization\",\"@id\":\"https:\\\/\\\/m8.mech.pk.edu.pl\\\/#organization\",\"name\":\"Katedra Pojazd\u00f3w Szynowych\",\"url\":\"https:\\\/\\\/m8.mech.pk.edu.pl\\\/\",\"logo\":{\"@type\":\"ImageObject\",\"inLanguage\":\"pl-PL\",\"@id\":\"https:\\\/\\\/m8.mech.pk.edu.pl\\\/#\\\/schema\\\/logo\\\/image\\\/\",\"url\":\"https:\\\/\\\/m8.mech.pk.edu.pl\\\/wp-content\\\/uploads\\\/2021\\\/01\\\/logo-mail-kpsit.png\",\"contentUrl\":\"https:\\\/\\\/m8.mech.pk.edu.pl\\\/wp-content\\\/uploads\\\/2021\\\/01\\\/logo-mail-kpsit.png\",\"width\":300,\"height\":119,\"caption\":\"Katedra Pojazd\u00f3w Szynowych\"},\"image\":{\"@id\":\"https:\\\/\\\/m8.mech.pk.edu.pl\\\/#\\\/schema\\\/logo\\\/image\\\/\"},\"sameAs\":[\"https:\\\/\\\/facebook.com\\\/KPSzTPK\",\"https:\\\/\\\/www.youtube.com\\\/channel\\\/UCen3PQ3fl3ry92o_lHkyVaQ\"]}]}<\/script>\n<!-- \/ Yoast SEO plugin. -->","yoast_head_json":{"title":"Materia\u0142 edukacyjno-szkoleniowy dla klient\u00f3w Symulatora Tramwaju NGT6 - Katedra Pojazd\u00f3w Szynowych i Transportu","robots":{"index":"index","follow":"follow","max-snippet":"max-snippet:-1","max-image-preview":"max-image-preview:large","max-video-preview":"max-video-preview:-1"},"canonical":"https:\/\/m8.mech.pk.edu.pl\/index.php\/symulator\/material-edukacyjno-szkoleniowy-dla-klientow-symulatora-tramwaju-ngt6\/","og_locale":"pl_PL","og_type":"article","og_title":"Materia\u0142 edukacyjno-szkoleniowy dla klient\u00f3w Symulatora Tramwaju NGT6 - Katedra Pojazd\u00f3w Szynowych i Transportu","og_description":"Kliknij w poni\u017csz\u0105 grafik\u0119 i pobierz prezentacj\u0119 edukacyjno-szkoleniow\u0105 (format PDF). W celu efektywnego wykorzystania czasu w symulatorze prosz\u0119 szczeg\u00f3\u0142owo zapozna\u0107 si\u0119 z materia\u0142em. ZASTRZE\u017bENIENiniejszy materia\u0142 szkoleniowy obj\u0119ty jest prawem autorskim i podlega ochronie na mocy \u201eUstawy o prawie autorskim i prawach pokrewnych\u201d&nbsp;z dnia 4 lutego 1994 r.Kopiowanie, przetwarzanie, rozpowszechnianie w dowolnej formie tej prezentacji w [&hellip;]","og_url":"https:\/\/m8.mech.pk.edu.pl\/index.php\/symulator\/material-edukacyjno-szkoleniowy-dla-klientow-symulatora-tramwaju-ngt6\/","og_site_name":"Katedra Pojazd\u00f3w Szynowych i Transportu","article_publisher":"https:\/\/facebook.com\/KPSzTPK","article_modified_time":"2024-04-15T14:31:51+00:00","og_image":[{"url":"https:\/\/m8.mech.pk.edu.pl\/wp-content\/uploads\/2024\/01\/Symulator-wprowadzenie-2023-dk-1.jpg","type":"","width":"","height":""}],"twitter_card":"summary_large_image","twitter_misc":{"Szacowany czas czytania":"1 minuta"},"schema":{"@context":"https:\/\/schema.org","@graph":[{"@type":"WebPage","@id":"https:\/\/m8.mech.pk.edu.pl\/index.php\/symulator\/material-edukacyjno-szkoleniowy-dla-klientow-symulatora-tramwaju-ngt6\/","url":"https:\/\/m8.mech.pk.edu.pl\/index.php\/symulator\/material-edukacyjno-szkoleniowy-dla-klientow-symulatora-tramwaju-ngt6\/","name":"Materia\u0142 edukacyjno-szkoleniowy dla klient\u00f3w Symulatora Tramwaju NGT6 - Katedra Pojazd\u00f3w Szynowych i Transportu","isPartOf":{"@id":"https:\/\/m8.mech.pk.edu.pl\/#website"},"primaryImageOfPage":{"@id":"https:\/\/m8.mech.pk.edu.pl\/index.php\/symulator\/material-edukacyjno-szkoleniowy-dla-klientow-symulatora-tramwaju-ngt6\/#primaryimage"},"image":{"@id":"https:\/\/m8.mech.pk.edu.pl\/index.php\/symulator\/material-edukacyjno-szkoleniowy-dla-klientow-symulatora-tramwaju-ngt6\/#primaryimage"},"thumbnailUrl":"https:\/\/m8.mech.pk.edu.pl\/wp-content\/uploads\/2024\/01\/Symulator-wprowadzenie-2023-dk-1.jpg","datePublished":"2024-01-02T20:26:27+00:00","dateModified":"2024-04-15T14:31:51+00:00","breadcrumb":{"@id":"https:\/\/m8.mech.pk.edu.pl\/index.php\/symulator\/material-edukacyjno-szkoleniowy-dla-klientow-symulatora-tramwaju-ngt6\/#breadcrumb"},"inLanguage":"pl-PL","potentialAction":[{"@type":"ReadAction","target":["https:\/\/m8.mech.pk.edu.pl\/index.php\/symulator\/material-edukacyjno-szkoleniowy-dla-klientow-symulatora-tramwaju-ngt6\/"]}]},{"@type":"ImageObject","inLanguage":"pl-PL","@id":"https:\/\/m8.mech.pk.edu.pl\/index.php\/symulator\/material-edukacyjno-szkoleniowy-dla-klientow-symulatora-tramwaju-ngt6\/#primaryimage","url":"https:\/\/m8.mech.pk.edu.pl\/wp-content\/uploads\/2024\/01\/Symulator-wprowadzenie-2023-dk-1.jpg","contentUrl":"https:\/\/m8.mech.pk.edu.pl\/wp-content\/uploads\/2024\/01\/Symulator-wprowadzenie-2023-dk-1.jpg","width":500,"height":281},{"@type":"BreadcrumbList","@id":"https:\/\/m8.mech.pk.edu.pl\/index.php\/symulator\/material-edukacyjno-szkoleniowy-dla-klientow-symulatora-tramwaju-ngt6\/#breadcrumb","itemListElement":[{"@type":"ListItem","position":1,"name":"Strona g\u0142\u00f3wna","item":"https:\/\/m8.mech.pk.edu.pl\/"},{"@type":"ListItem","position":2,"name":"Symulator Tramwaju NGT6","item":"https:\/\/m8.mech.pk.edu.pl\/index.php\/symulator\/"},{"@type":"ListItem","position":3,"name":"Materia\u0142 edukacyjno-szkoleniowy dla klient\u00f3w Symulatora Tramwaju NGT6"}]},{"@type":"WebSite","@id":"https:\/\/m8.mech.pk.edu.pl\/#website","url":"https:\/\/m8.mech.pk.edu.pl\/","name":"Katedra Pojazd\u00f3w Szynowych i Transportu","description":"Katedra Pojazd\u00f3w Szynowych i Transportu Politechniki Krakowskiej na Wydziale Mechanicznym","publisher":{"@id":"https:\/\/m8.mech.pk.edu.pl\/#organization"},"potentialAction":[{"@type":"SearchAction","target":{"@type":"EntryPoint","urlTemplate":"https:\/\/m8.mech.pk.edu.pl\/?s={search_term_string}"},"query-input":{"@type":"PropertyValueSpecification","valueRequired":true,"valueName":"search_term_string"}}],"inLanguage":"pl-PL"},{"@type":"Organization","@id":"https:\/\/m8.mech.pk.edu.pl\/#organization","name":"Katedra Pojazd\u00f3w Szynowych","url":"https:\/\/m8.mech.pk.edu.pl\/","logo":{"@type":"ImageObject","inLanguage":"pl-PL","@id":"https:\/\/m8.mech.pk.edu.pl\/#\/schema\/logo\/image\/","url":"https:\/\/m8.mech.pk.edu.pl\/wp-content\/uploads\/2021\/01\/logo-mail-kpsit.png","contentUrl":"https:\/\/m8.mech.pk.edu.pl\/wp-content\/uploads\/2021\/01\/logo-mail-kpsit.png","width":300,"height":119,"caption":"Katedra Pojazd\u00f3w Szynowych"},"image":{"@id":"https:\/\/m8.mech.pk.edu.pl\/#\/schema\/logo\/image\/"},"sameAs":["https:\/\/facebook.com\/KPSzTPK","https:\/\/www.youtube.com\/channel\/UCen3PQ3fl3ry92o_lHkyVaQ"]}]}},"_links":{"self":[{"href":"https:\/\/m8.mech.pk.edu.pl\/index.php\/wp-json\/wp\/v2\/pages\/4295","targetHints":{"allow":["GET"]}}],"collection":[{"href":"https:\/\/m8.mech.pk.edu.pl\/index.php\/wp-json\/wp\/v2\/pages"}],"about":[{"href":"https:\/\/m8.mech.pk.edu.pl\/index.php\/wp-json\/wp\/v2\/types\/page"}],"author":[{"embeddable":true,"href":"https:\/\/m8.mech.pk.edu.pl\/index.php\/wp-json\/wp\/v2\/users\/5"}],"replies":[{"embeddable":true,"href":"https:\/\/m8.mech.pk.edu.pl\/index.php\/wp-json\/wp\/v2\/comments?post=4295"}],"version-history":[{"count":10,"href":"https:\/\/m8.mech.pk.edu.pl\/index.php\/wp-json\/wp\/v2\/pages\/4295\/revisions"}],"predecessor-version":[{"id":5063,"href":"https:\/\/m8.mech.pk.edu.pl\/index.php\/wp-json\/wp\/v2\/pages\/4295\/revisions\/5063"}],"up":[{"embeddable":true,"href":"https:\/\/m8.mech.pk.edu.pl\/index.php\/wp-json\/wp\/v2\/pages\/210"}],"wp:attachment":[{"href":"https:\/\/m8.mech.pk.edu.pl\/index.php\/wp-json\/wp\/v2\/media?parent=4295"}],"curies":[{"name":"wp","href":"https:\/\/api.w.org\/{rel}","templated":true}]}}