{"id":3483,"date":"2023-03-04T21:12:53","date_gmt":"2023-03-04T20:12:53","guid":{"rendered":"https:\/\/m8.mech.pk.edu.pl\/?page_id=3483"},"modified":"2025-12-31T00:25:35","modified_gmt":"2025-12-30T23:25:35","slug":"zasady-rezerwacji-jazd-indywidualnych-w-symulatorze-tramwaju-ngt6","status":"publish","type":"page","link":"https:\/\/m8.mech.pk.edu.pl\/index.php\/symulator\/zasady-rezerwacji-jazd-indywidualnych-w-symulatorze-tramwaju-ngt6\/","title":{"rendered":"Symulator Tramwaju NGT6 &#8211; UMAWIANIE JAZD"},"content":{"rendered":"\n<div class=\"wp-block-columns is-layout-flex wp-container-core-columns-is-layout-9d6595d7 wp-block-columns-is-layout-flex\">\n<div class=\"wp-block-column is-layout-flow wp-block-column-is-layout-flow\" style=\"flex-basis:20%\"><div class=\"wp-block-image\">\n<figure class=\"alignleft size-full is-resized\"><a href=\"https:\/\/m8.mech.pk.edu.pl\/symulator\"><img loading=\"lazy\" decoding=\"async\" width=\"452\" height=\"118\" src=\"https:\/\/m8.mech.pk.edu.pl\/wp-content\/uploads\/2024\/02\/ikona-powrot1.png\" alt=\"\" class=\"wp-image-4469\" style=\"width:119px;height:auto\" srcset=\"https:\/\/m8.mech.pk.edu.pl\/wp-content\/uploads\/2024\/02\/ikona-powrot1.png 452w, https:\/\/m8.mech.pk.edu.pl\/wp-content\/uploads\/2024\/02\/ikona-powrot1-300x78.png 300w\" sizes=\"auto, (max-width: 452px) 100vw, 452px\" \/><\/a><\/figure>\n<\/div><\/div>\n\n\n\n<div class=\"wp-block-column is-layout-flow wp-block-column-is-layout-flow\" style=\"flex-basis:66.66%\"><\/div>\n<\/div>\n\n\n\n<p class=\"has-medium-font-size\">Z naszego symulatora, w ramach jazd edukacyjnych, mog\u0105 korzysta\u0107 osoby indywidualne jak r\u00f3wnie\u017c grupy zorganizowane.  <\/p>\n\n\n\n<p class=\"has-medium-font-size\"><strong>ZASADY REZERWACJI JAZD W SYMULATORZE TRAMWAJU NGT6:<\/strong><\/p>\n\n\n\n<ol class=\"wp-block-list\">\n<li class=\"has-medium-font-size\">Symulator znajduje si\u0119 w Katedrze Pojazd\u00f3w Szynowych i Transportu Politechniki Krakowskiej im. Tadeusza Ko\u015bciuszki, w ramach Kampusu \u201eCzy\u017cyny\u201d Wydzia\u0142u Mechanicznego przy al. Jana Paw\u0142a II 37 \u2013 budynek J, sala 29 (wej\u015bcie od ul. \u017byczkowskiego). Zobacz lokalizacj\u0119 Symulatora &#8211; <strong><a href=\"https:\/\/m8.mech.pk.edu.pl\/index.php\/symulator\/kontakt-2\/\" target=\"_blank\" rel=\"noreferrer noopener\">tutaj<\/a><\/strong>.<\/li>\n\n\n\n<li class=\"has-medium-font-size\">Symulator udost\u0119pniany jest w ramach akcji edukacyjnej dotycz\u0105cej propagowania transportu zbiorowego i bezpiecznego zachowania wobec tramwaj\u00f3w prowadzonej przez Katedr\u0119 Pojazd\u00f3w Szynowych i Transportu Politechniki Krakowskiej.<\/li>\n\n\n\n<li class=\"has-medium-font-size\">Aby um\u00f3wi\u0107 termin skorzystania z Symulatora nale\u017cy:<br>a) wys\u0142a\u0107 zg\u0142oszenie na adres e-mail: <a href=\"mailto:symulator@pk.edu.pl\">symulator@pk.edu.pl<\/a> podaj\u0105c imi\u0119 i nazwisko osoby, kt\u00f3ra ma je\u017adzi\u0107. Je\u017celi w Symulatorze ma je\u017adzi\u0107 inna osoba ni\u017c zg\u0142aszaj\u0105c\u0105, to nale\u017cy o tym poinformowa\u0107. Po je\u017adzie wydawany jest pami\u0105tkowy, imienny certyfikat.<br>b) ustali\u0107 termin i ui\u015bci\u0107 op\u0142at\u0119 na numer konta wskazany w zwrotnej wiadomo\u015bci e-mail.<br>Po potwierdzeniu otrzymania wp\u0142aty, termin zostanie potwierdzony oraz wys\u0142ana zostanie prezentacja szkoleniowa pt.: &#8222;Wprowadzenie do jazdy symulatorem tramwaju&#8221;. Zapoznanie z ni\u0105 jest zalecane przed wizyt\u0105 w Symulatorze w celu bardziej efektywnego wykorzystania w nim czasu.<\/li>\n\n\n\n<li class=\"has-medium-font-size\">Istnieje mo\u017cliwo\u015b\u0107 otrzymania imiennego zaproszenia na przejazd (vouchera) do wykorzystania np. jako prezent. W tym celu nale\u017cy post\u0105pi\u0107 zgodnie z pkt. 3a, uzupe\u0142niaj\u0105c zg\u0142oszenie o potrzeb\u0119 wydania zaproszenia. Po wniesieniu op\u0142aty zaproszenie jest przesy\u0142ane drog\u0105 elektroniczn\u0105, a termin jazdy ustala osoba, kt\u00f3ra otrzyma zaproszenie.  <\/li>\n\n\n\n<li class=\"has-medium-font-size\">Koszt jazdy w symulatorze wynosi 220 PLN. Czas jazdy wynosi oko\u0142o 60 minut i obejmuje jazd\u0119 oraz instrukta\u017c wprowadzaj\u0105cy. Ca\u0142y przejazd odbywa si\u0119 pod nadzorem wykwalifikowanego instruktora. W ramach tego czasu mo\u017cliwa jest jazda maksymalnie dw\u00f3ch os\u00f3b, nie wliczaj\u0105c w to ewentualnych os\u00f3b towarzysz\u0105cych. Maksymalnie w symulatorze mog\u0105 przebywa\u0107 4 osoby, nie licz\u0105c Instruktora. Wyd\u0142u\u017cenie czasu lub udzia\u0142 wi\u0119kszej ilo\u015bci os\u00f3b wymaga indywidualnych uzgodnie\u0144.<\/li>\n\n\n\n<li class=\"has-medium-font-size\">Zasady umawiana jazd dla grup zorganizowanych ustalane s\u0105 indywidualnie po wys\u0142aniu zg\u0142oszenia na adres e-mail podany w pkt. 3a.<\/li>\n\n\n\n<li class=\"has-medium-font-size\">Katedra Pojazd\u00f3w Szynowych i Transportu zastrzega sobie prawo do odwo\u0142ania um\u00f3wionej w danym terminie jazdy jednocze\u015bnie zapewniaj\u0105c, \u017ce takie zdarzenie mo\u017ce mie\u0107 miejsce tylko w przypadku wy\u017cszej konieczno\u015bci wynikaj\u0105cej z pracy Uczelni. W takiej sytuacji ustalany jest nowy, dogodny termin jazdy.<\/li>\n\n\n\n<li class=\"has-medium-font-size\">Na jazd\u0119 zaleca si\u0119 przyby\u0107 minimum 5 minut przed ustalon\u0105 godzin\u0105 jazdy. Ewentualne sp\u00f3\u017anienia w stosunku do ustalonej godziny jazdy nie powoduj\u0105 wyd\u0142u\u017cenia uzgodnionego czasu jazdy.<\/li>\n\n\n\n<li class=\"has-medium-font-size\">Wszelkie uzgodnienia prowadzone s\u0105 tylko z wykorzystaniem komunikacji e-mail (wg pkt. 3a).<\/li>\n\n\n\n<li class=\"has-medium-font-size\">Um\u00f3wienie jazdy i skorzystanie z Symulatora jest r\u00f3wnoznaczne z akceptacj\u0105 tre\u015bci <strong><a href=\"https:\/\/m8.mech.pk.edu.pl\/index.php\/symulator\/zasady-rezerwacji-jazd-indywidualnych-w-symulatorze-tramwaju-ngt6\/regulamin\/\">REGULAMINU<\/a><\/strong> (przeczytaj Regulamin). <\/li>\n<\/ol>\n\n\n\n<p class=\"has-text-align-right has-medium-font-size\"><em>Ostatnia aktualizacja: 31.12.2025 r.<\/em><\/p>\n\n\n\n<div style=\"height:9px\" aria-hidden=\"true\" class=\"wp-block-spacer\"><\/div>\n\n\n\n<figure class=\"wp-block-gallery has-nested-images columns-4 is-cropped wp-block-gallery-1 is-layout-flex wp-block-gallery-is-layout-flex\">\n<figure class=\"wp-block-image size-large\"><a href=\"https:\/\/m8.mech.pk.edu.pl\/wp-content\/uploads\/2024\/02\/FB_IMG_1707500849034.jpg\" target=\"_blank\" rel=\"noreferrer noopener\"><img loading=\"lazy\" decoding=\"async\" width=\"1000\" height=\"750\" data-id=\"4620\" src=\"https:\/\/m8.mech.pk.edu.pl\/wp-content\/uploads\/2024\/02\/FB_IMG_1707500849034.jpg\" alt=\"\" class=\"wp-image-4620\" srcset=\"https:\/\/m8.mech.pk.edu.pl\/wp-content\/uploads\/2024\/02\/FB_IMG_1707500849034.jpg 1000w, https:\/\/m8.mech.pk.edu.pl\/wp-content\/uploads\/2024\/02\/FB_IMG_1707500849034-300x225.jpg 300w, https:\/\/m8.mech.pk.edu.pl\/wp-content\/uploads\/2024\/02\/FB_IMG_1707500849034-768x576.jpg 768w\" sizes=\"auto, (max-width: 1000px) 100vw, 1000px\" \/><\/a><\/figure>\n\n\n\n<figure class=\"wp-block-image size-large\"><a href=\"https:\/\/m8.mech.pk.edu.pl\/wp-content\/uploads\/2024\/02\/FB_IMG_1707500099460.jpg\" target=\"_blank\" rel=\"noreferrer noopener\"><img loading=\"lazy\" decoding=\"async\" width=\"1000\" height=\"750\" data-id=\"4619\" src=\"https:\/\/m8.mech.pk.edu.pl\/wp-content\/uploads\/2024\/02\/FB_IMG_1707500099460.jpg\" alt=\"\" class=\"wp-image-4619\" srcset=\"https:\/\/m8.mech.pk.edu.pl\/wp-content\/uploads\/2024\/02\/FB_IMG_1707500099460.jpg 1000w, https:\/\/m8.mech.pk.edu.pl\/wp-content\/uploads\/2024\/02\/FB_IMG_1707500099460-300x225.jpg 300w, https:\/\/m8.mech.pk.edu.pl\/wp-content\/uploads\/2024\/02\/FB_IMG_1707500099460-768x576.jpg 768w\" sizes=\"auto, (max-width: 1000px) 100vw, 1000px\" \/><\/a><\/figure>\n\n\n\n<figure class=\"wp-block-image size-full\"><a href=\"https:\/\/m8.mech.pk.edu.pl\/wp-content\/uploads\/2024\/02\/IMG-20231222-WA00061.jpg\" target=\"_blank\" rel=\"noreferrer noopener\"><img loading=\"lazy\" decoding=\"async\" width=\"1000\" height=\"750\" data-id=\"4572\" src=\"https:\/\/m8.mech.pk.edu.pl\/wp-content\/uploads\/2024\/02\/IMG-20231222-WA00061.jpg\" alt=\"\" class=\"wp-image-4572\" srcset=\"https:\/\/m8.mech.pk.edu.pl\/wp-content\/uploads\/2024\/02\/IMG-20231222-WA00061.jpg 1000w, https:\/\/m8.mech.pk.edu.pl\/wp-content\/uploads\/2024\/02\/IMG-20231222-WA00061-300x225.jpg 300w, https:\/\/m8.mech.pk.edu.pl\/wp-content\/uploads\/2024\/02\/IMG-20231222-WA00061-768x576.jpg 768w\" sizes=\"auto, (max-width: 1000px) 100vw, 1000px\" \/><\/a><\/figure>\n\n\n\n<figure class=\"wp-block-image size-large\"><a href=\"https:\/\/m8.mech.pk.edu.pl\/wp-content\/uploads\/2024\/02\/FB_IMG_1707500362867.jpg\" target=\"_blank\" rel=\"noreferrer noopener\"><img loading=\"lazy\" decoding=\"async\" width=\"1024\" height=\"768\" data-id=\"4622\" src=\"https:\/\/m8.mech.pk.edu.pl\/wp-content\/uploads\/2024\/02\/FB_IMG_1707500362867-1024x768.jpg\" alt=\"\" class=\"wp-image-4622\" srcset=\"https:\/\/m8.mech.pk.edu.pl\/wp-content\/uploads\/2024\/02\/FB_IMG_1707500362867-1024x768.jpg 1024w, https:\/\/m8.mech.pk.edu.pl\/wp-content\/uploads\/2024\/02\/FB_IMG_1707500362867-300x225.jpg 300w, https:\/\/m8.mech.pk.edu.pl\/wp-content\/uploads\/2024\/02\/FB_IMG_1707500362867-768x576.jpg 768w, https:\/\/m8.mech.pk.edu.pl\/wp-content\/uploads\/2024\/02\/FB_IMG_1707500362867.jpg 1080w\" sizes=\"auto, (max-width: 1024px) 100vw, 1024px\" \/><\/a><\/figure>\n<\/figure>\n\n\n\n<p class=\"has-text-align-right has-medium-font-size\"><br><\/p>\n\n\n\n<p><\/p>\n","protected":false},"excerpt":{"rendered":"<p>Z naszego symulatora, w ramach jazd edukacyjnych, mog\u0105 korzysta\u0107 osoby indywidualne jak r\u00f3wnie\u017c grupy zorganizowane. ZASADY REZERWACJI JAZD W SYMULATORZE TRAMWAJU NGT6: Ostatnia aktualizacja: 31.12.2025 r.<\/p>\n","protected":false},"author":5,"featured_media":0,"parent":210,"menu_order":0,"comment_status":"closed","ping_status":"closed","template":"","meta":{"footnotes":""},"class_list":["post-3483","page","type-page","status-publish","hentry"],"yoast_head":"<!-- This site is optimized with the Yoast SEO plugin v27.4 - https:\/\/yoast.com\/product\/yoast-seo-wordpress\/ -->\n<title>Symulator Tramwaju NGT6 - UMAWIANIE JAZD - Katedra Pojazd\u00f3w Szynowych i Transportu<\/title>\n<meta name=\"robots\" content=\"index, follow, max-snippet:-1, max-image-preview:large, max-video-preview:-1\" \/>\n<link rel=\"canonical\" href=\"https:\/\/m8.mech.pk.edu.pl\/index.php\/symulator\/zasady-rezerwacji-jazd-indywidualnych-w-symulatorze-tramwaju-ngt6\/\" \/>\n<meta property=\"og:locale\" content=\"pl_PL\" \/>\n<meta property=\"og:type\" content=\"article\" \/>\n<meta property=\"og:title\" content=\"Symulator Tramwaju NGT6 - UMAWIANIE JAZD - Katedra Pojazd\u00f3w Szynowych i Transportu\" \/>\n<meta property=\"og:description\" content=\"Z naszego symulatora, w ramach jazd edukacyjnych, mog\u0105 korzysta\u0107 osoby indywidualne jak r\u00f3wnie\u017c grupy zorganizowane. ZASADY REZERWACJI JAZD W SYMULATORZE TRAMWAJU NGT6: Ostatnia aktualizacja: 31.12.2025 r.\" \/>\n<meta property=\"og:url\" content=\"https:\/\/m8.mech.pk.edu.pl\/index.php\/symulator\/zasady-rezerwacji-jazd-indywidualnych-w-symulatorze-tramwaju-ngt6\/\" \/>\n<meta property=\"og:site_name\" content=\"Katedra Pojazd\u00f3w Szynowych i Transportu\" \/>\n<meta property=\"article:publisher\" content=\"https:\/\/facebook.com\/KPSzTPK\" \/>\n<meta property=\"article:modified_time\" content=\"2025-12-30T23:25:35+00:00\" \/>\n<meta property=\"og:image\" content=\"https:\/\/m8.mech.pk.edu.pl\/wp-content\/uploads\/2024\/02\/ikona-powrot1.png\" \/>\n\t<meta property=\"og:image:width\" content=\"452\" \/>\n\t<meta property=\"og:image:height\" content=\"118\" \/>\n\t<meta property=\"og:image:type\" content=\"image\/png\" \/>\n<meta name=\"twitter:card\" content=\"summary_large_image\" \/>\n<meta name=\"twitter:label1\" content=\"Szacowany czas czytania\" \/>\n\t<meta name=\"twitter:data1\" content=\"4 minuty\" \/>\n<script type=\"application\/ld+json\" class=\"yoast-schema-graph\">{\"@context\":\"https:\\\/\\\/schema.org\",\"@graph\":[{\"@type\":\"WebPage\",\"@id\":\"https:\\\/\\\/m8.mech.pk.edu.pl\\\/index.php\\\/symulator\\\/zasady-rezerwacji-jazd-indywidualnych-w-symulatorze-tramwaju-ngt6\\\/\",\"url\":\"https:\\\/\\\/m8.mech.pk.edu.pl\\\/index.php\\\/symulator\\\/zasady-rezerwacji-jazd-indywidualnych-w-symulatorze-tramwaju-ngt6\\\/\",\"name\":\"Symulator Tramwaju NGT6 - UMAWIANIE JAZD - Katedra Pojazd\u00f3w Szynowych i Transportu\",\"isPartOf\":{\"@id\":\"https:\\\/\\\/m8.mech.pk.edu.pl\\\/#website\"},\"primaryImageOfPage\":{\"@id\":\"https:\\\/\\\/m8.mech.pk.edu.pl\\\/index.php\\\/symulator\\\/zasady-rezerwacji-jazd-indywidualnych-w-symulatorze-tramwaju-ngt6\\\/#primaryimage\"},\"image\":{\"@id\":\"https:\\\/\\\/m8.mech.pk.edu.pl\\\/index.php\\\/symulator\\\/zasady-rezerwacji-jazd-indywidualnych-w-symulatorze-tramwaju-ngt6\\\/#primaryimage\"},\"thumbnailUrl\":\"https:\\\/\\\/m8.mech.pk.edu.pl\\\/wp-content\\\/uploads\\\/2024\\\/02\\\/ikona-powrot1.png\",\"datePublished\":\"2023-03-04T20:12:53+00:00\",\"dateModified\":\"2025-12-30T23:25:35+00:00\",\"breadcrumb\":{\"@id\":\"https:\\\/\\\/m8.mech.pk.edu.pl\\\/index.php\\\/symulator\\\/zasady-rezerwacji-jazd-indywidualnych-w-symulatorze-tramwaju-ngt6\\\/#breadcrumb\"},\"inLanguage\":\"pl-PL\",\"potentialAction\":[{\"@type\":\"ReadAction\",\"target\":[\"https:\\\/\\\/m8.mech.pk.edu.pl\\\/index.php\\\/symulator\\\/zasady-rezerwacji-jazd-indywidualnych-w-symulatorze-tramwaju-ngt6\\\/\"]}]},{\"@type\":\"ImageObject\",\"inLanguage\":\"pl-PL\",\"@id\":\"https:\\\/\\\/m8.mech.pk.edu.pl\\\/index.php\\\/symulator\\\/zasady-rezerwacji-jazd-indywidualnych-w-symulatorze-tramwaju-ngt6\\\/#primaryimage\",\"url\":\"https:\\\/\\\/m8.mech.pk.edu.pl\\\/wp-content\\\/uploads\\\/2024\\\/02\\\/ikona-powrot1.png\",\"contentUrl\":\"https:\\\/\\\/m8.mech.pk.edu.pl\\\/wp-content\\\/uploads\\\/2024\\\/02\\\/ikona-powrot1.png\",\"width\":452,\"height\":118},{\"@type\":\"BreadcrumbList\",\"@id\":\"https:\\\/\\\/m8.mech.pk.edu.pl\\\/index.php\\\/symulator\\\/zasady-rezerwacji-jazd-indywidualnych-w-symulatorze-tramwaju-ngt6\\\/#breadcrumb\",\"itemListElement\":[{\"@type\":\"ListItem\",\"position\":1,\"name\":\"Strona g\u0142\u00f3wna\",\"item\":\"https:\\\/\\\/m8.mech.pk.edu.pl\\\/\"},{\"@type\":\"ListItem\",\"position\":2,\"name\":\"Symulator Tramwaju NGT6\",\"item\":\"https:\\\/\\\/m8.mech.pk.edu.pl\\\/index.php\\\/symulator\\\/\"},{\"@type\":\"ListItem\",\"position\":3,\"name\":\"Symulator Tramwaju NGT6 &#8211; UMAWIANIE JAZD\"}]},{\"@type\":\"WebSite\",\"@id\":\"https:\\\/\\\/m8.mech.pk.edu.pl\\\/#website\",\"url\":\"https:\\\/\\\/m8.mech.pk.edu.pl\\\/\",\"name\":\"Katedra Pojazd\u00f3w Szynowych i Transportu\",\"description\":\"Katedra Pojazd\u00f3w Szynowych i Transportu Politechniki Krakowskiej na Wydziale Mechanicznym\",\"publisher\":{\"@id\":\"https:\\\/\\\/m8.mech.pk.edu.pl\\\/#organization\"},\"potentialAction\":[{\"@type\":\"SearchAction\",\"target\":{\"@type\":\"EntryPoint\",\"urlTemplate\":\"https:\\\/\\\/m8.mech.pk.edu.pl\\\/?s={search_term_string}\"},\"query-input\":{\"@type\":\"PropertyValueSpecification\",\"valueRequired\":true,\"valueName\":\"search_term_string\"}}],\"inLanguage\":\"pl-PL\"},{\"@type\":\"Organization\",\"@id\":\"https:\\\/\\\/m8.mech.pk.edu.pl\\\/#organization\",\"name\":\"Katedra Pojazd\u00f3w Szynowych\",\"url\":\"https:\\\/\\\/m8.mech.pk.edu.pl\\\/\",\"logo\":{\"@type\":\"ImageObject\",\"inLanguage\":\"pl-PL\",\"@id\":\"https:\\\/\\\/m8.mech.pk.edu.pl\\\/#\\\/schema\\\/logo\\\/image\\\/\",\"url\":\"https:\\\/\\\/m8.mech.pk.edu.pl\\\/wp-content\\\/uploads\\\/2021\\\/01\\\/logo-mail-kpsit.png\",\"contentUrl\":\"https:\\\/\\\/m8.mech.pk.edu.pl\\\/wp-content\\\/uploads\\\/2021\\\/01\\\/logo-mail-kpsit.png\",\"width\":300,\"height\":119,\"caption\":\"Katedra Pojazd\u00f3w Szynowych\"},\"image\":{\"@id\":\"https:\\\/\\\/m8.mech.pk.edu.pl\\\/#\\\/schema\\\/logo\\\/image\\\/\"},\"sameAs\":[\"https:\\\/\\\/facebook.com\\\/KPSzTPK\",\"https:\\\/\\\/www.youtube.com\\\/channel\\\/UCen3PQ3fl3ry92o_lHkyVaQ\"]}]}<\/script>\n<!-- \/ Yoast SEO plugin. -->","yoast_head_json":{"title":"Symulator Tramwaju NGT6 - UMAWIANIE JAZD - Katedra Pojazd\u00f3w Szynowych i Transportu","robots":{"index":"index","follow":"follow","max-snippet":"max-snippet:-1","max-image-preview":"max-image-preview:large","max-video-preview":"max-video-preview:-1"},"canonical":"https:\/\/m8.mech.pk.edu.pl\/index.php\/symulator\/zasady-rezerwacji-jazd-indywidualnych-w-symulatorze-tramwaju-ngt6\/","og_locale":"pl_PL","og_type":"article","og_title":"Symulator Tramwaju NGT6 - UMAWIANIE JAZD - Katedra Pojazd\u00f3w Szynowych i Transportu","og_description":"Z naszego symulatora, w ramach jazd edukacyjnych, mog\u0105 korzysta\u0107 osoby indywidualne jak r\u00f3wnie\u017c grupy zorganizowane. ZASADY REZERWACJI JAZD W SYMULATORZE TRAMWAJU NGT6: Ostatnia aktualizacja: 31.12.2025 r.","og_url":"https:\/\/m8.mech.pk.edu.pl\/index.php\/symulator\/zasady-rezerwacji-jazd-indywidualnych-w-symulatorze-tramwaju-ngt6\/","og_site_name":"Katedra Pojazd\u00f3w Szynowych i Transportu","article_publisher":"https:\/\/facebook.com\/KPSzTPK","article_modified_time":"2025-12-30T23:25:35+00:00","og_image":[{"width":452,"height":118,"url":"https:\/\/m8.mech.pk.edu.pl\/wp-content\/uploads\/2024\/02\/ikona-powrot1.png","type":"image\/png"}],"twitter_card":"summary_large_image","twitter_misc":{"Szacowany czas czytania":"4 minuty"},"schema":{"@context":"https:\/\/schema.org","@graph":[{"@type":"WebPage","@id":"https:\/\/m8.mech.pk.edu.pl\/index.php\/symulator\/zasady-rezerwacji-jazd-indywidualnych-w-symulatorze-tramwaju-ngt6\/","url":"https:\/\/m8.mech.pk.edu.pl\/index.php\/symulator\/zasady-rezerwacji-jazd-indywidualnych-w-symulatorze-tramwaju-ngt6\/","name":"Symulator Tramwaju NGT6 - UMAWIANIE JAZD - Katedra Pojazd\u00f3w Szynowych i Transportu","isPartOf":{"@id":"https:\/\/m8.mech.pk.edu.pl\/#website"},"primaryImageOfPage":{"@id":"https:\/\/m8.mech.pk.edu.pl\/index.php\/symulator\/zasady-rezerwacji-jazd-indywidualnych-w-symulatorze-tramwaju-ngt6\/#primaryimage"},"image":{"@id":"https:\/\/m8.mech.pk.edu.pl\/index.php\/symulator\/zasady-rezerwacji-jazd-indywidualnych-w-symulatorze-tramwaju-ngt6\/#primaryimage"},"thumbnailUrl":"https:\/\/m8.mech.pk.edu.pl\/wp-content\/uploads\/2024\/02\/ikona-powrot1.png","datePublished":"2023-03-04T20:12:53+00:00","dateModified":"2025-12-30T23:25:35+00:00","breadcrumb":{"@id":"https:\/\/m8.mech.pk.edu.pl\/index.php\/symulator\/zasady-rezerwacji-jazd-indywidualnych-w-symulatorze-tramwaju-ngt6\/#breadcrumb"},"inLanguage":"pl-PL","potentialAction":[{"@type":"ReadAction","target":["https:\/\/m8.mech.pk.edu.pl\/index.php\/symulator\/zasady-rezerwacji-jazd-indywidualnych-w-symulatorze-tramwaju-ngt6\/"]}]},{"@type":"ImageObject","inLanguage":"pl-PL","@id":"https:\/\/m8.mech.pk.edu.pl\/index.php\/symulator\/zasady-rezerwacji-jazd-indywidualnych-w-symulatorze-tramwaju-ngt6\/#primaryimage","url":"https:\/\/m8.mech.pk.edu.pl\/wp-content\/uploads\/2024\/02\/ikona-powrot1.png","contentUrl":"https:\/\/m8.mech.pk.edu.pl\/wp-content\/uploads\/2024\/02\/ikona-powrot1.png","width":452,"height":118},{"@type":"BreadcrumbList","@id":"https:\/\/m8.mech.pk.edu.pl\/index.php\/symulator\/zasady-rezerwacji-jazd-indywidualnych-w-symulatorze-tramwaju-ngt6\/#breadcrumb","itemListElement":[{"@type":"ListItem","position":1,"name":"Strona g\u0142\u00f3wna","item":"https:\/\/m8.mech.pk.edu.pl\/"},{"@type":"ListItem","position":2,"name":"Symulator Tramwaju NGT6","item":"https:\/\/m8.mech.pk.edu.pl\/index.php\/symulator\/"},{"@type":"ListItem","position":3,"name":"Symulator Tramwaju NGT6 &#8211; UMAWIANIE JAZD"}]},{"@type":"WebSite","@id":"https:\/\/m8.mech.pk.edu.pl\/#website","url":"https:\/\/m8.mech.pk.edu.pl\/","name":"Katedra Pojazd\u00f3w Szynowych i Transportu","description":"Katedra Pojazd\u00f3w Szynowych i Transportu Politechniki Krakowskiej na Wydziale Mechanicznym","publisher":{"@id":"https:\/\/m8.mech.pk.edu.pl\/#organization"},"potentialAction":[{"@type":"SearchAction","target":{"@type":"EntryPoint","urlTemplate":"https:\/\/m8.mech.pk.edu.pl\/?s={search_term_string}"},"query-input":{"@type":"PropertyValueSpecification","valueRequired":true,"valueName":"search_term_string"}}],"inLanguage":"pl-PL"},{"@type":"Organization","@id":"https:\/\/m8.mech.pk.edu.pl\/#organization","name":"Katedra Pojazd\u00f3w Szynowych","url":"https:\/\/m8.mech.pk.edu.pl\/","logo":{"@type":"ImageObject","inLanguage":"pl-PL","@id":"https:\/\/m8.mech.pk.edu.pl\/#\/schema\/logo\/image\/","url":"https:\/\/m8.mech.pk.edu.pl\/wp-content\/uploads\/2021\/01\/logo-mail-kpsit.png","contentUrl":"https:\/\/m8.mech.pk.edu.pl\/wp-content\/uploads\/2021\/01\/logo-mail-kpsit.png","width":300,"height":119,"caption":"Katedra Pojazd\u00f3w Szynowych"},"image":{"@id":"https:\/\/m8.mech.pk.edu.pl\/#\/schema\/logo\/image\/"},"sameAs":["https:\/\/facebook.com\/KPSzTPK","https:\/\/www.youtube.com\/channel\/UCen3PQ3fl3ry92o_lHkyVaQ"]}]}},"_links":{"self":[{"href":"https:\/\/m8.mech.pk.edu.pl\/index.php\/wp-json\/wp\/v2\/pages\/3483","targetHints":{"allow":["GET"]}}],"collection":[{"href":"https:\/\/m8.mech.pk.edu.pl\/index.php\/wp-json\/wp\/v2\/pages"}],"about":[{"href":"https:\/\/m8.mech.pk.edu.pl\/index.php\/wp-json\/wp\/v2\/types\/page"}],"author":[{"embeddable":true,"href":"https:\/\/m8.mech.pk.edu.pl\/index.php\/wp-json\/wp\/v2\/users\/5"}],"replies":[{"embeddable":true,"href":"https:\/\/m8.mech.pk.edu.pl\/index.php\/wp-json\/wp\/v2\/comments?post=3483"}],"version-history":[{"count":36,"href":"https:\/\/m8.mech.pk.edu.pl\/index.php\/wp-json\/wp\/v2\/pages\/3483\/revisions"}],"predecessor-version":[{"id":6112,"href":"https:\/\/m8.mech.pk.edu.pl\/index.php\/wp-json\/wp\/v2\/pages\/3483\/revisions\/6112"}],"up":[{"embeddable":true,"href":"https:\/\/m8.mech.pk.edu.pl\/index.php\/wp-json\/wp\/v2\/pages\/210"}],"wp:attachment":[{"href":"https:\/\/m8.mech.pk.edu.pl\/index.php\/wp-json\/wp\/v2\/media?parent=3483"}],"curies":[{"name":"wp","href":"https:\/\/api.w.org\/{rel}","templated":true}]}}