{"id":325,"date":"2021-01-14T07:54:56","date_gmt":"2021-01-14T06:54:56","guid":{"rendered":"http:\/\/149.156.155.135\/?page_id=325"},"modified":"2023-08-22T10:20:11","modified_gmt":"2023-08-22T08:20:11","slug":"catia-v5","status":"publish","type":"page","link":"https:\/\/m8.mech.pk.edu.pl\/index.php\/kursy\/catia-v5\/","title":{"rendered":"Kurs oprogramowania in\u017cynierskiego &#8211; CATIA V5"},"content":{"rendered":"\n<p class=\"has-medium-font-size\">Kursy obejmuj\u0105 12 godzin&nbsp;lekcyjnych &#8211; po 45 min.&nbsp;(ka\u017cdy poziom) zaj\u0119\u0107 praktycznych z zastosowania oprogramowania. Zaj\u0119cia odbywaj\u0105 si\u0119 w ma\u0142ych grupach (maks. 12 os\u00f3b). Uko\u0144czenie kursu zapewni uczestnikom zdobycie umiej\u0119tno\u015bci do zastosowania w praktyce zawodowej komputerowego wspomagania projektowania.<br>Wszystkim uczestnikom, po uko\u0144czeniu kursu, zostanie wystawione przez organizator\u00f3w stosowne za\u015bwiadczenie.<\/p>\n\n\n\n<p class=\"has-vivid-red-color has-text-color has-medium-font-size\"><strong>Lista os\u00f3b ch\u0119tnych do odbycia kursu dost\u0119pna pod linkiem:&nbsp;<a href=\"https:\/\/tiny.pl\/tpbvk\">https:\/\/tiny.pl\/tpbvk<\/a><\/strong><\/p>\n\n\n\n<h1 class=\"wp-block-heading has-medium-font-size\" id=\"zapisy-i-informacje-o-terminach\">Zapisy i informacje o terminach:<\/h1>\n\n\n\n<p class=\"has-medium-font-size\">Zapisy na kurs prowadzi dr in\u017c. Tomasz Kuczek.<br>e-mail:&nbsp;<a href=\"mailto:tomasz.kuczek@pk.edu.pl\">tomasz.kuczek@pk.edu.pl<\/a><br><\/p>\n\n\n\n<p class=\"has-medium-font-size\">Kursy odbywaj\u0105 si\u0119 po zebraniu si\u0119 grupy.<\/p>\n\n\n\n<p class=\"has-medium-font-size\">Uwaga: ilo\u015b\u0107 miejsc ograniczona!<\/p>\n\n\n\n<h1 class=\"wp-block-heading has-medium-font-size\">Tabela op\u0142at za kurs:<\/h1>\n\n\n\n<figure class=\"wp-block-table is-style-stripes\"><table><tbody><tr><td><strong>Status uczestnika<\/strong><\/td><td><strong>Op\u0142ata za jeden modu\u0142 (12 godzin&nbsp;lekcyjnych &#8211; 45 min.)<\/strong><\/td><\/tr><tr><td>Studenci<\/td><td>475 z\u0142<\/td><\/tr><tr><td>Absolwenci<\/td><td>700 z\u0142<\/td><\/tr><\/tbody><\/table><\/figure>\n\n\n\n<p class=\"has-medium-font-size\">Odbi\u00f3r dyplom\u00f3w uko\u0144czenia kursu odbywa si\u0119 w Sekretariacie KPSiT (pok. A419 &#8211; bud. A, IV p.) po zako\u0144czeniu kursu, &nbsp;od poniedzia\u0142ku do pi\u0105tku w godz. od 9:00 do 14:30<\/p>\n\n\n\n<p class=\"has-medium-font-size\">Zapraszamy do udzia\u0142u w nast\u0119puj\u0105cych kursach:<\/p>\n\n\n\n<p class=\"has-medium-font-size\"><strong>Poziom&nbsp;I&nbsp;\u201eProjektowanie&nbsp;konstrukcji&nbsp;3D&nbsp;w&nbsp;programie&nbsp;CATIA&nbsp;V5\u201d<\/strong><\/p>\n\n\n\n<p class=\"has-medium-font-size\">Program kursu obejmuje:<\/p>\n\n\n\n<ol class=\"wp-block-list\">\n<li class=\"has-medium-font-size\">Interfejs u\u017cytkownika,<\/li>\n\n\n\n<li class=\"has-medium-font-size\">Szkicownik, modelowanie parametryczne 2D,<\/li>\n\n\n\n<li class=\"has-medium-font-size\">Modelowanie bry\u0142owe,<\/li>\n\n\n\n<li class=\"has-medium-font-size\">Dodawanie do modelu 3D cech materia\u0142owych, wizualizacja,<\/li>\n\n\n\n<li class=\"has-medium-font-size\">Wykonywanie z\u0142o\u017ce\u0144 oraz ich edycja, BOM,<\/li>\n\n\n\n<li class=\"has-medium-font-size\">Tworzenie dokumentacji technicznej.<\/li>\n<\/ol>\n\n\n\n<p class=\"has-medium-font-size\"><strong>Poziom II&nbsp;\u201eZaawansowane&nbsp;modelowanie&nbsp;3D&nbsp;w&nbsp;programie&nbsp;CATIA&nbsp;V5\u201d<\/strong><\/p>\n\n\n\n<p class=\"has-medium-font-size\">Program kursu obejmuje:<\/p>\n\n\n\n<ol class=\"wp-block-list\">\n<li class=\"has-medium-font-size\">Parametryzacja konstrukcji,<\/li>\n\n\n\n<li class=\"has-medium-font-size\">Zaawansowane modelowanie bry\u0142owe 3D,<\/li>\n\n\n\n<li class=\"has-medium-font-size\">Modelowanie powierzchniowe 3D,<\/li>\n\n\n\n<li class=\"has-medium-font-size\">Obr\u00f3bka modelu CAD po digitalizacji,<\/li>\n\n\n\n<li class=\"has-medium-font-size\">Modelowanie konstrukcji z blach,<\/li>\n\n\n\n<li class=\"has-medium-font-size\">Grafika prezentacyjna.<\/li>\n\n\n\n<li class=\"has-medium-font-size\">Przygotowanie modelu CAD do analizy MES,<\/li>\n\n\n\n<li class=\"has-medium-font-size\">Generowanie siatki element\u00f3w sko\u0144czonych,<\/li>\n\n\n\n<li class=\"has-medium-font-size\">Warunki brzegowe analizy,<\/li>\n\n\n\n<li class=\"has-medium-font-size\">Analiza i prezentacja wynik\u00f3w bada\u0144,<\/li>\n\n\n\n<li class=\"has-medium-font-size\">Tworzenie raport\u00f3w,<\/li>\n\n\n\n<li class=\"has-medium-font-size\">Optymalizacja wytrzyma\u0142o\u015bciowa konstrukcji.<\/li>\n<\/ol>\n\n\n<div class=\"wp-block-image is-style-default\">\n<figure class=\"alignleft size-large is-resized\"><img loading=\"lazy\" decoding=\"async\" src=\"https:\/\/m8.mech.pk.edu.pl\/wp-content\/uploads\/2021\/01\/ezt-kpsit-1p-1024x134.png\" alt=\"\" style=\"width:1100px;height:150px\" width=\"1100\" height=\"150\"\/><\/figure>\n<\/div>","protected":false},"excerpt":{"rendered":"<p>Kursy obejmuj\u0105 12 godzin&nbsp;lekcyjnych &#8211; po 45 min.&nbsp;(ka\u017cdy poziom) zaj\u0119\u0107 praktycznych z zastosowania oprogramowania. Zaj\u0119cia odbywaj\u0105 si\u0119 w ma\u0142ych grupach (maks. 12 os\u00f3b). Uko\u0144czenie kursu zapewni uczestnikom zdobycie umiej\u0119tno\u015bci do zastosowania w praktyce zawodowej komputerowego wspomagania projektowania.Wszystkim uczestnikom, po uko\u0144czeniu kursu, zostanie wystawione przez organizator\u00f3w stosowne za\u015bwiadczenie. Lista os\u00f3b ch\u0119tnych do odbycia kursu dost\u0119pna pod [&hellip;]<\/p>\n","protected":false},"author":1,"featured_media":0,"parent":59,"menu_order":0,"comment_status":"closed","ping_status":"closed","template":"","meta":{"footnotes":""},"class_list":["post-325","page","type-page","status-publish","hentry"],"yoast_head":"<!-- This site is optimized with the Yoast SEO plugin v27.5 - https:\/\/yoast.com\/product\/yoast-seo-wordpress\/ -->\n<title>Kurs oprogramowania in\u017cynierskiego - CATIA V5 - Katedra Pojazd\u00f3w Szynowych i Transportu<\/title>\n<meta name=\"robots\" content=\"index, follow, max-snippet:-1, max-image-preview:large, max-video-preview:-1\" \/>\n<link rel=\"canonical\" href=\"https:\/\/m8.mech.pk.edu.pl\/index.php\/kursy\/catia-v5\/\" \/>\n<meta property=\"og:locale\" content=\"pl_PL\" \/>\n<meta property=\"og:type\" content=\"article\" \/>\n<meta property=\"og:title\" content=\"Kurs oprogramowania in\u017cynierskiego - CATIA V5 - Katedra Pojazd\u00f3w Szynowych i Transportu\" \/>\n<meta property=\"og:description\" content=\"Kursy obejmuj\u0105 12 godzin&nbsp;lekcyjnych &#8211; po 45 min.&nbsp;(ka\u017cdy poziom) zaj\u0119\u0107 praktycznych z zastosowania oprogramowania. Zaj\u0119cia odbywaj\u0105 si\u0119 w ma\u0142ych grupach (maks. 12 os\u00f3b). Uko\u0144czenie kursu zapewni uczestnikom zdobycie umiej\u0119tno\u015bci do zastosowania w praktyce zawodowej komputerowego wspomagania projektowania.Wszystkim uczestnikom, po uko\u0144czeniu kursu, zostanie wystawione przez organizator\u00f3w stosowne za\u015bwiadczenie. Lista os\u00f3b ch\u0119tnych do odbycia kursu dost\u0119pna pod [&hellip;]\" \/>\n<meta property=\"og:url\" content=\"https:\/\/m8.mech.pk.edu.pl\/index.php\/kursy\/catia-v5\/\" \/>\n<meta property=\"og:site_name\" content=\"Katedra Pojazd\u00f3w Szynowych i Transportu\" \/>\n<meta property=\"article:publisher\" content=\"https:\/\/facebook.com\/KPSzTPK\" \/>\n<meta property=\"article:modified_time\" content=\"2023-08-22T08:20:11+00:00\" \/>\n<meta property=\"og:image\" content=\"https:\/\/m8.mech.pk.edu.pl\/wp-content\/uploads\/2021\/01\/ezt-kpsit-1p-1024x134.png\" \/>\n<meta name=\"twitter:card\" content=\"summary_large_image\" \/>\n<meta name=\"twitter:label1\" content=\"Szacowany czas czytania\" \/>\n\t<meta name=\"twitter:data1\" content=\"2 minuty\" \/>\n<script type=\"application\/ld+json\" class=\"yoast-schema-graph\">{\"@context\":\"https:\\\/\\\/schema.org\",\"@graph\":[{\"@type\":\"WebPage\",\"@id\":\"https:\\\/\\\/m8.mech.pk.edu.pl\\\/index.php\\\/kursy\\\/catia-v5\\\/\",\"url\":\"https:\\\/\\\/m8.mech.pk.edu.pl\\\/index.php\\\/kursy\\\/catia-v5\\\/\",\"name\":\"Kurs oprogramowania in\u017cynierskiego - CATIA V5 - Katedra Pojazd\u00f3w Szynowych i Transportu\",\"isPartOf\":{\"@id\":\"https:\\\/\\\/m8.mech.pk.edu.pl\\\/#website\"},\"primaryImageOfPage\":{\"@id\":\"https:\\\/\\\/m8.mech.pk.edu.pl\\\/index.php\\\/kursy\\\/catia-v5\\\/#primaryimage\"},\"image\":{\"@id\":\"https:\\\/\\\/m8.mech.pk.edu.pl\\\/index.php\\\/kursy\\\/catia-v5\\\/#primaryimage\"},\"thumbnailUrl\":\"https:\\\/\\\/m8.mech.pk.edu.pl\\\/wp-content\\\/uploads\\\/2021\\\/01\\\/ezt-kpsit-1p-1024x134.png\",\"datePublished\":\"2021-01-14T06:54:56+00:00\",\"dateModified\":\"2023-08-22T08:20:11+00:00\",\"breadcrumb\":{\"@id\":\"https:\\\/\\\/m8.mech.pk.edu.pl\\\/index.php\\\/kursy\\\/catia-v5\\\/#breadcrumb\"},\"inLanguage\":\"pl-PL\",\"potentialAction\":[{\"@type\":\"ReadAction\",\"target\":[\"https:\\\/\\\/m8.mech.pk.edu.pl\\\/index.php\\\/kursy\\\/catia-v5\\\/\"]}]},{\"@type\":\"ImageObject\",\"inLanguage\":\"pl-PL\",\"@id\":\"https:\\\/\\\/m8.mech.pk.edu.pl\\\/index.php\\\/kursy\\\/catia-v5\\\/#primaryimage\",\"url\":\"https:\\\/\\\/m8.mech.pk.edu.pl\\\/wp-content\\\/uploads\\\/2021\\\/01\\\/ezt-kpsit-1p.png\",\"contentUrl\":\"https:\\\/\\\/m8.mech.pk.edu.pl\\\/wp-content\\\/uploads\\\/2021\\\/01\\\/ezt-kpsit-1p.png\",\"width\":1954,\"height\":256},{\"@type\":\"BreadcrumbList\",\"@id\":\"https:\\\/\\\/m8.mech.pk.edu.pl\\\/index.php\\\/kursy\\\/catia-v5\\\/#breadcrumb\",\"itemListElement\":[{\"@type\":\"ListItem\",\"position\":1,\"name\":\"Strona g\u0142\u00f3wna\",\"item\":\"https:\\\/\\\/m8.mech.pk.edu.pl\\\/\"},{\"@type\":\"ListItem\",\"position\":2,\"name\":\"Kursy\",\"item\":\"https:\\\/\\\/m8.mech.pk.edu.pl\\\/index.php\\\/kursy\\\/\"},{\"@type\":\"ListItem\",\"position\":3,\"name\":\"Kurs oprogramowania in\u017cynierskiego &#8211; CATIA V5\"}]},{\"@type\":\"WebSite\",\"@id\":\"https:\\\/\\\/m8.mech.pk.edu.pl\\\/#website\",\"url\":\"https:\\\/\\\/m8.mech.pk.edu.pl\\\/\",\"name\":\"Katedra Pojazd\u00f3w Szynowych i Transportu\",\"description\":\"Katedra Pojazd\u00f3w Szynowych i Transportu Politechniki Krakowskiej na Wydziale Mechanicznym\",\"publisher\":{\"@id\":\"https:\\\/\\\/m8.mech.pk.edu.pl\\\/#organization\"},\"potentialAction\":[{\"@type\":\"SearchAction\",\"target\":{\"@type\":\"EntryPoint\",\"urlTemplate\":\"https:\\\/\\\/m8.mech.pk.edu.pl\\\/?s={search_term_string}\"},\"query-input\":{\"@type\":\"PropertyValueSpecification\",\"valueRequired\":true,\"valueName\":\"search_term_string\"}}],\"inLanguage\":\"pl-PL\"},{\"@type\":\"Organization\",\"@id\":\"https:\\\/\\\/m8.mech.pk.edu.pl\\\/#organization\",\"name\":\"Katedra Pojazd\u00f3w Szynowych\",\"url\":\"https:\\\/\\\/m8.mech.pk.edu.pl\\\/\",\"logo\":{\"@type\":\"ImageObject\",\"inLanguage\":\"pl-PL\",\"@id\":\"https:\\\/\\\/m8.mech.pk.edu.pl\\\/#\\\/schema\\\/logo\\\/image\\\/\",\"url\":\"https:\\\/\\\/m8.mech.pk.edu.pl\\\/wp-content\\\/uploads\\\/2021\\\/01\\\/logo-mail-kpsit.png\",\"contentUrl\":\"https:\\\/\\\/m8.mech.pk.edu.pl\\\/wp-content\\\/uploads\\\/2021\\\/01\\\/logo-mail-kpsit.png\",\"width\":300,\"height\":119,\"caption\":\"Katedra Pojazd\u00f3w Szynowych\"},\"image\":{\"@id\":\"https:\\\/\\\/m8.mech.pk.edu.pl\\\/#\\\/schema\\\/logo\\\/image\\\/\"},\"sameAs\":[\"https:\\\/\\\/facebook.com\\\/KPSzTPK\",\"https:\\\/\\\/www.youtube.com\\\/channel\\\/UCen3PQ3fl3ry92o_lHkyVaQ\"]}]}<\/script>\n<!-- \/ Yoast SEO plugin. -->","yoast_head_json":{"title":"Kurs oprogramowania in\u017cynierskiego - CATIA V5 - Katedra Pojazd\u00f3w Szynowych i Transportu","robots":{"index":"index","follow":"follow","max-snippet":"max-snippet:-1","max-image-preview":"max-image-preview:large","max-video-preview":"max-video-preview:-1"},"canonical":"https:\/\/m8.mech.pk.edu.pl\/index.php\/kursy\/catia-v5\/","og_locale":"pl_PL","og_type":"article","og_title":"Kurs oprogramowania in\u017cynierskiego - CATIA V5 - Katedra Pojazd\u00f3w Szynowych i Transportu","og_description":"Kursy obejmuj\u0105 12 godzin&nbsp;lekcyjnych &#8211; po 45 min.&nbsp;(ka\u017cdy poziom) zaj\u0119\u0107 praktycznych z zastosowania oprogramowania. Zaj\u0119cia odbywaj\u0105 si\u0119 w ma\u0142ych grupach (maks. 12 os\u00f3b). Uko\u0144czenie kursu zapewni uczestnikom zdobycie umiej\u0119tno\u015bci do zastosowania w praktyce zawodowej komputerowego wspomagania projektowania.Wszystkim uczestnikom, po uko\u0144czeniu kursu, zostanie wystawione przez organizator\u00f3w stosowne za\u015bwiadczenie. Lista os\u00f3b ch\u0119tnych do odbycia kursu dost\u0119pna pod [&hellip;]","og_url":"https:\/\/m8.mech.pk.edu.pl\/index.php\/kursy\/catia-v5\/","og_site_name":"Katedra Pojazd\u00f3w Szynowych i Transportu","article_publisher":"https:\/\/facebook.com\/KPSzTPK","article_modified_time":"2023-08-22T08:20:11+00:00","og_image":[{"url":"https:\/\/m8.mech.pk.edu.pl\/wp-content\/uploads\/2021\/01\/ezt-kpsit-1p-1024x134.png","type":"","width":"","height":""}],"twitter_card":"summary_large_image","twitter_misc":{"Szacowany czas czytania":"2 minuty"},"schema":{"@context":"https:\/\/schema.org","@graph":[{"@type":"WebPage","@id":"https:\/\/m8.mech.pk.edu.pl\/index.php\/kursy\/catia-v5\/","url":"https:\/\/m8.mech.pk.edu.pl\/index.php\/kursy\/catia-v5\/","name":"Kurs oprogramowania in\u017cynierskiego - CATIA V5 - Katedra Pojazd\u00f3w Szynowych i Transportu","isPartOf":{"@id":"https:\/\/m8.mech.pk.edu.pl\/#website"},"primaryImageOfPage":{"@id":"https:\/\/m8.mech.pk.edu.pl\/index.php\/kursy\/catia-v5\/#primaryimage"},"image":{"@id":"https:\/\/m8.mech.pk.edu.pl\/index.php\/kursy\/catia-v5\/#primaryimage"},"thumbnailUrl":"https:\/\/m8.mech.pk.edu.pl\/wp-content\/uploads\/2021\/01\/ezt-kpsit-1p-1024x134.png","datePublished":"2021-01-14T06:54:56+00:00","dateModified":"2023-08-22T08:20:11+00:00","breadcrumb":{"@id":"https:\/\/m8.mech.pk.edu.pl\/index.php\/kursy\/catia-v5\/#breadcrumb"},"inLanguage":"pl-PL","potentialAction":[{"@type":"ReadAction","target":["https:\/\/m8.mech.pk.edu.pl\/index.php\/kursy\/catia-v5\/"]}]},{"@type":"ImageObject","inLanguage":"pl-PL","@id":"https:\/\/m8.mech.pk.edu.pl\/index.php\/kursy\/catia-v5\/#primaryimage","url":"https:\/\/m8.mech.pk.edu.pl\/wp-content\/uploads\/2021\/01\/ezt-kpsit-1p.png","contentUrl":"https:\/\/m8.mech.pk.edu.pl\/wp-content\/uploads\/2021\/01\/ezt-kpsit-1p.png","width":1954,"height":256},{"@type":"BreadcrumbList","@id":"https:\/\/m8.mech.pk.edu.pl\/index.php\/kursy\/catia-v5\/#breadcrumb","itemListElement":[{"@type":"ListItem","position":1,"name":"Strona g\u0142\u00f3wna","item":"https:\/\/m8.mech.pk.edu.pl\/"},{"@type":"ListItem","position":2,"name":"Kursy","item":"https:\/\/m8.mech.pk.edu.pl\/index.php\/kursy\/"},{"@type":"ListItem","position":3,"name":"Kurs oprogramowania in\u017cynierskiego &#8211; CATIA V5"}]},{"@type":"WebSite","@id":"https:\/\/m8.mech.pk.edu.pl\/#website","url":"https:\/\/m8.mech.pk.edu.pl\/","name":"Katedra Pojazd\u00f3w Szynowych i Transportu","description":"Katedra Pojazd\u00f3w Szynowych i Transportu Politechniki Krakowskiej na Wydziale Mechanicznym","publisher":{"@id":"https:\/\/m8.mech.pk.edu.pl\/#organization"},"potentialAction":[{"@type":"SearchAction","target":{"@type":"EntryPoint","urlTemplate":"https:\/\/m8.mech.pk.edu.pl\/?s={search_term_string}"},"query-input":{"@type":"PropertyValueSpecification","valueRequired":true,"valueName":"search_term_string"}}],"inLanguage":"pl-PL"},{"@type":"Organization","@id":"https:\/\/m8.mech.pk.edu.pl\/#organization","name":"Katedra Pojazd\u00f3w Szynowych","url":"https:\/\/m8.mech.pk.edu.pl\/","logo":{"@type":"ImageObject","inLanguage":"pl-PL","@id":"https:\/\/m8.mech.pk.edu.pl\/#\/schema\/logo\/image\/","url":"https:\/\/m8.mech.pk.edu.pl\/wp-content\/uploads\/2021\/01\/logo-mail-kpsit.png","contentUrl":"https:\/\/m8.mech.pk.edu.pl\/wp-content\/uploads\/2021\/01\/logo-mail-kpsit.png","width":300,"height":119,"caption":"Katedra Pojazd\u00f3w Szynowych"},"image":{"@id":"https:\/\/m8.mech.pk.edu.pl\/#\/schema\/logo\/image\/"},"sameAs":["https:\/\/facebook.com\/KPSzTPK","https:\/\/www.youtube.com\/channel\/UCen3PQ3fl3ry92o_lHkyVaQ"]}]}},"_links":{"self":[{"href":"https:\/\/m8.mech.pk.edu.pl\/index.php\/wp-json\/wp\/v2\/pages\/325","targetHints":{"allow":["GET"]}}],"collection":[{"href":"https:\/\/m8.mech.pk.edu.pl\/index.php\/wp-json\/wp\/v2\/pages"}],"about":[{"href":"https:\/\/m8.mech.pk.edu.pl\/index.php\/wp-json\/wp\/v2\/types\/page"}],"author":[{"embeddable":true,"href":"https:\/\/m8.mech.pk.edu.pl\/index.php\/wp-json\/wp\/v2\/users\/1"}],"replies":[{"embeddable":true,"href":"https:\/\/m8.mech.pk.edu.pl\/index.php\/wp-json\/wp\/v2\/comments?post=325"}],"version-history":[{"count":15,"href":"https:\/\/m8.mech.pk.edu.pl\/index.php\/wp-json\/wp\/v2\/pages\/325\/revisions"}],"predecessor-version":[{"id":3852,"href":"https:\/\/m8.mech.pk.edu.pl\/index.php\/wp-json\/wp\/v2\/pages\/325\/revisions\/3852"}],"up":[{"embeddable":true,"href":"https:\/\/m8.mech.pk.edu.pl\/index.php\/wp-json\/wp\/v2\/pages\/59"}],"wp:attachment":[{"href":"https:\/\/m8.mech.pk.edu.pl\/index.php\/wp-json\/wp\/v2\/media?parent=325"}],"curies":[{"name":"wp","href":"https:\/\/api.w.org\/{rel}","templated":true}]}}