{"id":208,"date":"2021-01-11T11:21:11","date_gmt":"2021-01-11T10:21:11","guid":{"rendered":"http:\/\/149.156.155.135\/?page_id=208"},"modified":"2026-01-14T21:12:32","modified_gmt":"2026-01-14T20:12:32","slug":"inzynieria-pojazdow-szynowych","status":"publish","type":"page","link":"https:\/\/m8.mech.pk.edu.pl\/index.php\/inzynieria-pojazdow-szynowych\/","title":{"rendered":"In\u017cynieria Pojazd\u00f3w Szynowych"},"content":{"rendered":"\n<p class=\"has-medium-font-size\"><strong>In\u017cynieria Pojazd\u00f3w Szynowych to uruchomiona w 2017 roku innowacyjna specjalno\u015b\u0107 kszta\u0142cenia kadry in\u017cynierskiej,&nbsp;prowadzona w systemie dualnym na kierunku &#8222;\u015arodki Transportu i Logistyka&#8221;. Jest ona odpowiedzi\u0105 na dynamicznie rozwijaj\u0105cy si\u0119 sektor budowy i eksploatacji pojazd\u00f3w szynowych oraz id\u0105ce za tym zapotrzebowanie na wykwalifikowan\u0105 kadr\u0119 in\u017cyniersk\u0105 w tej bran\u017cy.<\/strong><\/p>\n\n\n\n<p class=\"has-medium-font-size\">Specjalno\u015b\u0107 ta \u0142\u0105czy w sobie teori\u0119 i praktyk\u0119 zgodnie z oczekiwaniami przysz\u0142ych pracodawc\u00f3w. W\u00a0ramach przedmiot\u00f3w specjalno\u015bciowych studenci zdobywaj\u0105 wiedz\u0119, umiej\u0119tno\u015bci oraz do\u015bwiadczenie praktyczne z zakresu budowy, projektowania, technologii, certyfikacji, eksploatacji pojazd\u00f3w szynowych, kt\u00f3re umo\u017cliwiaj\u0105 im \u0142atwe podj\u0119cie pracy w przedsi\u0119biorstwach zwi\u0105zanych z\u00a0transportem szynowym i innych dziedzinach gospodarki.|<br><\/p>\n\n\n\n<div class=\"wp-block-columns are-vertically-aligned-center is-layout-flex wp-container-core-columns-is-layout-9d6595d7 wp-block-columns-is-layout-flex\">\n<div class=\"wp-block-column is-vertically-aligned-center is-layout-flow wp-block-column-is-layout-flow\"><div class=\"wp-block-image\">\n<figure class=\"aligncenter size-large is-resized\"><a href=\"https:\/\/m8.mech.pk.edu.pl\/index.php\/ips-o-specjalnosci\/\"><img decoding=\"async\" src=\"https:\/\/m8.mech.pk.edu.pl\/wp-content\/uploads\/2021\/01\/ips-specjalnosc.jpg\" alt=\"\" style=\"width:300px;height:157px\"\/><\/a><\/figure>\n<\/div>\n\n\n<div style=\"height:19px\" aria-hidden=\"true\" class=\"wp-block-spacer\"><\/div>\n\n\n<div class=\"wp-block-image\">\n<figure class=\"aligncenter size-large is-resized\"><a href=\"http:\/\/m8.mech.pk.edu.pl\/index.php\/inzynieria-pojazdow-szynowych\/ips-rekrutacja\"><img decoding=\"async\" src=\"https:\/\/m8.mech.pk.edu.pl\/wp-content\/uploads\/2021\/01\/ips-rekrutacja-300x157.jpg\" alt=\"\" style=\"width:300px\"\/><\/a><\/figure>\n<\/div><\/div>\n\n\n\n<div class=\"wp-block-column is-vertically-aligned-center is-layout-flow wp-block-column-is-layout-flow\"><div class=\"wp-block-image\">\n<figure class=\"aligncenter size-large is-resized\"><a href=\"http:\/\/m8.mech.pk.edu.pl\/index.php\/inzynieria-pojazdow-szynowych\/ips-relacje\/\"><img decoding=\"async\" src=\"https:\/\/m8.mech.pk.edu.pl\/wp-content\/uploads\/2021\/01\/ips-wydarzenia-300x157.jpg\" alt=\"\" style=\"width:300px\"\/><\/a><\/figure>\n<\/div>\n\n\n<div style=\"height:19px\" aria-hidden=\"true\" class=\"wp-block-spacer\"><\/div>\n\n\n<div class=\"wp-block-image\">\n<figure class=\"aligncenter size-large is-resized\"><a href=\"http:\/\/m8.mech.pk.edu.pl\/index.php\/ips-absolwenci\/\"><img decoding=\"async\" src=\"https:\/\/m8.mech.pk.edu.pl\/wp-content\/uploads\/2021\/01\/ips-absolwenci-300x157.jpg\" alt=\"\" style=\"width:300px\"\/><\/a><\/figure>\n<\/div><\/div>\n<\/div>\n\n\n\n<div class=\"wp-block-columns is-layout-flex wp-container-core-columns-is-layout-9d6595d7 wp-block-columns-is-layout-flex\">\n<div class=\"wp-block-column is-layout-flow wp-block-column-is-layout-flow\" style=\"flex-basis:100%\">\n<div class=\"wp-block-group\"><div class=\"wp-block-group__inner-container is-layout-constrained wp-block-group-is-layout-constrained\">\n<div class=\"wp-block-columns are-vertically-aligned-center is-layout-flex wp-container-core-columns-is-layout-9d6595d7 wp-block-columns-is-layout-flex\">\n<div class=\"wp-block-column is-vertically-aligned-center is-layout-flow wp-block-column-is-layout-flow\" style=\"flex-basis:66.66%\">\n<p class=\"has-medium-font-size\">Specjalno\u015b\u0107 <strong>In\u017cynieria Pojazd\u00f3w Szynowych<\/strong> prowadzona jest przez Katedr\u0119 Pojazd\u00f3w Szynowych i Transportu na Wydziale Mechanicznym Politechniki Krakowskiej przy wsp\u00f3\u0142pracy z <strong>Grup\u0105 NEWAG<\/strong> \u2013 czo\u0142owym polskim producentem nowoczesnego taboru szynowego oraz z innymi wiod\u0105cymi firmami z bran\u017cy przemys\u0142u taboru szynowego.&nbsp;<\/p>\n<\/div>\n\n\n\n<div class=\"wp-block-column is-vertically-aligned-center is-layout-flow wp-block-column-is-layout-flow\" style=\"flex-basis:200px\"><\/div>\n<\/div>\n<\/div><\/div>\n<\/div>\n<\/div>\n\n\n\n<p class=\"has-medium-font-size\">G\u0142\u00f3wni partnerzy specjalno\u015bci IPS:<\/p>\n\n\n<div class=\"wp-block-image is-style-default\">\n<figure class=\"aligncenter size-full is-resized\"><img loading=\"lazy\" decoding=\"async\" width=\"600\" height=\"627\" src=\"https:\/\/m8.mech.pk.edu.pl\/wp-content\/uploads\/2025\/02\/ips-partnerzy-2025.jpg\" alt=\"\" class=\"wp-image-5635\" style=\"width:618px;height:auto\" srcset=\"https:\/\/m8.mech.pk.edu.pl\/wp-content\/uploads\/2025\/02\/ips-partnerzy-2025.jpg 600w, https:\/\/m8.mech.pk.edu.pl\/wp-content\/uploads\/2025\/02\/ips-partnerzy-2025-287x300.jpg 287w\" sizes=\"auto, (max-width: 600px) 100vw, 600px\" \/><\/figure>\n<\/div>\n\n\n<div style=\"height:50px\" aria-hidden=\"true\" class=\"wp-block-spacer\"><\/div>\n\n\n<div class=\"wp-block-image is-style-default\">\n<figure class=\"aligncenter size-large is-resized\"><img decoding=\"async\" src=\"https:\/\/m8.mech.pk.edu.pl\/wp-content\/uploads\/2021\/01\/banerips-1-1024x193.png\" alt=\"\" style=\"width:700px;height:140px\"\/><\/figure>\n<\/div>","protected":false},"excerpt":{"rendered":"<p>In\u017cynieria Pojazd\u00f3w Szynowych to uruchomiona w 2017 roku innowacyjna specjalno\u015b\u0107 kszta\u0142cenia kadry in\u017cynierskiej,&nbsp;prowadzona w systemie dualnym na kierunku &#8222;\u015arodki Transportu i Logistyka&#8221;. Jest ona odpowiedzi\u0105 na dynamicznie rozwijaj\u0105cy si\u0119 sektor budowy i eksploatacji pojazd\u00f3w szynowych oraz id\u0105ce za tym zapotrzebowanie na wykwalifikowan\u0105 kadr\u0119 in\u017cyniersk\u0105 w tej bran\u017cy. Specjalno\u015b\u0107 ta \u0142\u0105czy w sobie teori\u0119 i praktyk\u0119 [&hellip;]<\/p>\n","protected":false},"author":1,"featured_media":0,"parent":0,"menu_order":0,"comment_status":"closed","ping_status":"closed","template":"","meta":{"footnotes":""},"class_list":["post-208","page","type-page","status-publish","hentry"],"yoast_head":"<!-- This site is optimized with the Yoast SEO plugin v27.4 - https:\/\/yoast.com\/product\/yoast-seo-wordpress\/ -->\n<title>In\u017cynieria Pojazd\u00f3w Szynowych - Katedra Pojazd\u00f3w Szynowych i Transportu<\/title>\n<meta name=\"robots\" content=\"index, follow, max-snippet:-1, max-image-preview:large, max-video-preview:-1\" \/>\n<link rel=\"canonical\" href=\"https:\/\/m8.mech.pk.edu.pl\/index.php\/inzynieria-pojazdow-szynowych\/\" \/>\n<meta property=\"og:locale\" content=\"pl_PL\" \/>\n<meta property=\"og:type\" content=\"article\" \/>\n<meta property=\"og:title\" content=\"In\u017cynieria Pojazd\u00f3w Szynowych - Katedra Pojazd\u00f3w Szynowych i Transportu\" \/>\n<meta property=\"og:description\" content=\"In\u017cynieria Pojazd\u00f3w Szynowych to uruchomiona w 2017 roku innowacyjna specjalno\u015b\u0107 kszta\u0142cenia kadry in\u017cynierskiej,&nbsp;prowadzona w systemie dualnym na kierunku &#8222;\u015arodki Transportu i Logistyka&#8221;. Jest ona odpowiedzi\u0105 na dynamicznie rozwijaj\u0105cy si\u0119 sektor budowy i eksploatacji pojazd\u00f3w szynowych oraz id\u0105ce za tym zapotrzebowanie na wykwalifikowan\u0105 kadr\u0119 in\u017cyniersk\u0105 w tej bran\u017cy. Specjalno\u015b\u0107 ta \u0142\u0105czy w sobie teori\u0119 i praktyk\u0119 [&hellip;]\" \/>\n<meta property=\"og:url\" content=\"https:\/\/m8.mech.pk.edu.pl\/index.php\/inzynieria-pojazdow-szynowych\/\" \/>\n<meta property=\"og:site_name\" content=\"Katedra Pojazd\u00f3w Szynowych i Transportu\" \/>\n<meta property=\"article:publisher\" content=\"https:\/\/facebook.com\/KPSzTPK\" \/>\n<meta property=\"article:modified_time\" content=\"2026-01-14T20:12:32+00:00\" \/>\n<meta property=\"og:image\" content=\"https:\/\/m8.mech.pk.edu.pl\/wp-content\/uploads\/2021\/01\/ips-specjalnosc.jpg\" \/>\n<meta name=\"twitter:card\" content=\"summary_large_image\" \/>\n<meta name=\"twitter:label1\" content=\"Szacowany czas czytania\" \/>\n\t<meta name=\"twitter:data1\" content=\"3 minuty\" \/>\n<script type=\"application\/ld+json\" class=\"yoast-schema-graph\">{\"@context\":\"https:\\\/\\\/schema.org\",\"@graph\":[{\"@type\":\"WebPage\",\"@id\":\"https:\\\/\\\/m8.mech.pk.edu.pl\\\/index.php\\\/inzynieria-pojazdow-szynowych\\\/\",\"url\":\"https:\\\/\\\/m8.mech.pk.edu.pl\\\/index.php\\\/inzynieria-pojazdow-szynowych\\\/\",\"name\":\"In\u017cynieria Pojazd\u00f3w Szynowych - Katedra Pojazd\u00f3w Szynowych i Transportu\",\"isPartOf\":{\"@id\":\"https:\\\/\\\/m8.mech.pk.edu.pl\\\/#website\"},\"primaryImageOfPage\":{\"@id\":\"https:\\\/\\\/m8.mech.pk.edu.pl\\\/index.php\\\/inzynieria-pojazdow-szynowych\\\/#primaryimage\"},\"image\":{\"@id\":\"https:\\\/\\\/m8.mech.pk.edu.pl\\\/index.php\\\/inzynieria-pojazdow-szynowych\\\/#primaryimage\"},\"thumbnailUrl\":\"https:\\\/\\\/m8.mech.pk.edu.pl\\\/wp-content\\\/uploads\\\/2021\\\/01\\\/ips-specjalnosc.jpg\",\"datePublished\":\"2021-01-11T10:21:11+00:00\",\"dateModified\":\"2026-01-14T20:12:32+00:00\",\"breadcrumb\":{\"@id\":\"https:\\\/\\\/m8.mech.pk.edu.pl\\\/index.php\\\/inzynieria-pojazdow-szynowych\\\/#breadcrumb\"},\"inLanguage\":\"pl-PL\",\"potentialAction\":[{\"@type\":\"ReadAction\",\"target\":[\"https:\\\/\\\/m8.mech.pk.edu.pl\\\/index.php\\\/inzynieria-pojazdow-szynowych\\\/\"]}]},{\"@type\":\"ImageObject\",\"inLanguage\":\"pl-PL\",\"@id\":\"https:\\\/\\\/m8.mech.pk.edu.pl\\\/index.php\\\/inzynieria-pojazdow-szynowych\\\/#primaryimage\",\"url\":\"https:\\\/\\\/m8.mech.pk.edu.pl\\\/wp-content\\\/uploads\\\/2021\\\/01\\\/ips-specjalnosc.jpg\",\"contentUrl\":\"https:\\\/\\\/m8.mech.pk.edu.pl\\\/wp-content\\\/uploads\\\/2021\\\/01\\\/ips-specjalnosc.jpg\",\"width\":300,\"height\":157},{\"@type\":\"BreadcrumbList\",\"@id\":\"https:\\\/\\\/m8.mech.pk.edu.pl\\\/index.php\\\/inzynieria-pojazdow-szynowych\\\/#breadcrumb\",\"itemListElement\":[{\"@type\":\"ListItem\",\"position\":1,\"name\":\"Strona g\u0142\u00f3wna\",\"item\":\"https:\\\/\\\/m8.mech.pk.edu.pl\\\/\"},{\"@type\":\"ListItem\",\"position\":2,\"name\":\"In\u017cynieria Pojazd\u00f3w Szynowych\"}]},{\"@type\":\"WebSite\",\"@id\":\"https:\\\/\\\/m8.mech.pk.edu.pl\\\/#website\",\"url\":\"https:\\\/\\\/m8.mech.pk.edu.pl\\\/\",\"name\":\"Katedra Pojazd\u00f3w Szynowych i Transportu\",\"description\":\"Katedra Pojazd\u00f3w Szynowych i Transportu Politechniki Krakowskiej na Wydziale Mechanicznym\",\"publisher\":{\"@id\":\"https:\\\/\\\/m8.mech.pk.edu.pl\\\/#organization\"},\"potentialAction\":[{\"@type\":\"SearchAction\",\"target\":{\"@type\":\"EntryPoint\",\"urlTemplate\":\"https:\\\/\\\/m8.mech.pk.edu.pl\\\/?s={search_term_string}\"},\"query-input\":{\"@type\":\"PropertyValueSpecification\",\"valueRequired\":true,\"valueName\":\"search_term_string\"}}],\"inLanguage\":\"pl-PL\"},{\"@type\":\"Organization\",\"@id\":\"https:\\\/\\\/m8.mech.pk.edu.pl\\\/#organization\",\"name\":\"Katedra Pojazd\u00f3w Szynowych\",\"url\":\"https:\\\/\\\/m8.mech.pk.edu.pl\\\/\",\"logo\":{\"@type\":\"ImageObject\",\"inLanguage\":\"pl-PL\",\"@id\":\"https:\\\/\\\/m8.mech.pk.edu.pl\\\/#\\\/schema\\\/logo\\\/image\\\/\",\"url\":\"https:\\\/\\\/m8.mech.pk.edu.pl\\\/wp-content\\\/uploads\\\/2021\\\/01\\\/logo-mail-kpsit.png\",\"contentUrl\":\"https:\\\/\\\/m8.mech.pk.edu.pl\\\/wp-content\\\/uploads\\\/2021\\\/01\\\/logo-mail-kpsit.png\",\"width\":300,\"height\":119,\"caption\":\"Katedra Pojazd\u00f3w Szynowych\"},\"image\":{\"@id\":\"https:\\\/\\\/m8.mech.pk.edu.pl\\\/#\\\/schema\\\/logo\\\/image\\\/\"},\"sameAs\":[\"https:\\\/\\\/facebook.com\\\/KPSzTPK\",\"https:\\\/\\\/www.youtube.com\\\/channel\\\/UCen3PQ3fl3ry92o_lHkyVaQ\"]}]}<\/script>\n<!-- \/ Yoast SEO plugin. -->","yoast_head_json":{"title":"In\u017cynieria Pojazd\u00f3w Szynowych - Katedra Pojazd\u00f3w Szynowych i Transportu","robots":{"index":"index","follow":"follow","max-snippet":"max-snippet:-1","max-image-preview":"max-image-preview:large","max-video-preview":"max-video-preview:-1"},"canonical":"https:\/\/m8.mech.pk.edu.pl\/index.php\/inzynieria-pojazdow-szynowych\/","og_locale":"pl_PL","og_type":"article","og_title":"In\u017cynieria Pojazd\u00f3w Szynowych - Katedra Pojazd\u00f3w Szynowych i Transportu","og_description":"In\u017cynieria Pojazd\u00f3w Szynowych to uruchomiona w 2017 roku innowacyjna specjalno\u015b\u0107 kszta\u0142cenia kadry in\u017cynierskiej,&nbsp;prowadzona w systemie dualnym na kierunku &#8222;\u015arodki Transportu i Logistyka&#8221;. Jest ona odpowiedzi\u0105 na dynamicznie rozwijaj\u0105cy si\u0119 sektor budowy i eksploatacji pojazd\u00f3w szynowych oraz id\u0105ce za tym zapotrzebowanie na wykwalifikowan\u0105 kadr\u0119 in\u017cyniersk\u0105 w tej bran\u017cy. Specjalno\u015b\u0107 ta \u0142\u0105czy w sobie teori\u0119 i praktyk\u0119 [&hellip;]","og_url":"https:\/\/m8.mech.pk.edu.pl\/index.php\/inzynieria-pojazdow-szynowych\/","og_site_name":"Katedra Pojazd\u00f3w Szynowych i Transportu","article_publisher":"https:\/\/facebook.com\/KPSzTPK","article_modified_time":"2026-01-14T20:12:32+00:00","og_image":[{"url":"https:\/\/m8.mech.pk.edu.pl\/wp-content\/uploads\/2021\/01\/ips-specjalnosc.jpg","type":"","width":"","height":""}],"twitter_card":"summary_large_image","twitter_misc":{"Szacowany czas czytania":"3 minuty"},"schema":{"@context":"https:\/\/schema.org","@graph":[{"@type":"WebPage","@id":"https:\/\/m8.mech.pk.edu.pl\/index.php\/inzynieria-pojazdow-szynowych\/","url":"https:\/\/m8.mech.pk.edu.pl\/index.php\/inzynieria-pojazdow-szynowych\/","name":"In\u017cynieria Pojazd\u00f3w Szynowych - Katedra Pojazd\u00f3w Szynowych i Transportu","isPartOf":{"@id":"https:\/\/m8.mech.pk.edu.pl\/#website"},"primaryImageOfPage":{"@id":"https:\/\/m8.mech.pk.edu.pl\/index.php\/inzynieria-pojazdow-szynowych\/#primaryimage"},"image":{"@id":"https:\/\/m8.mech.pk.edu.pl\/index.php\/inzynieria-pojazdow-szynowych\/#primaryimage"},"thumbnailUrl":"https:\/\/m8.mech.pk.edu.pl\/wp-content\/uploads\/2021\/01\/ips-specjalnosc.jpg","datePublished":"2021-01-11T10:21:11+00:00","dateModified":"2026-01-14T20:12:32+00:00","breadcrumb":{"@id":"https:\/\/m8.mech.pk.edu.pl\/index.php\/inzynieria-pojazdow-szynowych\/#breadcrumb"},"inLanguage":"pl-PL","potentialAction":[{"@type":"ReadAction","target":["https:\/\/m8.mech.pk.edu.pl\/index.php\/inzynieria-pojazdow-szynowych\/"]}]},{"@type":"ImageObject","inLanguage":"pl-PL","@id":"https:\/\/m8.mech.pk.edu.pl\/index.php\/inzynieria-pojazdow-szynowych\/#primaryimage","url":"https:\/\/m8.mech.pk.edu.pl\/wp-content\/uploads\/2021\/01\/ips-specjalnosc.jpg","contentUrl":"https:\/\/m8.mech.pk.edu.pl\/wp-content\/uploads\/2021\/01\/ips-specjalnosc.jpg","width":300,"height":157},{"@type":"BreadcrumbList","@id":"https:\/\/m8.mech.pk.edu.pl\/index.php\/inzynieria-pojazdow-szynowych\/#breadcrumb","itemListElement":[{"@type":"ListItem","position":1,"name":"Strona g\u0142\u00f3wna","item":"https:\/\/m8.mech.pk.edu.pl\/"},{"@type":"ListItem","position":2,"name":"In\u017cynieria Pojazd\u00f3w Szynowych"}]},{"@type":"WebSite","@id":"https:\/\/m8.mech.pk.edu.pl\/#website","url":"https:\/\/m8.mech.pk.edu.pl\/","name":"Katedra Pojazd\u00f3w Szynowych i Transportu","description":"Katedra Pojazd\u00f3w Szynowych i Transportu Politechniki Krakowskiej na Wydziale Mechanicznym","publisher":{"@id":"https:\/\/m8.mech.pk.edu.pl\/#organization"},"potentialAction":[{"@type":"SearchAction","target":{"@type":"EntryPoint","urlTemplate":"https:\/\/m8.mech.pk.edu.pl\/?s={search_term_string}"},"query-input":{"@type":"PropertyValueSpecification","valueRequired":true,"valueName":"search_term_string"}}],"inLanguage":"pl-PL"},{"@type":"Organization","@id":"https:\/\/m8.mech.pk.edu.pl\/#organization","name":"Katedra Pojazd\u00f3w Szynowych","url":"https:\/\/m8.mech.pk.edu.pl\/","logo":{"@type":"ImageObject","inLanguage":"pl-PL","@id":"https:\/\/m8.mech.pk.edu.pl\/#\/schema\/logo\/image\/","url":"https:\/\/m8.mech.pk.edu.pl\/wp-content\/uploads\/2021\/01\/logo-mail-kpsit.png","contentUrl":"https:\/\/m8.mech.pk.edu.pl\/wp-content\/uploads\/2021\/01\/logo-mail-kpsit.png","width":300,"height":119,"caption":"Katedra Pojazd\u00f3w Szynowych"},"image":{"@id":"https:\/\/m8.mech.pk.edu.pl\/#\/schema\/logo\/image\/"},"sameAs":["https:\/\/facebook.com\/KPSzTPK","https:\/\/www.youtube.com\/channel\/UCen3PQ3fl3ry92o_lHkyVaQ"]}]}},"_links":{"self":[{"href":"https:\/\/m8.mech.pk.edu.pl\/index.php\/wp-json\/wp\/v2\/pages\/208","targetHints":{"allow":["GET"]}}],"collection":[{"href":"https:\/\/m8.mech.pk.edu.pl\/index.php\/wp-json\/wp\/v2\/pages"}],"about":[{"href":"https:\/\/m8.mech.pk.edu.pl\/index.php\/wp-json\/wp\/v2\/types\/page"}],"author":[{"embeddable":true,"href":"https:\/\/m8.mech.pk.edu.pl\/index.php\/wp-json\/wp\/v2\/users\/1"}],"replies":[{"embeddable":true,"href":"https:\/\/m8.mech.pk.edu.pl\/index.php\/wp-json\/wp\/v2\/comments?post=208"}],"version-history":[{"count":76,"href":"https:\/\/m8.mech.pk.edu.pl\/index.php\/wp-json\/wp\/v2\/pages\/208\/revisions"}],"predecessor-version":[{"id":6122,"href":"https:\/\/m8.mech.pk.edu.pl\/index.php\/wp-json\/wp\/v2\/pages\/208\/revisions\/6122"}],"wp:attachment":[{"href":"https:\/\/m8.mech.pk.edu.pl\/index.php\/wp-json\/wp\/v2\/media?parent=208"}],"curies":[{"name":"wp","href":"https:\/\/api.w.org\/{rel}","templated":true}]}}