{"id":1891,"date":"2021-01-26T13:51:55","date_gmt":"2021-01-26T12:51:55","guid":{"rendered":"http:\/\/m8.mech.pk.edu.pl\/?page_id=1891"},"modified":"2022-02-22T12:30:33","modified_gmt":"2022-02-22T11:30:33","slug":"gajewska-teresa","status":"publish","type":"page","link":"https:\/\/m8.mech.pk.edu.pl\/index.php\/pracownicy\/gajewska-teresa\/","title":{"rendered":"Gajewska Teresa"},"content":{"rendered":"\n<div class=\"wp-block-columns are-vertically-aligned-center is-layout-flex wp-container-core-columns-is-layout-9d6595d7 wp-block-columns-is-layout-flex\">\n<div class=\"wp-block-column is-vertically-aligned-center is-layout-flow wp-block-column-is-layout-flow\" style=\"flex-basis:200px\">\n<div class=\"wp-block-image\"><figure class=\"aligncenter size-large\"><img loading=\"lazy\" decoding=\"async\" width=\"400\" height=\"600\" src=\"http:\/\/m8.mech.pk.edu.pl\/wp-content\/uploads\/2021\/01\/TGajewska3.jpg\" alt=\"\" class=\"wp-image-1825\" srcset=\"https:\/\/m8.mech.pk.edu.pl\/wp-content\/uploads\/2021\/01\/TGajewska3.jpg 400w, https:\/\/m8.mech.pk.edu.pl\/wp-content\/uploads\/2021\/01\/TGajewska3-200x300.jpg 200w\" sizes=\"auto, (max-width: 400px) 100vw, 400px\" \/><\/figure><\/div>\n<\/div>\n\n\n\n<div class=\"wp-block-column is-vertically-aligned-center is-layout-flow wp-block-column-is-layout-flow\">\n<p><strong>Gajewska Teresa<\/strong>&nbsp;dr in\u017c., adiunkt<br><a href=\"http:\/\/m8.mech.pk.edu.pl\/index.php\/m-08-2-zespol-systemow-logistycznych\/\">Zesp\u00f3\u0142 System\u00f3w Logistycznych M-08-2<br><\/a>pok\u00f3j: A424<br>tel. 12\/ 374-33-25<br>e-mail:&nbsp;<a rel=\"noreferrer noopener\" href=\"mailto:teresa.gajewska@pk.edu.pl\" target=\"_blank\">teresa.gajewska@pk.edu.pl<\/a><br>publikacje:&nbsp;<a rel=\"noreferrer noopener\" href=\"http:\/\/scholar.google.pl\/citations?user=MMtt5XUAAAAJ&amp;hl=pl\" target=\"_blank\">Google Scholar<\/a>,&nbsp;<a href=\"https:\/\/www.scopus.com\/authid\/detail.uri?authorId=6506304625\" target=\"_blank\" rel=\"noreferrer noopener\">Scopus<\/a>,&nbsp;<a rel=\"noreferrer noopener\" href=\"http:\/\/suw.biblos.pk.edu.pl\/userHomepage&amp;uId=3099&amp;rel=BPP-author\" target=\"_blank\">Bibliografia PK<\/a><br><a href=\"http:\/\/m8.mech.pk.edu.pl\/wp-content\/uploads\/2021\/01\/CV-Teresa-Gajewska.pdf\" target=\"_blank\" rel=\"noreferrer noopener\">Curriculum Vitae [ENG]<\/a><\/p>\n<\/div>\n<\/div>\n\n\n\n<p>Od pa\u017adziernika 2014 r. jestem adiunktem w Katedrze Pojazd\u00f3w Szynowych i Transportu Politechniki Krakowskiej (specjalno\u015b\u0107: towaroznawstwo, logistyka i transport). Pe\u0142ni\u0142am funkcj\u0119 recenzenta w ponad 30 czasopismach naukowych i materia\u0142ach konferencyjnych. Jestem &nbsp;redaktorem naczelnym czasopism takich jak: Archives of Transport, International Journal of Shipping and Transport Logistics, Energies, Sustainablility, cz\u0142onkiem Editorial Board czasopism naukowych: International Journal of Electronic Marketing and Retailing, Journal of Sustainable Development of Transport and Logistics oraz Guest Editor: the Annals of Operations Research, Symmetry. Jest autork\u0105 monografii naukowej z zakresu kryteri\u00f3w jako\u015bci us\u0142ug logistycznych w transporcie ch\u0142odniczym. Jej g\u0142\u00f3wne zainteresowania badawcze obejmuj\u0105 zagadnienia efektywno\u015bci procesu transportowego, problematyk\u0119 modelowania zimnego \u0142a\u0144cucha dostaw, analiz\u0119 satysfakcji klienta, ocen\u0119 jako\u015bci us\u0142ug logistycznych , optymalizacj\u0119 koszt\u00f3w transporcie. Opublikowa\u0142a ponad 50 artyku\u0142\u00f3w naukowych w czasopismach naukowych i materia\u0142ach konferencyjnych. Indeks Hirsza wynosi 5.<\/p>\n\n\n\n<p class=\"has-medium-font-size\"><strong>Wykszta\u0142cenie<\/strong><\/p>\n\n\n\n<ul class=\"wp-block-list\"><li>2016-2017<br>Politechnika Krakowska,&nbsp;<br>Centrum szkolenia i organizacji system\u00f3w jako\u015bci&nbsp;<br>Kierunek: Logistyka i transport drogowy&nbsp;<br>studia podyplomowe<\/li><li>2013-2014<br>Politechnika Krakowska,<br>Centrum Pedagogiki i Psychologii<br>Studium pedagogiczne<br>Uzyskane uprawnienia do nauczania w szkolnictwie wy\u017cszym<\/li><li>2008-2013<br>Uniwersytet Ekonomiczny w Krakowie, Wydzia\u0142 Finans\u00f3w<br>studia doktoranckie<br>doktor nauk ekonomicznych w dyscyplinie towaroznawstwo,<br>praca obroniona dnia 13.15.2013 r.,<br>temat rozprawy doktorskiej: \u201eKryteria jako\u015bci us\u0142ug logistycznych w transporcie ch\u0142odniczym\u201d<\/li><li><img loading=\"lazy\" decoding=\"async\" width=\"632\" height=\"4\" src=\"\">2003-2008<br>Akademia G\u00f3rniczo-Hutnicza w Krakowie<br>Wydzia\u0142 Zarz\u0105dzania<br>Kierunek: Zarz\u0105dzanie i in\u017cynieria produkcji<br>studia magisterskie jednolite<\/li><\/ul>\n\n\n\n<p class=\"has-medium-font-size\"><strong>Do\u015bwiadczenie zawodowe<\/strong><\/p>\n\n\n\n<ul class=\"wp-block-list\"><li>2014.10 &#8211; obecnie<br>Politechnika Krakowska im. Tadeusza Ko\u015bciuszki,<br>Wydzia\u0142 Mechaniczny<br>Katedra Pojazd\u00f3w Szynowych i Transportu<br>Adiunkt naukowo-dydaktyczny<\/li><li>2013.10-2014.09<br>Politechnika Krakowska im. Tadeusza Ko\u015bciuszki<br>Wydzia\u0142 Mechaniczny<br>Instytut Pojazd\u00f3w Szynowych<br>Asystent naukowo-dydaktyczny<\/li><li>2018.10 \u2013 obecnie<br>Uniwersytet Ekonomiczny w Krakowie<br>Wydzia\u0142 Zarz\u0105dzania<br>Katedra Zarz\u0105dzania Mi\u0119dzynarodowego<br>Wyk\u0142adowca<\/li><\/ul>\n\n\n\n<p class=\"has-medium-font-size\"><strong>Udzia\u0142 w projektach badawczych<\/strong><\/p>\n\n\n\n<ul class=\"wp-block-list\"><li>2020.02-04<br>Wykonawca w projekcie nr POIR.01.01.01-00-0952\/18-00, \u201cWybrane problemy optymalnego zarz\u0105dzania eksploatacj\u0105 taboru kolejowego i prac\u0105 dru\u017cyn trakcyjnych\u201d, DPK System Sp. z o o. &nbsp; Kierownik projektu&nbsp; nr M-08\/350\/2019P,<\/li><li>2019.10-11<br>\u201cPrzeprowadzenie analizy sektorowej dla linii produkt\u00f3w zwi\u0105zanych z systemem sterowania ruchem kolejowym\u201d, TUV Rheiland Polska Sp. z o.o.<\/li><li>2017.11-12<br>Konstruktor \u2013 Technolog, Tabor D\u0119bica Sp. z o. o. Projekt nr POIR.02.01.00-00-0095\/15-02: &#8222;Utworzenie Centrum Badawczo-Rozwojowego Tabor D\u0119bica Sp. z o. o.\u201d &nbsp;<\/li><li>2017.04<br>Wykonawca w projekcie nr M-8\/255\/2017\/P: \u201cOpracowanie raportu z wprowadzonych zmian modernizacyjnych w wagonach typu 111A\u201d<\/li><li>2017.06<br>Wykonawca w projekcie nr M-8\/265\/2017\/P: \u201cOcena ryzyka zwi\u0105zanego z wprowadzeniem zmian konstrukcyjnych dla pojazdu typu 36WEa Wariant IV Wariant 3 zgodnie z wymaganiami rozporz\u0105dzenia Komisji nr 402\/2013&#8243;<\/li><li>2014.05<br>Wykonawca w projekcie nr M-8\/265\/2014\/P: \u201cRaport z oceny bezpiecze\u0144stwa zezwalaj\u0105cy na tymczasowe odst\u0119pstwo od kryterium czasu, maj\u0105cy zastosowanie w przypadku wy\u0142\u0105czania lokomotyw ET21, ET22, ST44, ST44m, ST45, ST46 i SU46 w celu przeprowadzenia napraw na poziomach P4 i P5\u201d.<\/li><li>2014.06<br>Wykonawca w projekcie nr M-8\/494\/2014\/P: \u201cStrategia wykonywania przegl\u0105d\u00f3w profilaktycznych na poziomie utrzymania P1 dla modernizowanych lokomotyw spalinowych typu 6Dg, 6Dg\/A, 6Dg\/B. Studium wykonalno\u015bci&#8221;. &nbsp; Wykonawca w projekcie nr M-8\/196\/2014\/P Raport Jednostki Oceny<\/li><li>&nbsp;2014.04<br>Bezpiecze\u0144stwa: Zmiana planu utrzymania i napraw na poziomie P4 zmodernizowanych pojazd\u00f3w trakcyjnych typu ST44 serii M62Ko.<\/li><li>2014.02-10<br>Wykonawca w mi\u0119dzynarodowym projekcie \u201cEUREKA PROJECT E!6726 LOADFIX Development of the Software Web Application for Loading and Fixing Goods in Railway Freight Wagons\u201d:<\/li><\/ul>\n\n\n\n<p class=\"has-medium-font-size\"><strong>Szkolenia, wyr\u00f3\u017cnienia, certyfikaty<\/strong><\/p>\n\n\n\n<ul class=\"wp-block-list\"><li>2021<br>Szkolenie, \u201dNieszablonowe sposoby rozliczania wynagrodze\u0144 i delegacji kierowc\u00f3w\u201d, INELO Group, 26.01.2021<\/li><li>2020<br>Szkolenie, \u201dKontrole p\u0142ac minimalnych w Europie \u2013 o czym musi pami\u0119ta\u0107 ka\u017cdy przewo\u017anik?\u201d, INELO Group, 15.12.2020<\/li><li>2019<br>Szkolenie, \u201dKluczowe zmiany podatku VAT w obrocie wewn\u0105trzwsp\u00f3lnotowym od stycznia 2020 r. Pakiet Quick Fixes\u201d, Stowarzyszenie Ksi\u0119gowych w Polsce, Odzia\u0142 Okr\u0119gowy w Krakowie, 17.12.2019<\/li><li>2018<br>Nagroda Rektora Politechniki Krakowskiej za dzia\u0142alno\u015b\u0107 organizacyjn\u0105<\/li><li>2017<br>Certyfikat kompetencji zawodowych przewo\u017anika w drogowym transporcie rzeczy, ITS, Nr 01675\/TR\/17<\/li><li>2017<br>Certyfikat kompetencji zawodowych przewo\u017anika w drogowym transporcie os\u00f3b, ITS, Nr 00310\/TO\/17<\/li><li>2016<br>Nagroda od organizacji IEEE za przygotowanie i organizacj\u0119 konferencji 5th International Conference on Advanced Logistics and Transport (ICALT), czerwiec 2016, Krak\u00f3w.<\/li><\/ul>\n\n\n\n<p class=\"has-medium-font-size\"><strong>Recenzje naukowe<\/strong><\/p>\n\n\n\n<ul class=\"wp-block-list\"><li><strong>Energies <\/strong>\u2013 MDPI, Switzerland, 2021.01.22<\/li><li><strong>Sustainability <\/strong>&#8211; MDPI, Switzerland, 2020.10.22<\/li><li><strong>IJSTL <\/strong>\u2013 International Journal of Shipping and Transport Logistics, Switzerland, Inderscience Publishers, 2018.06.21<\/li><li><strong>Archives of Transport<\/strong> \u2013 Poland, 2020.04.29; 2018.05.15<\/li><li><strong>ANOR <\/strong>\u2013 Annals of Operations Research, United States, Springer, 2019.05.23<\/li><li><strong>WRITR <\/strong>\u2013 Word Review of Intermodal Transportation Research, Switzerland, Inderscience Publishers, 2019.05.08<\/li><li><strong>FEBM <\/strong>\u2013 International Conference on Economic and Business Management, China, 2018.05.10<\/li><li><strong>JSDTL<\/strong> \u2013 Journal of Sustainable Development of Transport and Logistics, Chech Republic, 2018.04.18<\/li><li><strong>IJEMR <\/strong>\u2013 International Journal of Electronic Marketing and Retailing, Switzerland, Inderscience Publishers, 2020.02.14; 2020.02.17; 2017.12.30; 2017.12.10; 2017.10.09; 2017.09.13; 2017.07.27<\/li><li><strong>ICALT, IEEE<\/strong> \u2013 International Conference on Advanced Logistics and Transport, 2016, 2017, 2018<\/li><\/ul>\n\n\n\n<p class=\"has-medium-font-size\"><strong>Wybrane publikacje naukowe<\/strong><\/p>\n\n\n\n<ol class=\"wp-block-list\"><li>Gajewska, T., Zimon, D., Kaczor, G., Madz\u00edk, P., The impact of the level of customer satisfaction on the quality of e-commerce services, International Journal of Productivity and Performance Management, 2019, 69(4), pp. 666\u2013684, https:\/\/doi.org\/10.1108\/IJPPM-01-2019-0018<\/li><li>Gajewska, T., Malinowski, M., Szkoda, M., The use of biodrying to prevent self-heating of alternative fuel, Materials, 2019, 12(18), 3039, https:\/\/doi.org\/10.3390\/ma12183039<\/li><li>Gajewska, T., Lorenc, A., The impact of trailer conditions on the quality of refrigerated food transport services \u2013 A case study, Transport Problems, 2019, 14(3), pp. 97\u2013107, https:\/\/doi.org\/10.20858\/tp.2019.14.3.9<\/li><li>Zimon, D., Gajewska, T., Malindzakova, M., Implementing the Requirements of ISO 9001 and Improvement Logistics Processes in SMES Which Operate in the Textile Industry, Autex Research Journal, 2018, 18(4), pp. 392-397, https:\/\/doi.org\/10.1515\/aut-2018-0020<\/li><li>Filina-Dawidowicz, L., Gajewska, T., Customer satisfaction in the field of comprehensive service of refrigerated containers in seaports, Periodica Polytechnica Transportation Engineering, 2018, 46(3), pp. 151\u2013157, https:\/\/doi.org\/10.3311\/PPtr.10824<\/li><li>Gajewska, T., Zimon, D., Study of the logistics factors that influence the development of e-commerce services in the customer\u2019s opinion, Archives of Transport, 2018, 45(1), pp. 25\u201334, DOI:10.5604\/01.3001.0012.0939<\/li><li>Filina-Dawidowicz, L., Gajewska, T., Examination of importance and range of comprehensive service for refrigerated containers in seaports, International Journal of Applied Management Science, 2018, 10(1), pp. 26\u201343, https:\/\/doi.org\/10.1504\/IJAMS.2018.089945.<\/li><li>Gajewska, T., Grigoroudis, E., Estimating the performance of the logistics services attributes influencing customer satisfaction in the field of refrigerated transport, International Journal of Shipping and Transport Logistics, 2017, 9(5), pp. 540\u2013561, https:\/\/doi.org\/10.1504\/IJSTL.2017.086350<\/li><li>Zimon, D., Gajewska, T., Bedn\u00e1rov\u00e1, L., An influence of quality management system for improvement of logistics distribution, Quality &#8211; Access to Success, 2016, 17(155), pp. 68\u201370, DOI: https:\/\/doi.org\/10.24136\/oc.v8i4.39<\/li><li>Gajewska T., Grigoroudis E., Importance of logistics services attributes influencing customer satisfaction. In 4th International Conference on Advanced Logistics and Transport (ICALT), 2015, pp. 53\u201358, IEEE, DOI: 10.1109\/ICAdLT.2015.7136590<\/li><\/ol>\n","protected":false},"excerpt":{"rendered":"<p>Gajewska Teresa&nbsp;dr in\u017c., adiunktZesp\u00f3\u0142 System\u00f3w Logistycznych M-08-2pok\u00f3j: A424tel. 12\/ 374-33-25e-mail:&nbsp;teresa.gajewska@pk.edu.plpublikacje:&nbsp;Google Scholar,&nbsp;Scopus,&nbsp;Bibliografia PKCurriculum Vitae [ENG] Od pa\u017adziernika 2014 r. jestem adiunktem w Katedrze Pojazd\u00f3w Szynowych i Transportu Politechniki Krakowskiej (specjalno\u015b\u0107: towaroznawstwo, logistyka i transport). Pe\u0142ni\u0142am funkcj\u0119 recenzenta w ponad 30 czasopismach naukowych i materia\u0142ach konferencyjnych. Jestem &nbsp;redaktorem naczelnym czasopism takich jak: Archives of Transport, International Journal [&hellip;]<\/p>\n","protected":false},"author":1,"featured_media":0,"parent":30,"menu_order":0,"comment_status":"closed","ping_status":"closed","template":"","meta":{"footnotes":""},"class_list":["post-1891","page","type-page","status-publish","hentry"],"yoast_head":"<!-- This site is optimized with the Yoast SEO plugin v27.4 - https:\/\/yoast.com\/product\/yoast-seo-wordpress\/ -->\n<title>Gajewska Teresa - Katedra Pojazd\u00f3w Szynowych i Transportu<\/title>\n<meta name=\"robots\" content=\"index, follow, max-snippet:-1, max-image-preview:large, max-video-preview:-1\" \/>\n<link rel=\"canonical\" href=\"https:\/\/m8.mech.pk.edu.pl\/index.php\/pracownicy\/gajewska-teresa\/\" \/>\n<meta property=\"og:locale\" content=\"pl_PL\" \/>\n<meta property=\"og:type\" content=\"article\" \/>\n<meta property=\"og:title\" content=\"Gajewska Teresa - Katedra Pojazd\u00f3w Szynowych i Transportu\" \/>\n<meta property=\"og:description\" content=\"Gajewska Teresa&nbsp;dr in\u017c., adiunktZesp\u00f3\u0142 System\u00f3w Logistycznych M-08-2pok\u00f3j: A424tel. 12\/ 374-33-25e-mail:&nbsp;teresa.gajewska@pk.edu.plpublikacje:&nbsp;Google Scholar,&nbsp;Scopus,&nbsp;Bibliografia PKCurriculum Vitae [ENG] Od pa\u017adziernika 2014 r. jestem adiunktem w Katedrze Pojazd\u00f3w Szynowych i Transportu Politechniki Krakowskiej (specjalno\u015b\u0107: towaroznawstwo, logistyka i transport). Pe\u0142ni\u0142am funkcj\u0119 recenzenta w ponad 30 czasopismach naukowych i materia\u0142ach konferencyjnych. Jestem &nbsp;redaktorem naczelnym czasopism takich jak: Archives of Transport, International Journal [&hellip;]\" \/>\n<meta property=\"og:url\" content=\"https:\/\/m8.mech.pk.edu.pl\/index.php\/pracownicy\/gajewska-teresa\/\" \/>\n<meta property=\"og:site_name\" content=\"Katedra Pojazd\u00f3w Szynowych i Transportu\" \/>\n<meta property=\"article:publisher\" content=\"https:\/\/facebook.com\/KPSzTPK\" \/>\n<meta property=\"article:modified_time\" content=\"2022-02-22T11:30:33+00:00\" \/>\n<meta property=\"og:image\" content=\"http:\/\/m8.mech.pk.edu.pl\/wp-content\/uploads\/2021\/01\/TGajewska3.jpg\" \/>\n<meta name=\"twitter:card\" content=\"summary_large_image\" \/>\n<meta name=\"twitter:label1\" content=\"Szacowany czas czytania\" \/>\n\t<meta name=\"twitter:data1\" content=\"7 minut\" \/>\n<script type=\"application\/ld+json\" class=\"yoast-schema-graph\">{\"@context\":\"https:\\\/\\\/schema.org\",\"@graph\":[{\"@type\":\"WebPage\",\"@id\":\"https:\\\/\\\/m8.mech.pk.edu.pl\\\/index.php\\\/pracownicy\\\/gajewska-teresa\\\/\",\"url\":\"https:\\\/\\\/m8.mech.pk.edu.pl\\\/index.php\\\/pracownicy\\\/gajewska-teresa\\\/\",\"name\":\"Gajewska Teresa - Katedra Pojazd\u00f3w Szynowych i Transportu\",\"isPartOf\":{\"@id\":\"https:\\\/\\\/m8.mech.pk.edu.pl\\\/#website\"},\"primaryImageOfPage\":{\"@id\":\"https:\\\/\\\/m8.mech.pk.edu.pl\\\/index.php\\\/pracownicy\\\/gajewska-teresa\\\/#primaryimage\"},\"image\":{\"@id\":\"https:\\\/\\\/m8.mech.pk.edu.pl\\\/index.php\\\/pracownicy\\\/gajewska-teresa\\\/#primaryimage\"},\"thumbnailUrl\":\"http:\\\/\\\/m8.mech.pk.edu.pl\\\/wp-content\\\/uploads\\\/2021\\\/01\\\/TGajewska3.jpg\",\"datePublished\":\"2021-01-26T12:51:55+00:00\",\"dateModified\":\"2022-02-22T11:30:33+00:00\",\"breadcrumb\":{\"@id\":\"https:\\\/\\\/m8.mech.pk.edu.pl\\\/index.php\\\/pracownicy\\\/gajewska-teresa\\\/#breadcrumb\"},\"inLanguage\":\"pl-PL\",\"potentialAction\":[{\"@type\":\"ReadAction\",\"target\":[\"https:\\\/\\\/m8.mech.pk.edu.pl\\\/index.php\\\/pracownicy\\\/gajewska-teresa\\\/\"]}]},{\"@type\":\"ImageObject\",\"inLanguage\":\"pl-PL\",\"@id\":\"https:\\\/\\\/m8.mech.pk.edu.pl\\\/index.php\\\/pracownicy\\\/gajewska-teresa\\\/#primaryimage\",\"url\":\"https:\\\/\\\/m8.mech.pk.edu.pl\\\/wp-content\\\/uploads\\\/2021\\\/01\\\/TGajewska3.jpg\",\"contentUrl\":\"https:\\\/\\\/m8.mech.pk.edu.pl\\\/wp-content\\\/uploads\\\/2021\\\/01\\\/TGajewska3.jpg\",\"width\":400,\"height\":600},{\"@type\":\"BreadcrumbList\",\"@id\":\"https:\\\/\\\/m8.mech.pk.edu.pl\\\/index.php\\\/pracownicy\\\/gajewska-teresa\\\/#breadcrumb\",\"itemListElement\":[{\"@type\":\"ListItem\",\"position\":1,\"name\":\"Strona g\u0142\u00f3wna\",\"item\":\"https:\\\/\\\/m8.mech.pk.edu.pl\\\/\"},{\"@type\":\"ListItem\",\"position\":2,\"name\":\"Pracownicy\",\"item\":\"https:\\\/\\\/m8.mech.pk.edu.pl\\\/index.php\\\/pracownicy\\\/\"},{\"@type\":\"ListItem\",\"position\":3,\"name\":\"Gajewska Teresa\"}]},{\"@type\":\"WebSite\",\"@id\":\"https:\\\/\\\/m8.mech.pk.edu.pl\\\/#website\",\"url\":\"https:\\\/\\\/m8.mech.pk.edu.pl\\\/\",\"name\":\"Katedra Pojazd\u00f3w Szynowych i Transportu\",\"description\":\"Katedra Pojazd\u00f3w Szynowych i Transportu Politechniki Krakowskiej na Wydziale Mechanicznym\",\"publisher\":{\"@id\":\"https:\\\/\\\/m8.mech.pk.edu.pl\\\/#organization\"},\"potentialAction\":[{\"@type\":\"SearchAction\",\"target\":{\"@type\":\"EntryPoint\",\"urlTemplate\":\"https:\\\/\\\/m8.mech.pk.edu.pl\\\/?s={search_term_string}\"},\"query-input\":{\"@type\":\"PropertyValueSpecification\",\"valueRequired\":true,\"valueName\":\"search_term_string\"}}],\"inLanguage\":\"pl-PL\"},{\"@type\":\"Organization\",\"@id\":\"https:\\\/\\\/m8.mech.pk.edu.pl\\\/#organization\",\"name\":\"Katedra Pojazd\u00f3w Szynowych\",\"url\":\"https:\\\/\\\/m8.mech.pk.edu.pl\\\/\",\"logo\":{\"@type\":\"ImageObject\",\"inLanguage\":\"pl-PL\",\"@id\":\"https:\\\/\\\/m8.mech.pk.edu.pl\\\/#\\\/schema\\\/logo\\\/image\\\/\",\"url\":\"https:\\\/\\\/m8.mech.pk.edu.pl\\\/wp-content\\\/uploads\\\/2021\\\/01\\\/logo-mail-kpsit.png\",\"contentUrl\":\"https:\\\/\\\/m8.mech.pk.edu.pl\\\/wp-content\\\/uploads\\\/2021\\\/01\\\/logo-mail-kpsit.png\",\"width\":300,\"height\":119,\"caption\":\"Katedra Pojazd\u00f3w Szynowych\"},\"image\":{\"@id\":\"https:\\\/\\\/m8.mech.pk.edu.pl\\\/#\\\/schema\\\/logo\\\/image\\\/\"},\"sameAs\":[\"https:\\\/\\\/facebook.com\\\/KPSzTPK\",\"https:\\\/\\\/www.youtube.com\\\/channel\\\/UCen3PQ3fl3ry92o_lHkyVaQ\"]}]}<\/script>\n<!-- \/ Yoast SEO plugin. -->","yoast_head_json":{"title":"Gajewska Teresa - Katedra Pojazd\u00f3w Szynowych i Transportu","robots":{"index":"index","follow":"follow","max-snippet":"max-snippet:-1","max-image-preview":"max-image-preview:large","max-video-preview":"max-video-preview:-1"},"canonical":"https:\/\/m8.mech.pk.edu.pl\/index.php\/pracownicy\/gajewska-teresa\/","og_locale":"pl_PL","og_type":"article","og_title":"Gajewska Teresa - Katedra Pojazd\u00f3w Szynowych i Transportu","og_description":"Gajewska Teresa&nbsp;dr in\u017c., adiunktZesp\u00f3\u0142 System\u00f3w Logistycznych M-08-2pok\u00f3j: A424tel. 12\/ 374-33-25e-mail:&nbsp;teresa.gajewska@pk.edu.plpublikacje:&nbsp;Google Scholar,&nbsp;Scopus,&nbsp;Bibliografia PKCurriculum Vitae [ENG] Od pa\u017adziernika 2014 r. jestem adiunktem w Katedrze Pojazd\u00f3w Szynowych i Transportu Politechniki Krakowskiej (specjalno\u015b\u0107: towaroznawstwo, logistyka i transport). Pe\u0142ni\u0142am funkcj\u0119 recenzenta w ponad 30 czasopismach naukowych i materia\u0142ach konferencyjnych. Jestem &nbsp;redaktorem naczelnym czasopism takich jak: Archives of Transport, International Journal [&hellip;]","og_url":"https:\/\/m8.mech.pk.edu.pl\/index.php\/pracownicy\/gajewska-teresa\/","og_site_name":"Katedra Pojazd\u00f3w Szynowych i Transportu","article_publisher":"https:\/\/facebook.com\/KPSzTPK","article_modified_time":"2022-02-22T11:30:33+00:00","og_image":[{"url":"http:\/\/m8.mech.pk.edu.pl\/wp-content\/uploads\/2021\/01\/TGajewska3.jpg","type":"","width":"","height":""}],"twitter_card":"summary_large_image","twitter_misc":{"Szacowany czas czytania":"7 minut"},"schema":{"@context":"https:\/\/schema.org","@graph":[{"@type":"WebPage","@id":"https:\/\/m8.mech.pk.edu.pl\/index.php\/pracownicy\/gajewska-teresa\/","url":"https:\/\/m8.mech.pk.edu.pl\/index.php\/pracownicy\/gajewska-teresa\/","name":"Gajewska Teresa - Katedra Pojazd\u00f3w Szynowych i Transportu","isPartOf":{"@id":"https:\/\/m8.mech.pk.edu.pl\/#website"},"primaryImageOfPage":{"@id":"https:\/\/m8.mech.pk.edu.pl\/index.php\/pracownicy\/gajewska-teresa\/#primaryimage"},"image":{"@id":"https:\/\/m8.mech.pk.edu.pl\/index.php\/pracownicy\/gajewska-teresa\/#primaryimage"},"thumbnailUrl":"http:\/\/m8.mech.pk.edu.pl\/wp-content\/uploads\/2021\/01\/TGajewska3.jpg","datePublished":"2021-01-26T12:51:55+00:00","dateModified":"2022-02-22T11:30:33+00:00","breadcrumb":{"@id":"https:\/\/m8.mech.pk.edu.pl\/index.php\/pracownicy\/gajewska-teresa\/#breadcrumb"},"inLanguage":"pl-PL","potentialAction":[{"@type":"ReadAction","target":["https:\/\/m8.mech.pk.edu.pl\/index.php\/pracownicy\/gajewska-teresa\/"]}]},{"@type":"ImageObject","inLanguage":"pl-PL","@id":"https:\/\/m8.mech.pk.edu.pl\/index.php\/pracownicy\/gajewska-teresa\/#primaryimage","url":"https:\/\/m8.mech.pk.edu.pl\/wp-content\/uploads\/2021\/01\/TGajewska3.jpg","contentUrl":"https:\/\/m8.mech.pk.edu.pl\/wp-content\/uploads\/2021\/01\/TGajewska3.jpg","width":400,"height":600},{"@type":"BreadcrumbList","@id":"https:\/\/m8.mech.pk.edu.pl\/index.php\/pracownicy\/gajewska-teresa\/#breadcrumb","itemListElement":[{"@type":"ListItem","position":1,"name":"Strona g\u0142\u00f3wna","item":"https:\/\/m8.mech.pk.edu.pl\/"},{"@type":"ListItem","position":2,"name":"Pracownicy","item":"https:\/\/m8.mech.pk.edu.pl\/index.php\/pracownicy\/"},{"@type":"ListItem","position":3,"name":"Gajewska Teresa"}]},{"@type":"WebSite","@id":"https:\/\/m8.mech.pk.edu.pl\/#website","url":"https:\/\/m8.mech.pk.edu.pl\/","name":"Katedra Pojazd\u00f3w Szynowych i Transportu","description":"Katedra Pojazd\u00f3w Szynowych i Transportu Politechniki Krakowskiej na Wydziale Mechanicznym","publisher":{"@id":"https:\/\/m8.mech.pk.edu.pl\/#organization"},"potentialAction":[{"@type":"SearchAction","target":{"@type":"EntryPoint","urlTemplate":"https:\/\/m8.mech.pk.edu.pl\/?s={search_term_string}"},"query-input":{"@type":"PropertyValueSpecification","valueRequired":true,"valueName":"search_term_string"}}],"inLanguage":"pl-PL"},{"@type":"Organization","@id":"https:\/\/m8.mech.pk.edu.pl\/#organization","name":"Katedra Pojazd\u00f3w Szynowych","url":"https:\/\/m8.mech.pk.edu.pl\/","logo":{"@type":"ImageObject","inLanguage":"pl-PL","@id":"https:\/\/m8.mech.pk.edu.pl\/#\/schema\/logo\/image\/","url":"https:\/\/m8.mech.pk.edu.pl\/wp-content\/uploads\/2021\/01\/logo-mail-kpsit.png","contentUrl":"https:\/\/m8.mech.pk.edu.pl\/wp-content\/uploads\/2021\/01\/logo-mail-kpsit.png","width":300,"height":119,"caption":"Katedra Pojazd\u00f3w Szynowych"},"image":{"@id":"https:\/\/m8.mech.pk.edu.pl\/#\/schema\/logo\/image\/"},"sameAs":["https:\/\/facebook.com\/KPSzTPK","https:\/\/www.youtube.com\/channel\/UCen3PQ3fl3ry92o_lHkyVaQ"]}]}},"_links":{"self":[{"href":"https:\/\/m8.mech.pk.edu.pl\/index.php\/wp-json\/wp\/v2\/pages\/1891","targetHints":{"allow":["GET"]}}],"collection":[{"href":"https:\/\/m8.mech.pk.edu.pl\/index.php\/wp-json\/wp\/v2\/pages"}],"about":[{"href":"https:\/\/m8.mech.pk.edu.pl\/index.php\/wp-json\/wp\/v2\/types\/page"}],"author":[{"embeddable":true,"href":"https:\/\/m8.mech.pk.edu.pl\/index.php\/wp-json\/wp\/v2\/users\/1"}],"replies":[{"embeddable":true,"href":"https:\/\/m8.mech.pk.edu.pl\/index.php\/wp-json\/wp\/v2\/comments?post=1891"}],"version-history":[{"count":14,"href":"https:\/\/m8.mech.pk.edu.pl\/index.php\/wp-json\/wp\/v2\/pages\/1891\/revisions"}],"predecessor-version":[{"id":2792,"href":"https:\/\/m8.mech.pk.edu.pl\/index.php\/wp-json\/wp\/v2\/pages\/1891\/revisions\/2792"}],"up":[{"embeddable":true,"href":"https:\/\/m8.mech.pk.edu.pl\/index.php\/wp-json\/wp\/v2\/pages\/30"}],"wp:attachment":[{"href":"https:\/\/m8.mech.pk.edu.pl\/index.php\/wp-json\/wp\/v2\/media?parent=1891"}],"curies":[{"name":"wp","href":"https:\/\/api.w.org\/{rel}","templated":true}]}}