{"id":1772,"date":"2021-01-20T08:03:55","date_gmt":"2021-01-20T07:03:55","guid":{"rendered":"http:\/\/m8.mech.pk.edu.pl\/?page_id=1772"},"modified":"2022-02-22T12:32:22","modified_gmt":"2022-02-22T11:32:22","slug":"kaczor-grzegorz","status":"publish","type":"page","link":"https:\/\/m8.mech.pk.edu.pl\/index.php\/pracownicy\/kaczor-grzegorz\/","title":{"rendered":"Kaczor Grzegorz"},"content":{"rendered":"\n<div class=\"wp-block-columns are-vertically-aligned-center is-layout-flex wp-container-core-columns-is-layout-9d6595d7 wp-block-columns-is-layout-flex\">\n<div class=\"wp-block-column is-vertically-aligned-center is-layout-flow wp-block-column-is-layout-flow\" style=\"flex-basis:200px\">\n<div class=\"wp-block-image is-style-default\"><figure class=\"aligncenter size-medium is-resized\"><img loading=\"lazy\" decoding=\"async\" src=\"http:\/\/m8.mech.pk.edu.pl\/wp-content\/uploads\/2021\/01\/GKaczor2-200x300.png\" alt=\"\" class=\"wp-image-1812\" width=\"189\" height=\"283\" srcset=\"https:\/\/m8.mech.pk.edu.pl\/wp-content\/uploads\/2021\/01\/GKaczor2-200x300.png 200w, https:\/\/m8.mech.pk.edu.pl\/wp-content\/uploads\/2021\/01\/GKaczor2.png 400w\" sizes=\"auto, (max-width: 189px) 100vw, 189px\" \/><\/figure><\/div>\n<\/div>\n\n\n\n<div class=\"wp-block-column is-vertically-aligned-center is-layout-flow wp-block-column-is-layout-flow\" style=\"flex-basis:66.66%\">\n<p><strong>Kaczor Grzegorz<\/strong>&nbsp;dr in\u017c., adiunkt<br><a href=\"http:\/\/m8.mech.pk.edu.pl\/index.php\/zespol-budowy-i-eksploatacji-pojazdow-szynowych-m-08-1\/\">Zesp\u00f3\u0142 Budowy i Eksploatacji Pojazd\u00f3w Szynowych M-08-1<br><\/a>pok\u00f3j: A424<br>tel. 12\/ 374-33-25<br>e-mail:&nbsp;<a rel=\"noreferrer noopener\" href=\"mailto:gkaczor@pk.edu.pl\" target=\"_blank\">gkaczor@pk.edu.pl<\/a><br>publikacje:&nbsp;<a rel=\"noreferrer noopener\" href=\"http:\/\/scholar.google.pl\/citations?user=MZDoO1QAAAAJ&amp;hl=pl\" target=\"_blank\">Google Scholar<\/a>, <a href=\"https:\/\/www.scopus.com\/authid\/detail.uri?authorId=57191854107\" target=\"_blank\" rel=\"noreferrer noopener\">Scopus<\/a>, <a rel=\"noreferrer noopener\" href=\"http:\/\/suw.biblos.pk.edu.pl\/userHomepage&amp;uId=3199&amp;rel=BPP-author\" target=\"_blank\">Bibliografia PK<\/a><\/p>\n<\/div>\n<\/div>\n\n\n\n<p><strong>Wykszta\u0142cenie:<\/strong><\/p>\n\n\n\n<p>Dr in\u017c. Grzegorz Kaczor uko\u0144czy\u0142 z wyr\u00f3\u017cnieniem studia jednolite magisterskie na Wydziale Mechanicznym Politechniki Krakowskiej w 2011 r. Kontynuuj\u0105c nauk\u0119 na studiach III \u2013 ego stopnia, uzyska\u0142 stopie\u0144 doktora nauk technicznych w dyscyplinie Budowa i Eksploatacja Maszyn w 2018 r. Specjalizuje si\u0119 z zagadnieniach zwi\u0105zanych z niezawodno\u015bci\u0105 i bezpiecze\u0144stwem kolejowych \u015brodk\u00f3w transportu. Zakres prowadzonej dzia\u0142alno\u015bci naukowej obejmuje:<\/p>\n\n\n\n<ol class=\"wp-block-list\"><li>Analiz\u0119 RAMS dla kolejowych \u015brodk\u00f3w transportu<\/li><li>Ocena niezawodno\u015bci z wykorzystaniem metod RBD, FTA.<\/li><li>Ocena bezpiecze\u0144stwa w zastosowaniu do pojazd\u00f3w szynowych, analiza ryzyka \u2013 FMEA, FMECA.<\/li><li>Metody symulacyjne w ocenie gotowo\u015bci \u015brodk\u00f3w transportu.<\/li><li>Szacowanie koszt\u00f3w eksploatacji technicznej.<\/li><li>Wspomaganie komputerowe w ocenie trwa\u0142o\u015bci i niezawodno\u015bci obiekt\u00f3w technicznych z wykorzystaniem pakietu Reliasoft (Weibull++, BlockSim).<\/li><\/ol>\n\n\n\n<p><strong>Pe\u0142nione funkcje:<\/strong><\/p>\n\n\n\n<p>Dr in\u017c. Grzegorz Kaczor odbywa\u0142 sta\u017c w przedsi\u0119biorstwach: MPK S.A., PKP Cargo S.A., DB Schenker Sp. z o.o. Obecnie pracuje w Katedrze Pojazd\u00f3w Szynowych i Transportu Politechniki Krakowskiej na stanowisku adiunkta. Realizuje prace dla przemys\u0142u w zakresie oceny niezawodno\u015bci i bezpiecze\u0144stwa kolejowych \u015brodk\u00f3w transportu oraz system\u00f3w sterowania ruchem kolejowym (SRK). Wsp\u00f3\u0142pracuje z przedsi\u0119biorstwami, m.in.: PKP Cargo S.A., PKP Intercity S.A., PKP Energetyka S.A., NEWAG S.A., BOMBARDIER Transportation (ZWUS) Polska Sp. z o.o.<\/p>\n\n\n\n<p>Jest Certyfikowanym Ekspertem Zewn\u0119trznym firmy T\u00dcV Rheinland oraz asystentem rzeczoznawcy SIMP w specjalno\u015bciach: eksploatacja i remonty maszyn (107), budowa taboru tramwajowego i kolejowego (704)<\/p>\n\n\n\n<p><strong>Udzia\u0142 w projektach mi\u0119dzynarodowych:<\/strong><\/p>\n\n\n\n<ol class=\"wp-block-list\"><li>E!6726, LOADFIX: Development of the Software Web Application for Loading and Fixing Goods in Railway Freight Wagons. OLTIS Group, University of \u017dilina, The Faculty of Operation and Economics of Transport and Communications, Instytut Pojazd\u00f3w Szynowych PK)<\/li><\/ol>\n\n\n\n<p><strong>Wybrane publikacje, powi\u0105zane z pracownikiem:<\/strong><\/p>\n\n\n\n<ol class=\"wp-block-list\"><li>SZKODA M., KACZOR G.,&nbsp;<strong>RAMS analysis of railway vehicles\u2019 lifecycle<\/strong>. Journal of KONBiN, 41(2017).<\/li><li>KACZOR G., M\u0141YNARSKI S., SZKODA M.,&nbsp;<strong>Verification of safety integrity level with the application of Monte Carlo simulation and reliability block diagrams.<\/strong>&nbsp;Journal of Loss Prevention in the Process Industries, vol. 41(2016).<\/li><li>SZKODA M., KACZOR G.,&nbsp;<strong>Reliability and availability assessment of diesel locomotive using fault tree analysis.<\/strong>&nbsp;Archives of Transport, Vol. 40, Issue 4, 2016.<\/li><li>M\u0141YNARSKI S., PILCH R., KACZOR G., SMOLNIK M., SZKODA M., SZYBKA J.,&nbsp;<strong>Effect of selected factors on the Safety Integrity Level (SIL).<\/strong>Journal of KONBiN, 35(2015).<\/li><li>SZKODA M., KACZOR G.,&nbsp;<strong>Application of FMEA analysis to assess the safety of rail vehicles.&nbsp;<\/strong>Euro-\u017del 2015 : 23nd International Symposium &#8222;Recent Challenges for European Railways\u201d &nbsp;June 2-3, 2015.<\/li><\/ol>\n","protected":false},"excerpt":{"rendered":"<p>Kaczor Grzegorz&nbsp;dr in\u017c., adiunktZesp\u00f3\u0142 Budowy i Eksploatacji Pojazd\u00f3w Szynowych M-08-1pok\u00f3j: A424tel. 12\/ 374-33-25e-mail:&nbsp;gkaczor@pk.edu.plpublikacje:&nbsp;Google Scholar, Scopus, Bibliografia PK Wykszta\u0142cenie: Dr in\u017c. Grzegorz Kaczor uko\u0144czy\u0142 z wyr\u00f3\u017cnieniem studia jednolite magisterskie na Wydziale Mechanicznym Politechniki Krakowskiej w 2011 r. Kontynuuj\u0105c nauk\u0119 na studiach III \u2013 ego stopnia, uzyska\u0142 stopie\u0144 doktora nauk technicznych w dyscyplinie Budowa i Eksploatacja Maszyn [&hellip;]<\/p>\n","protected":false},"author":1,"featured_media":0,"parent":30,"menu_order":0,"comment_status":"closed","ping_status":"closed","template":"","meta":{"footnotes":""},"class_list":["post-1772","page","type-page","status-publish","hentry"],"yoast_head":"<!-- This site is optimized with the Yoast SEO plugin v27.4 - https:\/\/yoast.com\/product\/yoast-seo-wordpress\/ -->\n<title>Kaczor Grzegorz - Katedra Pojazd\u00f3w Szynowych i Transportu<\/title>\n<meta name=\"robots\" content=\"index, follow, max-snippet:-1, max-image-preview:large, max-video-preview:-1\" \/>\n<link rel=\"canonical\" href=\"https:\/\/m8.mech.pk.edu.pl\/index.php\/pracownicy\/kaczor-grzegorz\/\" \/>\n<meta property=\"og:locale\" content=\"pl_PL\" \/>\n<meta property=\"og:type\" content=\"article\" \/>\n<meta property=\"og:title\" content=\"Kaczor Grzegorz - Katedra Pojazd\u00f3w Szynowych i Transportu\" \/>\n<meta property=\"og:description\" content=\"Kaczor Grzegorz&nbsp;dr in\u017c., adiunktZesp\u00f3\u0142 Budowy i Eksploatacji Pojazd\u00f3w Szynowych M-08-1pok\u00f3j: A424tel. 12\/ 374-33-25e-mail:&nbsp;gkaczor@pk.edu.plpublikacje:&nbsp;Google Scholar, Scopus, Bibliografia PK Wykszta\u0142cenie: Dr in\u017c. Grzegorz Kaczor uko\u0144czy\u0142 z wyr\u00f3\u017cnieniem studia jednolite magisterskie na Wydziale Mechanicznym Politechniki Krakowskiej w 2011 r. Kontynuuj\u0105c nauk\u0119 na studiach III \u2013 ego stopnia, uzyska\u0142 stopie\u0144 doktora nauk technicznych w dyscyplinie Budowa i Eksploatacja Maszyn [&hellip;]\" \/>\n<meta property=\"og:url\" content=\"https:\/\/m8.mech.pk.edu.pl\/index.php\/pracownicy\/kaczor-grzegorz\/\" \/>\n<meta property=\"og:site_name\" content=\"Katedra Pojazd\u00f3w Szynowych i Transportu\" \/>\n<meta property=\"article:publisher\" content=\"https:\/\/facebook.com\/KPSzTPK\" \/>\n<meta property=\"article:modified_time\" content=\"2022-02-22T11:32:22+00:00\" \/>\n<meta property=\"og:image\" content=\"http:\/\/m8.mech.pk.edu.pl\/wp-content\/uploads\/2021\/01\/GKaczor2-200x300.png\" \/>\n<meta name=\"twitter:card\" content=\"summary_large_image\" \/>\n<meta name=\"twitter:label1\" content=\"Szacowany czas czytania\" \/>\n\t<meta name=\"twitter:data1\" content=\"3 minuty\" \/>\n<script type=\"application\/ld+json\" class=\"yoast-schema-graph\">{\"@context\":\"https:\\\/\\\/schema.org\",\"@graph\":[{\"@type\":\"WebPage\",\"@id\":\"https:\\\/\\\/m8.mech.pk.edu.pl\\\/index.php\\\/pracownicy\\\/kaczor-grzegorz\\\/\",\"url\":\"https:\\\/\\\/m8.mech.pk.edu.pl\\\/index.php\\\/pracownicy\\\/kaczor-grzegorz\\\/\",\"name\":\"Kaczor Grzegorz - Katedra Pojazd\u00f3w Szynowych i Transportu\",\"isPartOf\":{\"@id\":\"https:\\\/\\\/m8.mech.pk.edu.pl\\\/#website\"},\"primaryImageOfPage\":{\"@id\":\"https:\\\/\\\/m8.mech.pk.edu.pl\\\/index.php\\\/pracownicy\\\/kaczor-grzegorz\\\/#primaryimage\"},\"image\":{\"@id\":\"https:\\\/\\\/m8.mech.pk.edu.pl\\\/index.php\\\/pracownicy\\\/kaczor-grzegorz\\\/#primaryimage\"},\"thumbnailUrl\":\"http:\\\/\\\/m8.mech.pk.edu.pl\\\/wp-content\\\/uploads\\\/2021\\\/01\\\/GKaczor2-200x300.png\",\"datePublished\":\"2021-01-20T07:03:55+00:00\",\"dateModified\":\"2022-02-22T11:32:22+00:00\",\"breadcrumb\":{\"@id\":\"https:\\\/\\\/m8.mech.pk.edu.pl\\\/index.php\\\/pracownicy\\\/kaczor-grzegorz\\\/#breadcrumb\"},\"inLanguage\":\"pl-PL\",\"potentialAction\":[{\"@type\":\"ReadAction\",\"target\":[\"https:\\\/\\\/m8.mech.pk.edu.pl\\\/index.php\\\/pracownicy\\\/kaczor-grzegorz\\\/\"]}]},{\"@type\":\"ImageObject\",\"inLanguage\":\"pl-PL\",\"@id\":\"https:\\\/\\\/m8.mech.pk.edu.pl\\\/index.php\\\/pracownicy\\\/kaczor-grzegorz\\\/#primaryimage\",\"url\":\"https:\\\/\\\/m8.mech.pk.edu.pl\\\/wp-content\\\/uploads\\\/2021\\\/01\\\/GKaczor2.png\",\"contentUrl\":\"https:\\\/\\\/m8.mech.pk.edu.pl\\\/wp-content\\\/uploads\\\/2021\\\/01\\\/GKaczor2.png\",\"width\":400,\"height\":600},{\"@type\":\"BreadcrumbList\",\"@id\":\"https:\\\/\\\/m8.mech.pk.edu.pl\\\/index.php\\\/pracownicy\\\/kaczor-grzegorz\\\/#breadcrumb\",\"itemListElement\":[{\"@type\":\"ListItem\",\"position\":1,\"name\":\"Strona g\u0142\u00f3wna\",\"item\":\"https:\\\/\\\/m8.mech.pk.edu.pl\\\/\"},{\"@type\":\"ListItem\",\"position\":2,\"name\":\"Pracownicy\",\"item\":\"https:\\\/\\\/m8.mech.pk.edu.pl\\\/index.php\\\/pracownicy\\\/\"},{\"@type\":\"ListItem\",\"position\":3,\"name\":\"Kaczor Grzegorz\"}]},{\"@type\":\"WebSite\",\"@id\":\"https:\\\/\\\/m8.mech.pk.edu.pl\\\/#website\",\"url\":\"https:\\\/\\\/m8.mech.pk.edu.pl\\\/\",\"name\":\"Katedra Pojazd\u00f3w Szynowych i Transportu\",\"description\":\"Katedra Pojazd\u00f3w Szynowych i Transportu Politechniki Krakowskiej na Wydziale Mechanicznym\",\"publisher\":{\"@id\":\"https:\\\/\\\/m8.mech.pk.edu.pl\\\/#organization\"},\"potentialAction\":[{\"@type\":\"SearchAction\",\"target\":{\"@type\":\"EntryPoint\",\"urlTemplate\":\"https:\\\/\\\/m8.mech.pk.edu.pl\\\/?s={search_term_string}\"},\"query-input\":{\"@type\":\"PropertyValueSpecification\",\"valueRequired\":true,\"valueName\":\"search_term_string\"}}],\"inLanguage\":\"pl-PL\"},{\"@type\":\"Organization\",\"@id\":\"https:\\\/\\\/m8.mech.pk.edu.pl\\\/#organization\",\"name\":\"Katedra Pojazd\u00f3w Szynowych\",\"url\":\"https:\\\/\\\/m8.mech.pk.edu.pl\\\/\",\"logo\":{\"@type\":\"ImageObject\",\"inLanguage\":\"pl-PL\",\"@id\":\"https:\\\/\\\/m8.mech.pk.edu.pl\\\/#\\\/schema\\\/logo\\\/image\\\/\",\"url\":\"https:\\\/\\\/m8.mech.pk.edu.pl\\\/wp-content\\\/uploads\\\/2021\\\/01\\\/logo-mail-kpsit.png\",\"contentUrl\":\"https:\\\/\\\/m8.mech.pk.edu.pl\\\/wp-content\\\/uploads\\\/2021\\\/01\\\/logo-mail-kpsit.png\",\"width\":300,\"height\":119,\"caption\":\"Katedra Pojazd\u00f3w Szynowych\"},\"image\":{\"@id\":\"https:\\\/\\\/m8.mech.pk.edu.pl\\\/#\\\/schema\\\/logo\\\/image\\\/\"},\"sameAs\":[\"https:\\\/\\\/facebook.com\\\/KPSzTPK\",\"https:\\\/\\\/www.youtube.com\\\/channel\\\/UCen3PQ3fl3ry92o_lHkyVaQ\"]}]}<\/script>\n<!-- \/ Yoast SEO plugin. -->","yoast_head_json":{"title":"Kaczor Grzegorz - Katedra Pojazd\u00f3w Szynowych i Transportu","robots":{"index":"index","follow":"follow","max-snippet":"max-snippet:-1","max-image-preview":"max-image-preview:large","max-video-preview":"max-video-preview:-1"},"canonical":"https:\/\/m8.mech.pk.edu.pl\/index.php\/pracownicy\/kaczor-grzegorz\/","og_locale":"pl_PL","og_type":"article","og_title":"Kaczor Grzegorz - Katedra Pojazd\u00f3w Szynowych i Transportu","og_description":"Kaczor Grzegorz&nbsp;dr in\u017c., adiunktZesp\u00f3\u0142 Budowy i Eksploatacji Pojazd\u00f3w Szynowych M-08-1pok\u00f3j: A424tel. 12\/ 374-33-25e-mail:&nbsp;gkaczor@pk.edu.plpublikacje:&nbsp;Google Scholar, Scopus, Bibliografia PK Wykszta\u0142cenie: Dr in\u017c. Grzegorz Kaczor uko\u0144czy\u0142 z wyr\u00f3\u017cnieniem studia jednolite magisterskie na Wydziale Mechanicznym Politechniki Krakowskiej w 2011 r. Kontynuuj\u0105c nauk\u0119 na studiach III \u2013 ego stopnia, uzyska\u0142 stopie\u0144 doktora nauk technicznych w dyscyplinie Budowa i Eksploatacja Maszyn [&hellip;]","og_url":"https:\/\/m8.mech.pk.edu.pl\/index.php\/pracownicy\/kaczor-grzegorz\/","og_site_name":"Katedra Pojazd\u00f3w Szynowych i Transportu","article_publisher":"https:\/\/facebook.com\/KPSzTPK","article_modified_time":"2022-02-22T11:32:22+00:00","og_image":[{"url":"http:\/\/m8.mech.pk.edu.pl\/wp-content\/uploads\/2021\/01\/GKaczor2-200x300.png","type":"","width":"","height":""}],"twitter_card":"summary_large_image","twitter_misc":{"Szacowany czas czytania":"3 minuty"},"schema":{"@context":"https:\/\/schema.org","@graph":[{"@type":"WebPage","@id":"https:\/\/m8.mech.pk.edu.pl\/index.php\/pracownicy\/kaczor-grzegorz\/","url":"https:\/\/m8.mech.pk.edu.pl\/index.php\/pracownicy\/kaczor-grzegorz\/","name":"Kaczor Grzegorz - Katedra Pojazd\u00f3w Szynowych i Transportu","isPartOf":{"@id":"https:\/\/m8.mech.pk.edu.pl\/#website"},"primaryImageOfPage":{"@id":"https:\/\/m8.mech.pk.edu.pl\/index.php\/pracownicy\/kaczor-grzegorz\/#primaryimage"},"image":{"@id":"https:\/\/m8.mech.pk.edu.pl\/index.php\/pracownicy\/kaczor-grzegorz\/#primaryimage"},"thumbnailUrl":"http:\/\/m8.mech.pk.edu.pl\/wp-content\/uploads\/2021\/01\/GKaczor2-200x300.png","datePublished":"2021-01-20T07:03:55+00:00","dateModified":"2022-02-22T11:32:22+00:00","breadcrumb":{"@id":"https:\/\/m8.mech.pk.edu.pl\/index.php\/pracownicy\/kaczor-grzegorz\/#breadcrumb"},"inLanguage":"pl-PL","potentialAction":[{"@type":"ReadAction","target":["https:\/\/m8.mech.pk.edu.pl\/index.php\/pracownicy\/kaczor-grzegorz\/"]}]},{"@type":"ImageObject","inLanguage":"pl-PL","@id":"https:\/\/m8.mech.pk.edu.pl\/index.php\/pracownicy\/kaczor-grzegorz\/#primaryimage","url":"https:\/\/m8.mech.pk.edu.pl\/wp-content\/uploads\/2021\/01\/GKaczor2.png","contentUrl":"https:\/\/m8.mech.pk.edu.pl\/wp-content\/uploads\/2021\/01\/GKaczor2.png","width":400,"height":600},{"@type":"BreadcrumbList","@id":"https:\/\/m8.mech.pk.edu.pl\/index.php\/pracownicy\/kaczor-grzegorz\/#breadcrumb","itemListElement":[{"@type":"ListItem","position":1,"name":"Strona g\u0142\u00f3wna","item":"https:\/\/m8.mech.pk.edu.pl\/"},{"@type":"ListItem","position":2,"name":"Pracownicy","item":"https:\/\/m8.mech.pk.edu.pl\/index.php\/pracownicy\/"},{"@type":"ListItem","position":3,"name":"Kaczor Grzegorz"}]},{"@type":"WebSite","@id":"https:\/\/m8.mech.pk.edu.pl\/#website","url":"https:\/\/m8.mech.pk.edu.pl\/","name":"Katedra Pojazd\u00f3w Szynowych i Transportu","description":"Katedra Pojazd\u00f3w Szynowych i Transportu Politechniki Krakowskiej na Wydziale Mechanicznym","publisher":{"@id":"https:\/\/m8.mech.pk.edu.pl\/#organization"},"potentialAction":[{"@type":"SearchAction","target":{"@type":"EntryPoint","urlTemplate":"https:\/\/m8.mech.pk.edu.pl\/?s={search_term_string}"},"query-input":{"@type":"PropertyValueSpecification","valueRequired":true,"valueName":"search_term_string"}}],"inLanguage":"pl-PL"},{"@type":"Organization","@id":"https:\/\/m8.mech.pk.edu.pl\/#organization","name":"Katedra Pojazd\u00f3w Szynowych","url":"https:\/\/m8.mech.pk.edu.pl\/","logo":{"@type":"ImageObject","inLanguage":"pl-PL","@id":"https:\/\/m8.mech.pk.edu.pl\/#\/schema\/logo\/image\/","url":"https:\/\/m8.mech.pk.edu.pl\/wp-content\/uploads\/2021\/01\/logo-mail-kpsit.png","contentUrl":"https:\/\/m8.mech.pk.edu.pl\/wp-content\/uploads\/2021\/01\/logo-mail-kpsit.png","width":300,"height":119,"caption":"Katedra Pojazd\u00f3w Szynowych"},"image":{"@id":"https:\/\/m8.mech.pk.edu.pl\/#\/schema\/logo\/image\/"},"sameAs":["https:\/\/facebook.com\/KPSzTPK","https:\/\/www.youtube.com\/channel\/UCen3PQ3fl3ry92o_lHkyVaQ"]}]}},"_links":{"self":[{"href":"https:\/\/m8.mech.pk.edu.pl\/index.php\/wp-json\/wp\/v2\/pages\/1772","targetHints":{"allow":["GET"]}}],"collection":[{"href":"https:\/\/m8.mech.pk.edu.pl\/index.php\/wp-json\/wp\/v2\/pages"}],"about":[{"href":"https:\/\/m8.mech.pk.edu.pl\/index.php\/wp-json\/wp\/v2\/types\/page"}],"author":[{"embeddable":true,"href":"https:\/\/m8.mech.pk.edu.pl\/index.php\/wp-json\/wp\/v2\/users\/1"}],"replies":[{"embeddable":true,"href":"https:\/\/m8.mech.pk.edu.pl\/index.php\/wp-json\/wp\/v2\/comments?post=1772"}],"version-history":[{"count":11,"href":"https:\/\/m8.mech.pk.edu.pl\/index.php\/wp-json\/wp\/v2\/pages\/1772\/revisions"}],"predecessor-version":[{"id":2797,"href":"https:\/\/m8.mech.pk.edu.pl\/index.php\/wp-json\/wp\/v2\/pages\/1772\/revisions\/2797"}],"up":[{"embeddable":true,"href":"https:\/\/m8.mech.pk.edu.pl\/index.php\/wp-json\/wp\/v2\/pages\/30"}],"wp:attachment":[{"href":"https:\/\/m8.mech.pk.edu.pl\/index.php\/wp-json\/wp\/v2\/media?parent=1772"}],"curies":[{"name":"wp","href":"https:\/\/api.w.org\/{rel}","templated":true}]}}