{"id":138,"date":"2021-01-07T14:25:51","date_gmt":"2021-01-07T13:25:51","guid":{"rendered":"http:\/\/149.156.155.135\/?page_id=138"},"modified":"2023-08-22T10:32:08","modified_gmt":"2023-08-22T08:32:08","slug":"m-08-2-zespol-systemow-logistycznych","status":"publish","type":"page","link":"https:\/\/m8.mech.pk.edu.pl\/index.php\/struktura\/m-08-2-zespol-systemow-logistycznych\/","title":{"rendered":"M-08-2 Zesp\u00f3\u0142 System\u00f3w Logistycznych"},"content":{"rendered":"\n<h1 class=\"wp-block-heading has-medium-font-size\" id=\"kierownik-zespolu\">Kierownik Zespo\u0142u:<\/h1>\n\n\n\n<p class=\"has-medium-font-size\"><strong><a href=\"http:\/\/m8.mech.pk.edu.pl\/index.php\/pracownicy\/szkoda-maciej\/\" data-type=\"page\" data-id=\"1110\">dr hab. in\u017c. Maciej Szkoda<\/a><\/strong><\/p>\n\n\n\n<h1 class=\"wp-block-heading has-medium-font-size\" id=\"nauczyciele-akademiccy\">Nauczyciele akademiccy:<\/h1>\n\n\n\n<ol class=\"wp-block-list\">\n<li class=\"has-medium-font-size\">dr in\u017c. Teresa Gajewska, adiunkt<\/li>\n\n\n\n<li class=\"has-medium-font-size\">mgr in\u017c. Maciej Grzywna, asystent<\/li>\n\n\n\n<li class=\"has-medium-font-size\">dr in\u017c. Grzegorz Kaczor, adiunkt<\/li>\n\n\n\n<li class=\"has-medium-font-size\">dr hab. in\u017c. Piotr Kisielewski, prof. PK<\/li>\n\n\n\n<li class=\"has-medium-font-size\">dr in\u017c. Tomasz Kuczek, adiunkt<\/li>\n\n\n\n<li class=\"has-medium-font-size\">mgr in\u017c. Aleksandra Lisowska, asystent<\/li>\n\n\n\n<li class=\"has-medium-font-size\">dr in\u017c. Augustyn Lorenc, adiunkt<\/li>\n\n\n\n<li class=\"has-medium-font-size\">dr in\u017c. Magdalena Machno, adiunkt<\/li>\n\n\n\n<li class=\"has-medium-font-size\">mgr in\u017c. Agnieszka Solarz, asystent<\/li>\n\n\n\n<li class=\"has-medium-font-size\">dr hab. in\u017c. Maciej Szkoda, prof. PK<br><\/li>\n<\/ol>\n\n\n\n<h1 class=\"wp-block-heading has-medium-font-size\" id=\"zagadnienia-badawcze\">Zagadnienia badawcze:<\/h1>\n\n\n\n<ul class=\"wp-block-list\">\n<li class=\"has-medium-font-size\">Systemy logistyczne w transporcie<\/li>\n\n\n\n<li class=\"has-medium-font-size\">Dob\u00f3r \u015brodk\u00f3w transportowych dla wsp\u00f3\u0142czesnych rynk\u00f3w przewozowych<\/li>\n\n\n\n<li class=\"has-medium-font-size\">Kryteria oceny jako\u015bci us\u0142ug logistycznych<\/li>\n\n\n\n<li class=\"has-medium-font-size\">Metody oceny dostawc\u00f3w us\u0142ug logistycznych<\/li>\n\n\n\n<li class=\"has-medium-font-size\">Zarz\u0105dzanie jako\u015bci\u0105 us\u0142ug logistycznych<\/li>\n\n\n\n<li class=\"has-medium-font-size\">Logistyka magazynowa i procesy zachodz\u0105ce w magazynach<\/li>\n\n\n\n<li class=\"has-medium-font-size\">Systemy automatycznej identyfikacji produkt\u00f3w<\/li>\n\n\n\n<li class=\"has-medium-font-size\">Logistyka produkcji i dystrybucji<\/li>\n\n\n\n<li class=\"has-medium-font-size\">Decyzje lokalizacji magazyn\u00f3w i centr\u00f3w logistycznych<\/li>\n\n\n\n<li class=\"has-medium-font-size\">Analiza i optymalizacja proces\u00f3w logistycznych i transportowych<\/li>\n\n\n\n<li class=\"has-medium-font-size\">Sposoby zabezpieczania \u0142adunk\u00f3w<\/li>\n\n\n\n<li class=\"has-medium-font-size\">Marketing w transporcie<\/li>\n\n\n\n<li class=\"has-medium-font-size\">Systemy jako\u015bci w bran\u017cy TLS<\/li>\n\n\n\n<li class=\"has-medium-font-size\">Problemy transportu ch\u0142odniczego<\/li>\n\n\n\n<li class=\"has-medium-font-size\">Analiza koszt\u00f3w cyklu \u017cycia LCC (Life Cycle Costs Analysis) oraz analiza korzy\u015bci-koszt\u00f3w (Cost-Benefit Analysis) dla przedsi\u0119wzi\u0119\u0107 inwestycyjnych i modernizacyjnych w logistyce i transporcie<\/li>\n\n\n\n<li class=\"has-medium-font-size\">Analiza koszt\u00f3w eksploatacji \u015brodk\u00f3w transportowych<\/li>\n\n\n\n<li class=\"has-medium-font-size\">Ocena efektywno\u015bci system\u00f3w transportowych ze zmian\u0105 szeroko\u015bci tor\u00f3w 1435\/1520 mm<\/li>\n\n\n\n<li class=\"has-medium-font-size\">Analizy rynkowe dotycz\u0105ce oceny stanu aktualnego i prognozy kr\u00f3tkookresowej rozwoju rynku TSL<\/li>\n\n\n\n<li class=\"has-medium-font-size\">Analiza SWOT dla przedsi\u0119wzi\u0119\u0107 inwestycyjnych w transporcie<\/li>\n\n\n\n<li class=\"has-medium-font-size\">Studia wykonalno\u015bci dotycz\u0105ce projekt\u00f3w inwestycyjnych w transporcie<\/li>\n\n\n\n<li class=\"has-medium-font-size\">Modelowanie komputerowe i projektowanie sieci transportowych w komunikacji miejskiej<\/li>\n\n\n\n<li class=\"has-medium-font-size\">Synchronizacja linii komunikacyjnych (City transport line synchronization)<\/li>\n\n\n\n<li class=\"has-medium-font-size\">Optymalizacja rozk\u0142ad\u00f3w jazdy (Time table optimization)<\/li>\n\n\n\n<li class=\"has-medium-font-size\">Optymalizacja zada\u0144 transportowych w komunikacji miejskiej (vehicle and crew scheduling)<\/li>\n\n\n\n<li class=\"has-medium-font-size\">Optymalizacja przydzia\u0142u zada\u0144 transportowych (Crew rostering)<\/li>\n\n\n\n<li class=\"has-medium-font-size\">Technologie mobilne w logistyce komunikacji miejskiej (Mobile technology in city logistics)<\/li>\n\n\n\n<li class=\"has-medium-font-size\">Modelowanie komputerowe sieci kolejowej<\/li>\n\n\n\n<li class=\"has-medium-font-size\">Planowanie i dyspozycja pojazd\u00f3w, dru\u017cyn trakcyjnych i konduktorskich (vehicle and crew scheduling)<\/li>\n\n\n\n<li class=\"has-medium-font-size\">Optymalizacja przydzia\u0142u zada\u0144 transportowych (Crew rostering)<\/li>\n\n\n\n<li class=\"has-medium-font-size\">Technologie mobilne w logistyce komunikacji miejskiej (Mobile technology in railway logistics)<\/li>\n\n\n\n<li class=\"has-medium-font-size\">Analizy efektywno\u015bci i op\u0142acalno\u015bci:\n<ol class=\"wp-block-list\">\n<li>Analizy LCC (Life Cycle Cost Analysis) oraz analizy korzy\u015bci-koszt\u00f3w (Cost-Benefit Analysis) dla przedsi\u0119wzi\u0119\u0107 inwestycyjnych i modernizacyjnych w transporcie,<\/li>\n\n\n\n<li>Analizy LCC dla \u015brodk\u00f3w transportu szynowego i drogowego,<\/li>\n\n\n\n<li>Analiza koszt\u00f3w eksploatacji \u015brodk\u00f3w transportowych,<\/li>\n\n\n\n<li>Ocena efektywno\u015bci przewoz\u00f3w towarowych i pasa\u017cerskich ze zmian\u0105 szeroko\u015bci tor\u00f3w 1435\/1520 mm,<\/li>\n\n\n\n<li>Ocena efektywno\u015bci metod pokonania r\u00f3\u017cnej szeroko\u015bci tor\u00f3w 1435\/1520 mm.<\/li>\n<\/ol>\n<\/li>\n\n\n\n<li class=\"has-medium-font-size\">Analizy rynkowe:\n<ol class=\"wp-block-list\">\n<li>Ocena stanu aktualnego i prognozy kr\u00f3tkookresowe rozwoju rynku transportowego,<\/li>\n\n\n\n<li>Analizy SWOT dla przedsi\u0119wzi\u0119\u0107 inwestycyjnych w transporcie.<\/li>\n<\/ol>\n<\/li>\n\n\n\n<li class=\"has-medium-font-size\">Studia wykonalno\u015bci, wyceny:\n<ol class=\"wp-block-list\">\n<li>Studia wykonalno\u015bci dotycz\u0105ce projekt\u00f3w inwestycyjnych w transporcie kolejowym,<\/li>\n\n\n\n<li>Wycena nowych i u\u017cywanych \u015brodk\u00f3w transportowych.<\/li>\n<\/ol>\n<\/li>\n<\/ul>\n","protected":false},"excerpt":{"rendered":"<p>Kierownik Zespo\u0142u: dr hab. in\u017c. Maciej Szkoda Nauczyciele akademiccy: Zagadnienia badawcze:<\/p>\n","protected":false},"author":1,"featured_media":0,"parent":51,"menu_order":0,"comment_status":"closed","ping_status":"closed","template":"","meta":{"footnotes":""},"class_list":["post-138","page","type-page","status-publish","hentry"],"yoast_head":"<!-- This site is optimized with the Yoast SEO plugin v27.4 - https:\/\/yoast.com\/product\/yoast-seo-wordpress\/ -->\n<title>M-08-2 Zesp\u00f3\u0142 System\u00f3w Logistycznych - Katedra Pojazd\u00f3w Szynowych i Transportu<\/title>\n<meta name=\"robots\" content=\"index, follow, max-snippet:-1, max-image-preview:large, max-video-preview:-1\" \/>\n<link rel=\"canonical\" href=\"https:\/\/m8.mech.pk.edu.pl\/index.php\/struktura\/m-08-2-zespol-systemow-logistycznych\/\" \/>\n<meta property=\"og:locale\" content=\"pl_PL\" \/>\n<meta property=\"og:type\" content=\"article\" \/>\n<meta property=\"og:title\" content=\"M-08-2 Zesp\u00f3\u0142 System\u00f3w Logistycznych - Katedra Pojazd\u00f3w Szynowych i Transportu\" \/>\n<meta property=\"og:description\" content=\"Kierownik Zespo\u0142u: dr hab. in\u017c. Maciej Szkoda Nauczyciele akademiccy: Zagadnienia badawcze:\" \/>\n<meta property=\"og:url\" content=\"https:\/\/m8.mech.pk.edu.pl\/index.php\/struktura\/m-08-2-zespol-systemow-logistycznych\/\" \/>\n<meta property=\"og:site_name\" content=\"Katedra Pojazd\u00f3w Szynowych i Transportu\" \/>\n<meta property=\"article:publisher\" content=\"https:\/\/facebook.com\/KPSzTPK\" \/>\n<meta property=\"article:modified_time\" content=\"2023-08-22T08:32:08+00:00\" \/>\n<meta name=\"twitter:card\" content=\"summary_large_image\" \/>\n<meta name=\"twitter:label1\" content=\"Szacowany czas czytania\" \/>\n\t<meta name=\"twitter:data1\" content=\"3 minuty\" \/>\n<script type=\"application\/ld+json\" class=\"yoast-schema-graph\">{\"@context\":\"https:\\\/\\\/schema.org\",\"@graph\":[{\"@type\":\"WebPage\",\"@id\":\"https:\\\/\\\/m8.mech.pk.edu.pl\\\/index.php\\\/struktura\\\/m-08-2-zespol-systemow-logistycznych\\\/\",\"url\":\"https:\\\/\\\/m8.mech.pk.edu.pl\\\/index.php\\\/struktura\\\/m-08-2-zespol-systemow-logistycznych\\\/\",\"name\":\"M-08-2 Zesp\u00f3\u0142 System\u00f3w Logistycznych - Katedra Pojazd\u00f3w Szynowych i Transportu\",\"isPartOf\":{\"@id\":\"https:\\\/\\\/m8.mech.pk.edu.pl\\\/#website\"},\"datePublished\":\"2021-01-07T13:25:51+00:00\",\"dateModified\":\"2023-08-22T08:32:08+00:00\",\"breadcrumb\":{\"@id\":\"https:\\\/\\\/m8.mech.pk.edu.pl\\\/index.php\\\/struktura\\\/m-08-2-zespol-systemow-logistycznych\\\/#breadcrumb\"},\"inLanguage\":\"pl-PL\",\"potentialAction\":[{\"@type\":\"ReadAction\",\"target\":[\"https:\\\/\\\/m8.mech.pk.edu.pl\\\/index.php\\\/struktura\\\/m-08-2-zespol-systemow-logistycznych\\\/\"]}]},{\"@type\":\"BreadcrumbList\",\"@id\":\"https:\\\/\\\/m8.mech.pk.edu.pl\\\/index.php\\\/struktura\\\/m-08-2-zespol-systemow-logistycznych\\\/#breadcrumb\",\"itemListElement\":[{\"@type\":\"ListItem\",\"position\":1,\"name\":\"Strona g\u0142\u00f3wna\",\"item\":\"https:\\\/\\\/m8.mech.pk.edu.pl\\\/\"},{\"@type\":\"ListItem\",\"position\":2,\"name\":\"Struktura\",\"item\":\"https:\\\/\\\/m8.mech.pk.edu.pl\\\/index.php\\\/struktura\\\/\"},{\"@type\":\"ListItem\",\"position\":3,\"name\":\"M-08-2 Zesp\u00f3\u0142 System\u00f3w Logistycznych\"}]},{\"@type\":\"WebSite\",\"@id\":\"https:\\\/\\\/m8.mech.pk.edu.pl\\\/#website\",\"url\":\"https:\\\/\\\/m8.mech.pk.edu.pl\\\/\",\"name\":\"Katedra Pojazd\u00f3w Szynowych i Transportu\",\"description\":\"Katedra Pojazd\u00f3w Szynowych i Transportu Politechniki Krakowskiej na Wydziale Mechanicznym\",\"publisher\":{\"@id\":\"https:\\\/\\\/m8.mech.pk.edu.pl\\\/#organization\"},\"potentialAction\":[{\"@type\":\"SearchAction\",\"target\":{\"@type\":\"EntryPoint\",\"urlTemplate\":\"https:\\\/\\\/m8.mech.pk.edu.pl\\\/?s={search_term_string}\"},\"query-input\":{\"@type\":\"PropertyValueSpecification\",\"valueRequired\":true,\"valueName\":\"search_term_string\"}}],\"inLanguage\":\"pl-PL\"},{\"@type\":\"Organization\",\"@id\":\"https:\\\/\\\/m8.mech.pk.edu.pl\\\/#organization\",\"name\":\"Katedra Pojazd\u00f3w Szynowych\",\"url\":\"https:\\\/\\\/m8.mech.pk.edu.pl\\\/\",\"logo\":{\"@type\":\"ImageObject\",\"inLanguage\":\"pl-PL\",\"@id\":\"https:\\\/\\\/m8.mech.pk.edu.pl\\\/#\\\/schema\\\/logo\\\/image\\\/\",\"url\":\"https:\\\/\\\/m8.mech.pk.edu.pl\\\/wp-content\\\/uploads\\\/2021\\\/01\\\/logo-mail-kpsit.png\",\"contentUrl\":\"https:\\\/\\\/m8.mech.pk.edu.pl\\\/wp-content\\\/uploads\\\/2021\\\/01\\\/logo-mail-kpsit.png\",\"width\":300,\"height\":119,\"caption\":\"Katedra Pojazd\u00f3w Szynowych\"},\"image\":{\"@id\":\"https:\\\/\\\/m8.mech.pk.edu.pl\\\/#\\\/schema\\\/logo\\\/image\\\/\"},\"sameAs\":[\"https:\\\/\\\/facebook.com\\\/KPSzTPK\",\"https:\\\/\\\/www.youtube.com\\\/channel\\\/UCen3PQ3fl3ry92o_lHkyVaQ\"]}]}<\/script>\n<!-- \/ Yoast SEO plugin. -->","yoast_head_json":{"title":"M-08-2 Zesp\u00f3\u0142 System\u00f3w Logistycznych - Katedra Pojazd\u00f3w Szynowych i Transportu","robots":{"index":"index","follow":"follow","max-snippet":"max-snippet:-1","max-image-preview":"max-image-preview:large","max-video-preview":"max-video-preview:-1"},"canonical":"https:\/\/m8.mech.pk.edu.pl\/index.php\/struktura\/m-08-2-zespol-systemow-logistycznych\/","og_locale":"pl_PL","og_type":"article","og_title":"M-08-2 Zesp\u00f3\u0142 System\u00f3w Logistycznych - Katedra Pojazd\u00f3w Szynowych i Transportu","og_description":"Kierownik Zespo\u0142u: dr hab. in\u017c. Maciej Szkoda Nauczyciele akademiccy: Zagadnienia badawcze:","og_url":"https:\/\/m8.mech.pk.edu.pl\/index.php\/struktura\/m-08-2-zespol-systemow-logistycznych\/","og_site_name":"Katedra Pojazd\u00f3w Szynowych i Transportu","article_publisher":"https:\/\/facebook.com\/KPSzTPK","article_modified_time":"2023-08-22T08:32:08+00:00","twitter_card":"summary_large_image","twitter_misc":{"Szacowany czas czytania":"3 minuty"},"schema":{"@context":"https:\/\/schema.org","@graph":[{"@type":"WebPage","@id":"https:\/\/m8.mech.pk.edu.pl\/index.php\/struktura\/m-08-2-zespol-systemow-logistycznych\/","url":"https:\/\/m8.mech.pk.edu.pl\/index.php\/struktura\/m-08-2-zespol-systemow-logistycznych\/","name":"M-08-2 Zesp\u00f3\u0142 System\u00f3w Logistycznych - Katedra Pojazd\u00f3w Szynowych i Transportu","isPartOf":{"@id":"https:\/\/m8.mech.pk.edu.pl\/#website"},"datePublished":"2021-01-07T13:25:51+00:00","dateModified":"2023-08-22T08:32:08+00:00","breadcrumb":{"@id":"https:\/\/m8.mech.pk.edu.pl\/index.php\/struktura\/m-08-2-zespol-systemow-logistycznych\/#breadcrumb"},"inLanguage":"pl-PL","potentialAction":[{"@type":"ReadAction","target":["https:\/\/m8.mech.pk.edu.pl\/index.php\/struktura\/m-08-2-zespol-systemow-logistycznych\/"]}]},{"@type":"BreadcrumbList","@id":"https:\/\/m8.mech.pk.edu.pl\/index.php\/struktura\/m-08-2-zespol-systemow-logistycznych\/#breadcrumb","itemListElement":[{"@type":"ListItem","position":1,"name":"Strona g\u0142\u00f3wna","item":"https:\/\/m8.mech.pk.edu.pl\/"},{"@type":"ListItem","position":2,"name":"Struktura","item":"https:\/\/m8.mech.pk.edu.pl\/index.php\/struktura\/"},{"@type":"ListItem","position":3,"name":"M-08-2 Zesp\u00f3\u0142 System\u00f3w Logistycznych"}]},{"@type":"WebSite","@id":"https:\/\/m8.mech.pk.edu.pl\/#website","url":"https:\/\/m8.mech.pk.edu.pl\/","name":"Katedra Pojazd\u00f3w Szynowych i Transportu","description":"Katedra Pojazd\u00f3w Szynowych i Transportu Politechniki Krakowskiej na Wydziale Mechanicznym","publisher":{"@id":"https:\/\/m8.mech.pk.edu.pl\/#organization"},"potentialAction":[{"@type":"SearchAction","target":{"@type":"EntryPoint","urlTemplate":"https:\/\/m8.mech.pk.edu.pl\/?s={search_term_string}"},"query-input":{"@type":"PropertyValueSpecification","valueRequired":true,"valueName":"search_term_string"}}],"inLanguage":"pl-PL"},{"@type":"Organization","@id":"https:\/\/m8.mech.pk.edu.pl\/#organization","name":"Katedra Pojazd\u00f3w Szynowych","url":"https:\/\/m8.mech.pk.edu.pl\/","logo":{"@type":"ImageObject","inLanguage":"pl-PL","@id":"https:\/\/m8.mech.pk.edu.pl\/#\/schema\/logo\/image\/","url":"https:\/\/m8.mech.pk.edu.pl\/wp-content\/uploads\/2021\/01\/logo-mail-kpsit.png","contentUrl":"https:\/\/m8.mech.pk.edu.pl\/wp-content\/uploads\/2021\/01\/logo-mail-kpsit.png","width":300,"height":119,"caption":"Katedra Pojazd\u00f3w Szynowych"},"image":{"@id":"https:\/\/m8.mech.pk.edu.pl\/#\/schema\/logo\/image\/"},"sameAs":["https:\/\/facebook.com\/KPSzTPK","https:\/\/www.youtube.com\/channel\/UCen3PQ3fl3ry92o_lHkyVaQ"]}]}},"_links":{"self":[{"href":"https:\/\/m8.mech.pk.edu.pl\/index.php\/wp-json\/wp\/v2\/pages\/138","targetHints":{"allow":["GET"]}}],"collection":[{"href":"https:\/\/m8.mech.pk.edu.pl\/index.php\/wp-json\/wp\/v2\/pages"}],"about":[{"href":"https:\/\/m8.mech.pk.edu.pl\/index.php\/wp-json\/wp\/v2\/types\/page"}],"author":[{"embeddable":true,"href":"https:\/\/m8.mech.pk.edu.pl\/index.php\/wp-json\/wp\/v2\/users\/1"}],"replies":[{"embeddable":true,"href":"https:\/\/m8.mech.pk.edu.pl\/index.php\/wp-json\/wp\/v2\/comments?post=138"}],"version-history":[{"count":10,"href":"https:\/\/m8.mech.pk.edu.pl\/index.php\/wp-json\/wp\/v2\/pages\/138\/revisions"}],"predecessor-version":[{"id":3863,"href":"https:\/\/m8.mech.pk.edu.pl\/index.php\/wp-json\/wp\/v2\/pages\/138\/revisions\/3863"}],"up":[{"embeddable":true,"href":"https:\/\/m8.mech.pk.edu.pl\/index.php\/wp-json\/wp\/v2\/pages\/51"}],"wp:attachment":[{"href":"https:\/\/m8.mech.pk.edu.pl\/index.php\/wp-json\/wp\/v2\/media?parent=138"}],"curies":[{"name":"wp","href":"https:\/\/api.w.org\/{rel}","templated":true}]}}