{"id":136,"date":"2021-01-07T14:24:42","date_gmt":"2021-01-07T13:24:42","guid":{"rendered":"http:\/\/149.156.155.135\/?page_id=136"},"modified":"2025-02-02T21:46:15","modified_gmt":"2025-02-02T20:46:15","slug":"zespol-budowy-i-eksploatacji-pojazdow-szynowych-m-08-1","status":"publish","type":"page","link":"https:\/\/m8.mech.pk.edu.pl\/index.php\/struktura\/zespol-budowy-i-eksploatacji-pojazdow-szynowych-m-08-1\/","title":{"rendered":"M-08-1 Zesp\u00f3\u0142 Budowy i Eksploatacji Pojazd\u00f3w Szynowych"},"content":{"rendered":"\n<h3 class=\"wp-block-heading has-medium-font-size\" id=\"kierownik-zespolu\">Kierownik Zespo\u0142u:<\/h3>\n\n\n\n<p class=\"has-medium-font-size\">dr hab. in\u017c. Grzegorz Zaj\u0105c<\/p>\n\n\n\n<h1 class=\"wp-block-heading has-medium-font-size\" id=\"nauczyciele-akademiccy\">Nauczyciele akademiccy:<\/h1>\n\n\n\n<ol class=\"wp-block-list\">\n<li class=\"has-medium-font-size\">dr hab. in\u017c. Grzegorz Zaj\u0105c, prof. PK<\/li>\n\n\n\n<li class=\"has-medium-font-size\">dr hab. in\u017c. Stanis\u0142aw M\u0142ynarski, prof. PK<\/li>\n\n\n\n<li class=\"has-medium-font-size\">dr Maciej G\u00f3rowski, adiunkt<\/li>\n\n\n\n<li class=\"has-medium-font-size\">dr in\u017c. Maciej Michnej, adiunkt<\/li>\n\n\n\n<li class=\"has-medium-font-size\">dr in\u017c. Tymoteusz Rasi\u0144ski, adiunkt<\/li>\n\n\n\n<li class=\"has-medium-font-size\">dr in\u017c. Ma\u0142gorzata Ku\u017anar, adiunkt<\/li>\n\n\n\n<li class=\"has-medium-font-size\">mgr in\u017c. Bartosz Szachniewicz, asystent<\/li>\n<\/ol>\n\n\n\n<h1 class=\"wp-block-heading has-medium-font-size\" id=\"zagadnienia-badawcze\">Zagadnienia badawcze:<\/h1>\n\n\n\n<ul class=\"wp-block-list\">\n<li class=\"has-medium-font-size\">Lokomotywy i pojazdy z nap\u0119dem spalinowym \u2013 przek\u0142adnie elektryczne, hydrauliczne,<\/li>\n\n\n\n<li class=\"has-medium-font-size\">Elektryczne i spalinowe zespo\u0142y trakcyjne,<\/li>\n\n\n\n<li class=\"has-medium-font-size\">Wagony pasa\u017cerskie i towarowe,<\/li>\n\n\n\n<li class=\"has-medium-font-size\">Projektowanie i budowa pojazd\u00f3w szynowych,<\/li>\n\n\n\n<li class=\"has-medium-font-size\">Eksploatacja pojazd\u00f3w szynowych (charakterystyki trakcyjne,&nbsp;systemy utrzymania,&nbsp;WT, DTR, WTW i O pojazd\u00f3w,&nbsp;badania i pr\u00f3by pojazd\u00f3w,&nbsp;ekspertyzy i opinie techniczne),<\/li>\n\n\n\n<li class=\"has-medium-font-size\">Modernizacja pojazd\u00f3w szynowych,<\/li>\n\n\n\n<li class=\"has-medium-font-size\">Identyfikacja charakteru obci\u0105\u017ce\u0144 kolejowych i tramwajowych podstacji trakcyjnych,<\/li>\n\n\n\n<li class=\"has-medium-font-size\">Optymalizacja &#8211; algorytmy genetyczne,<\/li>\n\n\n\n<li class=\"has-medium-font-size\">Symulacja komputerowa maszyn,<\/li>\n\n\n\n<li class=\"has-medium-font-size\">Symulacja dynamiki maszyn &#8211; Multibody Dynamics,<\/li>\n\n\n\n<li class=\"has-medium-font-size\">Optymalizacja wymiarowa konstrukcji,<\/li>\n\n\n\n<li class=\"has-medium-font-size\">Optymalizacja toplogiczna konstrukcji cienko\u015bciennych,<\/li>\n\n\n\n<li class=\"has-medium-font-size\">Bezpiecze\u0144stwo bierne pojazd\u00f3w,<\/li>\n\n\n\n<li class=\"has-medium-font-size\">Zm\u0119czenie materia\u0142u: opracowanie projektu sto\u0142owej maszyny zm\u0119czeniowej do wyznaczania charakterystyk zm\u0119czeniowych wieloosiowych,<\/li>\n\n\n\n<li class=\"has-medium-font-size\">Konstrukcje kompozytowe: opracowanie metodyki projektowania konstrukcji samono\u015bnych wykonanych z kompozyt\u00f3w,<\/li>\n\n\n\n<li class=\"has-medium-font-size\">Optymalizacja konstrukcji pojazd\u00f3w szynowych z uwzgl\u0119dnieniem koszt\u00f3w LCC,<\/li>\n\n\n\n<li class=\"has-medium-font-size\">Hamulce elektromagnetyczne w pojazdach szynowych,<\/li>\n\n\n\n<li class=\"has-medium-font-size\">Wp\u0142yw szczeliny powietrznej mi\u0119dzy p\u0142oz\u0105 a szyn\u0105 kolejow\u0105 na charakterystyk\u0119 liniowego hamulca wiropr\u0105dowego,<\/li>\n\n\n\n<li class=\"has-medium-font-size\">Identyfikacja wybranych niezdatno\u015bci elektrycznych silnik\u00f3w trakcyjnych,<\/li>\n\n\n\n<li class=\"has-medium-font-size\">Analizy wytrzyma\u0142o\u015bciowe z wykorzystaniem Metody Element\u00f3w Sko\u0144czonych,<\/li>\n\n\n\n<li class=\"has-medium-font-size\">Wzornictwo i ergonomia w pojazdach szynowych,<\/li>\n\n\n\n<li class=\"has-medium-font-size\">Projektowanie kabin i pulpit\u00f3w sterowniczych, analizy ergonomiczne i&nbsp; funkcjonalne, opracowywanie innowacyjnych rozwi\u0105za\u0144 zwi\u0105zanych z modu\u0142ow\u0105 zabudow\u0105 kabin, wyposa\u017ceniem i rozwi\u0105zaniami ergonomicznymi,<\/li>\n\n\n\n<li class=\"has-medium-font-size\">Tematyka zwi\u0105zana z symulatorami jazdy pojazd\u00f3w szynowych, szkoleniami na symulatorach, funkcjonalno\u015bci i rozwi\u0105zania techniczne stosowane w symulatorach,<\/li>\n\n\n\n<li class=\"has-medium-font-size\">In\u017cynieria i bezpiecze\u0144stwo ruchu pojazd\u00f3w szynowych,<\/li>\n\n\n\n<li class=\"has-medium-font-size\">Analiza i modelowanie system\u00f3w eksploatacji,<\/li>\n\n\n\n<li class=\"has-medium-font-size\">Metody symulacji i optymalizacji w systemach eksploatacji,<\/li>\n\n\n\n<li class=\"has-medium-font-size\">Zastosowania informatyki w eksploatacji pojazd\u00f3w,<\/li>\n\n\n\n<li class=\"has-medium-font-size\">Logistyka w systemach eksploatacji \u015brodk\u00f3w transportu,<\/li>\n\n\n\n<li class=\"has-medium-font-size\">Strategie utrzymania \u015brodk\u00f3w transportu,<\/li>\n\n\n\n<li class=\"has-medium-font-size\">Zu\u017cycia tribologiczne w elementach \u015brodk\u00f3w transportu,<\/li>\n\n\n\n<li class=\"has-medium-font-size\">Zu\u017cycia zm\u0119czeniowe w elementach \u015brodk\u00f3w transportu,<\/li>\n\n\n\n<li class=\"has-medium-font-size\">Systemy smarowania k\u00f3\u0142 i szyn na \u0142ukach torowych,<\/li>\n\n\n\n<li class=\"has-medium-font-size\">Technologiczne metody ograniczenia zu\u017cycia element\u00f3w \u015brodk\u00f3w transportu,<\/li>\n\n\n\n<li class=\"has-medium-font-size\">Diagnostyka wibroakustyczna w procesach eksploatacji,<\/li>\n\n\n\n<li class=\"has-medium-font-size\">Metody detekcji i lokalizacji niezdatno\u015bci w obiektach technicznych,<\/li>\n\n\n\n<li class=\"has-medium-font-size\">Bezpiecze\u0144stwo w systemach u\u017cytkowania i obs\u0142ugiwania \u015brodk\u00f3w transportu,<\/li>\n\n\n\n<li class=\"has-medium-font-size\">Niezawodno\u015b\u0107 i bezpiecze\u0144stwo obiekt\u00f3w technicznych,<\/li>\n\n\n\n<li class=\"has-medium-font-size\">Synteza niezawodno\u015bci konstrukcji obiekt\u00f3w technicznych,<\/li>\n\n\n\n<li class=\"has-medium-font-size\">Modelowanie niezawodno\u015bci obiekt\u00f3w technicznych,<\/li>\n\n\n\n<li class=\"has-medium-font-size\">Wspomaganie komputerowe w niezawodno\u015bci,<\/li>\n\n\n\n<li class=\"has-medium-font-size\">Symulacja proces\u00f3w eksploatacji,<\/li>\n\n\n\n<li class=\"has-medium-font-size\">Projektowanie system\u00f3w utrzymania obiekt\u00f3w technicznych,<\/li>\n\n\n\n<li class=\"has-medium-font-size\">Optymalizacja trwa\u0142o\u015bci, niezawodno\u015bci i koszt\u00f3w eksploatacji,<\/li>\n\n\n\n<li class=\"has-medium-font-size\">Analiza ryzyka w systemach i procesach,<\/li>\n\n\n\n<li class=\"has-medium-font-size\">Analiza RAMS dla system\u00f3w technicznych,<\/li>\n\n\n\n<li class=\"has-medium-font-size\">Analiza bezpiecze\u0144stwa funkcjonalnego SIL,<\/li>\n\n\n\n<li class=\"has-medium-font-size\">Analiza czasu gwarancji,<\/li>\n\n\n\n<li class=\"has-medium-font-size\">Analizy FTA, FMEA, FMECA.<\/li>\n<\/ul>\n\n\n\n<p class=\"has-medium-font-size\"><strong>Posiadamy narz\u0119dzia programowe do bada\u0144 symulacyjnych, takich jak np.:<\/strong><\/p>\n\n\n\n<ul class=\"wp-block-list\">\n<li class=\"has-medium-font-size\">analiza cyklu trwa\u0142o\u015bci obiekt\u00f3w technicznych,<\/li>\n\n\n\n<li class=\"has-medium-font-size\">przyspieszona analiza bada\u0144 zu\u017cycia obiekt\u00f3w technicznych,<\/li>\n\n\n\n<li class=\"has-medium-font-size\">analiza typ\u00f3w uszkodze\u0144, prowadzenie dzia\u0142a\u0144 prewencyjnych,<\/li>\n\n\n\n<li class=\"has-medium-font-size\">analiza mo\u017cliwo\u015bci zwi\u0119kszania niezawodno\u015bci obiekt\u00f3w technicznych,<\/li>\n\n\n\n<li class=\"has-medium-font-size\">analiza niezawodno\u015bci obiekt\u00f3w oparta na niepe\u0142nych danych eksploatacyjnych.<\/li>\n<\/ul>\n\n\n\n<p><\/p>\n","protected":false},"excerpt":{"rendered":"<p>Kierownik Zespo\u0142u: dr hab. in\u017c. Grzegorz Zaj\u0105c Nauczyciele akademiccy: Zagadnienia badawcze: Posiadamy narz\u0119dzia programowe do bada\u0144 symulacyjnych, takich jak np.:<\/p>\n","protected":false},"author":1,"featured_media":0,"parent":51,"menu_order":0,"comment_status":"closed","ping_status":"closed","template":"","meta":{"footnotes":""},"class_list":["post-136","page","type-page","status-publish","hentry"],"yoast_head":"<!-- This site is optimized with the Yoast SEO plugin v27.4 - https:\/\/yoast.com\/product\/yoast-seo-wordpress\/ -->\n<title>M-08-1 Zesp\u00f3\u0142 Budowy i Eksploatacji Pojazd\u00f3w Szynowych - Katedra Pojazd\u00f3w Szynowych i Transportu<\/title>\n<meta name=\"robots\" content=\"index, follow, max-snippet:-1, max-image-preview:large, max-video-preview:-1\" \/>\n<link rel=\"canonical\" href=\"https:\/\/m8.mech.pk.edu.pl\/index.php\/struktura\/zespol-budowy-i-eksploatacji-pojazdow-szynowych-m-08-1\/\" \/>\n<meta property=\"og:locale\" content=\"pl_PL\" \/>\n<meta property=\"og:type\" content=\"article\" \/>\n<meta property=\"og:title\" content=\"M-08-1 Zesp\u00f3\u0142 Budowy i Eksploatacji Pojazd\u00f3w Szynowych - Katedra Pojazd\u00f3w Szynowych i Transportu\" \/>\n<meta property=\"og:description\" content=\"Kierownik Zespo\u0142u: dr hab. in\u017c. Grzegorz Zaj\u0105c Nauczyciele akademiccy: Zagadnienia badawcze: Posiadamy narz\u0119dzia programowe do bada\u0144 symulacyjnych, takich jak np.:\" \/>\n<meta property=\"og:url\" content=\"https:\/\/m8.mech.pk.edu.pl\/index.php\/struktura\/zespol-budowy-i-eksploatacji-pojazdow-szynowych-m-08-1\/\" \/>\n<meta property=\"og:site_name\" content=\"Katedra Pojazd\u00f3w Szynowych i Transportu\" \/>\n<meta property=\"article:publisher\" content=\"https:\/\/facebook.com\/KPSzTPK\" \/>\n<meta property=\"article:modified_time\" content=\"2025-02-02T20:46:15+00:00\" \/>\n<meta name=\"twitter:card\" content=\"summary_large_image\" \/>\n<meta name=\"twitter:label1\" content=\"Szacowany czas czytania\" \/>\n\t<meta name=\"twitter:data1\" content=\"3 minuty\" \/>\n<script type=\"application\/ld+json\" class=\"yoast-schema-graph\">{\"@context\":\"https:\\\/\\\/schema.org\",\"@graph\":[{\"@type\":\"WebPage\",\"@id\":\"https:\\\/\\\/m8.mech.pk.edu.pl\\\/index.php\\\/struktura\\\/zespol-budowy-i-eksploatacji-pojazdow-szynowych-m-08-1\\\/\",\"url\":\"https:\\\/\\\/m8.mech.pk.edu.pl\\\/index.php\\\/struktura\\\/zespol-budowy-i-eksploatacji-pojazdow-szynowych-m-08-1\\\/\",\"name\":\"M-08-1 Zesp\u00f3\u0142 Budowy i Eksploatacji Pojazd\u00f3w Szynowych - Katedra Pojazd\u00f3w Szynowych i Transportu\",\"isPartOf\":{\"@id\":\"https:\\\/\\\/m8.mech.pk.edu.pl\\\/#website\"},\"datePublished\":\"2021-01-07T13:24:42+00:00\",\"dateModified\":\"2025-02-02T20:46:15+00:00\",\"breadcrumb\":{\"@id\":\"https:\\\/\\\/m8.mech.pk.edu.pl\\\/index.php\\\/struktura\\\/zespol-budowy-i-eksploatacji-pojazdow-szynowych-m-08-1\\\/#breadcrumb\"},\"inLanguage\":\"pl-PL\",\"potentialAction\":[{\"@type\":\"ReadAction\",\"target\":[\"https:\\\/\\\/m8.mech.pk.edu.pl\\\/index.php\\\/struktura\\\/zespol-budowy-i-eksploatacji-pojazdow-szynowych-m-08-1\\\/\"]}]},{\"@type\":\"BreadcrumbList\",\"@id\":\"https:\\\/\\\/m8.mech.pk.edu.pl\\\/index.php\\\/struktura\\\/zespol-budowy-i-eksploatacji-pojazdow-szynowych-m-08-1\\\/#breadcrumb\",\"itemListElement\":[{\"@type\":\"ListItem\",\"position\":1,\"name\":\"Strona g\u0142\u00f3wna\",\"item\":\"https:\\\/\\\/m8.mech.pk.edu.pl\\\/\"},{\"@type\":\"ListItem\",\"position\":2,\"name\":\"Struktura\",\"item\":\"https:\\\/\\\/m8.mech.pk.edu.pl\\\/index.php\\\/struktura\\\/\"},{\"@type\":\"ListItem\",\"position\":3,\"name\":\"M-08-1 Zesp\u00f3\u0142 Budowy i Eksploatacji Pojazd\u00f3w Szynowych\"}]},{\"@type\":\"WebSite\",\"@id\":\"https:\\\/\\\/m8.mech.pk.edu.pl\\\/#website\",\"url\":\"https:\\\/\\\/m8.mech.pk.edu.pl\\\/\",\"name\":\"Katedra Pojazd\u00f3w Szynowych i Transportu\",\"description\":\"Katedra Pojazd\u00f3w Szynowych i Transportu Politechniki Krakowskiej na Wydziale Mechanicznym\",\"publisher\":{\"@id\":\"https:\\\/\\\/m8.mech.pk.edu.pl\\\/#organization\"},\"potentialAction\":[{\"@type\":\"SearchAction\",\"target\":{\"@type\":\"EntryPoint\",\"urlTemplate\":\"https:\\\/\\\/m8.mech.pk.edu.pl\\\/?s={search_term_string}\"},\"query-input\":{\"@type\":\"PropertyValueSpecification\",\"valueRequired\":true,\"valueName\":\"search_term_string\"}}],\"inLanguage\":\"pl-PL\"},{\"@type\":\"Organization\",\"@id\":\"https:\\\/\\\/m8.mech.pk.edu.pl\\\/#organization\",\"name\":\"Katedra Pojazd\u00f3w Szynowych\",\"url\":\"https:\\\/\\\/m8.mech.pk.edu.pl\\\/\",\"logo\":{\"@type\":\"ImageObject\",\"inLanguage\":\"pl-PL\",\"@id\":\"https:\\\/\\\/m8.mech.pk.edu.pl\\\/#\\\/schema\\\/logo\\\/image\\\/\",\"url\":\"https:\\\/\\\/m8.mech.pk.edu.pl\\\/wp-content\\\/uploads\\\/2021\\\/01\\\/logo-mail-kpsit.png\",\"contentUrl\":\"https:\\\/\\\/m8.mech.pk.edu.pl\\\/wp-content\\\/uploads\\\/2021\\\/01\\\/logo-mail-kpsit.png\",\"width\":300,\"height\":119,\"caption\":\"Katedra Pojazd\u00f3w Szynowych\"},\"image\":{\"@id\":\"https:\\\/\\\/m8.mech.pk.edu.pl\\\/#\\\/schema\\\/logo\\\/image\\\/\"},\"sameAs\":[\"https:\\\/\\\/facebook.com\\\/KPSzTPK\",\"https:\\\/\\\/www.youtube.com\\\/channel\\\/UCen3PQ3fl3ry92o_lHkyVaQ\"]}]}<\/script>\n<!-- \/ Yoast SEO plugin. -->","yoast_head_json":{"title":"M-08-1 Zesp\u00f3\u0142 Budowy i Eksploatacji Pojazd\u00f3w Szynowych - Katedra Pojazd\u00f3w Szynowych i Transportu","robots":{"index":"index","follow":"follow","max-snippet":"max-snippet:-1","max-image-preview":"max-image-preview:large","max-video-preview":"max-video-preview:-1"},"canonical":"https:\/\/m8.mech.pk.edu.pl\/index.php\/struktura\/zespol-budowy-i-eksploatacji-pojazdow-szynowych-m-08-1\/","og_locale":"pl_PL","og_type":"article","og_title":"M-08-1 Zesp\u00f3\u0142 Budowy i Eksploatacji Pojazd\u00f3w Szynowych - Katedra Pojazd\u00f3w Szynowych i Transportu","og_description":"Kierownik Zespo\u0142u: dr hab. in\u017c. Grzegorz Zaj\u0105c Nauczyciele akademiccy: Zagadnienia badawcze: Posiadamy narz\u0119dzia programowe do bada\u0144 symulacyjnych, takich jak np.:","og_url":"https:\/\/m8.mech.pk.edu.pl\/index.php\/struktura\/zespol-budowy-i-eksploatacji-pojazdow-szynowych-m-08-1\/","og_site_name":"Katedra Pojazd\u00f3w Szynowych i Transportu","article_publisher":"https:\/\/facebook.com\/KPSzTPK","article_modified_time":"2025-02-02T20:46:15+00:00","twitter_card":"summary_large_image","twitter_misc":{"Szacowany czas czytania":"3 minuty"},"schema":{"@context":"https:\/\/schema.org","@graph":[{"@type":"WebPage","@id":"https:\/\/m8.mech.pk.edu.pl\/index.php\/struktura\/zespol-budowy-i-eksploatacji-pojazdow-szynowych-m-08-1\/","url":"https:\/\/m8.mech.pk.edu.pl\/index.php\/struktura\/zespol-budowy-i-eksploatacji-pojazdow-szynowych-m-08-1\/","name":"M-08-1 Zesp\u00f3\u0142 Budowy i Eksploatacji Pojazd\u00f3w Szynowych - Katedra Pojazd\u00f3w Szynowych i Transportu","isPartOf":{"@id":"https:\/\/m8.mech.pk.edu.pl\/#website"},"datePublished":"2021-01-07T13:24:42+00:00","dateModified":"2025-02-02T20:46:15+00:00","breadcrumb":{"@id":"https:\/\/m8.mech.pk.edu.pl\/index.php\/struktura\/zespol-budowy-i-eksploatacji-pojazdow-szynowych-m-08-1\/#breadcrumb"},"inLanguage":"pl-PL","potentialAction":[{"@type":"ReadAction","target":["https:\/\/m8.mech.pk.edu.pl\/index.php\/struktura\/zespol-budowy-i-eksploatacji-pojazdow-szynowych-m-08-1\/"]}]},{"@type":"BreadcrumbList","@id":"https:\/\/m8.mech.pk.edu.pl\/index.php\/struktura\/zespol-budowy-i-eksploatacji-pojazdow-szynowych-m-08-1\/#breadcrumb","itemListElement":[{"@type":"ListItem","position":1,"name":"Strona g\u0142\u00f3wna","item":"https:\/\/m8.mech.pk.edu.pl\/"},{"@type":"ListItem","position":2,"name":"Struktura","item":"https:\/\/m8.mech.pk.edu.pl\/index.php\/struktura\/"},{"@type":"ListItem","position":3,"name":"M-08-1 Zesp\u00f3\u0142 Budowy i Eksploatacji Pojazd\u00f3w Szynowych"}]},{"@type":"WebSite","@id":"https:\/\/m8.mech.pk.edu.pl\/#website","url":"https:\/\/m8.mech.pk.edu.pl\/","name":"Katedra Pojazd\u00f3w Szynowych i Transportu","description":"Katedra Pojazd\u00f3w Szynowych i Transportu Politechniki Krakowskiej na Wydziale Mechanicznym","publisher":{"@id":"https:\/\/m8.mech.pk.edu.pl\/#organization"},"potentialAction":[{"@type":"SearchAction","target":{"@type":"EntryPoint","urlTemplate":"https:\/\/m8.mech.pk.edu.pl\/?s={search_term_string}"},"query-input":{"@type":"PropertyValueSpecification","valueRequired":true,"valueName":"search_term_string"}}],"inLanguage":"pl-PL"},{"@type":"Organization","@id":"https:\/\/m8.mech.pk.edu.pl\/#organization","name":"Katedra Pojazd\u00f3w Szynowych","url":"https:\/\/m8.mech.pk.edu.pl\/","logo":{"@type":"ImageObject","inLanguage":"pl-PL","@id":"https:\/\/m8.mech.pk.edu.pl\/#\/schema\/logo\/image\/","url":"https:\/\/m8.mech.pk.edu.pl\/wp-content\/uploads\/2021\/01\/logo-mail-kpsit.png","contentUrl":"https:\/\/m8.mech.pk.edu.pl\/wp-content\/uploads\/2021\/01\/logo-mail-kpsit.png","width":300,"height":119,"caption":"Katedra Pojazd\u00f3w Szynowych"},"image":{"@id":"https:\/\/m8.mech.pk.edu.pl\/#\/schema\/logo\/image\/"},"sameAs":["https:\/\/facebook.com\/KPSzTPK","https:\/\/www.youtube.com\/channel\/UCen3PQ3fl3ry92o_lHkyVaQ"]}]}},"_links":{"self":[{"href":"https:\/\/m8.mech.pk.edu.pl\/index.php\/wp-json\/wp\/v2\/pages\/136","targetHints":{"allow":["GET"]}}],"collection":[{"href":"https:\/\/m8.mech.pk.edu.pl\/index.php\/wp-json\/wp\/v2\/pages"}],"about":[{"href":"https:\/\/m8.mech.pk.edu.pl\/index.php\/wp-json\/wp\/v2\/types\/page"}],"author":[{"embeddable":true,"href":"https:\/\/m8.mech.pk.edu.pl\/index.php\/wp-json\/wp\/v2\/users\/1"}],"replies":[{"embeddable":true,"href":"https:\/\/m8.mech.pk.edu.pl\/index.php\/wp-json\/wp\/v2\/comments?post=136"}],"version-history":[{"count":9,"href":"https:\/\/m8.mech.pk.edu.pl\/index.php\/wp-json\/wp\/v2\/pages\/136\/revisions"}],"predecessor-version":[{"id":5618,"href":"https:\/\/m8.mech.pk.edu.pl\/index.php\/wp-json\/wp\/v2\/pages\/136\/revisions\/5618"}],"up":[{"embeddable":true,"href":"https:\/\/m8.mech.pk.edu.pl\/index.php\/wp-json\/wp\/v2\/pages\/51"}],"wp:attachment":[{"href":"https:\/\/m8.mech.pk.edu.pl\/index.php\/wp-json\/wp\/v2\/media?parent=136"}],"curies":[{"name":"wp","href":"https:\/\/api.w.org\/{rel}","templated":true}]}}