{"id":1319,"date":"2021-01-18T07:40:55","date_gmt":"2021-01-18T06:40:55","guid":{"rendered":"http:\/\/149.156.155.135\/?page_id=1319"},"modified":"2022-02-22T12:33:53","modified_gmt":"2022-02-22T11:33:53","slug":"machno-magdalena","status":"publish","type":"page","link":"https:\/\/m8.mech.pk.edu.pl\/index.php\/pracownicy\/machno-magdalena\/","title":{"rendered":"Machno Magdalena"},"content":{"rendered":"\n<div class=\"wp-block-columns are-vertically-aligned-center is-layout-flex wp-container-core-columns-is-layout-9d6595d7 wp-block-columns-is-layout-flex\">\n<div class=\"wp-block-column is-vertically-aligned-center is-layout-flow wp-block-column-is-layout-flow\" style=\"flex-basis:200px\">\n<div class=\"wp-block-image\"><figure class=\"aligncenter size-large\"><img loading=\"lazy\" decoding=\"async\" width=\"400\" height=\"600\" src=\"https:\/\/m8.mech.pk.edu.pl\/wp-content\/uploads\/2021\/03\/MMachno2.png\" alt=\"\" class=\"wp-image-2067\" srcset=\"https:\/\/m8.mech.pk.edu.pl\/wp-content\/uploads\/2021\/03\/MMachno2.png 400w, https:\/\/m8.mech.pk.edu.pl\/wp-content\/uploads\/2021\/03\/MMachno2-200x300.png 200w\" sizes=\"auto, (max-width: 400px) 100vw, 400px\" \/><\/figure><\/div>\n<\/div>\n\n\n\n<div class=\"wp-block-column is-vertically-aligned-center is-layout-flow wp-block-column-is-layout-flow\" style=\"flex-basis:66.66%\">\n<p><strong>Machno Magdalena<\/strong>&nbsp;dr in\u017c. adiunkt<br><a href=\"http:\/\/m8.mech.pk.edu.pl\/index.php\/m-08-2-zespol-systemow-logistycznych\/\">Zesp\u00f3\u0142 System\u00f3w Logistycznych M-08-2<br><\/a>pok\u00f3j: A422<br>tel.: 12\/ 374-36-56<br>e-mail:&nbsp;<a href=\"mailto:magdalena.machno@pk.edu.pl\">magdalena.machno@pk.edu.pl<\/a><br>publikacje:&nbsp;<a rel=\"noreferrer noopener\" href=\"https:\/\/scholar.google.com\/citations?hl=pl&amp;user=YH5z1iEAAAAJ\" target=\"_blank\">Google Scholar<\/a>, <a href=\"https:\/\/www.scopus.com\/authid\/detail.uri?authorId=57190371402\" target=\"_blank\" rel=\"noreferrer noopener\">S<\/a><a href=\"https:\/\/www.scopus.com\/authid\/detail.uri?authorId=57190371402\">copus<\/a>, <a rel=\"noreferrer noopener\" href=\"http:\/\/suw.biblos.pk.edu.pl\/userHomepage&amp;uId=18475&amp;rel=BPP-author\" target=\"_blank\">Bibliografia PK<\/a><\/p>\n<\/div>\n<\/div>\n\n\n\n<p>Moja dzia\u0142alno\u015b\u0107 naukowa obejmuje procesy obr\u00f3bkowe nowoczesnych materia\u0142\u00f3w in\u017cynierskich stosowanych w przemy\u015ble lotniczym. Prowadzone przeze mnie prace badawcze obejmuj\u0105 g\u0142\u00f3wnie procesy niekonwencjonalne takie jak obr\u00f3bka elektroerozyjna oraz obr\u00f3bka hybrydowa elektrochemiczno-elektroerozyjna w&nbsp;dyscyplinie in\u017cynieria mechaniczna. W dniu 21 listopada 2018 uzyska\u0142am stopie\u0144 naukowy doktora nauk technicznych w dyscyplinie in\u017cynieria produkcji i specjalno\u015bci obr\u00f3bki erozyjne. Moja praca doktorska dotyczy\u0142a bada\u0144 dr\u0105\u017cenia mikro-otwor\u00f3w w&nbsp;materia\u0142ach trudnoobrabialnych (takich jak stop Inconel 718 oraz stop tytanu Ti-6Al-4V) za pomoc\u0105 obr\u00f3bki elektroerozyjnej z zastosowaniem jako cieczy roboczej wody dejonizowanej oraz z wykorzystaniem elektrody rotuj\u0105cej. Moja dzia\u0142alno\u015b\u0107 naukowa i&nbsp;opublikowane prace zosta\u0142y zauwa\u017cone przez Firm\u0119 General Electric Company Polska Sp. z o.o. i Sie\u0107 Badawcz\u0105 \u0141ukasiewicza &#8211; Instytutu Lotnictwa. W efekcie, od stycznia 2020 roku jestem osob\u0105 odpowiedzialn\u0105 na Wydziale Mechanicznym Politechniki Krakowskiej za wsp\u00f3\u0142prac\u0119 z&nbsp;wy\u017cej wymienion\u0105 Firm\u0105 . Dotychczas jestem autork\u0105 lub wsp\u00f3\u0142autork\u0105 21 publikacji naukowych, kt\u00f3rych tematyka obejmuje techniki wytwarzania oraz analiz\u0119 wp\u0142ywu parametr\u00f3w obr\u00f3bki na wska\u017aniki technologiczne. Ponadto, od 2019 roku jestem Recenzentem w MDPI Journals. W latach 2019 &#8211; 2020 wykona\u0142am \u0142\u0105cznie 22 recenzje artyku\u0142\u00f3w naukowych w takich czasopismach jak: <em>Materials<\/em>, <em>Coatings<\/em>, <em>Applied Sciences<\/em>, <em>Technologies,<\/em> <em>Sensors<\/em>, <em>Sustainability<\/em>, <em>Batteries<\/em>, <em>Metals<\/em>, <em>Energies<\/em>.<\/p>\n\n\n\n<p><strong>Nagrody naukowe na PK:<\/strong><\/p>\n\n\n\n<ul class=\"wp-block-list\"><li>Nagroda Rektora Zespo\u0142owa za osi\u0105gni\u0119cia naukowe za rok 2019,<\/li><li>Indywidualna Nagroda Dziekana Wydzia\u0142u Mechanicznego PK za osi\u0105gni\u0119cia naukowe nadana w dniu 1 pa\u017adziernika 2020 r. podczas Inauguracji roku akademickiego 2020\/2021.<\/li><\/ul>\n\n\n\n<p><strong>Wykaz najwa\u017cniejszych publikacji naukowych od 2019 roku:<\/strong><\/p>\n\n\n\n<p>1. Franczyk E., Machno M., Z\u0119bala W.: <em>Investigation and Optimization of the SLM and WEDM Processes\u2019 Parameters for the AlSi10Mg-Sintered Part<\/em>, Materials, <strong>2020<\/strong>, Vol. 14, Iss. 2, 410, doi:10.3390\/ma14020410.<\/p>\n\n\n\n<p>2. Machno M.: <em>Investigation of the Machinability of the Inconel 718 Superalloy during the Electrical Discharge Drilling Process<\/em>, Materials, <strong>2020<\/strong>, Vol. 13, Iss. 15, 3392, doi:10.3390\/ma13153392.<em><\/em><\/p>\n\n\n\n<p>3.Machno M., Bogucki R., Szkoda M., Bizo\u0144 W.: <em>Impact of the Deionized Water on Making High Aspect Ratio Holes in the Inconel 718 Alloy with the Use of Electrical Discharge Drilling<\/em>, Materials, <strong>2020<\/strong>, Vol. 13, Iss. 6, 1476,<em> <\/em>doi:10.3390\/ma13061476.<em><\/em><\/p>\n\n\n\n<p>4.Machno M., Matras A.: <em>Prediction Method of Input Parameters Impacting of Dimensional Accuracy of High Aspect Ratio Holes Obtained by Using EDD<\/em>, Photonics Applications in Astronomy, Communications, Industry,<em> <\/em>and High-Energy Physics Experiments <strong>2019<\/strong>, 26 May &#8211; 2 June 2019 Wilga, Poland, Washington: Society of Photo-Optical Instrumentation Engineers (SPIE), 2019, Proceedings of SPIE, ISSN 1996-756X; 11176, doi:10.1117\/12.2536749, pp. 1\u20138.<em><\/em><\/p>\n\n\n\n<p>5. Machno M.: <em>Impact of Process Parameters on the Quality of Deep Holes Drilled in Inconel 718 Using EDD<\/em>, Materials, <strong>2019<\/strong>, Vol. 12, Iss. 14, 2298, doi:10.3390\/ma12142298.<\/p>\n\n\n\n<p>6.Matras A., Z\u0119bala W., Machno M.: <em>Research and Method of Roughness Prediction of a Curvilinear Surface after Titanium Alloy Turning<\/em>, Materials, <strong>2019<\/strong>, Vol. 12, Iss. 3, 502, doi:10.3390\/ma12030502. <em><\/em><\/p>\n\n\n\n<p>7.Struzikiewicz G., Z\u0119bala W., Matras A., Machno M., \u015alusarczyk \u0141., Hichert S., Laufer F.: <em>Turning Research of Additive Laser Molten Stainless Steel 316L Obtained by 3D Printing<\/em>, Materials, <strong>2019<\/strong>, Vol. 12, Iss. 1, 182,<em> <\/em>doi:10.3390\/ma12010182.<strong><\/strong><\/p>\n\n\n\n<p><strong>Przebieg kariery naukowej:<\/strong><em><\/em><\/p>\n\n\n\n<p><strong>Od stycznia 2020 roku: <\/strong>rozpocz\u0119cie wsp\u00f3\u0142pracy z Firm\u0105 General Electric Company Polska Sp. z o.o. (GE Aviation) i Sieci\u0105 Badawcz\u0105 \u0141ukasiewicz &#8211; Instytutu Lotnictwa.<\/p>\n\n\n\n<p><strong>01.04.2019 r. &#8211; obecnie: <\/strong>praca w Katedrze Pojazd\u00f3w Szynowych i Transportu Wydzia\u0142u Mechanicznego Politechniki Krakowskiej, pocz\u0105tkowo na stanowisku asystenta naukowo-dydaktycznego, a od 01.10.2019 r. na stanowisku adiunkta badawczo-dydaktycznego.<\/p>\n\n\n\n<p><strong>2016 &#8211; 2018: <\/strong>praca w Katedrze Technologii Maszyn i Narz\u0119dzi Instytu Technologii Maszyn i Automatyzacji Produkcji Wydzia\u0142u Mechanicznego Politechniki Krakowskiej na stanowisku asystenta dydaktycznego, a nast\u0119pnie asystenta naukowo-dydaktycznego.<\/p>\n\n\n\n<p><strong>21.11.2018 r.: <\/strong>nadanie stopnia naukowego doktora nauk technicznych, w dyscyplinie in\u017cynieria produkcji i specjalno\u015bci obr\u00f3bki erozyjne \u2013 dyscyplina zawiera si\u0119 w dyscyplinie in\u017cynieria mechaniczna.<\/p>\n\n\n\n<p>Promotor w przewodzie doktorskim: dr hab. in\u017c. Sebastian Skoczypiec, prof. PK.<\/p>\n\n\n\n<p>Promotor pomocniczy: dr in\u017c. Piotr Lipiec.<\/p>\n\n\n\n<p>Recenzenci pracy doktorskiej:<\/p>\n\n\n\n<ul class=\"wp-block-list\"><li>dr hab. in\u017c. Tomasz Paczkowski, prof. nadz. UTP (Uniwersytet Technologiczno-Przyrodniczy),<\/li><li>dr hab. in\u017c. S\u0142awomir Spad\u0142o, prof. P\u015ak (Politechnika \u015awi\u0119tokrzyska).<\/li><\/ul>\n\n\n\n<p><strong>24.10.2018 r.: <\/strong>publiczna obrona rozprawy doktorskiej pt. \u201eObr\u00f3bka elektrochemiczno-elektroerozyjna g\u0142\u0119bokich otwor\u00f3w w materia\u0142ach trudnoobrabialnych\u201d.<\/p>\n\n\n\n<p><strong>1.10.2012 &#8211; 30.09.2018 r.: <\/strong>uczestnictwo w studiach III stopnia w Wydziale Mechanicznym Politechniki Krakowskiej, na kierunku Budowa i Eksploatacja Maszyn.<\/p>\n\n\n\n<p><strong>28.06.2012 r.: <\/strong>uzyskanie tytu\u0142u magistra in\u017cyniera, temat pracy dyplomowej magisterskiej: \u201eMapping produktowy 3D\u201d. Promotorem pracy dyplomowej magisterskiej by\u0142 Prof. dr hab. in\u017c. J\u00f3zef Gawlik.<\/p>\n\n\n\n<p><strong>2007 &#8211; 2012: <\/strong>uczestnictwo w studiach I i II stopnia w Wydziale Mechanicznym Politechniki Krakowskiej, na kierunku Zarz\u0105dzanie i In\u017cynieria Produkcji, specjalno\u015b\u0107 Zarz\u0105dzanie Mediami Elektronicznymi.<\/p>\n\n\n\n<p><strong>Udzia\u0142 w projektach:<\/strong><\/p>\n\n\n\n<p><strong>w latach 2017 \u2013 2018: <\/strong>udzia\u0142 jako wykonawca w mi\u0119dzynarodowym projekcie <em>Production Techniques and Metrology Evaluation of Surface Cylindrical Structures <\/em>realizowanym we wsp\u00f3\u0142pracy z Otto-von-Guericke Universit\u00e4t w<em> <\/em>Magdeburgu (Niemcy). W ramach projektu bra\u0142am udzia\u0142 w pracach naukowo-badawczych na Otto-von-Guericke<em> <\/em>Universit\u00e4t w Magdeburg. Prace obejmowa\u0142y zapoznanie si\u0119 z technologi\u0105 druku 3D z proszk\u00f3w metalicznych z<em> <\/em>u\u017cyciem technologii <em>Selective Laser Melting<\/em>. Efektem wsp\u00f3\u0142pracy jest mi\u0119dzy innymi opublikowany artyku\u0142 naukowy<em> <\/em>pt. <em>Turning Research of Additive Laser Molten Stainless Steel 316L Obtained by 3D Printing (<\/em>Materials, 2019, Vol. 12,<em> <\/em>Iss. 1, 182, doi:10.3390\/ma12010182).<em><\/em><\/p>\n\n\n\n<p><strong>w roku 2016: <\/strong>Kierownik tematu \u201eObr\u00f3bka elektrochemiczno\u2013elektroerozyjna g\u0142\u0119bokich otwor\u00f3w w materia\u0142ach trudnoobrabialnych\u201d, zadania badawczego zwi\u0105zanego z rozwojem m\u0142odych naukowc\u00f3w oraz uczestnik\u00f3w studi\u00f3w doktoranckich, finansowany ze \u015brodk\u00f3w przyznanych przez MNiSW na dzia\u0142alno\u015b\u0107 statutow\u0105.<\/p>\n\n\n\n<p><strong>w roku 2015: <\/strong>Kierownik tematu \u201eBadania elektroerozyjnego i elektrochemicznego wiercenia smuk\u0142ych otwor\u00f3w w materia\u0142ach trudnoobrabialnych\u201d, zadania badawczego zwi\u0105zanego z rozwojem m\u0142odych naukowc\u00f3w oraz uczestnik\u00f3w studi\u00f3w doktoranckich, finansowany ze \u015brodk\u00f3w przyznanych przez MNiSW na dzia\u0142alno\u015b\u0107 statutow\u0105.<\/p>\n\n\n\n<p><strong>Sta\u017ce naukowe:<\/strong><\/p>\n\n\n\n<p>prace naukowo-badawcze na Vienna University of Technology (Department of Interchangeable Manufacturing and Industrial Metrology, Austria) oraz University of Miskolc (Faculty of Mechanical Engineering, Department of Production Engineering, W\u0119gry) w ramach wymiany zagranicznej CEEPUS w latach 2016 &#8211; 2018.<\/p>\n\n\n\n<p><strong>Dodatkowe do\u015bwiadczenie zawodowe:<\/strong><\/p>\n\n\n\n<p><strong>Od roku 2013<\/strong>: Cz\u0142onek Stowarzyszenia In\u017cynier\u00f3w i Technik\u00f3w Mechanik\u00f3w Polskich oraz Asystent Rzeczoznawcy w specjalno\u015bci Obrabiarki i Technologia Proces\u00f3w Wytwarzania.<\/p>\n","protected":false},"excerpt":{"rendered":"<p>Machno Magdalena&nbsp;dr in\u017c. adiunktZesp\u00f3\u0142 System\u00f3w Logistycznych M-08-2pok\u00f3j: A422tel.: 12\/ 374-36-56e-mail:&nbsp;magdalena.machno@pk.edu.plpublikacje:&nbsp;Google Scholar, Scopus, Bibliografia PK Moja dzia\u0142alno\u015b\u0107 naukowa obejmuje procesy obr\u00f3bkowe nowoczesnych materia\u0142\u00f3w in\u017cynierskich stosowanych w przemy\u015ble lotniczym. Prowadzone przeze mnie prace badawcze obejmuj\u0105 g\u0142\u00f3wnie procesy niekonwencjonalne takie jak obr\u00f3bka elektroerozyjna oraz obr\u00f3bka hybrydowa elektrochemiczno-elektroerozyjna w&nbsp;dyscyplinie in\u017cynieria mechaniczna. W dniu 21 listopada 2018 uzyska\u0142am stopie\u0144 naukowy [&hellip;]<\/p>\n","protected":false},"author":1,"featured_media":0,"parent":30,"menu_order":0,"comment_status":"closed","ping_status":"closed","template":"","meta":{"footnotes":""},"class_list":["post-1319","page","type-page","status-publish","hentry"],"yoast_head":"<!-- This site is optimized with the Yoast SEO plugin v27.4 - https:\/\/yoast.com\/product\/yoast-seo-wordpress\/ -->\n<title>Machno Magdalena - Katedra Pojazd\u00f3w Szynowych i Transportu<\/title>\n<meta name=\"robots\" content=\"index, follow, max-snippet:-1, max-image-preview:large, max-video-preview:-1\" \/>\n<link rel=\"canonical\" href=\"https:\/\/m8.mech.pk.edu.pl\/index.php\/pracownicy\/machno-magdalena\/\" \/>\n<meta property=\"og:locale\" content=\"pl_PL\" \/>\n<meta property=\"og:type\" content=\"article\" \/>\n<meta property=\"og:title\" content=\"Machno Magdalena - Katedra Pojazd\u00f3w Szynowych i Transportu\" \/>\n<meta property=\"og:description\" content=\"Machno Magdalena&nbsp;dr in\u017c. adiunktZesp\u00f3\u0142 System\u00f3w Logistycznych M-08-2pok\u00f3j: A422tel.: 12\/ 374-36-56e-mail:&nbsp;magdalena.machno@pk.edu.plpublikacje:&nbsp;Google Scholar, Scopus, Bibliografia PK Moja dzia\u0142alno\u015b\u0107 naukowa obejmuje procesy obr\u00f3bkowe nowoczesnych materia\u0142\u00f3w in\u017cynierskich stosowanych w przemy\u015ble lotniczym. Prowadzone przeze mnie prace badawcze obejmuj\u0105 g\u0142\u00f3wnie procesy niekonwencjonalne takie jak obr\u00f3bka elektroerozyjna oraz obr\u00f3bka hybrydowa elektrochemiczno-elektroerozyjna w&nbsp;dyscyplinie in\u017cynieria mechaniczna. W dniu 21 listopada 2018 uzyska\u0142am stopie\u0144 naukowy [&hellip;]\" \/>\n<meta property=\"og:url\" content=\"https:\/\/m8.mech.pk.edu.pl\/index.php\/pracownicy\/machno-magdalena\/\" \/>\n<meta property=\"og:site_name\" content=\"Katedra Pojazd\u00f3w Szynowych i Transportu\" \/>\n<meta property=\"article:publisher\" content=\"https:\/\/facebook.com\/KPSzTPK\" \/>\n<meta property=\"article:modified_time\" content=\"2022-02-22T11:33:53+00:00\" \/>\n<meta property=\"og:image\" content=\"https:\/\/m8.mech.pk.edu.pl\/wp-content\/uploads\/2021\/03\/MMachno2.png\" \/>\n<meta name=\"twitter:card\" content=\"summary_large_image\" \/>\n<meta name=\"twitter:label1\" content=\"Szacowany czas czytania\" \/>\n\t<meta name=\"twitter:data1\" content=\"6 minut\" \/>\n<script type=\"application\/ld+json\" class=\"yoast-schema-graph\">{\"@context\":\"https:\\\/\\\/schema.org\",\"@graph\":[{\"@type\":\"WebPage\",\"@id\":\"https:\\\/\\\/m8.mech.pk.edu.pl\\\/index.php\\\/pracownicy\\\/machno-magdalena\\\/\",\"url\":\"https:\\\/\\\/m8.mech.pk.edu.pl\\\/index.php\\\/pracownicy\\\/machno-magdalena\\\/\",\"name\":\"Machno Magdalena - Katedra Pojazd\u00f3w Szynowych i Transportu\",\"isPartOf\":{\"@id\":\"https:\\\/\\\/m8.mech.pk.edu.pl\\\/#website\"},\"primaryImageOfPage\":{\"@id\":\"https:\\\/\\\/m8.mech.pk.edu.pl\\\/index.php\\\/pracownicy\\\/machno-magdalena\\\/#primaryimage\"},\"image\":{\"@id\":\"https:\\\/\\\/m8.mech.pk.edu.pl\\\/index.php\\\/pracownicy\\\/machno-magdalena\\\/#primaryimage\"},\"thumbnailUrl\":\"https:\\\/\\\/m8.mech.pk.edu.pl\\\/wp-content\\\/uploads\\\/2021\\\/03\\\/MMachno2.png\",\"datePublished\":\"2021-01-18T06:40:55+00:00\",\"dateModified\":\"2022-02-22T11:33:53+00:00\",\"breadcrumb\":{\"@id\":\"https:\\\/\\\/m8.mech.pk.edu.pl\\\/index.php\\\/pracownicy\\\/machno-magdalena\\\/#breadcrumb\"},\"inLanguage\":\"pl-PL\",\"potentialAction\":[{\"@type\":\"ReadAction\",\"target\":[\"https:\\\/\\\/m8.mech.pk.edu.pl\\\/index.php\\\/pracownicy\\\/machno-magdalena\\\/\"]}]},{\"@type\":\"ImageObject\",\"inLanguage\":\"pl-PL\",\"@id\":\"https:\\\/\\\/m8.mech.pk.edu.pl\\\/index.php\\\/pracownicy\\\/machno-magdalena\\\/#primaryimage\",\"url\":\"https:\\\/\\\/m8.mech.pk.edu.pl\\\/wp-content\\\/uploads\\\/2021\\\/03\\\/MMachno2.png\",\"contentUrl\":\"https:\\\/\\\/m8.mech.pk.edu.pl\\\/wp-content\\\/uploads\\\/2021\\\/03\\\/MMachno2.png\",\"width\":400,\"height\":600},{\"@type\":\"BreadcrumbList\",\"@id\":\"https:\\\/\\\/m8.mech.pk.edu.pl\\\/index.php\\\/pracownicy\\\/machno-magdalena\\\/#breadcrumb\",\"itemListElement\":[{\"@type\":\"ListItem\",\"position\":1,\"name\":\"Strona g\u0142\u00f3wna\",\"item\":\"https:\\\/\\\/m8.mech.pk.edu.pl\\\/\"},{\"@type\":\"ListItem\",\"position\":2,\"name\":\"Pracownicy\",\"item\":\"https:\\\/\\\/m8.mech.pk.edu.pl\\\/index.php\\\/pracownicy\\\/\"},{\"@type\":\"ListItem\",\"position\":3,\"name\":\"Machno Magdalena\"}]},{\"@type\":\"WebSite\",\"@id\":\"https:\\\/\\\/m8.mech.pk.edu.pl\\\/#website\",\"url\":\"https:\\\/\\\/m8.mech.pk.edu.pl\\\/\",\"name\":\"Katedra Pojazd\u00f3w Szynowych i Transportu\",\"description\":\"Katedra Pojazd\u00f3w Szynowych i Transportu Politechniki Krakowskiej na Wydziale Mechanicznym\",\"publisher\":{\"@id\":\"https:\\\/\\\/m8.mech.pk.edu.pl\\\/#organization\"},\"potentialAction\":[{\"@type\":\"SearchAction\",\"target\":{\"@type\":\"EntryPoint\",\"urlTemplate\":\"https:\\\/\\\/m8.mech.pk.edu.pl\\\/?s={search_term_string}\"},\"query-input\":{\"@type\":\"PropertyValueSpecification\",\"valueRequired\":true,\"valueName\":\"search_term_string\"}}],\"inLanguage\":\"pl-PL\"},{\"@type\":\"Organization\",\"@id\":\"https:\\\/\\\/m8.mech.pk.edu.pl\\\/#organization\",\"name\":\"Katedra Pojazd\u00f3w Szynowych\",\"url\":\"https:\\\/\\\/m8.mech.pk.edu.pl\\\/\",\"logo\":{\"@type\":\"ImageObject\",\"inLanguage\":\"pl-PL\",\"@id\":\"https:\\\/\\\/m8.mech.pk.edu.pl\\\/#\\\/schema\\\/logo\\\/image\\\/\",\"url\":\"https:\\\/\\\/m8.mech.pk.edu.pl\\\/wp-content\\\/uploads\\\/2021\\\/01\\\/logo-mail-kpsit.png\",\"contentUrl\":\"https:\\\/\\\/m8.mech.pk.edu.pl\\\/wp-content\\\/uploads\\\/2021\\\/01\\\/logo-mail-kpsit.png\",\"width\":300,\"height\":119,\"caption\":\"Katedra Pojazd\u00f3w Szynowych\"},\"image\":{\"@id\":\"https:\\\/\\\/m8.mech.pk.edu.pl\\\/#\\\/schema\\\/logo\\\/image\\\/\"},\"sameAs\":[\"https:\\\/\\\/facebook.com\\\/KPSzTPK\",\"https:\\\/\\\/www.youtube.com\\\/channel\\\/UCen3PQ3fl3ry92o_lHkyVaQ\"]}]}<\/script>\n<!-- \/ Yoast SEO plugin. -->","yoast_head_json":{"title":"Machno Magdalena - Katedra Pojazd\u00f3w Szynowych i Transportu","robots":{"index":"index","follow":"follow","max-snippet":"max-snippet:-1","max-image-preview":"max-image-preview:large","max-video-preview":"max-video-preview:-1"},"canonical":"https:\/\/m8.mech.pk.edu.pl\/index.php\/pracownicy\/machno-magdalena\/","og_locale":"pl_PL","og_type":"article","og_title":"Machno Magdalena - Katedra Pojazd\u00f3w Szynowych i Transportu","og_description":"Machno Magdalena&nbsp;dr in\u017c. adiunktZesp\u00f3\u0142 System\u00f3w Logistycznych M-08-2pok\u00f3j: A422tel.: 12\/ 374-36-56e-mail:&nbsp;magdalena.machno@pk.edu.plpublikacje:&nbsp;Google Scholar, Scopus, Bibliografia PK Moja dzia\u0142alno\u015b\u0107 naukowa obejmuje procesy obr\u00f3bkowe nowoczesnych materia\u0142\u00f3w in\u017cynierskich stosowanych w przemy\u015ble lotniczym. Prowadzone przeze mnie prace badawcze obejmuj\u0105 g\u0142\u00f3wnie procesy niekonwencjonalne takie jak obr\u00f3bka elektroerozyjna oraz obr\u00f3bka hybrydowa elektrochemiczno-elektroerozyjna w&nbsp;dyscyplinie in\u017cynieria mechaniczna. W dniu 21 listopada 2018 uzyska\u0142am stopie\u0144 naukowy [&hellip;]","og_url":"https:\/\/m8.mech.pk.edu.pl\/index.php\/pracownicy\/machno-magdalena\/","og_site_name":"Katedra Pojazd\u00f3w Szynowych i Transportu","article_publisher":"https:\/\/facebook.com\/KPSzTPK","article_modified_time":"2022-02-22T11:33:53+00:00","og_image":[{"url":"https:\/\/m8.mech.pk.edu.pl\/wp-content\/uploads\/2021\/03\/MMachno2.png","type":"","width":"","height":""}],"twitter_card":"summary_large_image","twitter_misc":{"Szacowany czas czytania":"6 minut"},"schema":{"@context":"https:\/\/schema.org","@graph":[{"@type":"WebPage","@id":"https:\/\/m8.mech.pk.edu.pl\/index.php\/pracownicy\/machno-magdalena\/","url":"https:\/\/m8.mech.pk.edu.pl\/index.php\/pracownicy\/machno-magdalena\/","name":"Machno Magdalena - Katedra Pojazd\u00f3w Szynowych i Transportu","isPartOf":{"@id":"https:\/\/m8.mech.pk.edu.pl\/#website"},"primaryImageOfPage":{"@id":"https:\/\/m8.mech.pk.edu.pl\/index.php\/pracownicy\/machno-magdalena\/#primaryimage"},"image":{"@id":"https:\/\/m8.mech.pk.edu.pl\/index.php\/pracownicy\/machno-magdalena\/#primaryimage"},"thumbnailUrl":"https:\/\/m8.mech.pk.edu.pl\/wp-content\/uploads\/2021\/03\/MMachno2.png","datePublished":"2021-01-18T06:40:55+00:00","dateModified":"2022-02-22T11:33:53+00:00","breadcrumb":{"@id":"https:\/\/m8.mech.pk.edu.pl\/index.php\/pracownicy\/machno-magdalena\/#breadcrumb"},"inLanguage":"pl-PL","potentialAction":[{"@type":"ReadAction","target":["https:\/\/m8.mech.pk.edu.pl\/index.php\/pracownicy\/machno-magdalena\/"]}]},{"@type":"ImageObject","inLanguage":"pl-PL","@id":"https:\/\/m8.mech.pk.edu.pl\/index.php\/pracownicy\/machno-magdalena\/#primaryimage","url":"https:\/\/m8.mech.pk.edu.pl\/wp-content\/uploads\/2021\/03\/MMachno2.png","contentUrl":"https:\/\/m8.mech.pk.edu.pl\/wp-content\/uploads\/2021\/03\/MMachno2.png","width":400,"height":600},{"@type":"BreadcrumbList","@id":"https:\/\/m8.mech.pk.edu.pl\/index.php\/pracownicy\/machno-magdalena\/#breadcrumb","itemListElement":[{"@type":"ListItem","position":1,"name":"Strona g\u0142\u00f3wna","item":"https:\/\/m8.mech.pk.edu.pl\/"},{"@type":"ListItem","position":2,"name":"Pracownicy","item":"https:\/\/m8.mech.pk.edu.pl\/index.php\/pracownicy\/"},{"@type":"ListItem","position":3,"name":"Machno Magdalena"}]},{"@type":"WebSite","@id":"https:\/\/m8.mech.pk.edu.pl\/#website","url":"https:\/\/m8.mech.pk.edu.pl\/","name":"Katedra Pojazd\u00f3w Szynowych i Transportu","description":"Katedra Pojazd\u00f3w Szynowych i Transportu Politechniki Krakowskiej na Wydziale Mechanicznym","publisher":{"@id":"https:\/\/m8.mech.pk.edu.pl\/#organization"},"potentialAction":[{"@type":"SearchAction","target":{"@type":"EntryPoint","urlTemplate":"https:\/\/m8.mech.pk.edu.pl\/?s={search_term_string}"},"query-input":{"@type":"PropertyValueSpecification","valueRequired":true,"valueName":"search_term_string"}}],"inLanguage":"pl-PL"},{"@type":"Organization","@id":"https:\/\/m8.mech.pk.edu.pl\/#organization","name":"Katedra Pojazd\u00f3w Szynowych","url":"https:\/\/m8.mech.pk.edu.pl\/","logo":{"@type":"ImageObject","inLanguage":"pl-PL","@id":"https:\/\/m8.mech.pk.edu.pl\/#\/schema\/logo\/image\/","url":"https:\/\/m8.mech.pk.edu.pl\/wp-content\/uploads\/2021\/01\/logo-mail-kpsit.png","contentUrl":"https:\/\/m8.mech.pk.edu.pl\/wp-content\/uploads\/2021\/01\/logo-mail-kpsit.png","width":300,"height":119,"caption":"Katedra Pojazd\u00f3w Szynowych"},"image":{"@id":"https:\/\/m8.mech.pk.edu.pl\/#\/schema\/logo\/image\/"},"sameAs":["https:\/\/facebook.com\/KPSzTPK","https:\/\/www.youtube.com\/channel\/UCen3PQ3fl3ry92o_lHkyVaQ"]}]}},"_links":{"self":[{"href":"https:\/\/m8.mech.pk.edu.pl\/index.php\/wp-json\/wp\/v2\/pages\/1319","targetHints":{"allow":["GET"]}}],"collection":[{"href":"https:\/\/m8.mech.pk.edu.pl\/index.php\/wp-json\/wp\/v2\/pages"}],"about":[{"href":"https:\/\/m8.mech.pk.edu.pl\/index.php\/wp-json\/wp\/v2\/types\/page"}],"author":[{"embeddable":true,"href":"https:\/\/m8.mech.pk.edu.pl\/index.php\/wp-json\/wp\/v2\/users\/1"}],"replies":[{"embeddable":true,"href":"https:\/\/m8.mech.pk.edu.pl\/index.php\/wp-json\/wp\/v2\/comments?post=1319"}],"version-history":[{"count":13,"href":"https:\/\/m8.mech.pk.edu.pl\/index.php\/wp-json\/wp\/v2\/pages\/1319\/revisions"}],"predecessor-version":[{"id":2801,"href":"https:\/\/m8.mech.pk.edu.pl\/index.php\/wp-json\/wp\/v2\/pages\/1319\/revisions\/2801"}],"up":[{"embeddable":true,"href":"https:\/\/m8.mech.pk.edu.pl\/index.php\/wp-json\/wp\/v2\/pages\/30"}],"wp:attachment":[{"href":"https:\/\/m8.mech.pk.edu.pl\/index.php\/wp-json\/wp\/v2\/media?parent=1319"}],"curies":[{"name":"wp","href":"https:\/\/api.w.org\/{rel}","templated":true}]}}