{"id":1317,"date":"2021-01-18T07:40:12","date_gmt":"2021-01-18T06:40:12","guid":{"rendered":"http:\/\/149.156.155.135\/?page_id=1317"},"modified":"2025-09-26T10:24:09","modified_gmt":"2025-09-26T08:24:09","slug":"michnej-maciej","status":"publish","type":"page","link":"https:\/\/m8.mech.pk.edu.pl\/index.php\/pracownicy\/michnej-maciej\/","title":{"rendered":"Michnej Maciej"},"content":{"rendered":"\n<div class=\"wp-block-columns is-layout-flex wp-container-core-columns-is-layout-9d6595d7 wp-block-columns-is-layout-flex\">\n<div class=\"wp-block-column is-vertically-aligned-center is-layout-flow wp-block-column-is-layout-flow\" style=\"flex-basis:200px\"><div class=\"wp-block-image\">\n<figure class=\"aligncenter size-full\"><img loading=\"lazy\" decoding=\"async\" width=\"1920\" height=\"2560\" src=\"https:\/\/m8.mech.pk.edu.pl\/wp-content\/uploads\/2025\/09\/bd3391c8-7a84-43ed-9c15-c498ad380dee-1-scaled.jpg\" alt=\"\" class=\"wp-image-6000\" srcset=\"https:\/\/m8.mech.pk.edu.pl\/wp-content\/uploads\/2025\/09\/bd3391c8-7a84-43ed-9c15-c498ad380dee-1-scaled.jpg 1920w, https:\/\/m8.mech.pk.edu.pl\/wp-content\/uploads\/2025\/09\/bd3391c8-7a84-43ed-9c15-c498ad380dee-1-225x300.jpg 225w, https:\/\/m8.mech.pk.edu.pl\/wp-content\/uploads\/2025\/09\/bd3391c8-7a84-43ed-9c15-c498ad380dee-1-768x1024.jpg 768w, https:\/\/m8.mech.pk.edu.pl\/wp-content\/uploads\/2025\/09\/bd3391c8-7a84-43ed-9c15-c498ad380dee-1-1152x1536.jpg 1152w, https:\/\/m8.mech.pk.edu.pl\/wp-content\/uploads\/2025\/09\/bd3391c8-7a84-43ed-9c15-c498ad380dee-1-1536x2048.jpg 1536w\" sizes=\"auto, (max-width: 1920px) 100vw, 1920px\" \/><\/figure>\n<\/div><\/div>\n\n\n\n<div class=\"wp-block-column is-vertically-aligned-center is-layout-flow wp-block-column-is-layout-flow\" style=\"flex-basis:66.66%\">\n<p><strong>Michnej Maciej&nbsp;<\/strong>dr in\u017c., adiunkt<br><strong>Zast\u0119pca Kierownika Katedry<\/strong><br><a href=\"http:\/\/m8.mech.pk.edu.pl\/index.php\/studia-podyplomowe\/\">Kierownik studi\u00f3w podyplomowych \u201eBudowa i eksploatacja pojazd\u00f3w szynowych\u201d<strong><br><\/strong><\/a><a href=\"http:\/\/m8.mech.pk.edu.pl\/index.php\/zespol-budowy-i-eksploatacji-pojazdow-szynowych-m-08-1\/\">Zesp\u00f3\u0142 Budowy i Eksploatacji Pojazd\u00f3w Szynowych M-08-1<br><\/a>pok\u00f3j: A431<br>tel. 12\/ 374-35-22<br>e-mail:&nbsp;<a href=\"mailto:maciej.michnej@pk.edu.pl\">maciej.michnej@pk.edu.pl<\/a><br>publikacje:&nbsp;<a rel=\"noreferrer noopener\" href=\"http:\/\/scholar.google.pl\/citations?user=x7_g19EAAAAJ&amp;hl=pl\" target=\"_blank\">Google Scholar<\/a>, <a href=\"https:\/\/www.scopus.com\/authid\/detail.uri?authorId=56308396600\" target=\"_blank\" rel=\"noreferrer noopener\">Scopus<\/a>, <a rel=\"noreferrer noopener\" href=\"http:\/\/suw.biblos.pk.edu.pl\/userHomepage&amp;uId=483&amp;rel=BPP-author\" target=\"_blank\">Bibliografia PK<\/a><\/p>\n<\/div>\n<\/div>\n\n\n\n<h3 class=\"wp-block-heading\">Obszar dzia\u0142alno\u015bci<\/h3>\n\n\n\n<p><strong>Pojazdy szynowe<\/strong>&nbsp;\u2013 budowa i eksploatacja, strategie utrzymania, diagnostyka i analiza uszkodze\u0144, dokumentacja techniczno-eksploatacyjna.<\/p>\n\n\n\n<p><strong>Transport i mobilno\u015b\u0107<\/strong>&nbsp;\u2013 planowanie zr\u00f3wnowa\u017conych system\u00f3w transportowych, logistyka miejska, zarz\u0105dzanie mobilno\u015bci\u0105 i polityk\u0105 parkingow\u0105 (SUMP).<\/p>\n\n\n\n<ul class=\"wp-block-list\">\n<li>Ekspert Polskiego Naukowego Towarzystwa Techniczno-Eksploatacyjnego,<\/li>\n\n\n\n<li>Rzeczoznawca Stowarzyszenia In\u017cynier\u00f3w i Technik\u00f3w Mechanik\u00f3w Polskich,<\/li>\n\n\n\n<li>Ekspert T\u00dcV Rheinland Polska,<\/li>\n\n\n\n<li>Cz\u0142onek Komitetu Steruj\u0105cego ds. Planowania Zr\u00f3wnowa\u017conej Mobilno\u015bci Miejskiej, przy Ministerstwie Infrastruktury, wsp\u00f3\u0142autor krajowego przewodnika SUMP.<\/li>\n<\/ul>\n\n\n\n<h3 class=\"wp-block-heading\">Projekty i wsp\u00f3\u0142praca<\/h3>\n\n\n\n<p>Autor licznych publikacji naukowych oraz kilkudziesi\u0119ciu opinii i ekspertyz dla producent\u00f3w, zak\u0142ad\u00f3w naprawczych i przewo\u017anik\u00f3w kolejowych. Pomys\u0142odawca projektu \u201eAutonomizacja jazdy tramwajem\u201d, kt\u00f3rego pilota\u017c (pierwszy w Polsce tramwaj autonomiczny, 2020) odbi\u0142 si\u0119 szerokim echem w mediach.<\/p>\n\n\n\n<p>Wsp\u00f3\u0142pracuje z miastami (m.in. Krak\u00f3w, Katowice, Gda\u0144sk) przy realizacji projekt\u00f3w europejskich z&nbsp;obszaru mobilno\u015bci, takich jak CIVITAS CARAVEL, PUSH&amp;PULL, PROSPERITY, Park4SUMP. Obecnie koordynuje mi\u0119dzynarodowy projekt&nbsp;<strong>NXTLVL Parking<\/strong>&nbsp;(Interreg Europa \u015arodkowa) oraz jest konsultantem projektu w ramach&nbsp;<strong>Instrumentu Wsparcia Technicznego KE<\/strong>, wspieraj\u0105c polskie miasta w przygotowaniu Plan\u00f3w Zr\u00f3wnowa\u017conej Mobilno\u015bci Miejskiej.<\/p>\n\n\n\n<p>W latach 2021\u20132024 zasiada\u0142 w Radzie Programowej ds. Rozwoju Systemu Transportowego Miasta Krakowa.<\/p>\n\n\n\n<p>Do\u015bwiadczenie wyniesione z aktywno\u015bci zawodowej stara si\u0119 wykorzysta\u0107 w pracy ze&nbsp;studentami i doktorantami Wydzia\u0142u Mechanicznego Politechniki Krakowskiej w&nbsp;ramach Ko\u0142a Naukowego Transport oraz w ramach prowadzonych przedmiot\u00f3w takich jak m.in.: \u201ePodstawy eksploatacji maszyn\u201d, \u201eSystemy eksploatacji, diagnostyka i utrzymanie pojazd\u00f3w szynowych\u201d, \u201eTransport miejski i&nbsp;regionalny\u201d, \u201eLogistyka miejska i ekologistyka\u201d.<\/p>\n\n\n\n<h3 class=\"wp-block-heading\">Nagrody i wyr\u00f3\u017cnienia<\/h3>\n\n\n\n<ul class=\"wp-block-list\">\n<li>Br\u0105zowy Krzy\u017c Zas\u0142ugi (2018),<\/li>\n\n\n\n<li>Z\u0142ota Honorowa Odznaka SIMP (2022),<\/li>\n\n\n\n<li>Nagrody zespo\u0142owe Rektora PK za dzia\u0142alno\u015b\u0107 dydaktyczn\u0105 i organizacyjn\u0105.<\/li>\n<\/ul>\n\n\n\n<h3 class=\"wp-block-heading\">Zainteresowania<\/h3>\n\n\n\n<p>Pasjonat koleji \u2013 w latach 1999\u20132001 wolontariusz w Parowozowni w Jaworzynie \u015al\u0105skiej. <\/p>\n\n\n\n<p><\/p>\n","protected":false},"excerpt":{"rendered":"<p>Michnej Maciej&nbsp;dr in\u017c., adiunktZast\u0119pca Kierownika KatedryKierownik studi\u00f3w podyplomowych \u201eBudowa i eksploatacja pojazd\u00f3w szynowych\u201dZesp\u00f3\u0142 Budowy i Eksploatacji Pojazd\u00f3w Szynowych M-08-1pok\u00f3j: A431tel. 12\/ 374-35-22e-mail:&nbsp;maciej.michnej@pk.edu.plpublikacje:&nbsp;Google Scholar, Scopus, Bibliografia PK Obszar dzia\u0142alno\u015bci Pojazdy szynowe&nbsp;\u2013 budowa i eksploatacja, strategie utrzymania, diagnostyka i analiza uszkodze\u0144, dokumentacja techniczno-eksploatacyjna. Transport i mobilno\u015b\u0107&nbsp;\u2013 planowanie zr\u00f3wnowa\u017conych system\u00f3w transportowych, logistyka miejska, zarz\u0105dzanie mobilno\u015bci\u0105 i polityk\u0105 parkingow\u0105 [&hellip;]<\/p>\n","protected":false},"author":1,"featured_media":0,"parent":30,"menu_order":0,"comment_status":"closed","ping_status":"closed","template":"","meta":{"footnotes":""},"class_list":["post-1317","page","type-page","status-publish","hentry"],"yoast_head":"<!-- This site is optimized with the Yoast SEO plugin v27.4 - https:\/\/yoast.com\/product\/yoast-seo-wordpress\/ -->\n<title>Michnej Maciej - Katedra Pojazd\u00f3w Szynowych i Transportu<\/title>\n<meta name=\"robots\" content=\"index, follow, max-snippet:-1, max-image-preview:large, max-video-preview:-1\" \/>\n<link rel=\"canonical\" href=\"https:\/\/m8.mech.pk.edu.pl\/index.php\/pracownicy\/michnej-maciej\/\" \/>\n<meta property=\"og:locale\" content=\"pl_PL\" \/>\n<meta property=\"og:type\" content=\"article\" \/>\n<meta property=\"og:title\" content=\"Michnej Maciej - Katedra Pojazd\u00f3w Szynowych i Transportu\" \/>\n<meta property=\"og:description\" content=\"Michnej Maciej&nbsp;dr in\u017c., adiunktZast\u0119pca Kierownika KatedryKierownik studi\u00f3w podyplomowych \u201eBudowa i eksploatacja pojazd\u00f3w szynowych\u201dZesp\u00f3\u0142 Budowy i Eksploatacji Pojazd\u00f3w Szynowych M-08-1pok\u00f3j: A431tel. 12\/ 374-35-22e-mail:&nbsp;maciej.michnej@pk.edu.plpublikacje:&nbsp;Google Scholar, Scopus, Bibliografia PK Obszar dzia\u0142alno\u015bci Pojazdy szynowe&nbsp;\u2013 budowa i eksploatacja, strategie utrzymania, diagnostyka i analiza uszkodze\u0144, dokumentacja techniczno-eksploatacyjna. Transport i mobilno\u015b\u0107&nbsp;\u2013 planowanie zr\u00f3wnowa\u017conych system\u00f3w transportowych, logistyka miejska, zarz\u0105dzanie mobilno\u015bci\u0105 i polityk\u0105 parkingow\u0105 [&hellip;]\" \/>\n<meta property=\"og:url\" content=\"https:\/\/m8.mech.pk.edu.pl\/index.php\/pracownicy\/michnej-maciej\/\" \/>\n<meta property=\"og:site_name\" content=\"Katedra Pojazd\u00f3w Szynowych i Transportu\" \/>\n<meta property=\"article:publisher\" content=\"https:\/\/facebook.com\/KPSzTPK\" \/>\n<meta property=\"article:modified_time\" content=\"2025-09-26T08:24:09+00:00\" \/>\n<meta property=\"og:image\" content=\"https:\/\/m8.mech.pk.edu.pl\/wp-content\/uploads\/2025\/09\/bd3391c8-7a84-43ed-9c15-c498ad380dee-1-scaled.jpg\" \/>\n\t<meta property=\"og:image:width\" content=\"1920\" \/>\n\t<meta property=\"og:image:height\" content=\"2560\" \/>\n\t<meta property=\"og:image:type\" content=\"image\/jpeg\" \/>\n<meta name=\"twitter:card\" content=\"summary_large_image\" \/>\n<meta name=\"twitter:label1\" content=\"Szacowany czas czytania\" \/>\n\t<meta name=\"twitter:data1\" content=\"2 minuty\" \/>\n<script type=\"application\/ld+json\" class=\"yoast-schema-graph\">{\"@context\":\"https:\\\/\\\/schema.org\",\"@graph\":[{\"@type\":\"WebPage\",\"@id\":\"https:\\\/\\\/m8.mech.pk.edu.pl\\\/index.php\\\/pracownicy\\\/michnej-maciej\\\/\",\"url\":\"https:\\\/\\\/m8.mech.pk.edu.pl\\\/index.php\\\/pracownicy\\\/michnej-maciej\\\/\",\"name\":\"Michnej Maciej - Katedra Pojazd\u00f3w Szynowych i Transportu\",\"isPartOf\":{\"@id\":\"https:\\\/\\\/m8.mech.pk.edu.pl\\\/#website\"},\"primaryImageOfPage\":{\"@id\":\"https:\\\/\\\/m8.mech.pk.edu.pl\\\/index.php\\\/pracownicy\\\/michnej-maciej\\\/#primaryimage\"},\"image\":{\"@id\":\"https:\\\/\\\/m8.mech.pk.edu.pl\\\/index.php\\\/pracownicy\\\/michnej-maciej\\\/#primaryimage\"},\"thumbnailUrl\":\"https:\\\/\\\/m8.mech.pk.edu.pl\\\/wp-content\\\/uploads\\\/2025\\\/09\\\/bd3391c8-7a84-43ed-9c15-c498ad380dee-1-scaled.jpg\",\"datePublished\":\"2021-01-18T06:40:12+00:00\",\"dateModified\":\"2025-09-26T08:24:09+00:00\",\"breadcrumb\":{\"@id\":\"https:\\\/\\\/m8.mech.pk.edu.pl\\\/index.php\\\/pracownicy\\\/michnej-maciej\\\/#breadcrumb\"},\"inLanguage\":\"pl-PL\",\"potentialAction\":[{\"@type\":\"ReadAction\",\"target\":[\"https:\\\/\\\/m8.mech.pk.edu.pl\\\/index.php\\\/pracownicy\\\/michnej-maciej\\\/\"]}]},{\"@type\":\"ImageObject\",\"inLanguage\":\"pl-PL\",\"@id\":\"https:\\\/\\\/m8.mech.pk.edu.pl\\\/index.php\\\/pracownicy\\\/michnej-maciej\\\/#primaryimage\",\"url\":\"https:\\\/\\\/m8.mech.pk.edu.pl\\\/wp-content\\\/uploads\\\/2025\\\/09\\\/bd3391c8-7a84-43ed-9c15-c498ad380dee-1-scaled.jpg\",\"contentUrl\":\"https:\\\/\\\/m8.mech.pk.edu.pl\\\/wp-content\\\/uploads\\\/2025\\\/09\\\/bd3391c8-7a84-43ed-9c15-c498ad380dee-1-scaled.jpg\",\"width\":1920,\"height\":2560},{\"@type\":\"BreadcrumbList\",\"@id\":\"https:\\\/\\\/m8.mech.pk.edu.pl\\\/index.php\\\/pracownicy\\\/michnej-maciej\\\/#breadcrumb\",\"itemListElement\":[{\"@type\":\"ListItem\",\"position\":1,\"name\":\"Strona g\u0142\u00f3wna\",\"item\":\"https:\\\/\\\/m8.mech.pk.edu.pl\\\/\"},{\"@type\":\"ListItem\",\"position\":2,\"name\":\"Pracownicy\",\"item\":\"https:\\\/\\\/m8.mech.pk.edu.pl\\\/index.php\\\/pracownicy\\\/\"},{\"@type\":\"ListItem\",\"position\":3,\"name\":\"Michnej Maciej\"}]},{\"@type\":\"WebSite\",\"@id\":\"https:\\\/\\\/m8.mech.pk.edu.pl\\\/#website\",\"url\":\"https:\\\/\\\/m8.mech.pk.edu.pl\\\/\",\"name\":\"Katedra Pojazd\u00f3w Szynowych i Transportu\",\"description\":\"Katedra Pojazd\u00f3w Szynowych i Transportu Politechniki Krakowskiej na Wydziale Mechanicznym\",\"publisher\":{\"@id\":\"https:\\\/\\\/m8.mech.pk.edu.pl\\\/#organization\"},\"potentialAction\":[{\"@type\":\"SearchAction\",\"target\":{\"@type\":\"EntryPoint\",\"urlTemplate\":\"https:\\\/\\\/m8.mech.pk.edu.pl\\\/?s={search_term_string}\"},\"query-input\":{\"@type\":\"PropertyValueSpecification\",\"valueRequired\":true,\"valueName\":\"search_term_string\"}}],\"inLanguage\":\"pl-PL\"},{\"@type\":\"Organization\",\"@id\":\"https:\\\/\\\/m8.mech.pk.edu.pl\\\/#organization\",\"name\":\"Katedra Pojazd\u00f3w Szynowych\",\"url\":\"https:\\\/\\\/m8.mech.pk.edu.pl\\\/\",\"logo\":{\"@type\":\"ImageObject\",\"inLanguage\":\"pl-PL\",\"@id\":\"https:\\\/\\\/m8.mech.pk.edu.pl\\\/#\\\/schema\\\/logo\\\/image\\\/\",\"url\":\"https:\\\/\\\/m8.mech.pk.edu.pl\\\/wp-content\\\/uploads\\\/2021\\\/01\\\/logo-mail-kpsit.png\",\"contentUrl\":\"https:\\\/\\\/m8.mech.pk.edu.pl\\\/wp-content\\\/uploads\\\/2021\\\/01\\\/logo-mail-kpsit.png\",\"width\":300,\"height\":119,\"caption\":\"Katedra Pojazd\u00f3w Szynowych\"},\"image\":{\"@id\":\"https:\\\/\\\/m8.mech.pk.edu.pl\\\/#\\\/schema\\\/logo\\\/image\\\/\"},\"sameAs\":[\"https:\\\/\\\/facebook.com\\\/KPSzTPK\",\"https:\\\/\\\/www.youtube.com\\\/channel\\\/UCen3PQ3fl3ry92o_lHkyVaQ\"]}]}<\/script>\n<!-- \/ Yoast SEO plugin. -->","yoast_head_json":{"title":"Michnej Maciej - Katedra Pojazd\u00f3w Szynowych i Transportu","robots":{"index":"index","follow":"follow","max-snippet":"max-snippet:-1","max-image-preview":"max-image-preview:large","max-video-preview":"max-video-preview:-1"},"canonical":"https:\/\/m8.mech.pk.edu.pl\/index.php\/pracownicy\/michnej-maciej\/","og_locale":"pl_PL","og_type":"article","og_title":"Michnej Maciej - Katedra Pojazd\u00f3w Szynowych i Transportu","og_description":"Michnej Maciej&nbsp;dr in\u017c., adiunktZast\u0119pca Kierownika KatedryKierownik studi\u00f3w podyplomowych \u201eBudowa i eksploatacja pojazd\u00f3w szynowych\u201dZesp\u00f3\u0142 Budowy i Eksploatacji Pojazd\u00f3w Szynowych M-08-1pok\u00f3j: A431tel. 12\/ 374-35-22e-mail:&nbsp;maciej.michnej@pk.edu.plpublikacje:&nbsp;Google Scholar, Scopus, Bibliografia PK Obszar dzia\u0142alno\u015bci Pojazdy szynowe&nbsp;\u2013 budowa i eksploatacja, strategie utrzymania, diagnostyka i analiza uszkodze\u0144, dokumentacja techniczno-eksploatacyjna. Transport i mobilno\u015b\u0107&nbsp;\u2013 planowanie zr\u00f3wnowa\u017conych system\u00f3w transportowych, logistyka miejska, zarz\u0105dzanie mobilno\u015bci\u0105 i polityk\u0105 parkingow\u0105 [&hellip;]","og_url":"https:\/\/m8.mech.pk.edu.pl\/index.php\/pracownicy\/michnej-maciej\/","og_site_name":"Katedra Pojazd\u00f3w Szynowych i Transportu","article_publisher":"https:\/\/facebook.com\/KPSzTPK","article_modified_time":"2025-09-26T08:24:09+00:00","og_image":[{"width":1920,"height":2560,"url":"https:\/\/m8.mech.pk.edu.pl\/wp-content\/uploads\/2025\/09\/bd3391c8-7a84-43ed-9c15-c498ad380dee-1-scaled.jpg","type":"image\/jpeg"}],"twitter_card":"summary_large_image","twitter_misc":{"Szacowany czas czytania":"2 minuty"},"schema":{"@context":"https:\/\/schema.org","@graph":[{"@type":"WebPage","@id":"https:\/\/m8.mech.pk.edu.pl\/index.php\/pracownicy\/michnej-maciej\/","url":"https:\/\/m8.mech.pk.edu.pl\/index.php\/pracownicy\/michnej-maciej\/","name":"Michnej Maciej - Katedra Pojazd\u00f3w Szynowych i Transportu","isPartOf":{"@id":"https:\/\/m8.mech.pk.edu.pl\/#website"},"primaryImageOfPage":{"@id":"https:\/\/m8.mech.pk.edu.pl\/index.php\/pracownicy\/michnej-maciej\/#primaryimage"},"image":{"@id":"https:\/\/m8.mech.pk.edu.pl\/index.php\/pracownicy\/michnej-maciej\/#primaryimage"},"thumbnailUrl":"https:\/\/m8.mech.pk.edu.pl\/wp-content\/uploads\/2025\/09\/bd3391c8-7a84-43ed-9c15-c498ad380dee-1-scaled.jpg","datePublished":"2021-01-18T06:40:12+00:00","dateModified":"2025-09-26T08:24:09+00:00","breadcrumb":{"@id":"https:\/\/m8.mech.pk.edu.pl\/index.php\/pracownicy\/michnej-maciej\/#breadcrumb"},"inLanguage":"pl-PL","potentialAction":[{"@type":"ReadAction","target":["https:\/\/m8.mech.pk.edu.pl\/index.php\/pracownicy\/michnej-maciej\/"]}]},{"@type":"ImageObject","inLanguage":"pl-PL","@id":"https:\/\/m8.mech.pk.edu.pl\/index.php\/pracownicy\/michnej-maciej\/#primaryimage","url":"https:\/\/m8.mech.pk.edu.pl\/wp-content\/uploads\/2025\/09\/bd3391c8-7a84-43ed-9c15-c498ad380dee-1-scaled.jpg","contentUrl":"https:\/\/m8.mech.pk.edu.pl\/wp-content\/uploads\/2025\/09\/bd3391c8-7a84-43ed-9c15-c498ad380dee-1-scaled.jpg","width":1920,"height":2560},{"@type":"BreadcrumbList","@id":"https:\/\/m8.mech.pk.edu.pl\/index.php\/pracownicy\/michnej-maciej\/#breadcrumb","itemListElement":[{"@type":"ListItem","position":1,"name":"Strona g\u0142\u00f3wna","item":"https:\/\/m8.mech.pk.edu.pl\/"},{"@type":"ListItem","position":2,"name":"Pracownicy","item":"https:\/\/m8.mech.pk.edu.pl\/index.php\/pracownicy\/"},{"@type":"ListItem","position":3,"name":"Michnej Maciej"}]},{"@type":"WebSite","@id":"https:\/\/m8.mech.pk.edu.pl\/#website","url":"https:\/\/m8.mech.pk.edu.pl\/","name":"Katedra Pojazd\u00f3w Szynowych i Transportu","description":"Katedra Pojazd\u00f3w Szynowych i Transportu Politechniki Krakowskiej na Wydziale Mechanicznym","publisher":{"@id":"https:\/\/m8.mech.pk.edu.pl\/#organization"},"potentialAction":[{"@type":"SearchAction","target":{"@type":"EntryPoint","urlTemplate":"https:\/\/m8.mech.pk.edu.pl\/?s={search_term_string}"},"query-input":{"@type":"PropertyValueSpecification","valueRequired":true,"valueName":"search_term_string"}}],"inLanguage":"pl-PL"},{"@type":"Organization","@id":"https:\/\/m8.mech.pk.edu.pl\/#organization","name":"Katedra Pojazd\u00f3w Szynowych","url":"https:\/\/m8.mech.pk.edu.pl\/","logo":{"@type":"ImageObject","inLanguage":"pl-PL","@id":"https:\/\/m8.mech.pk.edu.pl\/#\/schema\/logo\/image\/","url":"https:\/\/m8.mech.pk.edu.pl\/wp-content\/uploads\/2021\/01\/logo-mail-kpsit.png","contentUrl":"https:\/\/m8.mech.pk.edu.pl\/wp-content\/uploads\/2021\/01\/logo-mail-kpsit.png","width":300,"height":119,"caption":"Katedra Pojazd\u00f3w Szynowych"},"image":{"@id":"https:\/\/m8.mech.pk.edu.pl\/#\/schema\/logo\/image\/"},"sameAs":["https:\/\/facebook.com\/KPSzTPK","https:\/\/www.youtube.com\/channel\/UCen3PQ3fl3ry92o_lHkyVaQ"]}]}},"_links":{"self":[{"href":"https:\/\/m8.mech.pk.edu.pl\/index.php\/wp-json\/wp\/v2\/pages\/1317","targetHints":{"allow":["GET"]}}],"collection":[{"href":"https:\/\/m8.mech.pk.edu.pl\/index.php\/wp-json\/wp\/v2\/pages"}],"about":[{"href":"https:\/\/m8.mech.pk.edu.pl\/index.php\/wp-json\/wp\/v2\/types\/page"}],"author":[{"embeddable":true,"href":"https:\/\/m8.mech.pk.edu.pl\/index.php\/wp-json\/wp\/v2\/users\/1"}],"replies":[{"embeddable":true,"href":"https:\/\/m8.mech.pk.edu.pl\/index.php\/wp-json\/wp\/v2\/comments?post=1317"}],"version-history":[{"count":20,"href":"https:\/\/m8.mech.pk.edu.pl\/index.php\/wp-json\/wp\/v2\/pages\/1317\/revisions"}],"predecessor-version":[{"id":6001,"href":"https:\/\/m8.mech.pk.edu.pl\/index.php\/wp-json\/wp\/v2\/pages\/1317\/revisions\/6001"}],"up":[{"embeddable":true,"href":"https:\/\/m8.mech.pk.edu.pl\/index.php\/wp-json\/wp\/v2\/pages\/30"}],"wp:attachment":[{"href":"https:\/\/m8.mech.pk.edu.pl\/index.php\/wp-json\/wp\/v2\/media?parent=1317"}],"curies":[{"name":"wp","href":"https:\/\/api.w.org\/{rel}","templated":true}]}}